{"id":589,"date":"2020-12-03T15:11:27","date_gmt":"2020-12-03T15:11:27","guid":{"rendered":"https:\/\/pervasa.mmkt.dev\/?page_id=589"},"modified":"2020-12-10T16:09:35","modified_gmt":"2020-12-10T16:09:35","slug":"empresa","status":"publish","type":"page","link":"https:\/\/pervasa.net\/ca\/empresa\/","title":{"rendered":"Empresa"},"content":{"rendered":"<div class=\"wpb-content-wrapper\">[vc_row full_width=&#8221;stretch_row&#8221; remove_bottom_col_margin=&#8221;true&#8221; css=&#8221;.vc_custom_1602693265412{padding-top: 40px !important;padding-bottom: 40px !important;background-color: #ff803b !important;}&#8221;][vc_column]<style>.vcex-heading.vcex_69f9f2d433151{color:#ffffff;text-transform:uppercase;}<\/style><h2 class=\"vcex-heading vcex-heading-plain vcex-module wpex-heading wpex-text-2xl wpex-text-center vcex_69f9f2d433151\"><span class=\"vcex-heading-inner wpex-inline-block\">M\u00e9s de 35 anys dissenyant i fabricant perfils<\/span><\/h2>[\/vc_column][\/vc_row][vc_row content_placement=&#8221;middle&#8221; css=&#8221;.vc_custom_1606899492010{padding-top: 40px !important;}&#8221;][vc_column width=&#8221;1\/3&#8243;]<figure class=\"vcex-image vcex-module wpex-text-center\"><div class=\"vcex-image-inner wpex-relative wpex-inline-block\"><a href=\"https:\/\/pervasa.net\/wp-content\/uploads\/2020\/11\/empresa01.jpg\" class=\"wpex-lightbox\"><img width=\"675\" height=\"450\" src=\"https:\/\/pervasa.net\/wp-content\/uploads\/2020\/11\/empresa01.jpg\" class=\"vcex-image-img wpex-align-middle\" alt=\"fabricant profil\u00e9 plastique\" loading=\"lazy\" decoding=\"async\" srcset=\"https:\/\/pervasa.net\/wp-content\/uploads\/2020\/11\/empresa01.jpg 675w, https:\/\/pervasa.net\/wp-content\/uploads\/2020\/11\/empresa01-300x200.jpg 300w\" sizes=\"auto, (max-width: 675px) 100vw, 675px\" \/><\/a><\/div><\/figure>[\/vc_column][vc_column width=&#8221;2\/3&#8243;][vc_column_text el_class=&#8221;justify-text&#8221;]Perfiles del Vall\u00e9s \u00e9s una empresa fundada el 1981 pionera en l&#8217;extrusi\u00f3 i coextrusi\u00f3 de perfils termopl\u00e0stics, que des de la seva planta situada a Palau-Solit\u00e0 i Plegamans, ofereix als seus clients una gran experi\u00e8ncia i versatilitat pel disseny i fabricaci\u00f3 de diferents solucions espec\u00edfiques i projectes a mida, a m\u00e9s d&#8217;un ampli cat\u00e0leg de perfils amb m\u00e9s de 5.000 refer\u00e8ncies per la seva aplicaci\u00f3 en tota classe de projectes industrials i decoratius.[\/vc_column_text][\/vc_column][\/vc_row][vc_row][vc_column]<div class=\"vcex-module vcex-divider vcex-divider-solid vcex-divider-center wpex-mx-auto wpex-block wpex-h-0 wpex-border-b wpex-border-solid wpex-border-main border-gradien large-border-gradien\" style=\"border-color:#ffffff;\"><\/div>[\/vc_column][\/vc_row][vc_row content_placement=&#8221;middle&#8221; columns_right=&#8221;yes&#8221; css=&#8221;.vc_custom_1606899497618{padding-top: 40px !important;}&#8221;][vc_column width=&#8221;1\/3&#8243;]<figure class=\"vcex-image vcex-module wpex-text-center\"><div class=\"vcex-image-inner wpex-relative wpex-inline-block\"><a href=\"https:\/\/pervasa.net\/wp-content\/uploads\/2020\/11\/empresa02.jpg\" class=\"wpex-lightbox\"><img width=\"675\" height=\"450\" src=\"https:\/\/pervasa.net\/wp-content\/uploads\/2020\/11\/empresa02.jpg\" class=\"vcex-image-img wpex-align-middle\" alt=\"plastic extrusion companies\" loading=\"lazy\" decoding=\"async\" srcset=\"https:\/\/pervasa.net\/wp-content\/uploads\/2020\/11\/empresa02.jpg 675w, https:\/\/pervasa.net\/wp-content\/uploads\/2020\/11\/empresa02-300x200.jpg 300w\" sizes=\"auto, (max-width: 675px) 100vw, 675px\" \/><\/a><\/div><\/figure>[\/vc_column][vc_column width=&#8221;2\/3&#8243;][vc_column_text el_class=&#8221;justify-text&#8221;]Al llarg dels anys l&#8217;empresa ha evolucionat en tots els \u00e0mbits augmentant el nombre de l\u00ednies de producci\u00f3 ampliant el rang de materials utilitzats, guanyant en experi\u00e8ncia i formaci\u00f3 del personal. Implantant les \u00faltimes tecnologies en extrusi\u00f3, establint pol\u00edtiques de qualitat i prevenci\u00f3, tot aix\u00f2 amb la finalitat d&#8217;adaptar-nos a les necessitats d&#8217;un mercat en constant evoluci\u00f3 i respondre als nostres clients amb garanties oferint un servei \u00f2ptim i curts terminis de lliurament.[\/vc_column_text][\/vc_column][\/vc_row][vc_row][vc_column]<div class=\"vcex-module vcex-divider vcex-divider-solid vcex-divider-center wpex-mx-auto wpex-block wpex-h-0 wpex-border-b wpex-border-solid wpex-border-main border-gradien large-border-gradien\" style=\"border-color:#ffffff;\"><\/div>[\/vc_column][\/vc_row][vc_row css=&#8221;.vc_custom_1602254560269{padding-top: 40px !important;}&#8221;][vc_column]<figure class=\"vcex-image vcex-module wpex-text-center\"><div class=\"vcex-image-inner wpex-relative wpex-inline-block\"><img width=\"1000\" height=\"255\" src=\"https:\/\/pervasa.net\/wp-content\/uploads\/2020\/11\/empresa-taller.jpg\" class=\"vcex-image-img wpex-align-middle\" alt=\"plastic extrusion companies\" loading=\"lazy\" decoding=\"async\" srcset=\"https:\/\/pervasa.net\/wp-content\/uploads\/2020\/11\/empresa-taller.jpg 1000w, https:\/\/pervasa.net\/wp-content\/uploads\/2020\/11\/empresa-taller-300x77.jpg 300w, https:\/\/pervasa.net\/wp-content\/uploads\/2020\/11\/empresa-taller-768x196.jpg 768w\" sizes=\"auto, (max-width: 1000px) 100vw, 1000px\" \/><\/div><\/figure><div class=\"vcex-spacing wpex-w-100 wpex-clear\" style=\"height:20px;\"><\/div>[vc_column_text el_class=&#8221;justify-text&#8221;]En la recerca de l&#8217;evoluci\u00f3 i l&#8217;excel\u00b7l\u00e8ncia, Pervasa compta amb taller propi, 2 m\u00e0quines d&#8217;electroerosi\u00f3 per fil, per la construcci\u00f3 de tots els utillatges, mantenint un gran feedback amb el client i un Know how intern al seu servei.<\/p>\n<p>Oferim als nostres clients un disseny integral per a cada una de les necessitats per aconseguir els millors resultats del mercat.[\/vc_column_text][\/vc_column][\/vc_row][vc_row][vc_column]<div class=\"vcex-module vcex-divider vcex-divider-solid vcex-divider-center wpex-mx-auto wpex-block wpex-h-0 wpex-border-b wpex-border-solid wpex-border-main border-gradien large-border-gradien\" style=\"border-color:#ffffff;\"><\/div>[\/vc_column][\/vc_row][vc_row content_placement=&#8221;middle&#8221; columns_right=&#8221;yes&#8221; css=&#8221;.vc_custom_1606407760607{padding-top: 40px !important;}&#8221;][vc_column width=&#8221;1\/3&#8243;]<figure class=\"vcex-image vcex-module wpex-text-center\"><div class=\"vcex-image-inner wpex-relative wpex-inline-block\"><a href=\"https:\/\/pervasa.net\/wp-content\/uploads\/2020\/11\/empresa-03.jpg\" class=\"wpex-lightbox\"><img width=\"600\" height=\"600\" src=\"https:\/\/pervasa.net\/wp-content\/uploads\/2020\/11\/empresa-03.jpg\" class=\"vcex-image-img wpex-align-middle\" alt=\"plastic extrusion\" loading=\"lazy\" decoding=\"async\" srcset=\"https:\/\/pervasa.net\/wp-content\/uploads\/2020\/11\/empresa-03.jpg 600w, https:\/\/pervasa.net\/wp-content\/uploads\/2020\/11\/empresa-03-300x300.jpg 300w, https:\/\/pervasa.net\/wp-content\/uploads\/2020\/11\/empresa-03-150x150.jpg 150w\" sizes=\"auto, (max-width: 600px) 100vw, 600px\" \/><\/a><\/div><\/figure>[\/vc_column][vc_column width=&#8221;2\/3&#8243;][vc_column_text el_class=&#8221;justify-text&#8221;]En l&#8217;actualitat som una empresa puntera en la fabricaci\u00f3 de perfil portapreus (Cat\u00e0leg Senyalitzaci\u00f3 Comercial PLV) i difusors per llumin\u00e0ries (Cat\u00e0leg Il\u00b7luminaci\u00f3 LED) per destacar dels principals sectors en qu\u00e8 dividim el nostre ampli cat\u00e0leg de refer\u00e8ncies.<\/p>\n<p>Posem a la seva disposici\u00f3 un servei de prototipat de peces de pl\u00e0stic mitjan\u00e7ant impressi\u00f3 3D amb alta qualitat i precisi\u00f3 ja sigui per proves funcionals, per definici\u00f3 de formes o b\u00e9 per la realitzaci\u00f3 de petites s\u00e8ries de peces amb formes complexes.[\/vc_column_text][\/vc_column][\/vc_row][vc_row full_width=&#8221;stretch_row&#8221; remove_bottom_col_margin=&#8221;true&#8221; css=&#8221;.vc_custom_1602693276259{padding-top: 40px !important;padding-bottom: 40px !important;background-color: #ff803b !important;}&#8221;][vc_column]<style>.vcex-heading.vcex_69f9f2d43a66f{width:730px;color:#ffffff;font-size:20px;}<\/style><div class=\"vcex-heading vcex-heading-plain vcex-module wpex-heading wpex-text-2xl wpex-text-center wpex-max-w-100 wpex-mx-auto vcex_69f9f2d43a66f\"><span class=\"vcex-heading-inner wpex-inline-block\">Gr\u00e0cies al nostre gran equip de professionals i instal\u00b7lacions d'\u00faltima generaci\u00f3, oferim als nostres clients una gran experi\u00e8ncia.<\/span><\/div>[\/vc_column][\/vc_row]\n<\/div>","protected":false},"excerpt":{"rendered":"<p>[vc_row full_width=&#8221;stretch_row&#8221; remove_bottom_col_margin=&#8221;true&#8221; css=&#8221;.vc_custom_1602693265412{padding-top: 40px !important;padding-bottom: 40px !important;background-color: #ff803b !important;}&#8221;][vc_column][\/vc_column][\/vc_row][vc_row content_placement=&#8221;middle&#8221; css=&#8221;.vc_custom_1606899492010{padding-top: 40px !important;}&#8221;][vc_column width=&#8221;1\/3&#8243;][\/vc_column][vc_column width=&#8221;2\/3&#8243;][vc_column_text el_class=&#8221;justify-text&#8221;]Perfiles del Vall\u00e9s \u00e9s una empresa fundada el 1981 pionera en l&#8217;extrusi\u00f3 i coextrusi\u00f3 de perfils termopl\u00e0stics, que des de la seva planta situada a Palau-Solit\u00e0 i Plegamans, ofereix als seus clients una gran experi\u00e8ncia i versatilitat pel disseny&hellip;<\/p>\n","protected":false},"author":1,"featured_media":0,"parent":0,"menu_order":0,"comment_status":"closed","ping_status":"closed","template":"","meta":{"footnotes":""},"class_list":["post-589","page","type-page","status-publish","hentry","entry","no-media"],"yoast_head":"<!-- This site is optimized with the Yoast SEO plugin v26.5 - https:\/\/yoast.com\/wordpress\/plugins\/seo\/ -->\n<title>Empresa - Pervasa<\/title>\n<meta name=\"robots\" content=\"index, follow, max-snippet:-1, max-image-preview:large, max-video-preview:-1\" \/>\n<link rel=\"canonical\" href=\"https:\/\/pervasa.net\/ca\/empresa\/\" \/>\n<meta property=\"og:locale\" content=\"ca_ES\" \/>\n<meta property=\"og:type\" content=\"article\" \/>\n<meta property=\"og:title\" content=\"Empresa - Pervasa\" \/>\n<meta property=\"og:description\" content=\"[vc_row full_width=&#8221;stretch_row&#8221; remove_bottom_col_margin=&#8221;true&#8221; css=&#8221;.vc_custom_1602693265412{padding-top: 40px !important;padding-bottom: 40px !important;background-color: #ff803b !important;}&#8221;][vc_column][\/vc_column][\/vc_row][vc_row content_placement=&#8221;middle&#8221; css=&#8221;.vc_custom_1606899492010{padding-top: 40px !important;}&#8221;][vc_column width=&#8221;1\/3&#8243;][\/vc_column][vc_column width=&#8221;2\/3&#8243;][vc_column_text el_class=&#8221;justify-text&#8221;]Perfiles del Vall\u00e9s \u00e9s una empresa fundada el 1981 pionera en l&#8217;extrusi\u00f3 i coextrusi\u00f3 de perfils termopl\u00e0stics, que des de la seva planta situada a Palau-Solit\u00e0 i Plegamans, ofereix als seus clients una gran experi\u00e8ncia i versatilitat pel disseny&hellip;\" \/>\n<meta property=\"og:url\" content=\"https:\/\/pervasa.net\/ca\/empresa\/\" \/>\n<meta property=\"og:site_name\" content=\"Pervasa\" \/>\n<meta property=\"article:modified_time\" content=\"2020-12-10T16:09:35+00:00\" \/>\n<meta name=\"twitter:card\" content=\"summary_large_image\" \/>\n<meta name=\"twitter:label1\" content=\"Temps estimat de lectura\" \/>\n\t<meta name=\"twitter:data1\" content=\"3 minuts\" \/>\n<script type=\"application\/ld+json\" class=\"yoast-schema-graph\">{\"@context\":\"https:\/\/schema.org\",\"@graph\":[{\"@type\":\"WebPage\",\"@id\":\"https:\/\/pervasa.net\/ca\/empresa\/\",\"url\":\"https:\/\/pervasa.net\/ca\/empresa\/\",\"name\":\"Empresa - Pervasa\",\"isPartOf\":{\"@id\":\"https:\/\/pervasa.net\/ca\/#website\"},\"datePublished\":\"2020-12-03T15:11:27+00:00\",\"dateModified\":\"2020-12-10T16:09:35+00:00\",\"breadcrumb\":{\"@id\":\"https:\/\/pervasa.net\/ca\/empresa\/#breadcrumb\"},\"inLanguage\":\"ca\",\"potentialAction\":[{\"@type\":\"ReadAction\",\"target\":[\"https:\/\/pervasa.net\/ca\/empresa\/\"]}]},{\"@type\":\"BreadcrumbList\",\"@id\":\"https:\/\/pervasa.net\/ca\/empresa\/#breadcrumb\",\"itemListElement\":[{\"@type\":\"ListItem\",\"position\":1,\"name\":\"Home\",\"item\":\"https:\/\/pervasa.net\/ca\/\"},{\"@type\":\"ListItem\",\"position\":2,\"name\":\"Empresa\"}]},{\"@type\":\"WebSite\",\"@id\":\"https:\/\/pervasa.net\/ca\/#website\",\"url\":\"https:\/\/pervasa.net\/ca\/\",\"name\":\"Pervasa\",\"description\":\"M\u00e9s de 35 anys dedicats a la fabricaci\u00f3 de perfils t\u00e8cnics\",\"publisher\":{\"@id\":\"https:\/\/pervasa.net\/ca\/#organization\"},\"potentialAction\":[{\"@type\":\"SearchAction\",\"target\":{\"@type\":\"EntryPoint\",\"urlTemplate\":\"https:\/\/pervasa.net\/ca\/?s={search_term_string}\"},\"query-input\":{\"@type\":\"PropertyValueSpecification\",\"valueRequired\":true,\"valueName\":\"search_term_string\"}}],\"inLanguage\":\"ca\"},{\"@type\":\"Organization\",\"@id\":\"https:\/\/pervasa.net\/ca\/#organization\",\"name\":\"Pervasa. S.L.\",\"url\":\"https:\/\/pervasa.net\/ca\/\",\"logo\":{\"@type\":\"ImageObject\",\"inLanguage\":\"ca\",\"@id\":\"https:\/\/pervasa.net\/ca\/#\/schema\/logo\/image\/\",\"url\":\"https:\/\/pervasa.net\/wp-content\/uploads\/2020\/10\/logo-pervasa.svg\",\"contentUrl\":\"https:\/\/pervasa.net\/wp-content\/uploads\/2020\/10\/logo-pervasa.svg\",\"width\":2788,\"height\":769,\"caption\":\"Pervasa. S.L.\"},\"image\":{\"@id\":\"https:\/\/pervasa.net\/ca\/#\/schema\/logo\/image\/\"}}]}<\/script>\n<!-- \/ Yoast SEO plugin. -->","yoast_head_json":{"title":"Empresa - Pervasa","robots":{"index":"index","follow":"follow","max-snippet":"max-snippet:-1","max-image-preview":"max-image-preview:large","max-video-preview":"max-video-preview:-1"},"canonical":"https:\/\/pervasa.net\/ca\/empresa\/","og_locale":"ca_ES","og_type":"article","og_title":"Empresa - Pervasa","og_description":"[vc_row full_width=&#8221;stretch_row&#8221; remove_bottom_col_margin=&#8221;true&#8221; css=&#8221;.vc_custom_1602693265412{padding-top: 40px !important;padding-bottom: 40px !important;background-color: #ff803b !important;}&#8221;][vc_column][\/vc_column][\/vc_row][vc_row content_placement=&#8221;middle&#8221; css=&#8221;.vc_custom_1606899492010{padding-top: 40px !important;}&#8221;][vc_column width=&#8221;1\/3&#8243;][\/vc_column][vc_column width=&#8221;2\/3&#8243;][vc_column_text el_class=&#8221;justify-text&#8221;]Perfiles del Vall\u00e9s \u00e9s una empresa fundada el 1981 pionera en l&#8217;extrusi\u00f3 i coextrusi\u00f3 de perfils termopl\u00e0stics, que des de la seva planta situada a Palau-Solit\u00e0 i Plegamans, ofereix als seus clients una gran experi\u00e8ncia i versatilitat pel disseny&hellip;","og_url":"https:\/\/pervasa.net\/ca\/empresa\/","og_site_name":"Pervasa","article_modified_time":"2020-12-10T16:09:35+00:00","twitter_card":"summary_large_image","twitter_misc":{"Temps estimat de lectura":"3 minuts"},"schema":{"@context":"https:\/\/schema.org","@graph":[{"@type":"WebPage","@id":"https:\/\/pervasa.net\/ca\/empresa\/","url":"https:\/\/pervasa.net\/ca\/empresa\/","name":"Empresa - Pervasa","isPartOf":{"@id":"https:\/\/pervasa.net\/ca\/#website"},"datePublished":"2020-12-03T15:11:27+00:00","dateModified":"2020-12-10T16:09:35+00:00","breadcrumb":{"@id":"https:\/\/pervasa.net\/ca\/empresa\/#breadcrumb"},"inLanguage":"ca","potentialAction":[{"@type":"ReadAction","target":["https:\/\/pervasa.net\/ca\/empresa\/"]}]},{"@type":"BreadcrumbList","@id":"https:\/\/pervasa.net\/ca\/empresa\/#breadcrumb","itemListElement":[{"@type":"ListItem","position":1,"name":"Home","item":"https:\/\/pervasa.net\/ca\/"},{"@type":"ListItem","position":2,"name":"Empresa"}]},{"@type":"WebSite","@id":"https:\/\/pervasa.net\/ca\/#website","url":"https:\/\/pervasa.net\/ca\/","name":"Pervasa","description":"M\u00e9s de 35 anys dedicats a la fabricaci\u00f3 de perfils t\u00e8cnics","publisher":{"@id":"https:\/\/pervasa.net\/ca\/#organization"},"potentialAction":[{"@type":"SearchAction","target":{"@type":"EntryPoint","urlTemplate":"https:\/\/pervasa.net\/ca\/?s={search_term_string}"},"query-input":{"@type":"PropertyValueSpecification","valueRequired":true,"valueName":"search_term_string"}}],"inLanguage":"ca"},{"@type":"Organization","@id":"https:\/\/pervasa.net\/ca\/#organization","name":"Pervasa. S.L.","url":"https:\/\/pervasa.net\/ca\/","logo":{"@type":"ImageObject","inLanguage":"ca","@id":"https:\/\/pervasa.net\/ca\/#\/schema\/logo\/image\/","url":"https:\/\/pervasa.net\/wp-content\/uploads\/2020\/10\/logo-pervasa.svg","contentUrl":"https:\/\/pervasa.net\/wp-content\/uploads\/2020\/10\/logo-pervasa.svg","width":2788,"height":769,"caption":"Pervasa. S.L."},"image":{"@id":"https:\/\/pervasa.net\/ca\/#\/schema\/logo\/image\/"}}]}},"_links":{"self":[{"href":"https:\/\/pervasa.net\/ca\/wp-json\/wp\/v2\/pages\/589","targetHints":{"allow":["GET"]}}],"collection":[{"href":"https:\/\/pervasa.net\/ca\/wp-json\/wp\/v2\/pages"}],"about":[{"href":"https:\/\/pervasa.net\/ca\/wp-json\/wp\/v2\/types\/page"}],"author":[{"embeddable":true,"href":"https:\/\/pervasa.net\/ca\/wp-json\/wp\/v2\/users\/1"}],"replies":[{"embeddable":true,"href":"https:\/\/pervasa.net\/ca\/wp-json\/wp\/v2\/comments?post=589"}],"version-history":[{"count":0,"href":"https:\/\/pervasa.net\/ca\/wp-json\/wp\/v2\/pages\/589\/revisions"}],"wp:attachment":[{"href":"https:\/\/pervasa.net\/ca\/wp-json\/wp\/v2\/media?parent=589"}],"curies":[{"name":"wp","href":"https:\/\/api.w.org\/{rel}","templated":true}]}}