{"id":597,"date":"2020-12-03T15:19:38","date_gmt":"2020-12-03T15:19:38","guid":{"rendered":"https:\/\/pervasa.mmkt.dev\/?page_id=597"},"modified":"2024-07-05T09:35:20","modified_gmt":"2024-07-05T09:35:20","slug":"equip","status":"publish","type":"page","link":"https:\/\/pervasa.net\/ca\/equip\/","title":{"rendered":"Equip"},"content":{"rendered":"<div class=\"wpb-content-wrapper\">[vc_row][vc_column width=&#8221;1\/3&#8243;]<figure class=\"vcex-image vcex-module wpex-text-center\"><div class=\"vcex-image-inner wpex-relative wpex-inline-block\"><img loading=\"lazy\" class=\"vcex-image-img wpex-align-middle\" decoding=\"async\" src=\"https:\/\/pervasa.net\/wp-content\/uploads\/2020\/11\/agusti-bachs-gerent.jpg\" alt=\"Agust\u00ed Bachs\" width=\"150\" height=\"179\"><\/div><\/figure><div class=\"vcex-spacing wpex-w-100 wpex-clear\" style=\"height:20px;\"><\/div><style>.vcex-heading.vcex_69f9f2e8218e1{font-size:18px;}<\/style><div class=\"vcex-heading vcex-heading-plain vcex-module wpex-heading wpex-text-2xl wpex-text-center vcex_69f9f2e8218e1\"><span class=\"vcex-heading-inner wpex-inline-block\">Agust\u00ed Bachs<\/span><\/div>[vc_column_text text_align=&#8221;center&#8221; font_size=&#8221;14&#8243;]<em>Director General<br \/>\n<\/em>[\/vc_column_text][\/vc_column][vc_column width=&#8221;1\/3&#8243;]<figure class=\"vcex-image vcex-module wpex-text-center\"><div class=\"vcex-image-inner wpex-relative wpex-inline-block\"><img loading=\"lazy\" class=\"vcex-image-img wpex-align-middle\" decoding=\"async\" src=\"https:\/\/pervasa.net\/wp-content\/uploads\/2020\/10\/elisenda-bachs-1.jpg\" alt=\"Elisenda Bachs\" width=\"150\" height=\"179\"><\/div><\/figure><div class=\"vcex-spacing wpex-w-100 wpex-clear\" style=\"height:20px;\"><\/div><style>.vcex-heading.vcex_69f9f2e823716{font-size:18px;}<\/style><div class=\"vcex-heading vcex-heading-plain vcex-module wpex-heading wpex-text-2xl wpex-text-center vcex_69f9f2e823716\"><span class=\"vcex-heading-inner wpex-inline-block\">Elisenda Bachs<\/span><\/div>[vc_column_text text_align=&#8221;center&#8221; font_size=&#8221;14&#8243;]<em>CEO<br \/>\n<\/em><a href=\"mailto:abachs@pervasa.net\">abachs@pervasa.net<\/a>[\/vc_column_text][\/vc_column][vc_column width=&#8221;1\/3&#8243;]<figure class=\"vcex-image vcex-module wpex-text-center\"><div class=\"vcex-image-inner wpex-relative wpex-inline-block\"><img loading=\"lazy\" class=\"vcex-image-img wpex-align-middle\" decoding=\"async\" src=\"https:\/\/pervasa.net\/wp-content\/uploads\/2020\/10\/agusti-bachs.jpg\" alt=\"Agust\u00ed Bachs\" width=\"150\" height=\"179\"><\/div><\/figure><div class=\"vcex-spacing wpex-w-100 wpex-clear\" style=\"height:20px;\"><\/div><style>.vcex-heading.vcex_69f9f2e824d60{font-size:18px;}<\/style><div class=\"vcex-heading vcex-heading-plain vcex-module wpex-heading wpex-text-2xl wpex-text-center vcex_69f9f2e824d60\"><span class=\"vcex-heading-inner wpex-inline-block\">Agust\u00ed Bachs Fabr\u00e9s<\/span><\/div>[vc_column_text text_align=&#8221;center&#8221; font_size=&#8221;14&#8243;]<em>Director T\u00e8cnic<br \/>\n<\/em><a href=\"mailto:agusti.bachs@pervasa.net\">agusti.bachs@pervasa.net<\/a>[\/vc_column_text][\/vc_column][\/vc_row][vc_row][vc_column width=&#8221;1\/3&#8243;]<figure class=\"vcex-image vcex-module wpex-text-center\"><div class=\"vcex-image-inner wpex-relative wpex-inline-block\"><img loading=\"lazy\" class=\"vcex-image-img wpex-align-middle\" decoding=\"async\" src=\"https:\/\/pervasa.net\/wp-content\/uploads\/2024\/06\/antonio-150x191.jpg\" alt=\"\" srcset=\"https:\/\/pervasa.net\/wp-content\/uploads\/2024\/06\/antonio-150x191.jpg 150w, https:\/\/pervasa.net\/wp-content\/uploads\/2024\/06\/antonio-236x300.jpg 236w, https:\/\/pervasa.net\/wp-content\/uploads\/2024\/06\/antonio.jpg 300w\" width=\"150\" height=\"191\"><\/div><\/figure><div class=\"vcex-spacing wpex-w-100 wpex-clear\" style=\"height:20px;\"><\/div><style>.vcex-heading.vcex_69f9f2e826535{font-size:18px;}<\/style><div class=\"vcex-heading vcex-heading-plain vcex-module wpex-heading wpex-text-2xl wpex-text-center vcex_69f9f2e826535\"><span class=\"vcex-heading-inner wpex-inline-block\">Antonio Alfaro<\/span><\/div>[vc_column_text text_align=&#8221;center&#8221; font_size=&#8221;14&#8243;]Director de producci\u00f3[\/vc_column_text][\/vc_column][vc_column width=&#8221;1\/3&#8243;]<figure class=\"vcex-image vcex-module wpex-text-center\"><div class=\"vcex-image-inner wpex-relative wpex-inline-block\"><img loading=\"lazy\" class=\"vcex-image-img wpex-align-middle\" decoding=\"async\" src=\"https:\/\/pervasa.net\/wp-content\/uploads\/2020\/10\/joan-llagues.jpg\" alt=\"Joan Llargu\u00e9s\" width=\"150\" height=\"179\"><\/div><\/figure><div class=\"vcex-spacing wpex-w-100 wpex-clear\" style=\"height:20px;\"><\/div><style>.vcex-heading.vcex_69f9f2e827cb4{font-size:18px;}<\/style><div class=\"vcex-heading vcex-heading-plain vcex-module wpex-heading wpex-text-2xl wpex-text-center vcex_69f9f2e827cb4\"><span class=\"vcex-heading-inner wpex-inline-block\">Joan Llargu\u00e9s<\/span><\/div>[vc_column_text text_align=&#8221;center&#8221; font_size=&#8221;14&#8243;]<em>Assessor de vendes<br \/>\n<\/em><a href=\"mailto:jllargues@pervasa.net\">jllargues@pervasa.net<\/a>[\/vc_column_text][\/vc_column][vc_column width=&#8221;1\/3&#8243;]<figure class=\"vcex-image vcex-module wpex-text-center\"><div class=\"vcex-image-inner wpex-relative wpex-inline-block\"><img loading=\"lazy\" class=\"vcex-image-img wpex-align-middle\" decoding=\"async\" src=\"https:\/\/pervasa.net\/wp-content\/uploads\/2020\/10\/gerard-defior.jpg\" alt=\"Gerard Defior\" width=\"150\" height=\"179\"><\/div><\/figure><div class=\"vcex-spacing wpex-w-100 wpex-clear\" style=\"height:20px;\"><\/div><style>.vcex-heading.vcex_69f9f2e82937a{font-size:18px;}<\/style><div class=\"vcex-heading vcex-heading-plain vcex-module wpex-heading wpex-text-2xl wpex-text-center vcex_69f9f2e82937a\"><span class=\"vcex-heading-inner wpex-inline-block\">Gerard Defior<\/span><\/div>[vc_column_text text_align=&#8221;center&#8221; font_size=&#8221;14&#8243;]<em>Dpt. Financer<br \/>\n<\/em><a href=\"mailto:gdefior@pervasa.net\">gdefior@pervasa.net<\/a>[\/vc_column_text][\/vc_column][\/vc_row][vc_row][vc_column width=&#8221;1\/3&#8243;]<figure class=\"vcex-image vcex-module wpex-text-center\"><div class=\"vcex-image-inner wpex-relative wpex-inline-block\"><img loading=\"lazy\" class=\"vcex-image-img wpex-align-middle\" decoding=\"async\" src=\"https:\/\/pervasa.net\/wp-content\/uploads\/2020\/10\/elena-leal.jpg\" alt=\"Anna Leal\" width=\"150\" height=\"179\"><\/div><\/figure><div class=\"vcex-spacing wpex-w-100 wpex-clear\" style=\"height:20px;\"><\/div><style>.vcex-heading.vcex_69f9f2e82b2be{font-size:18px;}<\/style><div class=\"vcex-heading vcex-heading-plain vcex-module wpex-heading wpex-text-2xl wpex-text-center vcex_69f9f2e82b2be\"><span class=\"vcex-heading-inner wpex-inline-block\">Anna Leal<\/span><\/div>[vc_column_text text_align=&#8221;center&#8221; font_size=&#8221;14&#8243;]<em>Recepci\u00f3 de comandes &amp; Log\u00edstica<br \/>\n<\/em><a href=\"mailto:annaleal@pervasa.net\">annaleal@pervasa.net<\/a>[\/vc_column_text][\/vc_column][\/vc_row]\n<\/div>","protected":false},"excerpt":{"rendered":"<p>[vc_row][vc_column width=&#8221;1\/3&#8243;][vc_column_text text_align=&#8221;center&#8221; font_size=&#8221;14&#8243;]Director General [\/vc_column_text][\/vc_column][vc_column width=&#8221;1\/3&#8243;][vc_column_text text_align=&#8221;center&#8221; font_size=&#8221;14&#8243;]CEO abachs@pervasa.net[\/vc_column_text][\/vc_column][vc_column width=&#8221;1\/3&#8243;][vc_column_text text_align=&#8221;center&#8221; font_size=&#8221;14&#8243;]Director T\u00e8cnic agusti.bachs@pervasa.net[\/vc_column_text][\/vc_column][\/vc_row][vc_row][vc_column width=&#8221;1\/3&#8243;][vc_column_text text_align=&#8221;center&#8221; font_size=&#8221;14&#8243;]Director de producci\u00f3[\/vc_column_text][\/vc_column][vc_column width=&#8221;1\/3&#8243;][vc_column_text text_align=&#8221;center&#8221; font_size=&#8221;14&#8243;]Assessor de vendes jllargues@pervasa.net[\/vc_column_text][\/vc_column][vc_column width=&#8221;1\/3&#8243;][vc_column_text text_align=&#8221;center&#8221; font_size=&#8221;14&#8243;]Dpt. Financer gdefior@pervasa.net[\/vc_column_text][\/vc_column][\/vc_row][vc_row][vc_column width=&#8221;1\/3&#8243;][vc_column_text text_align=&#8221;center&#8221; font_size=&#8221;14&#8243;]Recepci\u00f3 de comandes &amp; Log\u00edstica annaleal@pervasa.net[\/vc_column_text][\/vc_column][\/vc_row]<\/p>\n","protected":false},"author":1,"featured_media":0,"parent":0,"menu_order":0,"comment_status":"closed","ping_status":"closed","template":"","meta":{"footnotes":""},"class_list":["post-597","page","type-page","status-publish","hentry","entry","no-media"],"yoast_head":"<!-- This site is optimized with the Yoast SEO plugin v26.5 - https:\/\/yoast.com\/wordpress\/plugins\/seo\/ -->\n<title>Equip - Pervasa<\/title>\n<meta name=\"robots\" content=\"index, follow, max-snippet:-1, max-image-preview:large, max-video-preview:-1\" \/>\n<link rel=\"canonical\" href=\"https:\/\/pervasa.net\/ca\/equip\/\" \/>\n<meta property=\"og:locale\" content=\"ca_ES\" \/>\n<meta property=\"og:type\" content=\"article\" \/>\n<meta property=\"og:title\" content=\"Equip - Pervasa\" \/>\n<meta property=\"og:description\" content=\"[vc_row][vc_column width=&#8221;1\/3&#8243;][vc_column_text text_align=&#8221;center&#8221; font_size=&#8221;14&#8243;]Director General [\/vc_column_text][\/vc_column][vc_column width=&#8221;1\/3&#8243;][vc_column_text text_align=&#8221;center&#8221; font_size=&#8221;14&#8243;]CEO abachs@pervasa.net[\/vc_column_text][\/vc_column][vc_column width=&#8221;1\/3&#8243;][vc_column_text text_align=&#8221;center&#8221; font_size=&#8221;14&#8243;]Director T\u00e8cnic agusti.bachs@pervasa.net[\/vc_column_text][\/vc_column][\/vc_row][vc_row][vc_column width=&#8221;1\/3&#8243;][vc_column_text text_align=&#8221;center&#8221; font_size=&#8221;14&#8243;]Director de producci\u00f3[\/vc_column_text][\/vc_column][vc_column width=&#8221;1\/3&#8243;][vc_column_text text_align=&#8221;center&#8221; font_size=&#8221;14&#8243;]Assessor de vendes jllargues@pervasa.net[\/vc_column_text][\/vc_column][vc_column width=&#8221;1\/3&#8243;][vc_column_text text_align=&#8221;center&#8221; font_size=&#8221;14&#8243;]Dpt. Financer gdefior@pervasa.net[\/vc_column_text][\/vc_column][\/vc_row][vc_row][vc_column width=&#8221;1\/3&#8243;][vc_column_text text_align=&#8221;center&#8221; font_size=&#8221;14&#8243;]Recepci\u00f3 de comandes &amp; Log\u00edstica annaleal@pervasa.net[\/vc_column_text][\/vc_column][\/vc_row]\" \/>\n<meta property=\"og:url\" content=\"https:\/\/pervasa.net\/ca\/equip\/\" \/>\n<meta property=\"og:site_name\" content=\"Pervasa\" \/>\n<meta property=\"article:modified_time\" content=\"2024-07-05T09:35:20+00:00\" \/>\n<meta name=\"twitter:card\" content=\"summary_large_image\" \/>\n<meta name=\"twitter:label1\" content=\"Temps estimat de lectura\" \/>\n\t<meta name=\"twitter:data1\" content=\"1 minut\" \/>\n<script type=\"application\/ld+json\" class=\"yoast-schema-graph\">{\"@context\":\"https:\/\/schema.org\",\"@graph\":[{\"@type\":\"WebPage\",\"@id\":\"https:\/\/pervasa.net\/ca\/equip\/\",\"url\":\"https:\/\/pervasa.net\/ca\/equip\/\",\"name\":\"Equip - Pervasa\",\"isPartOf\":{\"@id\":\"https:\/\/pervasa.net\/ca\/#website\"},\"datePublished\":\"2020-12-03T15:19:38+00:00\",\"dateModified\":\"2024-07-05T09:35:20+00:00\",\"breadcrumb\":{\"@id\":\"https:\/\/pervasa.net\/ca\/equip\/#breadcrumb\"},\"inLanguage\":\"ca\",\"potentialAction\":[{\"@type\":\"ReadAction\",\"target\":[\"https:\/\/pervasa.net\/ca\/equip\/\"]}]},{\"@type\":\"BreadcrumbList\",\"@id\":\"https:\/\/pervasa.net\/ca\/equip\/#breadcrumb\",\"itemListElement\":[{\"@type\":\"ListItem\",\"position\":1,\"name\":\"Home\",\"item\":\"https:\/\/pervasa.net\/ca\/\"},{\"@type\":\"ListItem\",\"position\":2,\"name\":\"Equip\"}]},{\"@type\":\"WebSite\",\"@id\":\"https:\/\/pervasa.net\/ca\/#website\",\"url\":\"https:\/\/pervasa.net\/ca\/\",\"name\":\"Pervasa\",\"description\":\"M\u00e9s de 35 anys dedicats a la fabricaci\u00f3 de perfils t\u00e8cnics\",\"publisher\":{\"@id\":\"https:\/\/pervasa.net\/ca\/#organization\"},\"potentialAction\":[{\"@type\":\"SearchAction\",\"target\":{\"@type\":\"EntryPoint\",\"urlTemplate\":\"https:\/\/pervasa.net\/ca\/?s={search_term_string}\"},\"query-input\":{\"@type\":\"PropertyValueSpecification\",\"valueRequired\":true,\"valueName\":\"search_term_string\"}}],\"inLanguage\":\"ca\"},{\"@type\":\"Organization\",\"@id\":\"https:\/\/pervasa.net\/ca\/#organization\",\"name\":\"Pervasa. S.L.\",\"url\":\"https:\/\/pervasa.net\/ca\/\",\"logo\":{\"@type\":\"ImageObject\",\"inLanguage\":\"ca\",\"@id\":\"https:\/\/pervasa.net\/ca\/#\/schema\/logo\/image\/\",\"url\":\"https:\/\/pervasa.net\/wp-content\/uploads\/2020\/10\/logo-pervasa.svg\",\"contentUrl\":\"https:\/\/pervasa.net\/wp-content\/uploads\/2020\/10\/logo-pervasa.svg\",\"width\":2788,\"height\":769,\"caption\":\"Pervasa. S.L.\"},\"image\":{\"@id\":\"https:\/\/pervasa.net\/ca\/#\/schema\/logo\/image\/\"}}]}<\/script>\n<!-- \/ Yoast SEO plugin. -->","yoast_head_json":{"title":"Equip - Pervasa","robots":{"index":"index","follow":"follow","max-snippet":"max-snippet:-1","max-image-preview":"max-image-preview:large","max-video-preview":"max-video-preview:-1"},"canonical":"https:\/\/pervasa.net\/ca\/equip\/","og_locale":"ca_ES","og_type":"article","og_title":"Equip - Pervasa","og_description":"[vc_row][vc_column width=&#8221;1\/3&#8243;][vc_column_text text_align=&#8221;center&#8221; font_size=&#8221;14&#8243;]Director General [\/vc_column_text][\/vc_column][vc_column width=&#8221;1\/3&#8243;][vc_column_text text_align=&#8221;center&#8221; font_size=&#8221;14&#8243;]CEO abachs@pervasa.net[\/vc_column_text][\/vc_column][vc_column width=&#8221;1\/3&#8243;][vc_column_text text_align=&#8221;center&#8221; font_size=&#8221;14&#8243;]Director T\u00e8cnic agusti.bachs@pervasa.net[\/vc_column_text][\/vc_column][\/vc_row][vc_row][vc_column width=&#8221;1\/3&#8243;][vc_column_text text_align=&#8221;center&#8221; font_size=&#8221;14&#8243;]Director de producci\u00f3[\/vc_column_text][\/vc_column][vc_column width=&#8221;1\/3&#8243;][vc_column_text text_align=&#8221;center&#8221; font_size=&#8221;14&#8243;]Assessor de vendes jllargues@pervasa.net[\/vc_column_text][\/vc_column][vc_column width=&#8221;1\/3&#8243;][vc_column_text text_align=&#8221;center&#8221; font_size=&#8221;14&#8243;]Dpt. Financer gdefior@pervasa.net[\/vc_column_text][\/vc_column][\/vc_row][vc_row][vc_column width=&#8221;1\/3&#8243;][vc_column_text text_align=&#8221;center&#8221; font_size=&#8221;14&#8243;]Recepci\u00f3 de comandes &amp; Log\u00edstica annaleal@pervasa.net[\/vc_column_text][\/vc_column][\/vc_row]","og_url":"https:\/\/pervasa.net\/ca\/equip\/","og_site_name":"Pervasa","article_modified_time":"2024-07-05T09:35:20+00:00","twitter_card":"summary_large_image","twitter_misc":{"Temps estimat de lectura":"1 minut"},"schema":{"@context":"https:\/\/schema.org","@graph":[{"@type":"WebPage","@id":"https:\/\/pervasa.net\/ca\/equip\/","url":"https:\/\/pervasa.net\/ca\/equip\/","name":"Equip - Pervasa","isPartOf":{"@id":"https:\/\/pervasa.net\/ca\/#website"},"datePublished":"2020-12-03T15:19:38+00:00","dateModified":"2024-07-05T09:35:20+00:00","breadcrumb":{"@id":"https:\/\/pervasa.net\/ca\/equip\/#breadcrumb"},"inLanguage":"ca","potentialAction":[{"@type":"ReadAction","target":["https:\/\/pervasa.net\/ca\/equip\/"]}]},{"@type":"BreadcrumbList","@id":"https:\/\/pervasa.net\/ca\/equip\/#breadcrumb","itemListElement":[{"@type":"ListItem","position":1,"name":"Home","item":"https:\/\/pervasa.net\/ca\/"},{"@type":"ListItem","position":2,"name":"Equip"}]},{"@type":"WebSite","@id":"https:\/\/pervasa.net\/ca\/#website","url":"https:\/\/pervasa.net\/ca\/","name":"Pervasa","description":"M\u00e9s de 35 anys dedicats a la fabricaci\u00f3 de perfils t\u00e8cnics","publisher":{"@id":"https:\/\/pervasa.net\/ca\/#organization"},"potentialAction":[{"@type":"SearchAction","target":{"@type":"EntryPoint","urlTemplate":"https:\/\/pervasa.net\/ca\/?s={search_term_string}"},"query-input":{"@type":"PropertyValueSpecification","valueRequired":true,"valueName":"search_term_string"}}],"inLanguage":"ca"},{"@type":"Organization","@id":"https:\/\/pervasa.net\/ca\/#organization","name":"Pervasa. S.L.","url":"https:\/\/pervasa.net\/ca\/","logo":{"@type":"ImageObject","inLanguage":"ca","@id":"https:\/\/pervasa.net\/ca\/#\/schema\/logo\/image\/","url":"https:\/\/pervasa.net\/wp-content\/uploads\/2020\/10\/logo-pervasa.svg","contentUrl":"https:\/\/pervasa.net\/wp-content\/uploads\/2020\/10\/logo-pervasa.svg","width":2788,"height":769,"caption":"Pervasa. S.L."},"image":{"@id":"https:\/\/pervasa.net\/ca\/#\/schema\/logo\/image\/"}}]}},"_links":{"self":[{"href":"https:\/\/pervasa.net\/ca\/wp-json\/wp\/v2\/pages\/597","targetHints":{"allow":["GET"]}}],"collection":[{"href":"https:\/\/pervasa.net\/ca\/wp-json\/wp\/v2\/pages"}],"about":[{"href":"https:\/\/pervasa.net\/ca\/wp-json\/wp\/v2\/types\/page"}],"author":[{"embeddable":true,"href":"https:\/\/pervasa.net\/ca\/wp-json\/wp\/v2\/users\/1"}],"replies":[{"embeddable":true,"href":"https:\/\/pervasa.net\/ca\/wp-json\/wp\/v2\/comments?post=597"}],"version-history":[{"count":0,"href":"https:\/\/pervasa.net\/ca\/wp-json\/wp\/v2\/pages\/597\/revisions"}],"wp:attachment":[{"href":"https:\/\/pervasa.net\/ca\/wp-json\/wp\/v2\/media?parent=597"}],"curies":[{"name":"wp","href":"https:\/\/api.w.org\/{rel}","templated":true}]}}