{"id":609,"date":"2020-12-03T15:26:09","date_gmt":"2020-12-03T15:26:09","guid":{"rendered":"https:\/\/pervasa.mmkt.dev\/?page_id=609"},"modified":"2020-12-03T15:46:16","modified_gmt":"2020-12-03T15:46:16","slug":"senyalitzacio-comercial-i-plv","status":"publish","type":"page","link":"https:\/\/pervasa.net\/ca\/productes\/senyalitzacio-comercial-i-plv\/","title":{"rendered":"Senyalitzaci\u00f3 comercial i PLV"},"content":{"rendered":"<div class=\"wpb-content-wrapper\">[vc_row full_width=&#8221;stretch_row&#8221; remove_bottom_col_margin=&#8221;true&#8221; css=&#8221;.vc_custom_1602693345245{margin-bottom: 60px !important;padding-top: 40px !important;padding-bottom: 40px !important;background-color: #ff803b !important;}&#8221;][vc_column]<style>.vcex-heading.vcex_69f9e6e13a1e3{width:730px;color:#ffffff;font-size:20px;}<\/style><div class=\"vcex-heading vcex-heading-plain vcex-module wpex-heading wpex-text-2xl wpex-text-center wpex-max-w-100 wpex-mx-auto vcex_69f9e6e13a1e3\"><span class=\"vcex-heading-inner wpex-inline-block\">A PERVASA disposem d\u2019una \u00e0mplia gamma de perfils portapreus i accessoris per a la senyalitzaci\u00f3 comercial.<\/span><\/div>[\/vc_column][\/vc_row][vc_row][vc_column width=&#8221;1\/3&#8243;]<style>.vcex-icon-box.vcex_69f9e6e13b862 .vcex-icon-box-image{width:100px;}<\/style><div class=\"vcex-module vcex-icon-box vcex-icon-box-two wpex-block wpex-text-center vcex_69f9e6e13b862\"><div class=\"vcex-icon-box-symbol vcex-icon-box-symbol--image wpex-mb-20\"><img loading=\"lazy\" class=\"vcex-icon-box-image wpex-align-middle\" alt=\"plastic profiles\" decoding=\"async\" src=\"https:\/\/pervasa.net\/wp-content\/uploads\/2020\/10\/senalizacion.svg\" srcset=\"https:\/\/pervasa.net\/wp-content\/uploads\/\/2020\/10\/senalizacion.svg 150w, https:\/\/pervasa.net\/wp-content\/uploads\/\/2020\/10\/senalizacion.svg 300w, https:\/\/pervasa.net\/wp-content\/uploads\/\/2020\/10\/senalizacion.svg 1024w, https:\/\/pervasa.net\/wp-content\/uploads\/\/2020\/10\/senalizacion.svg 1536w, https:\/\/pervasa.net\/wp-content\/uploads\/\/2020\/10\/senalizacion.svg 2048w\" width=\"2134\" height=\"2134\"><\/div><div class=\"vcex-icon-box-text\"><h2 class=\"vcex-icon-box-heading wpex-heading wpex-text-md wpex-mb-10\">Lliurament<\/h2><div class=\"vcex-icon-box-content wpex-last-mb-0 wpex-clr\"><p>Terminis de lliurament molt ajustats.<\/p>\n<\/div><\/div><\/div>[\/vc_column][vc_column width=&#8221;1\/3&#8243;]<style>.vcex-icon-box.vcex_69f9e6e13d5f4 .vcex-icon-box-image{width:100px;}<\/style><div class=\"vcex-module vcex-icon-box vcex-icon-box-two wpex-block wpex-text-center vcex_69f9e6e13d5f4\"><div class=\"vcex-icon-box-symbol vcex-icon-box-symbol--image wpex-mb-20\"><img loading=\"lazy\" class=\"vcex-icon-box-image wpex-align-middle\" alt=\"perfileria en pvc\" decoding=\"async\" src=\"https:\/\/pervasa.net\/wp-content\/uploads\/2020\/10\/senalizacion-tronja.svg\" srcset=\"https:\/\/pervasa.net\/wp-content\/uploads\/\/2020\/10\/senalizacion-tronja.svg 150w, https:\/\/pervasa.net\/wp-content\/uploads\/\/2020\/10\/senalizacion-tronja.svg 300w, https:\/\/pervasa.net\/wp-content\/uploads\/\/2020\/10\/senalizacion-tronja.svg 1024w, https:\/\/pervasa.net\/wp-content\/uploads\/\/2020\/10\/senalizacion-tronja.svg 1536w, https:\/\/pervasa.net\/wp-content\/uploads\/\/2020\/10\/senalizacion-tronja.svg 2048w\" width=\"8892\" height=\"8892\"><\/div><div class=\"vcex-icon-box-text\"><h2 class=\"vcex-icon-box-heading wpex-heading wpex-text-md wpex-mb-10\">Ens adaptem<\/h2><div class=\"vcex-icon-box-content wpex-last-mb-0 wpex-clr\"><p>Cobrim tots els tipus de prestatgeria del mercat en les diferents amplituds d\u2019etiqueta, tant de paper com electr\u00f2nica.<\/p>\n<\/div><\/div><\/div>[\/vc_column][vc_column width=&#8221;1\/3&#8243;]<style>.vcex-icon-box.vcex_69f9e6e13e8dc .vcex-icon-box-image{width:100px;}<\/style><div class=\"vcex-module vcex-icon-box vcex-icon-box-two wpex-block wpex-text-center vcex_69f9e6e13e8dc\"><div class=\"vcex-icon-box-symbol vcex-icon-box-symbol--image wpex-mb-20\"><img loading=\"lazy\" class=\"vcex-icon-box-image wpex-align-middle\" alt=\"plastic profiles\" decoding=\"async\" src=\"https:\/\/pervasa.net\/wp-content\/uploads\/2020\/10\/senalizacion.svg\" srcset=\"https:\/\/pervasa.net\/wp-content\/uploads\/\/2020\/10\/senalizacion.svg 150w, https:\/\/pervasa.net\/wp-content\/uploads\/\/2020\/10\/senalizacion.svg 300w, https:\/\/pervasa.net\/wp-content\/uploads\/\/2020\/10\/senalizacion.svg 1024w, https:\/\/pervasa.net\/wp-content\/uploads\/\/2020\/10\/senalizacion.svg 1536w, https:\/\/pervasa.net\/wp-content\/uploads\/\/2020\/10\/senalizacion.svg 2048w\" width=\"2134\" height=\"2134\"><\/div><div class=\"vcex-icon-box-text\"><h2 class=\"vcex-icon-box-heading wpex-heading wpex-text-md wpex-mb-10\">Fabricaci\u00f3 de s\u00e8ries curtes<\/h2><div class=\"vcex-icon-box-content wpex-last-mb-0 wpex-clr\"><p>Solucions eficaces, t\u00e8cnicament i econ\u00f2micament viables<\/p>\n<\/div><\/div><\/div>[\/vc_column][\/vc_row][vc_row css_animation=&#8221;none&#8221; style=&#8221;solid&#8221; margin_y=&#8221;&#8221; color=&#8221;#ffffff&#8221; icon_type=&#8221;&#8221; icon_spacing=&#8221;&#8221; width=&#8221;&#8221; align=&#8221;&#8221; height=&#8221;&#8221; dotted_height=&#8221;&#8221; margin=&#8221;&#8221; icon=&#8221;&#8221; icon_fontawesome=&#8221;&#8221; icon_openiconic=&#8221;&#8221; icon_typicons=&#8221;&#8221; icon_entypo=&#8221;&#8221; icon_linecons=&#8221;&#8221; icon_pixelicons=&#8221;&#8221; icon_color=&#8221;&#8221; icon_bg=&#8221;&#8221; icon_size=&#8221;&#8221; icon_height=&#8221;&#8221; icon_width=&#8221;&#8221; icon_border_radius=&#8221;&#8221; icon_padding=&#8221;&#8221; visibility=&#8221;hidden-phone&#8221;][vc_column]<div class=\"vcex-module vcex-divider vcex-divider-solid vcex-divider-center wpex-mx-auto wpex-block wpex-h-0 wpex-border-b wpex-border-solid wpex-border-main border-gradien large-border-gradien\" style=\"border-color:#ffffff;\"><\/div>[\/vc_column][\/vc_row][vc_row][vc_column width=&#8221;1\/3&#8243;]<style>.vcex-icon-box.vcex_69f9e6e1400d3 .vcex-icon-box-image{width:100px;}<\/style><div class=\"vcex-module vcex-icon-box vcex-icon-box-two wpex-block wpex-text-center vcex_69f9e6e1400d3\"><div class=\"vcex-icon-box-symbol vcex-icon-box-symbol--image wpex-mb-20\"><img loading=\"lazy\" class=\"vcex-icon-box-image wpex-align-middle\" alt=\"plastic profiles\" decoding=\"async\" src=\"https:\/\/pervasa.net\/wp-content\/uploads\/2020\/10\/senalizacion.svg\" srcset=\"https:\/\/pervasa.net\/wp-content\/uploads\/\/2020\/10\/senalizacion.svg 150w, https:\/\/pervasa.net\/wp-content\/uploads\/\/2020\/10\/senalizacion.svg 300w, https:\/\/pervasa.net\/wp-content\/uploads\/\/2020\/10\/senalizacion.svg 1024w, https:\/\/pervasa.net\/wp-content\/uploads\/\/2020\/10\/senalizacion.svg 1536w, https:\/\/pervasa.net\/wp-content\/uploads\/\/2020\/10\/senalizacion.svg 2048w\" width=\"2134\" height=\"2134\"><\/div><div class=\"vcex-icon-box-text\"><h2 class=\"vcex-icon-box-heading wpex-heading wpex-text-md wpex-mb-10\">A mida<\/h2><div class=\"vcex-icon-box-content wpex-last-mb-0 wpex-clr\"><p>Manipulats a mida del client (Tall exacte, perforacions, encunys, etc.)<\/p>\n<\/div><\/div><\/div>[\/vc_column][vc_column width=&#8221;1\/3&#8243;]<style>.vcex-icon-box.vcex_69f9e6e141188 .vcex-icon-box-image{width:100px;}<\/style><div class=\"vcex-module vcex-icon-box vcex-icon-box-two wpex-block wpex-text-center vcex_69f9e6e141188\"><div class=\"vcex-icon-box-symbol vcex-icon-box-symbol--image wpex-mb-20\"><img loading=\"lazy\" class=\"vcex-icon-box-image wpex-align-middle\" alt=\"perfileria en pvc\" decoding=\"async\" src=\"https:\/\/pervasa.net\/wp-content\/uploads\/2020\/10\/senalizacion-tronja.svg\" srcset=\"https:\/\/pervasa.net\/wp-content\/uploads\/\/2020\/10\/senalizacion-tronja.svg 150w, https:\/\/pervasa.net\/wp-content\/uploads\/\/2020\/10\/senalizacion-tronja.svg 300w, https:\/\/pervasa.net\/wp-content\/uploads\/\/2020\/10\/senalizacion-tronja.svg 1024w, https:\/\/pervasa.net\/wp-content\/uploads\/\/2020\/10\/senalizacion-tronja.svg 1536w, https:\/\/pervasa.net\/wp-content\/uploads\/\/2020\/10\/senalizacion-tronja.svg 2048w\" width=\"8892\" height=\"8892\"><\/div><div class=\"vcex-icon-box-text\"><h2 class=\"vcex-icon-box-heading wpex-heading wpex-text-md wpex-mb-10\">Adhesius<\/h2><div class=\"vcex-icon-box-content wpex-last-mb-0 wpex-clr\"><p>Adhesius de doble cara i cintes magn\u00e8tiques de 1a qualitat en diferents amplituds.<\/p>\n<\/div><\/div><\/div>[\/vc_column][vc_column width=&#8221;1\/3&#8243;]<style>.vcex-icon-box.vcex_69f9e6e142164 .vcex-icon-box-image{width:100px;}<\/style><div class=\"vcex-module vcex-icon-box vcex-icon-box-two wpex-block wpex-text-center vcex_69f9e6e142164\"><div class=\"vcex-icon-box-symbol vcex-icon-box-symbol--image wpex-mb-20\"><img loading=\"lazy\" class=\"vcex-icon-box-image wpex-align-middle\" alt=\"plastic profiles\" decoding=\"async\" src=\"https:\/\/pervasa.net\/wp-content\/uploads\/2020\/10\/senalizacion.svg\" srcset=\"https:\/\/pervasa.net\/wp-content\/uploads\/\/2020\/10\/senalizacion.svg 150w, https:\/\/pervasa.net\/wp-content\/uploads\/\/2020\/10\/senalizacion.svg 300w, https:\/\/pervasa.net\/wp-content\/uploads\/\/2020\/10\/senalizacion.svg 1024w, https:\/\/pervasa.net\/wp-content\/uploads\/\/2020\/10\/senalizacion.svg 1536w, https:\/\/pervasa.net\/wp-content\/uploads\/\/2020\/10\/senalizacion.svg 2048w\" width=\"2134\" height=\"2134\"><\/div><div class=\"vcex-icon-box-text\"><h2 class=\"vcex-icon-box-heading wpex-heading wpex-text-md wpex-mb-10\">ECO<\/h2><div class=\"vcex-icon-box-content wpex-last-mb-0 wpex-clr\"><p>Materials ecol\u00f2gics a petici\u00f3 del client.<\/p>\n<\/div><\/div><\/div>[\/vc_column][\/vc_row][vc_row css_animation=&#8221;none&#8221; style=&#8221;solid&#8221; margin_y=&#8221;&#8221; color=&#8221;#ffffff&#8221; icon_type=&#8221;&#8221; icon_spacing=&#8221;&#8221; width=&#8221;&#8221; align=&#8221;&#8221; height=&#8221;&#8221; dotted_height=&#8221;&#8221; margin=&#8221;&#8221; icon=&#8221;&#8221; icon_fontawesome=&#8221;&#8221; icon_openiconic=&#8221;&#8221; icon_typicons=&#8221;&#8221; icon_entypo=&#8221;&#8221; icon_linecons=&#8221;&#8221; icon_pixelicons=&#8221;&#8221; icon_color=&#8221;&#8221; icon_bg=&#8221;&#8221; icon_size=&#8221;&#8221; icon_height=&#8221;&#8221; icon_width=&#8221;&#8221; icon_border_radius=&#8221;&#8221; icon_padding=&#8221;&#8221;][vc_column]<div class=\"vcex-module vcex-divider vcex-divider-solid vcex-divider-center wpex-mx-auto wpex-block wpex-h-0 wpex-border-b wpex-border-solid wpex-border-main border-gradien large-border-gradien\" style=\"border-color:#ffffff;\"><\/div>[\/vc_column][\/vc_row][vc_row][vc_column]<figure class=\"vcex-image vcex-module wpex-text-center\"><div class=\"vcex-image-inner wpex-relative wpex-inline-block\"><img width=\"1170\" height=\"600\" src=\"https:\/\/pervasa.net\/wp-content\/uploads\/2020\/12\/senalizacion.jpg\" class=\"vcex-image-img wpex-align-middle\" alt=\"perfiles portaprecios\" loading=\"lazy\" decoding=\"async\" srcset=\"https:\/\/pervasa.net\/wp-content\/uploads\/2020\/12\/senalizacion.jpg 1170w, https:\/\/pervasa.net\/wp-content\/uploads\/2020\/12\/senalizacion-300x154.jpg 300w, https:\/\/pervasa.net\/wp-content\/uploads\/2020\/12\/senalizacion-1024x525.jpg 1024w, https:\/\/pervasa.net\/wp-content\/uploads\/2020\/12\/senalizacion-768x394.jpg 768w\" sizes=\"auto, (max-width: 1170px) 100vw, 1170px\" \/><\/div><\/figure>[\/vc_column][\/vc_row]\n<\/div>","protected":false},"excerpt":{"rendered":"<p>[vc_row full_width=&#8221;stretch_row&#8221; remove_bottom_col_margin=&#8221;true&#8221; css=&#8221;.vc_custom_1602693345245{margin-bottom: 60px !important;padding-top: 40px !important;padding-bottom: 40px !important;background-color: #ff803b !important;}&#8221;][vc_column][\/vc_column][\/vc_row][vc_row][vc_column width=&#8221;1\/3&#8243;][\/vc_column][vc_column width=&#8221;1\/3&#8243;][\/vc_column][vc_column width=&#8221;1\/3&#8243;][\/vc_column][\/vc_row][vc_row css_animation=&#8221;none&#8221; style=&#8221;solid&#8221; margin_y=&#8221;&#8221; color=&#8221;#ffffff&#8221; icon_type=&#8221;&#8221; icon_spacing=&#8221;&#8221; width=&#8221;&#8221; align=&#8221;&#8221; height=&#8221;&#8221; dotted_height=&#8221;&#8221; margin=&#8221;&#8221; icon=&#8221;&#8221; icon_fontawesome=&#8221;&#8221; icon_openiconic=&#8221;&#8221; icon_typicons=&#8221;&#8221; icon_entypo=&#8221;&#8221; icon_linecons=&#8221;&#8221; icon_pixelicons=&#8221;&#8221; icon_color=&#8221;&#8221; icon_bg=&#8221;&#8221; icon_size=&#8221;&#8221; icon_height=&#8221;&#8221; icon_width=&#8221;&#8221; icon_border_radius=&#8221;&#8221; icon_padding=&#8221;&#8221; visibility=&#8221;hidden-phone&#8221;][vc_column][\/vc_column][\/vc_row][vc_row][vc_column width=&#8221;1\/3&#8243;][\/vc_column][vc_column width=&#8221;1\/3&#8243;][\/vc_column][vc_column width=&#8221;1\/3&#8243;][\/vc_column][\/vc_row][vc_row css_animation=&#8221;none&#8221; style=&#8221;solid&#8221; margin_y=&#8221;&#8221; color=&#8221;#ffffff&#8221; icon_type=&#8221;&#8221; icon_spacing=&#8221;&#8221; width=&#8221;&#8221; align=&#8221;&#8221; height=&#8221;&#8221; dotted_height=&#8221;&#8221; margin=&#8221;&#8221;&hellip;<\/p>\n","protected":false},"author":1,"featured_media":0,"parent":601,"menu_order":0,"comment_status":"closed","ping_status":"closed","template":"","meta":{"footnotes":""},"class_list":["post-609","page","type-page","status-publish","hentry","entry","no-media"],"yoast_head":"<!-- This site is optimized with the Yoast SEO plugin v26.5 - https:\/\/yoast.com\/wordpress\/plugins\/seo\/ -->\n<title>Senyalitzaci\u00f3 comercial i PLV - Pervasa<\/title>\n<meta name=\"robots\" content=\"index, follow, max-snippet:-1, max-image-preview:large, max-video-preview:-1\" \/>\n<link rel=\"canonical\" href=\"https:\/\/pervasa.net\/ca\/productes\/senyalitzacio-comercial-i-plv\/\" \/>\n<meta property=\"og:locale\" content=\"ca_ES\" \/>\n<meta property=\"og:type\" content=\"article\" \/>\n<meta property=\"og:title\" content=\"Senyalitzaci\u00f3 comercial i PLV - Pervasa\" \/>\n<meta property=\"og:description\" content=\"[vc_row full_width=&#8221;stretch_row&#8221; remove_bottom_col_margin=&#8221;true&#8221; css=&#8221;.vc_custom_1602693345245{margin-bottom: 60px !important;padding-top: 40px !important;padding-bottom: 40px !important;background-color: #ff803b !important;}&#8221;][vc_column][\/vc_column][\/vc_row][vc_row][vc_column width=&#8221;1\/3&#8243;][\/vc_column][vc_column width=&#8221;1\/3&#8243;][\/vc_column][vc_column width=&#8221;1\/3&#8243;][\/vc_column][\/vc_row][vc_row css_animation=&#8221;none&#8221; style=&#8221;solid&#8221; margin_y=&#8221;&#8221; color=&#8221;#ffffff&#8221; icon_type=&#8221;&#8221; icon_spacing=&#8221;&#8221; width=&#8221;&#8221; align=&#8221;&#8221; height=&#8221;&#8221; dotted_height=&#8221;&#8221; margin=&#8221;&#8221; icon=&#8221;&#8221; icon_fontawesome=&#8221;&#8221; icon_openiconic=&#8221;&#8221; icon_typicons=&#8221;&#8221; icon_entypo=&#8221;&#8221; icon_linecons=&#8221;&#8221; icon_pixelicons=&#8221;&#8221; icon_color=&#8221;&#8221; icon_bg=&#8221;&#8221; icon_size=&#8221;&#8221; icon_height=&#8221;&#8221; icon_width=&#8221;&#8221; icon_border_radius=&#8221;&#8221; icon_padding=&#8221;&#8221; visibility=&#8221;hidden-phone&#8221;][vc_column][\/vc_column][\/vc_row][vc_row][vc_column width=&#8221;1\/3&#8243;][\/vc_column][vc_column width=&#8221;1\/3&#8243;][\/vc_column][vc_column width=&#8221;1\/3&#8243;][\/vc_column][\/vc_row][vc_row css_animation=&#8221;none&#8221; style=&#8221;solid&#8221; margin_y=&#8221;&#8221; color=&#8221;#ffffff&#8221; icon_type=&#8221;&#8221; icon_spacing=&#8221;&#8221; width=&#8221;&#8221; align=&#8221;&#8221; height=&#8221;&#8221; dotted_height=&#8221;&#8221; margin=&#8221;&#8221;&hellip;\" \/>\n<meta property=\"og:url\" content=\"https:\/\/pervasa.net\/ca\/productes\/senyalitzacio-comercial-i-plv\/\" \/>\n<meta property=\"og:site_name\" content=\"Pervasa\" \/>\n<meta property=\"article:modified_time\" content=\"2020-12-03T15:46:16+00:00\" \/>\n<meta name=\"twitter:card\" content=\"summary_large_image\" \/>\n<meta name=\"twitter:label1\" content=\"Temps estimat de lectura\" \/>\n\t<meta name=\"twitter:data1\" content=\"2 minuts\" \/>\n<script type=\"application\/ld+json\" class=\"yoast-schema-graph\">{\"@context\":\"https:\/\/schema.org\",\"@graph\":[{\"@type\":\"WebPage\",\"@id\":\"https:\/\/pervasa.net\/ca\/productes\/senyalitzacio-comercial-i-plv\/\",\"url\":\"https:\/\/pervasa.net\/ca\/productes\/senyalitzacio-comercial-i-plv\/\",\"name\":\"Senyalitzaci\u00f3 comercial i PLV - Pervasa\",\"isPartOf\":{\"@id\":\"https:\/\/pervasa.net\/ca\/#website\"},\"datePublished\":\"2020-12-03T15:26:09+00:00\",\"dateModified\":\"2020-12-03T15:46:16+00:00\",\"breadcrumb\":{\"@id\":\"https:\/\/pervasa.net\/ca\/productes\/senyalitzacio-comercial-i-plv\/#breadcrumb\"},\"inLanguage\":\"ca\",\"potentialAction\":[{\"@type\":\"ReadAction\",\"target\":[\"https:\/\/pervasa.net\/ca\/productes\/senyalitzacio-comercial-i-plv\/\"]}]},{\"@type\":\"BreadcrumbList\",\"@id\":\"https:\/\/pervasa.net\/ca\/productes\/senyalitzacio-comercial-i-plv\/#breadcrumb\",\"itemListElement\":[{\"@type\":\"ListItem\",\"position\":1,\"name\":\"Home\",\"item\":\"https:\/\/pervasa.net\/ca\/\"},{\"@type\":\"ListItem\",\"position\":2,\"name\":\"Productes\",\"item\":\"https:\/\/pervasa.net\/ca\/productes\/\"},{\"@type\":\"ListItem\",\"position\":3,\"name\":\"Senyalitzaci\u00f3 comercial i PLV\"}]},{\"@type\":\"WebSite\",\"@id\":\"https:\/\/pervasa.net\/ca\/#website\",\"url\":\"https:\/\/pervasa.net\/ca\/\",\"name\":\"Pervasa\",\"description\":\"M\u00e9s de 35 anys dedicats a la fabricaci\u00f3 de perfils t\u00e8cnics\",\"publisher\":{\"@id\":\"https:\/\/pervasa.net\/ca\/#organization\"},\"potentialAction\":[{\"@type\":\"SearchAction\",\"target\":{\"@type\":\"EntryPoint\",\"urlTemplate\":\"https:\/\/pervasa.net\/ca\/?s={search_term_string}\"},\"query-input\":{\"@type\":\"PropertyValueSpecification\",\"valueRequired\":true,\"valueName\":\"search_term_string\"}}],\"inLanguage\":\"ca\"},{\"@type\":\"Organization\",\"@id\":\"https:\/\/pervasa.net\/ca\/#organization\",\"name\":\"Pervasa. S.L.\",\"url\":\"https:\/\/pervasa.net\/ca\/\",\"logo\":{\"@type\":\"ImageObject\",\"inLanguage\":\"ca\",\"@id\":\"https:\/\/pervasa.net\/ca\/#\/schema\/logo\/image\/\",\"url\":\"https:\/\/pervasa.net\/wp-content\/uploads\/2020\/10\/logo-pervasa.svg\",\"contentUrl\":\"https:\/\/pervasa.net\/wp-content\/uploads\/2020\/10\/logo-pervasa.svg\",\"width\":2788,\"height\":769,\"caption\":\"Pervasa. S.L.\"},\"image\":{\"@id\":\"https:\/\/pervasa.net\/ca\/#\/schema\/logo\/image\/\"}}]}<\/script>\n<!-- \/ Yoast SEO plugin. -->","yoast_head_json":{"title":"Senyalitzaci\u00f3 comercial i PLV - Pervasa","robots":{"index":"index","follow":"follow","max-snippet":"max-snippet:-1","max-image-preview":"max-image-preview:large","max-video-preview":"max-video-preview:-1"},"canonical":"https:\/\/pervasa.net\/ca\/productes\/senyalitzacio-comercial-i-plv\/","og_locale":"ca_ES","og_type":"article","og_title":"Senyalitzaci\u00f3 comercial i PLV - Pervasa","og_description":"[vc_row full_width=&#8221;stretch_row&#8221; remove_bottom_col_margin=&#8221;true&#8221; css=&#8221;.vc_custom_1602693345245{margin-bottom: 60px !important;padding-top: 40px !important;padding-bottom: 40px !important;background-color: #ff803b !important;}&#8221;][vc_column][\/vc_column][\/vc_row][vc_row][vc_column width=&#8221;1\/3&#8243;][\/vc_column][vc_column width=&#8221;1\/3&#8243;][\/vc_column][vc_column width=&#8221;1\/3&#8243;][\/vc_column][\/vc_row][vc_row css_animation=&#8221;none&#8221; style=&#8221;solid&#8221; margin_y=&#8221;&#8221; color=&#8221;#ffffff&#8221; icon_type=&#8221;&#8221; icon_spacing=&#8221;&#8221; width=&#8221;&#8221; align=&#8221;&#8221; height=&#8221;&#8221; dotted_height=&#8221;&#8221; margin=&#8221;&#8221; icon=&#8221;&#8221; icon_fontawesome=&#8221;&#8221; icon_openiconic=&#8221;&#8221; icon_typicons=&#8221;&#8221; icon_entypo=&#8221;&#8221; icon_linecons=&#8221;&#8221; icon_pixelicons=&#8221;&#8221; icon_color=&#8221;&#8221; icon_bg=&#8221;&#8221; icon_size=&#8221;&#8221; icon_height=&#8221;&#8221; icon_width=&#8221;&#8221; icon_border_radius=&#8221;&#8221; icon_padding=&#8221;&#8221; visibility=&#8221;hidden-phone&#8221;][vc_column][\/vc_column][\/vc_row][vc_row][vc_column width=&#8221;1\/3&#8243;][\/vc_column][vc_column width=&#8221;1\/3&#8243;][\/vc_column][vc_column width=&#8221;1\/3&#8243;][\/vc_column][\/vc_row][vc_row css_animation=&#8221;none&#8221; style=&#8221;solid&#8221; margin_y=&#8221;&#8221; color=&#8221;#ffffff&#8221; icon_type=&#8221;&#8221; icon_spacing=&#8221;&#8221; width=&#8221;&#8221; align=&#8221;&#8221; height=&#8221;&#8221; dotted_height=&#8221;&#8221; margin=&#8221;&#8221;&hellip;","og_url":"https:\/\/pervasa.net\/ca\/productes\/senyalitzacio-comercial-i-plv\/","og_site_name":"Pervasa","article_modified_time":"2020-12-03T15:46:16+00:00","twitter_card":"summary_large_image","twitter_misc":{"Temps estimat de lectura":"2 minuts"},"schema":{"@context":"https:\/\/schema.org","@graph":[{"@type":"WebPage","@id":"https:\/\/pervasa.net\/ca\/productes\/senyalitzacio-comercial-i-plv\/","url":"https:\/\/pervasa.net\/ca\/productes\/senyalitzacio-comercial-i-plv\/","name":"Senyalitzaci\u00f3 comercial i PLV - Pervasa","isPartOf":{"@id":"https:\/\/pervasa.net\/ca\/#website"},"datePublished":"2020-12-03T15:26:09+00:00","dateModified":"2020-12-03T15:46:16+00:00","breadcrumb":{"@id":"https:\/\/pervasa.net\/ca\/productes\/senyalitzacio-comercial-i-plv\/#breadcrumb"},"inLanguage":"ca","potentialAction":[{"@type":"ReadAction","target":["https:\/\/pervasa.net\/ca\/productes\/senyalitzacio-comercial-i-plv\/"]}]},{"@type":"BreadcrumbList","@id":"https:\/\/pervasa.net\/ca\/productes\/senyalitzacio-comercial-i-plv\/#breadcrumb","itemListElement":[{"@type":"ListItem","position":1,"name":"Home","item":"https:\/\/pervasa.net\/ca\/"},{"@type":"ListItem","position":2,"name":"Productes","item":"https:\/\/pervasa.net\/ca\/productes\/"},{"@type":"ListItem","position":3,"name":"Senyalitzaci\u00f3 comercial i PLV"}]},{"@type":"WebSite","@id":"https:\/\/pervasa.net\/ca\/#website","url":"https:\/\/pervasa.net\/ca\/","name":"Pervasa","description":"M\u00e9s de 35 anys dedicats a la fabricaci\u00f3 de perfils t\u00e8cnics","publisher":{"@id":"https:\/\/pervasa.net\/ca\/#organization"},"potentialAction":[{"@type":"SearchAction","target":{"@type":"EntryPoint","urlTemplate":"https:\/\/pervasa.net\/ca\/?s={search_term_string}"},"query-input":{"@type":"PropertyValueSpecification","valueRequired":true,"valueName":"search_term_string"}}],"inLanguage":"ca"},{"@type":"Organization","@id":"https:\/\/pervasa.net\/ca\/#organization","name":"Pervasa. S.L.","url":"https:\/\/pervasa.net\/ca\/","logo":{"@type":"ImageObject","inLanguage":"ca","@id":"https:\/\/pervasa.net\/ca\/#\/schema\/logo\/image\/","url":"https:\/\/pervasa.net\/wp-content\/uploads\/2020\/10\/logo-pervasa.svg","contentUrl":"https:\/\/pervasa.net\/wp-content\/uploads\/2020\/10\/logo-pervasa.svg","width":2788,"height":769,"caption":"Pervasa. S.L."},"image":{"@id":"https:\/\/pervasa.net\/ca\/#\/schema\/logo\/image\/"}}]}},"_links":{"self":[{"href":"https:\/\/pervasa.net\/ca\/wp-json\/wp\/v2\/pages\/609","targetHints":{"allow":["GET"]}}],"collection":[{"href":"https:\/\/pervasa.net\/ca\/wp-json\/wp\/v2\/pages"}],"about":[{"href":"https:\/\/pervasa.net\/ca\/wp-json\/wp\/v2\/types\/page"}],"author":[{"embeddable":true,"href":"https:\/\/pervasa.net\/ca\/wp-json\/wp\/v2\/users\/1"}],"replies":[{"embeddable":true,"href":"https:\/\/pervasa.net\/ca\/wp-json\/wp\/v2\/comments?post=609"}],"version-history":[{"count":0,"href":"https:\/\/pervasa.net\/ca\/wp-json\/wp\/v2\/pages\/609\/revisions"}],"up":[{"embeddable":true,"href":"https:\/\/pervasa.net\/ca\/wp-json\/wp\/v2\/pages\/601"}],"wp:attachment":[{"href":"https:\/\/pervasa.net\/ca\/wp-json\/wp\/v2\/media?parent=609"}],"curies":[{"name":"wp","href":"https:\/\/api.w.org\/{rel}","templated":true}]}}