{"id":616,"date":"2020-12-03T15:29:23","date_gmt":"2020-12-03T15:29:23","guid":{"rendered":"https:\/\/pervasa.mmkt.dev\/?page_id=616"},"modified":"2020-12-03T15:46:24","modified_gmt":"2020-12-03T15:46:24","slug":"mampares","status":"publish","type":"page","link":"https:\/\/pervasa.net\/ca\/productes\/mampares\/","title":{"rendered":"Mampares"},"content":{"rendered":"<div class=\"wpb-content-wrapper\">[vc_row full_width=&#8221;stretch_row&#8221; remove_bottom_col_margin=&#8221;true&#8221; css=&#8221;.vc_custom_1602693345245{margin-bottom: 60px !important;padding-top: 40px !important;padding-bottom: 40px !important;background-color: #ff803b !important;}&#8221;][vc_column]<style>.vcex-heading.vcex_69f9e6dbbb0d8{width:730px;color:#ffffff;font-size:20px;}<\/style><div class=\"vcex-heading vcex-heading-plain vcex-module wpex-heading wpex-text-2xl wpex-text-center wpex-max-w-100 wpex-mx-auto vcex_69f9e6dbbb0d8\"><span class=\"vcex-heading-inner wpex-inline-block\">A PERVASA disposem d'una \u00e0mplia gamma de separadors i juntes d'estanquitat, tant per mampares de bany com per a envans divisoris.<\/span><\/div>[\/vc_column][\/vc_row][vc_row][vc_column width=&#8221;1\/3&#8243;]<style>.vcex-icon-box.vcex_69f9e6dbbcf09 .vcex-icon-box-image{width:100px;}<\/style><div class=\"vcex-module vcex-icon-box vcex-icon-box-two wpex-block wpex-text-center vcex_69f9e6dbbcf09\"><div class=\"vcex-icon-box-symbol vcex-icon-box-symbol--image wpex-mb-20\"><img loading=\"lazy\" class=\"vcex-icon-box-image wpex-align-middle\" alt=\"profile-paroi-de-douche\" decoding=\"async\" src=\"https:\/\/pervasa.net\/wp-content\/uploads\/2020\/10\/mamparas.svg\" srcset=\"https:\/\/pervasa.net\/wp-content\/uploads\/\/2020\/10\/mamparas.svg 150w, https:\/\/pervasa.net\/wp-content\/uploads\/\/2020\/10\/mamparas.svg 300w, https:\/\/pervasa.net\/wp-content\/uploads\/\/2020\/10\/mamparas.svg 1024w, https:\/\/pervasa.net\/wp-content\/uploads\/\/2020\/10\/mamparas.svg 1536w, https:\/\/pervasa.net\/wp-content\/uploads\/\/2020\/10\/mamparas.svg 2048w\" width=\"2134\" height=\"2134\"><\/div><div class=\"vcex-icon-box-text\"><h2 class=\"vcex-icon-box-heading wpex-heading wpex-text-md wpex-mb-10\">Disponibilitat<\/h2><div class=\"vcex-icon-box-content wpex-last-mb-0 wpex-clr\"><p>S\u00e8ries completes en diferents amplituds i gruixos.<\/p>\n<\/div><\/div><\/div>[\/vc_column][vc_column width=&#8221;1\/3&#8243;]<style>.vcex-icon-box.vcex_69f9e6dbbf146 .vcex-icon-box-image{width:100px;}<\/style><div class=\"vcex-module vcex-icon-box vcex-icon-box-two wpex-block wpex-text-center vcex_69f9e6dbbf146\"><div class=\"vcex-icon-box-symbol vcex-icon-box-symbol--image wpex-mb-20\"><img loading=\"lazy\" class=\"vcex-icon-box-image wpex-align-middle\" alt=\"perfil mampara ducha\" decoding=\"async\" src=\"https:\/\/pervasa.net\/wp-content\/uploads\/2020\/10\/mamparas-tronja.svg\" srcset=\"https:\/\/pervasa.net\/wp-content\/uploads\/\/2020\/10\/mamparas-tronja.svg 150w, https:\/\/pervasa.net\/wp-content\/uploads\/\/2020\/10\/mamparas-tronja.svg 300w, https:\/\/pervasa.net\/wp-content\/uploads\/\/2020\/10\/mamparas-tronja.svg 1024w, https:\/\/pervasa.net\/wp-content\/uploads\/\/2020\/10\/mamparas-tronja.svg 1536w, https:\/\/pervasa.net\/wp-content\/uploads\/\/2020\/10\/mamparas-tronja.svg 2048w\" width=\"8892\" height=\"8892\"><\/div><div class=\"vcex-icon-box-text\"><h2 class=\"vcex-icon-box-heading wpex-heading wpex-text-md wpex-mb-10\">Resist\u00e8ncia<\/h2><div class=\"vcex-icon-box-content wpex-last-mb-0 wpex-clr\"><p>Materials transparents resistents a posar-se groguencs.<\/p>\n<\/div><\/div><\/div>[\/vc_column][vc_column width=&#8221;1\/3&#8243;]<style>.vcex-icon-box.vcex_69f9e6dbc0d07 .vcex-icon-box-image{width:100px;}<\/style><div class=\"vcex-module vcex-icon-box vcex-icon-box-two wpex-block wpex-text-center vcex_69f9e6dbc0d07\"><div class=\"vcex-icon-box-symbol vcex-icon-box-symbol--image wpex-mb-20\"><img loading=\"lazy\" class=\"vcex-icon-box-image wpex-align-middle\" alt=\"profile-paroi-de-douche\" decoding=\"async\" src=\"https:\/\/pervasa.net\/wp-content\/uploads\/2020\/10\/mamparas.svg\" srcset=\"https:\/\/pervasa.net\/wp-content\/uploads\/\/2020\/10\/mamparas.svg 150w, https:\/\/pervasa.net\/wp-content\/uploads\/\/2020\/10\/mamparas.svg 300w, https:\/\/pervasa.net\/wp-content\/uploads\/\/2020\/10\/mamparas.svg 1024w, https:\/\/pervasa.net\/wp-content\/uploads\/\/2020\/10\/mamparas.svg 1536w, https:\/\/pervasa.net\/wp-content\/uploads\/\/2020\/10\/mamparas.svg 2048w\" width=\"2134\" height=\"2134\"><\/div><div class=\"vcex-icon-box-text\"><h2 class=\"vcex-icon-box-heading wpex-heading wpex-text-md wpex-mb-10\">Adhesius<\/h2><div class=\"vcex-icon-box-content wpex-last-mb-0 wpex-clr\"><p>Tota classe d&#8217;adhesius adequats als requeriments del client.<\/p>\n<\/div><\/div><\/div>[\/vc_column][\/vc_row][vc_row css_animation=&#8221;none&#8221; style=&#8221;solid&#8221; margin_y=&#8221;&#8221; color=&#8221;#ffffff&#8221; icon_type=&#8221;&#8221; icon_spacing=&#8221;&#8221; width=&#8221;&#8221; align=&#8221;&#8221; height=&#8221;&#8221; dotted_height=&#8221;&#8221; margin=&#8221;&#8221; icon=&#8221;&#8221; icon_fontawesome=&#8221;&#8221; icon_openiconic=&#8221;&#8221; icon_typicons=&#8221;&#8221; icon_entypo=&#8221;&#8221; icon_linecons=&#8221;&#8221; icon_pixelicons=&#8221;&#8221; icon_color=&#8221;&#8221; icon_bg=&#8221;&#8221; icon_size=&#8221;&#8221; icon_height=&#8221;&#8221; icon_width=&#8221;&#8221; icon_border_radius=&#8221;&#8221; icon_padding=&#8221;&#8221;][vc_column]<div class=\"vcex-module vcex-divider vcex-divider-solid vcex-divider-center wpex-mx-auto wpex-block wpex-h-0 wpex-border-b wpex-border-solid wpex-border-main border-gradien large-border-gradien\" style=\"border-color:#ffffff;\"><\/div>[\/vc_column][\/vc_row][vc_row][vc_column]<figure class=\"vcex-image vcex-module\"><div class=\"vcex-image-inner wpex-relative wpex-inline-block\"><img width=\"1170\" height=\"652\" src=\"https:\/\/pervasa.net\/wp-content\/uploads\/2020\/12\/mamparas.jpg\" class=\"vcex-image-img wpex-align-middle\" alt=\"perfiles mampara ducha\" loading=\"lazy\" decoding=\"async\" srcset=\"https:\/\/pervasa.net\/wp-content\/uploads\/2020\/12\/mamparas.jpg 1170w, https:\/\/pervasa.net\/wp-content\/uploads\/2020\/12\/mamparas-300x167.jpg 300w, https:\/\/pervasa.net\/wp-content\/uploads\/2020\/12\/mamparas-1024x571.jpg 1024w, https:\/\/pervasa.net\/wp-content\/uploads\/2020\/12\/mamparas-768x428.jpg 768w\" sizes=\"auto, (max-width: 1170px) 100vw, 1170px\" \/><\/div><\/figure>[\/vc_column][\/vc_row]\n<\/div>","protected":false},"excerpt":{"rendered":"<p>[vc_row full_width=&#8221;stretch_row&#8221; remove_bottom_col_margin=&#8221;true&#8221; css=&#8221;.vc_custom_1602693345245{margin-bottom: 60px !important;padding-top: 40px !important;padding-bottom: 40px !important;background-color: #ff803b !important;}&#8221;][vc_column][\/vc_column][\/vc_row][vc_row][vc_column width=&#8221;1\/3&#8243;][\/vc_column][vc_column width=&#8221;1\/3&#8243;][\/vc_column][vc_column width=&#8221;1\/3&#8243;][\/vc_column][\/vc_row][vc_row css_animation=&#8221;none&#8221; style=&#8221;solid&#8221; margin_y=&#8221;&#8221; color=&#8221;#ffffff&#8221; icon_type=&#8221;&#8221; icon_spacing=&#8221;&#8221; width=&#8221;&#8221; align=&#8221;&#8221; height=&#8221;&#8221; dotted_height=&#8221;&#8221; margin=&#8221;&#8221; icon=&#8221;&#8221; icon_fontawesome=&#8221;&#8221; icon_openiconic=&#8221;&#8221; icon_typicons=&#8221;&#8221; icon_entypo=&#8221;&#8221; icon_linecons=&#8221;&#8221; icon_pixelicons=&#8221;&#8221; icon_color=&#8221;&#8221; icon_bg=&#8221;&#8221; icon_size=&#8221;&#8221; icon_height=&#8221;&#8221; icon_width=&#8221;&#8221; icon_border_radius=&#8221;&#8221; icon_padding=&#8221;&#8221;][vc_column][\/vc_column][\/vc_row][vc_row][vc_column][\/vc_column][\/vc_row]<\/p>\n","protected":false},"author":1,"featured_media":0,"parent":601,"menu_order":0,"comment_status":"closed","ping_status":"closed","template":"","meta":{"footnotes":""},"class_list":["post-616","page","type-page","status-publish","hentry","entry","no-media"],"yoast_head":"<!-- This site is optimized with the Yoast SEO plugin v26.5 - https:\/\/yoast.com\/wordpress\/plugins\/seo\/ -->\n<title>Mampares - Pervasa<\/title>\n<meta name=\"robots\" content=\"index, follow, max-snippet:-1, max-image-preview:large, max-video-preview:-1\" \/>\n<link rel=\"canonical\" href=\"https:\/\/pervasa.net\/ca\/productes\/mampares\/\" \/>\n<meta property=\"og:locale\" content=\"ca_ES\" \/>\n<meta property=\"og:type\" content=\"article\" \/>\n<meta property=\"og:title\" content=\"Mampares - Pervasa\" \/>\n<meta property=\"og:description\" content=\"[vc_row full_width=&#8221;stretch_row&#8221; remove_bottom_col_margin=&#8221;true&#8221; css=&#8221;.vc_custom_1602693345245{margin-bottom: 60px !important;padding-top: 40px !important;padding-bottom: 40px !important;background-color: #ff803b !important;}&#8221;][vc_column][\/vc_column][\/vc_row][vc_row][vc_column width=&#8221;1\/3&#8243;][\/vc_column][vc_column width=&#8221;1\/3&#8243;][\/vc_column][vc_column width=&#8221;1\/3&#8243;][\/vc_column][\/vc_row][vc_row css_animation=&#8221;none&#8221; style=&#8221;solid&#8221; margin_y=&#8221;&#8221; color=&#8221;#ffffff&#8221; icon_type=&#8221;&#8221; icon_spacing=&#8221;&#8221; width=&#8221;&#8221; align=&#8221;&#8221; height=&#8221;&#8221; dotted_height=&#8221;&#8221; margin=&#8221;&#8221; icon=&#8221;&#8221; icon_fontawesome=&#8221;&#8221; icon_openiconic=&#8221;&#8221; icon_typicons=&#8221;&#8221; icon_entypo=&#8221;&#8221; icon_linecons=&#8221;&#8221; icon_pixelicons=&#8221;&#8221; icon_color=&#8221;&#8221; icon_bg=&#8221;&#8221; icon_size=&#8221;&#8221; icon_height=&#8221;&#8221; icon_width=&#8221;&#8221; icon_border_radius=&#8221;&#8221; icon_padding=&#8221;&#8221;][vc_column][\/vc_column][\/vc_row][vc_row][vc_column][\/vc_column][\/vc_row]\" \/>\n<meta property=\"og:url\" content=\"https:\/\/pervasa.net\/ca\/productes\/mampares\/\" \/>\n<meta property=\"og:site_name\" content=\"Pervasa\" \/>\n<meta property=\"article:modified_time\" content=\"2020-12-03T15:46:24+00:00\" \/>\n<meta name=\"twitter:card\" content=\"summary_large_image\" \/>\n<meta name=\"twitter:label1\" content=\"Temps estimat de lectura\" \/>\n\t<meta name=\"twitter:data1\" content=\"1 minut\" \/>\n<script type=\"application\/ld+json\" class=\"yoast-schema-graph\">{\"@context\":\"https:\/\/schema.org\",\"@graph\":[{\"@type\":\"WebPage\",\"@id\":\"https:\/\/pervasa.net\/ca\/productes\/mampares\/\",\"url\":\"https:\/\/pervasa.net\/ca\/productes\/mampares\/\",\"name\":\"Mampares - Pervasa\",\"isPartOf\":{\"@id\":\"https:\/\/pervasa.net\/ca\/#website\"},\"datePublished\":\"2020-12-03T15:29:23+00:00\",\"dateModified\":\"2020-12-03T15:46:24+00:00\",\"breadcrumb\":{\"@id\":\"https:\/\/pervasa.net\/ca\/productes\/mampares\/#breadcrumb\"},\"inLanguage\":\"ca\",\"potentialAction\":[{\"@type\":\"ReadAction\",\"target\":[\"https:\/\/pervasa.net\/ca\/productes\/mampares\/\"]}]},{\"@type\":\"BreadcrumbList\",\"@id\":\"https:\/\/pervasa.net\/ca\/productes\/mampares\/#breadcrumb\",\"itemListElement\":[{\"@type\":\"ListItem\",\"position\":1,\"name\":\"Home\",\"item\":\"https:\/\/pervasa.net\/ca\/\"},{\"@type\":\"ListItem\",\"position\":2,\"name\":\"Productes\",\"item\":\"https:\/\/pervasa.net\/ca\/productes\/\"},{\"@type\":\"ListItem\",\"position\":3,\"name\":\"Mampares\"}]},{\"@type\":\"WebSite\",\"@id\":\"https:\/\/pervasa.net\/ca\/#website\",\"url\":\"https:\/\/pervasa.net\/ca\/\",\"name\":\"Pervasa\",\"description\":\"M\u00e9s de 35 anys dedicats a la fabricaci\u00f3 de perfils t\u00e8cnics\",\"publisher\":{\"@id\":\"https:\/\/pervasa.net\/ca\/#organization\"},\"potentialAction\":[{\"@type\":\"SearchAction\",\"target\":{\"@type\":\"EntryPoint\",\"urlTemplate\":\"https:\/\/pervasa.net\/ca\/?s={search_term_string}\"},\"query-input\":{\"@type\":\"PropertyValueSpecification\",\"valueRequired\":true,\"valueName\":\"search_term_string\"}}],\"inLanguage\":\"ca\"},{\"@type\":\"Organization\",\"@id\":\"https:\/\/pervasa.net\/ca\/#organization\",\"name\":\"Pervasa. S.L.\",\"url\":\"https:\/\/pervasa.net\/ca\/\",\"logo\":{\"@type\":\"ImageObject\",\"inLanguage\":\"ca\",\"@id\":\"https:\/\/pervasa.net\/ca\/#\/schema\/logo\/image\/\",\"url\":\"https:\/\/pervasa.net\/wp-content\/uploads\/2020\/10\/logo-pervasa.svg\",\"contentUrl\":\"https:\/\/pervasa.net\/wp-content\/uploads\/2020\/10\/logo-pervasa.svg\",\"width\":2788,\"height\":769,\"caption\":\"Pervasa. S.L.\"},\"image\":{\"@id\":\"https:\/\/pervasa.net\/ca\/#\/schema\/logo\/image\/\"}}]}<\/script>\n<!-- \/ Yoast SEO plugin. -->","yoast_head_json":{"title":"Mampares - Pervasa","robots":{"index":"index","follow":"follow","max-snippet":"max-snippet:-1","max-image-preview":"max-image-preview:large","max-video-preview":"max-video-preview:-1"},"canonical":"https:\/\/pervasa.net\/ca\/productes\/mampares\/","og_locale":"ca_ES","og_type":"article","og_title":"Mampares - Pervasa","og_description":"[vc_row full_width=&#8221;stretch_row&#8221; remove_bottom_col_margin=&#8221;true&#8221; css=&#8221;.vc_custom_1602693345245{margin-bottom: 60px !important;padding-top: 40px !important;padding-bottom: 40px !important;background-color: #ff803b !important;}&#8221;][vc_column][\/vc_column][\/vc_row][vc_row][vc_column width=&#8221;1\/3&#8243;][\/vc_column][vc_column width=&#8221;1\/3&#8243;][\/vc_column][vc_column width=&#8221;1\/3&#8243;][\/vc_column][\/vc_row][vc_row css_animation=&#8221;none&#8221; style=&#8221;solid&#8221; margin_y=&#8221;&#8221; color=&#8221;#ffffff&#8221; icon_type=&#8221;&#8221; icon_spacing=&#8221;&#8221; width=&#8221;&#8221; align=&#8221;&#8221; height=&#8221;&#8221; dotted_height=&#8221;&#8221; margin=&#8221;&#8221; icon=&#8221;&#8221; icon_fontawesome=&#8221;&#8221; icon_openiconic=&#8221;&#8221; icon_typicons=&#8221;&#8221; icon_entypo=&#8221;&#8221; icon_linecons=&#8221;&#8221; icon_pixelicons=&#8221;&#8221; icon_color=&#8221;&#8221; icon_bg=&#8221;&#8221; icon_size=&#8221;&#8221; icon_height=&#8221;&#8221; icon_width=&#8221;&#8221; icon_border_radius=&#8221;&#8221; icon_padding=&#8221;&#8221;][vc_column][\/vc_column][\/vc_row][vc_row][vc_column][\/vc_column][\/vc_row]","og_url":"https:\/\/pervasa.net\/ca\/productes\/mampares\/","og_site_name":"Pervasa","article_modified_time":"2020-12-03T15:46:24+00:00","twitter_card":"summary_large_image","twitter_misc":{"Temps estimat de lectura":"1 minut"},"schema":{"@context":"https:\/\/schema.org","@graph":[{"@type":"WebPage","@id":"https:\/\/pervasa.net\/ca\/productes\/mampares\/","url":"https:\/\/pervasa.net\/ca\/productes\/mampares\/","name":"Mampares - Pervasa","isPartOf":{"@id":"https:\/\/pervasa.net\/ca\/#website"},"datePublished":"2020-12-03T15:29:23+00:00","dateModified":"2020-12-03T15:46:24+00:00","breadcrumb":{"@id":"https:\/\/pervasa.net\/ca\/productes\/mampares\/#breadcrumb"},"inLanguage":"ca","potentialAction":[{"@type":"ReadAction","target":["https:\/\/pervasa.net\/ca\/productes\/mampares\/"]}]},{"@type":"BreadcrumbList","@id":"https:\/\/pervasa.net\/ca\/productes\/mampares\/#breadcrumb","itemListElement":[{"@type":"ListItem","position":1,"name":"Home","item":"https:\/\/pervasa.net\/ca\/"},{"@type":"ListItem","position":2,"name":"Productes","item":"https:\/\/pervasa.net\/ca\/productes\/"},{"@type":"ListItem","position":3,"name":"Mampares"}]},{"@type":"WebSite","@id":"https:\/\/pervasa.net\/ca\/#website","url":"https:\/\/pervasa.net\/ca\/","name":"Pervasa","description":"M\u00e9s de 35 anys dedicats a la fabricaci\u00f3 de perfils t\u00e8cnics","publisher":{"@id":"https:\/\/pervasa.net\/ca\/#organization"},"potentialAction":[{"@type":"SearchAction","target":{"@type":"EntryPoint","urlTemplate":"https:\/\/pervasa.net\/ca\/?s={search_term_string}"},"query-input":{"@type":"PropertyValueSpecification","valueRequired":true,"valueName":"search_term_string"}}],"inLanguage":"ca"},{"@type":"Organization","@id":"https:\/\/pervasa.net\/ca\/#organization","name":"Pervasa. S.L.","url":"https:\/\/pervasa.net\/ca\/","logo":{"@type":"ImageObject","inLanguage":"ca","@id":"https:\/\/pervasa.net\/ca\/#\/schema\/logo\/image\/","url":"https:\/\/pervasa.net\/wp-content\/uploads\/2020\/10\/logo-pervasa.svg","contentUrl":"https:\/\/pervasa.net\/wp-content\/uploads\/2020\/10\/logo-pervasa.svg","width":2788,"height":769,"caption":"Pervasa. S.L."},"image":{"@id":"https:\/\/pervasa.net\/ca\/#\/schema\/logo\/image\/"}}]}},"_links":{"self":[{"href":"https:\/\/pervasa.net\/ca\/wp-json\/wp\/v2\/pages\/616","targetHints":{"allow":["GET"]}}],"collection":[{"href":"https:\/\/pervasa.net\/ca\/wp-json\/wp\/v2\/pages"}],"about":[{"href":"https:\/\/pervasa.net\/ca\/wp-json\/wp\/v2\/types\/page"}],"author":[{"embeddable":true,"href":"https:\/\/pervasa.net\/ca\/wp-json\/wp\/v2\/users\/1"}],"replies":[{"embeddable":true,"href":"https:\/\/pervasa.net\/ca\/wp-json\/wp\/v2\/comments?post=616"}],"version-history":[{"count":0,"href":"https:\/\/pervasa.net\/ca\/wp-json\/wp\/v2\/pages\/616\/revisions"}],"up":[{"embeddable":true,"href":"https:\/\/pervasa.net\/ca\/wp-json\/wp\/v2\/pages\/601"}],"wp:attachment":[{"href":"https:\/\/pervasa.net\/ca\/wp-json\/wp\/v2\/media?parent=616"}],"curies":[{"name":"wp","href":"https:\/\/api.w.org\/{rel}","templated":true}]}}