{"id":644,"date":"2020-12-03T15:50:25","date_gmt":"2020-12-03T15:50:25","guid":{"rendered":"https:\/\/pervasa.mmkt.dev\/?page_id=644"},"modified":"2020-12-03T15:51:14","modified_gmt":"2020-12-03T15:51:14","slug":"politica-de-cookies","status":"publish","type":"page","link":"https:\/\/pervasa.net\/ca\/politica-de-cookies\/","title":{"rendered":"Pol\u00edtica de Cookies"},"content":{"rendered":"\n<p><strong>\u00bfQu\u00e8 s\u00f3n les Cookies?<\/strong><\/p>\n\n\n\n<p>Una cookie \u00e9s un arxiu o dispositiu que es descarrega a l&#8217;equip terminal d&#8217;un usuari amb la finalitat d&#8217;emmagatzemar dades que podran ser actualitzades i recuperades per l&#8217;entitat responsable de la seva instal\u00b7laci\u00f3. \u00c9s a dir, \u00e9s un fitxer que es descarrega al seu ordinador en accedir a determinades p\u00e0gines web. Les cookies permetien a una p\u00e0gina web, entre altres coses, emmagatzemar i recuperar informaci\u00f3 sobre els h\u00e0bits de navegaci\u00f3 d&#8217;un usuari o del seu equip i, depenent de la informaci\u00f3 que continguin i de la forma en qu\u00e8 utilitzi el seu equip, poden utilitzar-se per recon\u00e8ixer a l&#8217;usuari.<\/p>\n\n\n\n<p>Les seves principals funcions s\u00f3n:<\/p>\n\n\n\n<ul class=\"wp-block-list\"><li>Portar el control d&#8217;usuaris: quan un usuari introdueix el seu nom d&#8217;usuari i contrasenya, s&#8217;emmagatzema una cookie perqu\u00e8 no hagi d&#8217;estar introduint-les per cada p\u00e0gina del servidor. Tanmateix, una cookie no identifica nom\u00e9s a una persona, sin\u00f3 a una combinaci\u00f3 de computador-navegador-usuari.<\/li><li>Aconseguir informaci\u00f3 sobre els h\u00e0bits de navegaci\u00f3 de l&#8217;usuari, i intents de spyware (programes espies), per part d&#8217;ag\u00e8ncies de publicitat i altres. Aix\u00f2 pot causar problemes de privacitat i \u00e9s una de les raons per la que les cookies tenen els seus detractors.<\/li><\/ul>\n\n\n\n<p>Existeixen diferents tipus de cookies en funci\u00f3, sobretot, de la finalitat per a la qual s\u00f3n utilitzades, aix\u00ed es distingeixen, entre altres les seg\u00fcents:<\/p>\n\n\n\n<p>Cookies d&#8217;an\u00e0lisi: aquestes cookies s&#8217;utilitzen per dur a terme un an\u00e0lisi dels comportaments i accions dels usuaris de la p\u00e0gina web aix\u00ed com per l&#8217;elaboraci\u00f3 de perfils de navegaci\u00f3 amb la finalitat de realitzar millores t\u00e8cniques de funcionament i de servei.<\/p>\n\n\n\n<p>Cookies publicit\u00e0ries: permeten una gesti\u00f3 eficient d&#8217;espais publicitaris d&#8217;acord amb una s\u00e8rie de criteris, per exemple, verificar si l&#8217;usuari ha tingut ja acc\u00e9s o no a una not\u00edcia per procedir a actualitzar-la amb una altra nova.<\/p>\n\n\n\n<p>Cookies de publicitat comportamental: aquestes cookies s&#8217;encarreguen d&#8217;emmagatzemar informaci\u00f3 del mateix comportament dels usuaris centrant-se en els seus h\u00e0bits de navegaci\u00f3. Aix\u00f2 permet establir perfils d&#8217;usuari en funci\u00f3 del seu comportament i utilitzar-los per personalitzar la publicitat presentada.<\/p>\n\n\n\n<p>Si l\u2019usuari desitja obtenir m\u00e9s informaci\u00f3 sobre les cookies pot consultar el seg\u00fcent lloc web &nbsp;<a href=\"http:\/\/www.aboutcookies.org\/\">http:\/\/www.aboutcookies.org\/<\/a>.<\/p>\n\n\n\n<p><strong>\u00bfQuin tipus de cookies utilitza aquesta p\u00e0gina web?<\/strong><\/p>\n\n\n\n<p><strong>La present p\u00e0gina web est\u00e0 utilitzant cookies que permeten facilitar a l&#8217;usuari el seu \u00fas i la navegaci\u00f3 a trav\u00e9s de la mateixa, garantir l&#8217;acc\u00e9s a determinats serveis, aix\u00ed com millorar la configuraci\u00f3 funcional de la web.<\/strong><strong><\/strong><\/p>\n\n\n\n<p>Concretament, aquesta p\u00e0gina web utilitza les seg\u00fcents cookies:<\/p>\n\n\n\n<figure class=\"wp-block-table\"><table><tbody><tr><td>JCS_INENREF<\/td><td>Utilitzat per funcions antispam<\/td><td>Despr\u00e9s d&#8217;un curt temps o en tancar el seu navegador.<\/td><\/tr><tr><td>JCS_INENTIM<\/td><td>Utilitzat &nbsp;per funcions antispam<\/td><td>Despr\u00e9s d\u2019un curt temps o en tancar el seu navegador.<\/td><\/tr><tr><td>PHPSESSID<\/td><td>&nbsp; Aquesta &nbsp;cookie s\u2019utilitza per establir una sessi\u00f3 d\u2019usuari &nbsp;i \u00e9s una refer\u00e8ncia a un ID de sessi\u00f3 \u00fanic establert pel nostre codi del lloc web (PHP). Desapareix quan finalitza la sessi\u00f3 (quan&nbsp; tanca el navegador)<\/td><td>Despr\u00e9s d\u2019un curt temps o en tancar el seu navegador.<\/td><\/tr><tr><td>wp-settings-7<\/td><td>&nbsp; Configuraci\u00f3 de WordPress<\/td><td>&nbsp;1 dia<\/td><\/tr><tr><td>wp-settings-7-time<\/td><td>&nbsp; Configuraci\u00f3 de WordPress<\/td><td>&nbsp;1 dia<\/td><\/tr><tr><td>wordpress_test_cookie<\/td><td>WordPress estableix aquesta cookie quan navega a la p\u00e0gina d\u2019inici de sessi\u00f3. La cookie s\u2019utilitza per verificar si el seu navegador web est\u00e0 configurat per permetre o rebutjar les cookies.<\/td><td>Despr\u00e9s d\u2019un curt temps o en tancar el seu navegador.<\/td><\/tr><tr><td>_icl_current_language<\/td><td>Control de l&#8217;idioma seleccionat per futures sessions<\/td><td>1 dia<\/td><\/tr><tr><td>_ga<\/td><td>S\u2019utilitza per distingir als usuaris.<\/td><td>2 anys<\/td><\/tr><tr><td>_gid<\/td><td>S\u2019utilitza per distingir als usuaris.<\/td><td>24&nbsp;hores<\/td><\/tr><tr><td>_gat o _dc_gtm<\/td><td>S&#8217;utilitza per limitar el percentatge de sol\u00b7licituds.<\/td><td>1&nbsp;minut<\/td><\/tr><\/tbody><\/table><\/figure>\n\n\n\n<p><strong>\u00bfC<\/strong><strong>om gestionar la configuraci\u00f3 de les cookies?<\/strong><\/p>\n\n\n\n<p>En el present apartat es fa una breu exposici\u00f3 de com consultar i dur a terme la configuraci\u00f3 del sistema de cookies en relaci\u00f3 amb els navegadors m\u00e9s comuns o m\u00e9s utilitzats pels usuaris.<\/p>\n\n\n\n<p>En aquest sentit, pr\u00e0cticament tots els navegadors permeten a l\u2019usuari obtenir informaci\u00f3 general sobre les cookies instal\u00b7lades en una p\u00e0gina web, concretament verificar l\u2019exist\u00e8ncia d\u2019aquestes, la seva durada o el sistema d\u2019eliminaci\u00f3. En aquest sentit, a t\u00edtol &nbsp;informatiu, es faciliten una s\u00e8rie d\u2019enlla\u00e7os relacionats:<\/p>\n\n\n\n<ul class=\"wp-block-list\"><li><a href=\"https:\/\/support.google.com\/chrome\/answer\/95647?hl=es\">Google Chrome<\/a><\/li><li><a href=\"https:\/\/support.mozilla.org\/es\/kb\/cookies-informacion-que-los-sitios-web-guardan-en-\">Mozilla Firefox<\/a><\/li><li><a href=\"http:\/\/windows.microsoft.com\/es-es\/windows7\/how-to-manage-cookies-in-internet-explorer-9\">Internet Explorer<\/a><\/li><\/ul>\n\n\n\n<p>Per altra banda, l&#8217;usuari podr\u00e0 permetre, bloquejar o eliminar les cookies instal\u00b7lades al seu equip modificant la configuraci\u00f3 del seu navegador conforme a les instruccions indicades al mateix. A t\u00edtol informatiu s&#8217;indica que habitualment la configuraci\u00f3 de les cookies s&#8217;acostuma a dur a terme al men\u00fa &#8220;Prefer\u00e8ncies&#8221; o &#8220;Eines&#8221; de cada navegador, en qualsevol cas, sempre podr\u00e0 rec\u00f3rrer a l&#8217;ajuda del seu navegador per solucionar o resoldre els dubtes que es generin al respecte.<\/p>\n\n\n\n<p>Conv\u00e9 tenir en compte que, si s\u2019impedeix la instal\u00b7laci\u00f3 de totes les cookies, el contingut de la web aix\u00ed com determinades funcionalitats i serveis facilitats per la mateixa poden veure\u2019s afectats.<\/p>\n","protected":false},"excerpt":{"rendered":"<p>\u00bfQu\u00e8 s\u00f3n les Cookies? Una cookie \u00e9s un arxiu o dispositiu que es descarrega a l&#8217;equip terminal d&#8217;un usuari amb la finalitat d&#8217;emmagatzemar dades que podran ser actualitzades i recuperades per l&#8217;entitat responsable de la seva instal\u00b7laci\u00f3. \u00c9s a dir, \u00e9s un fitxer que es descarrega al seu ordinador en accedir a determinades p\u00e0gines web.&hellip;<\/p>\n","protected":false},"author":1,"featured_media":0,"parent":0,"menu_order":0,"comment_status":"closed","ping_status":"closed","template":"","meta":{"footnotes":""},"class_list":["post-644","page","type-page","status-publish","hentry","entry","no-media"],"yoast_head":"<!-- This site is optimized with the Yoast SEO plugin v26.5 - https:\/\/yoast.com\/wordpress\/plugins\/seo\/ -->\n<title>Pol\u00edtica de Cookies - Pervasa<\/title>\n<meta name=\"robots\" content=\"noindex, follow\" \/>\n<meta property=\"og:locale\" content=\"ca_ES\" \/>\n<meta property=\"og:type\" content=\"article\" \/>\n<meta property=\"og:title\" content=\"Pol\u00edtica de Cookies - Pervasa\" \/>\n<meta property=\"og:description\" content=\"\u00bfQu\u00e8 s\u00f3n les Cookies? Una cookie \u00e9s un arxiu o dispositiu que es descarrega a l&#8217;equip terminal d&#8217;un usuari amb la finalitat d&#8217;emmagatzemar dades que podran ser actualitzades i recuperades per l&#8217;entitat responsable de la seva instal\u00b7laci\u00f3. \u00c9s a dir, \u00e9s un fitxer que es descarrega al seu ordinador en accedir a determinades p\u00e0gines web.&hellip;\" \/>\n<meta property=\"og:url\" content=\"https:\/\/pervasa.net\/ca\/politica-de-cookies\/\" \/>\n<meta property=\"og:site_name\" content=\"Pervasa\" \/>\n<meta property=\"article:modified_time\" content=\"2020-12-03T15:51:14+00:00\" \/>\n<meta name=\"twitter:card\" content=\"summary_large_image\" \/>\n<meta name=\"twitter:label1\" content=\"Temps estimat de lectura\" \/>\n\t<meta name=\"twitter:data1\" content=\"4 minuts\" \/>\n<script type=\"application\/ld+json\" class=\"yoast-schema-graph\">{\"@context\":\"https:\/\/schema.org\",\"@graph\":[{\"@type\":\"WebPage\",\"@id\":\"https:\/\/pervasa.net\/ca\/politica-de-cookies\/\",\"url\":\"https:\/\/pervasa.net\/ca\/politica-de-cookies\/\",\"name\":\"Pol\u00edtica de Cookies - Pervasa\",\"isPartOf\":{\"@id\":\"https:\/\/pervasa.net\/ca\/#website\"},\"datePublished\":\"2020-12-03T15:50:25+00:00\",\"dateModified\":\"2020-12-03T15:51:14+00:00\",\"breadcrumb\":{\"@id\":\"https:\/\/pervasa.net\/ca\/politica-de-cookies\/#breadcrumb\"},\"inLanguage\":\"ca\",\"potentialAction\":[{\"@type\":\"ReadAction\",\"target\":[\"https:\/\/pervasa.net\/ca\/politica-de-cookies\/\"]}]},{\"@type\":\"BreadcrumbList\",\"@id\":\"https:\/\/pervasa.net\/ca\/politica-de-cookies\/#breadcrumb\",\"itemListElement\":[{\"@type\":\"ListItem\",\"position\":1,\"name\":\"Home\",\"item\":\"https:\/\/pervasa.net\/ca\/\"},{\"@type\":\"ListItem\",\"position\":2,\"name\":\"Pol\u00edtica de Cookies\"}]},{\"@type\":\"WebSite\",\"@id\":\"https:\/\/pervasa.net\/ca\/#website\",\"url\":\"https:\/\/pervasa.net\/ca\/\",\"name\":\"Pervasa\",\"description\":\"M\u00e9s de 35 anys dedicats a la fabricaci\u00f3 de perfils t\u00e8cnics\",\"publisher\":{\"@id\":\"https:\/\/pervasa.net\/ca\/#organization\"},\"potentialAction\":[{\"@type\":\"SearchAction\",\"target\":{\"@type\":\"EntryPoint\",\"urlTemplate\":\"https:\/\/pervasa.net\/ca\/?s={search_term_string}\"},\"query-input\":{\"@type\":\"PropertyValueSpecification\",\"valueRequired\":true,\"valueName\":\"search_term_string\"}}],\"inLanguage\":\"ca\"},{\"@type\":\"Organization\",\"@id\":\"https:\/\/pervasa.net\/ca\/#organization\",\"name\":\"Pervasa. S.L.\",\"url\":\"https:\/\/pervasa.net\/ca\/\",\"logo\":{\"@type\":\"ImageObject\",\"inLanguage\":\"ca\",\"@id\":\"https:\/\/pervasa.net\/ca\/#\/schema\/logo\/image\/\",\"url\":\"https:\/\/pervasa.net\/wp-content\/uploads\/2020\/10\/logo-pervasa.svg\",\"contentUrl\":\"https:\/\/pervasa.net\/wp-content\/uploads\/2020\/10\/logo-pervasa.svg\",\"width\":2788,\"height\":769,\"caption\":\"Pervasa. S.L.\"},\"image\":{\"@id\":\"https:\/\/pervasa.net\/ca\/#\/schema\/logo\/image\/\"}}]}<\/script>\n<!-- \/ Yoast SEO plugin. -->","yoast_head_json":{"title":"Pol\u00edtica de Cookies - Pervasa","robots":{"index":"noindex","follow":"follow"},"og_locale":"ca_ES","og_type":"article","og_title":"Pol\u00edtica de Cookies - Pervasa","og_description":"\u00bfQu\u00e8 s\u00f3n les Cookies? Una cookie \u00e9s un arxiu o dispositiu que es descarrega a l&#8217;equip terminal d&#8217;un usuari amb la finalitat d&#8217;emmagatzemar dades que podran ser actualitzades i recuperades per l&#8217;entitat responsable de la seva instal\u00b7laci\u00f3. \u00c9s a dir, \u00e9s un fitxer que es descarrega al seu ordinador en accedir a determinades p\u00e0gines web.&hellip;","og_url":"https:\/\/pervasa.net\/ca\/politica-de-cookies\/","og_site_name":"Pervasa","article_modified_time":"2020-12-03T15:51:14+00:00","twitter_card":"summary_large_image","twitter_misc":{"Temps estimat de lectura":"4 minuts"},"schema":{"@context":"https:\/\/schema.org","@graph":[{"@type":"WebPage","@id":"https:\/\/pervasa.net\/ca\/politica-de-cookies\/","url":"https:\/\/pervasa.net\/ca\/politica-de-cookies\/","name":"Pol\u00edtica de Cookies - Pervasa","isPartOf":{"@id":"https:\/\/pervasa.net\/ca\/#website"},"datePublished":"2020-12-03T15:50:25+00:00","dateModified":"2020-12-03T15:51:14+00:00","breadcrumb":{"@id":"https:\/\/pervasa.net\/ca\/politica-de-cookies\/#breadcrumb"},"inLanguage":"ca","potentialAction":[{"@type":"ReadAction","target":["https:\/\/pervasa.net\/ca\/politica-de-cookies\/"]}]},{"@type":"BreadcrumbList","@id":"https:\/\/pervasa.net\/ca\/politica-de-cookies\/#breadcrumb","itemListElement":[{"@type":"ListItem","position":1,"name":"Home","item":"https:\/\/pervasa.net\/ca\/"},{"@type":"ListItem","position":2,"name":"Pol\u00edtica de Cookies"}]},{"@type":"WebSite","@id":"https:\/\/pervasa.net\/ca\/#website","url":"https:\/\/pervasa.net\/ca\/","name":"Pervasa","description":"M\u00e9s de 35 anys dedicats a la fabricaci\u00f3 de perfils t\u00e8cnics","publisher":{"@id":"https:\/\/pervasa.net\/ca\/#organization"},"potentialAction":[{"@type":"SearchAction","target":{"@type":"EntryPoint","urlTemplate":"https:\/\/pervasa.net\/ca\/?s={search_term_string}"},"query-input":{"@type":"PropertyValueSpecification","valueRequired":true,"valueName":"search_term_string"}}],"inLanguage":"ca"},{"@type":"Organization","@id":"https:\/\/pervasa.net\/ca\/#organization","name":"Pervasa. S.L.","url":"https:\/\/pervasa.net\/ca\/","logo":{"@type":"ImageObject","inLanguage":"ca","@id":"https:\/\/pervasa.net\/ca\/#\/schema\/logo\/image\/","url":"https:\/\/pervasa.net\/wp-content\/uploads\/2020\/10\/logo-pervasa.svg","contentUrl":"https:\/\/pervasa.net\/wp-content\/uploads\/2020\/10\/logo-pervasa.svg","width":2788,"height":769,"caption":"Pervasa. S.L."},"image":{"@id":"https:\/\/pervasa.net\/ca\/#\/schema\/logo\/image\/"}}]}},"_links":{"self":[{"href":"https:\/\/pervasa.net\/ca\/wp-json\/wp\/v2\/pages\/644","targetHints":{"allow":["GET"]}}],"collection":[{"href":"https:\/\/pervasa.net\/ca\/wp-json\/wp\/v2\/pages"}],"about":[{"href":"https:\/\/pervasa.net\/ca\/wp-json\/wp\/v2\/types\/page"}],"author":[{"embeddable":true,"href":"https:\/\/pervasa.net\/ca\/wp-json\/wp\/v2\/users\/1"}],"replies":[{"embeddable":true,"href":"https:\/\/pervasa.net\/ca\/wp-json\/wp\/v2\/comments?post=644"}],"version-history":[{"count":0,"href":"https:\/\/pervasa.net\/ca\/wp-json\/wp\/v2\/pages\/644\/revisions"}],"wp:attachment":[{"href":"https:\/\/pervasa.net\/ca\/wp-json\/wp\/v2\/media?parent=644"}],"curies":[{"name":"wp","href":"https:\/\/api.w.org\/{rel}","templated":true}]}}