{"id":647,"date":"2020-12-03T15:51:35","date_gmt":"2020-12-03T15:51:35","guid":{"rendered":"https:\/\/pervasa.mmkt.dev\/?page_id=647"},"modified":"2020-12-03T15:52:09","modified_gmt":"2020-12-03T15:52:09","slug":"politica-de-privacitat","status":"publish","type":"page","link":"https:\/\/pervasa.net\/ca\/politica-de-privacitat\/","title":{"rendered":"Pol\u00edtica de Privacitat"},"content":{"rendered":"\n<p>Perfiles Del Vall\u00e9s, S.A., en aplicaci\u00f3 de la normativa vigent en mat\u00e8ria de protecci\u00f3 de dades de car\u00e0cter personal, informa que les dades personals que es recullin a trav\u00e9s dels formularis del lloc web: http:\/\/www.pervasa.net\/, s&#8217;inclouen als fitxers automatitzats espec\u00edfics d&#8217;usuaris dels serveis de Perfiles Del Vall\u00e9s, S.A.<\/p>\n\n\n\n<p>La recollida i tractament automatitzat de les dades de car\u00e0cter personal t\u00e9 com a finalitat el manteniment de la relaci\u00f3 comercial i el desenvolupament de tasques d\u2019informaci\u00f3, formaci\u00f3, assessorament i altres activitats pr\u00f2pies de Perfiles Del Vall\u00e9s, S.A.<br>Aquestes dades \u00fanicament seran cedides a aquelles entitats que siguin necess\u00e0ries amb l\u2019\u00fanic objectiu de donar compliment a la finalitat anteriorment exposada.<\/p>\n\n\n\n<p>Perfiles Del Vall\u00e9s, S.A. adopta les mesures necess\u00e0ries per garantir la seguretat, integritat i confidencialitat de les dades conforme al que hi ha disposat al Reglament (UE) 2016\/679 del Parlament Europeu i del Consell, de 27 d&#8217;abril de 2016, relatiu a la protecci\u00f3 de les persones f\u00edsiques pel que respecta al tractament de dades personals i a la lliure circulaci\u00f3 d&#8217;aquests, i derogant l&#8217;antiga LOPD, la nova Llei Org\u00e0nica 3\/2018, de 5 desembre, de Protecci\u00f3 de Dades i Garantia dels Drets Digitals (LOPDGDD).<\/p>\n\n\n\n<p>L&#8217;usuari podr\u00e0 en qualsevol moment exercir els drets d&#8217;acc\u00e9s, oposici\u00f3, rectificaci\u00f3, cancel\u00b7laci\u00f3, limitaci\u00f3 i portabilitat reconeguts al citat Reglament (UE). L&#8217;exercici d&#8217;aquests drets pot realitzar-lo el mateix usuari a trav\u00e9s de l&#8217;email a: abachs@pervasa.net o a l&#8217;adre\u00e7a: Carretera De Sabadell A Granollers (km 6,3 Pol. Ind Can Burgu\u00e8s), C.P. 08184 \u2013 Palau-Solit\u00e0 I Plegamans (Barcelona).<\/p>\n\n\n\n<p>L\u2019usuari manifesta que totes les dades facilitades per ell s\u00f3n reals i correctes, i es compromet a mantenir-les actualitzades, comunicant els canvis a Perfiles Del Vall\u00e9s, S.A.<\/p>\n\n\n\n<p><strong>Finalitat del tractament de les dades personals:<\/strong><\/p>\n\n\n\n<p><em>\u00bfAmb quina finalitat tractarem les teves dades personals?<\/em><\/p>\n\n\n\n<p>A Perfiles Del Vall\u00e9s, S.A., tractarem les teves dades personals obtingudes a trav\u00e9s del lloc Web: http:\/\/www.pervasa.net\/, amb les seg\u00fcents finalitats:<\/p>\n\n\n\n<p>Donar serveis d&#8217;acord amb les necessitats particulars dels clients, amb l&#8217;objectiu de complir els contractes subscrits per aquesta.<\/p>\n\n\n\n<p>Donar els serveis contractats per l\u2019usuari.<\/p>\n\n\n\n<p>Enviar informaci\u00f3 promocional via electr\u00f2nica.<\/p>\n\n\n\n<p>Facilitar la informaci\u00f3 sol\u00b7licitada per l\u2019usuari a trav\u00e9s del formulari de contacte.<\/p>\n\n\n\n<p>Et &nbsp;recordem que pots oposar-te a l\u2019enviament de comunicacions comercials per qualsevol via i en qualsevol moment, remetent un correu electr\u00f2nic a l\u2019adre\u00e7a anteriorment indicada.<\/p>\n\n\n\n<p>Els camps d&#8217;aquests registres s\u00f3n de complementaci\u00f3 obligat\u00f2ria, sent impossible realitzar les finalitats expressades si no s&#8217;aporten aquestes dades.<\/p>\n\n\n\n<p><em>\u00bfPer quant de temps es conserven les dades personals recavades \/ obtingudes?<\/em><\/p>\n\n\n\n<p>Les dades personals proporcionades es conservaran durant el temps que duri &nbsp;la relaci\u00f3 comercial o no sol\u00b7liciti la seva supressi\u00f3 i durant el termini pel qual es poguessin derivar responsabilitats legals pels serveis donats.<\/p>\n\n\n\n<p><strong>Legitimaci\u00f3:<\/strong><\/p>\n\n\n\n<p>El tractament de les teves dades es realitza amb les seg\u00fcents bases jur\u00eddiques que legitimen el mateix:<\/p>\n\n\n\n<p>Els termes i condicions&nbsp; de la sol\u00b7licitud d\u2019informaci\u00f3 i\/o la contractaci\u00f3 dels serveis de Perfiles Del Vall\u00e9s, S.A., es posaran a la teva disposici\u00f3 en tot cas, de forma pr\u00e8via a una eventual contractaci\u00f3.<\/p>\n\n\n\n<p>El consentiment lliure, espec\u00edfic, informat i inequ\u00edvoc, que t&#8217;informem posant a la teva disposici\u00f3 la present pol\u00edtica de privacitat, i un cop feta la lectura d&#8217;aquesta, en cas d&#8217;estar conforme, pots acceptar mitjan\u00e7ant una declaraci\u00f3 o una clara acci\u00f3 afirmativa, com el marcat d&#8217;una casella disposada a l&#8217;efecte.<\/p>\n\n\n\n<p>En cas que no ens facilitis les teves dades o ho facis de forma err\u00f2nia o incompleta, no podrem atendre la teva sol\u00b7licitud, resultant del tot impossible proporcionar-te la informaci\u00f3 sol\u00b7licitada o dur a terme la contractaci\u00f3 dels serveis.<\/p>\n\n\n\n<p><strong>Destinataris:<\/strong><\/p>\n\n\n\n<p>Les dades &nbsp;no es comunicaran a cap tercer ali\u00e8 a Perfiles Del Vall\u00e9s, S.A., a no ser que sigui per obligaci\u00f3 legal.<\/p>\n\n\n\n<p><strong>Dades recopilades per usuaris dels serveis<\/strong><\/p>\n\n\n\n<p>En els casos en qu\u00e8 l&#8217;usuari inclogui fitxers amb dades de car\u00e0cter personal als servidors d&#8217;allotjament compartit, Perfiles Del Vall\u00e9s, S.A. no es fa responsable de l&#8217;incompliment per part de l&#8217;usuari del RGPD.<\/p>\n\n\n\n<p><strong>Drets de propietat intel\u00b7lectual http:\/\/www.pervasa.net\/<\/strong><\/p>\n\n\n\n<p>Perfiles Del Vall\u00e9s, S.A. \u00e9s titular de tots els drets d&#8217;autor, propietat intel\u00b7lectual, industrial, \u00abknow how\u00bb i altres drets que guardin relaci\u00f3 amb els continguts del lloc web http:\/\/www.pervasa.net\/ i els serveis oferts al mateix, aix\u00ed com dels programes necessaris per a la seva implementaci\u00f3 i la informaci\u00f3 relacionada.<\/p>\n\n\n\n<p>No es permet la reproducci\u00f3, publicaci\u00f3 i\/o \u00fas no estrictament privat dels continguts, totals o parcials, del lloc web http:\/\/www.pervasa.net\/ sense el consentiment previ i per escrit.<\/p>\n\n\n\n<p><strong>Propietat intel\u00b7lectual del software<\/strong><\/p>\n\n\n\n<p>L&#8217;usuari ha de respectar els programes de tercers posats a la seva disposici\u00f3 per Perfiles Del Vall\u00e9s, S.A., encara que siguin gratu\u00efts i\/o de disposici\u00f3 p\u00fablica.<\/p>\n\n\n\n<p>Perfiles Del Vall\u00e9s, S.A. disposa dels drets d&#8217;explotaci\u00f3 i propietat intel\u00b7lectual necessaris del software.<\/p>\n\n\n\n<p>L&#8217;usuari no adquireix cap dret o llicencia pel servei contractat, sobre el software necessari per a la prestaci\u00f3 del servei, ni tampoc sobre la informaci\u00f3 t\u00e8cnica de seguiment del servei, excepci\u00f3 feta dels drets i llicencies necessaris per al compliment dels serveis contractats i \u00fanicament durant la duraci\u00f3 d&#8217;aquests.<\/p>\n\n\n\n<p>Per &nbsp;tota actuaci\u00f3 que excedeixi del compliment del contracte, l\u2019usuari necessitar\u00e0 autoritzaci\u00f3 per escrit per part de Perfiles Del Vall\u00e9s, S.A., quedant prohibit l\u2019usuari accedir, modificar, visualitzar la configuraci\u00f3, estructura i fitxers dels servidors propietat de Perfiles Del Vall\u00e9s, S.A., assumint la responsabilitat civil i penal derivada de qualsevol incid\u00e8ncia que es pogu\u00e9s produir als servidors i sistemes de seguretat com a conseq\u00fc\u00e8ncia directa d\u2019una actuaci\u00f3 negligent o maliciosa per la seva part.<\/p>\n\n\n\n<p><strong>Propietat intel\u00b7lectual dels continguts allotjats<\/strong><\/p>\n\n\n\n<p>Es prohibeix l\u2019\u00fas contrari a la legislaci\u00f3 sobre propietat intel\u00b7lectual dels serveis donats per Perfiles Del Vall\u00e9s, S.A. i, en particular de:<\/p>\n\n\n\n<p>La utilitzaci\u00f3 que resulti contr\u00e0ria a les lleis espanyoles o que infringeixi els drets de tercers.<\/p>\n\n\n\n<p>La publicaci\u00f3 o la transmissi\u00f3 de qualsevol contingut que, segons Perfiles Del Vall\u00e9s, S.A., resulti violent, obsc\u00e8, abusiu, il\u00b7legal, racial, xen\u00f2fob o difamatori.<\/p>\n\n\n\n<p>Els cracks, n\u00fameros de s\u00e8rie de programes o qualsevol altre contingut que vulneri drets de la propietat intel\u00b7lectual de tercers.<\/p>\n\n\n\n<p>La recollida i\/o utilitzaci\u00f3 de dades personals d&#8217;altres usuaris sense el seu consentiment expr\u00e9s o contravenint el que hi ha disposat al Reglament (UE) 2016\/679 del Parlament Europeu i del Consell, de 27 d&#8217;abril de 2016, relatiu a la protecci\u00f3 de les persones f\u00edsiques pel que respecta al tractament de dades personals i a la lliure circulaci\u00f3 d&#8217;aquests.<\/p>\n\n\n\n<p>La utilitzaci\u00f3 del servidor de correu del domini i de les adreces de correu electr\u00f2nic per l\u2019enviament de correu massiu no desitjat.<br>L\u2019usuari t\u00e9 tota la responsabilitat sobre el contingut de la seva &nbsp;web, la informaci\u00f3 transmesa i emmagatzemada, els enlla\u00e7os d\u2019hipertext, les reivindicacions de tercers i les accions legals en refer\u00e8ncia a propietat intel\u00b7lectual, drets de tercers i protecci\u00f3 de menors.<\/p>\n\n\n\n<p>L&#8217;usuari \u00e9s responsable respecte a les lleis i reglaments en vigor i les normes que tenen a veure amb el funcionament del servei en l\u00ednia, comer\u00e7 electr\u00f2nic, drets d&#8217;autor, manteniment de l&#8217;ordre p\u00fablic, aix\u00ed com principis universals d&#8217;\u00fas d&#8217;Internet.<\/p>\n\n\n\n<p>L\u2019usuari indemnitzar\u00e0 a Perfiles Del Vall\u00e9s, S.A. per les despeses que pugui generar la imputaci\u00f3 de Perfiles Del Vall\u00e9s, S.A. a alguna causa on la responsabilitat fos de l\u2019usuari, inclosos honoraris i despeses de defensa jur\u00eddica, incl\u00fas en el cas d\u2019una decisi\u00f3 judicial no definitiva.<\/p>\n\n\n\n<p><strong>Protecci\u00f3 de la informaci\u00f3 allotjada<\/strong><\/p>\n\n\n\n<p>Perfiles Del Vall\u00e9s, S.A. realitza c\u00f2pies de seguretat dels continguts allotjats en els seus servidors, no obstant no es responsabilitza de la p\u00e8rdua o l&#8217;esborrat accidental de les dades per part dels usuaris. De la mateixa manera, no garanteix la reposici\u00f3 total de les dades esborrades pels usuaris, ja que aquestes dades podrien haver sigut suprimides i\/o modificades durant el per\u00edode de temps transcorregut des de l&#8217;\u00faltima c\u00f2pia de seguretat.<\/p>\n\n\n\n<p>Els serveis oferits, excepte els serveis espec\u00edfics de backup, no inclouen la reposici\u00f3 dels continguts conservats a les c\u00f2pies de seguretat realitzades per Perfiles Del Vall\u00e9s, S.A., quan aquesta p\u00e8rdua sigui imputable l&#8217;usuari; en aquest cas, es determinar\u00e0 una tarifa acord a la complexitat i volum de la recuperaci\u00f3, sempre pr\u00e8via acceptaci\u00f3 de l&#8217;usuari.<\/p>\n\n\n\n<p>La reposici\u00f3 de dades esborrades nom\u00e9s est\u00e0 inclosa al preu del servei quan la p\u00e8rdua del contingut sigui deguda a causes atribu\u00efbles a Perfiles Del Vall\u00e9s, S.A.<\/p>\n\n\n\n<p><strong>Comunicacions comercials<\/strong><\/p>\n\n\n\n<p>En aplicaci\u00f3 de la LSSI. Perfiles Del Vall\u00e9s, S.A. no enviar\u00e0 comunicacions publicit\u00e0ries o promocionals per correu electr\u00f2nic o un altre mitj\u00e0 de comunicaci\u00f3 electr\u00f2nic equivalent que pr\u00e8viament no haguessin sigut sol\u00b7licitades o expressament autoritzades pels destinataris d&#8217;aquestes.<\/p>\n\n\n\n<p>En el cas d&#8217;usuaris amb els quals existeixi una relaci\u00f3 contractual pr\u00e8via, Perfiles Del Vall\u00e9s, S.A. s\u00ed que est\u00e0 autoritzat a l&#8217;enviament de comunicacions comercials referents a productes o serveis de Perfiles Del Vall\u00e9s, S.A. que siguin similars als que inicialment van ser objecte de contractaci\u00f3 amb el client.<\/p>\n\n\n\n<p>En tot cas, l\u2019usuari, un cop acreditada la seva &nbsp;identitat, podr\u00e0 sol\u00b7licitar que no se li faci arribar m\u00e9s informaci\u00f3 comercial a trav\u00e9s dels canals d\u2019Atenci\u00f3 al Client.<\/p>\n\n\n\n<p>REV: 20.3009<\/p>\n","protected":false},"excerpt":{"rendered":"<p>Perfiles Del Vall\u00e9s, S.A., en aplicaci\u00f3 de la normativa vigent en mat\u00e8ria de protecci\u00f3 de dades de car\u00e0cter personal, informa que les dades personals que es recullin a trav\u00e9s dels formularis del lloc web: http:\/\/www.pervasa.net\/, s&#8217;inclouen als fitxers automatitzats espec\u00edfics d&#8217;usuaris dels serveis de Perfiles Del Vall\u00e9s, S.A. La recollida i tractament automatitzat de les&hellip;<\/p>\n","protected":false},"author":1,"featured_media":0,"parent":0,"menu_order":0,"comment_status":"closed","ping_status":"closed","template":"","meta":{"footnotes":""},"class_list":["post-647","page","type-page","status-publish","hentry","entry","no-media"],"yoast_head":"<!-- This site is optimized with the Yoast SEO plugin v26.5 - https:\/\/yoast.com\/wordpress\/plugins\/seo\/ -->\n<title>Pol\u00edtica de Privacitat - Pervasa<\/title>\n<meta name=\"robots\" content=\"noindex, follow\" \/>\n<meta property=\"og:locale\" content=\"ca_ES\" \/>\n<meta property=\"og:type\" content=\"article\" \/>\n<meta property=\"og:title\" content=\"Pol\u00edtica de Privacitat - Pervasa\" \/>\n<meta property=\"og:description\" content=\"Perfiles Del Vall\u00e9s, S.A., en aplicaci\u00f3 de la normativa vigent en mat\u00e8ria de protecci\u00f3 de dades de car\u00e0cter personal, informa que les dades personals que es recullin a trav\u00e9s dels formularis del lloc web: http:\/\/www.pervasa.net\/, s&#8217;inclouen als fitxers automatitzats espec\u00edfics d&#8217;usuaris dels serveis de Perfiles Del Vall\u00e9s, S.A. La recollida i tractament automatitzat de les&hellip;\" \/>\n<meta property=\"og:url\" content=\"https:\/\/pervasa.net\/ca\/politica-de-privacitat\/\" \/>\n<meta property=\"og:site_name\" content=\"Pervasa\" \/>\n<meta property=\"article:modified_time\" content=\"2020-12-03T15:52:09+00:00\" \/>\n<meta name=\"twitter:card\" content=\"summary_large_image\" \/>\n<meta name=\"twitter:label1\" content=\"Temps estimat de lectura\" \/>\n\t<meta name=\"twitter:data1\" content=\"8 minuts\" \/>\n<script type=\"application\/ld+json\" class=\"yoast-schema-graph\">{\"@context\":\"https:\/\/schema.org\",\"@graph\":[{\"@type\":\"WebPage\",\"@id\":\"https:\/\/pervasa.net\/ca\/politica-de-privacitat\/\",\"url\":\"https:\/\/pervasa.net\/ca\/politica-de-privacitat\/\",\"name\":\"Pol\u00edtica de Privacitat - Pervasa\",\"isPartOf\":{\"@id\":\"https:\/\/pervasa.net\/ca\/#website\"},\"datePublished\":\"2020-12-03T15:51:35+00:00\",\"dateModified\":\"2020-12-03T15:52:09+00:00\",\"breadcrumb\":{\"@id\":\"https:\/\/pervasa.net\/ca\/politica-de-privacitat\/#breadcrumb\"},\"inLanguage\":\"ca\",\"potentialAction\":[{\"@type\":\"ReadAction\",\"target\":[\"https:\/\/pervasa.net\/ca\/politica-de-privacitat\/\"]}]},{\"@type\":\"BreadcrumbList\",\"@id\":\"https:\/\/pervasa.net\/ca\/politica-de-privacitat\/#breadcrumb\",\"itemListElement\":[{\"@type\":\"ListItem\",\"position\":1,\"name\":\"Home\",\"item\":\"https:\/\/pervasa.net\/ca\/\"},{\"@type\":\"ListItem\",\"position\":2,\"name\":\"Pol\u00edtica de Privacitat\"}]},{\"@type\":\"WebSite\",\"@id\":\"https:\/\/pervasa.net\/ca\/#website\",\"url\":\"https:\/\/pervasa.net\/ca\/\",\"name\":\"Pervasa\",\"description\":\"M\u00e9s de 35 anys dedicats a la fabricaci\u00f3 de perfils t\u00e8cnics\",\"publisher\":{\"@id\":\"https:\/\/pervasa.net\/ca\/#organization\"},\"potentialAction\":[{\"@type\":\"SearchAction\",\"target\":{\"@type\":\"EntryPoint\",\"urlTemplate\":\"https:\/\/pervasa.net\/ca\/?s={search_term_string}\"},\"query-input\":{\"@type\":\"PropertyValueSpecification\",\"valueRequired\":true,\"valueName\":\"search_term_string\"}}],\"inLanguage\":\"ca\"},{\"@type\":\"Organization\",\"@id\":\"https:\/\/pervasa.net\/ca\/#organization\",\"name\":\"Pervasa. S.L.\",\"url\":\"https:\/\/pervasa.net\/ca\/\",\"logo\":{\"@type\":\"ImageObject\",\"inLanguage\":\"ca\",\"@id\":\"https:\/\/pervasa.net\/ca\/#\/schema\/logo\/image\/\",\"url\":\"https:\/\/pervasa.net\/wp-content\/uploads\/2020\/10\/logo-pervasa.svg\",\"contentUrl\":\"https:\/\/pervasa.net\/wp-content\/uploads\/2020\/10\/logo-pervasa.svg\",\"width\":2788,\"height\":769,\"caption\":\"Pervasa. S.L.\"},\"image\":{\"@id\":\"https:\/\/pervasa.net\/ca\/#\/schema\/logo\/image\/\"}}]}<\/script>\n<!-- \/ Yoast SEO plugin. -->","yoast_head_json":{"title":"Pol\u00edtica de Privacitat - Pervasa","robots":{"index":"noindex","follow":"follow"},"og_locale":"ca_ES","og_type":"article","og_title":"Pol\u00edtica de Privacitat - Pervasa","og_description":"Perfiles Del Vall\u00e9s, S.A., en aplicaci\u00f3 de la normativa vigent en mat\u00e8ria de protecci\u00f3 de dades de car\u00e0cter personal, informa que les dades personals que es recullin a trav\u00e9s dels formularis del lloc web: http:\/\/www.pervasa.net\/, s&#8217;inclouen als fitxers automatitzats espec\u00edfics d&#8217;usuaris dels serveis de Perfiles Del Vall\u00e9s, S.A. La recollida i tractament automatitzat de les&hellip;","og_url":"https:\/\/pervasa.net\/ca\/politica-de-privacitat\/","og_site_name":"Pervasa","article_modified_time":"2020-12-03T15:52:09+00:00","twitter_card":"summary_large_image","twitter_misc":{"Temps estimat de lectura":"8 minuts"},"schema":{"@context":"https:\/\/schema.org","@graph":[{"@type":"WebPage","@id":"https:\/\/pervasa.net\/ca\/politica-de-privacitat\/","url":"https:\/\/pervasa.net\/ca\/politica-de-privacitat\/","name":"Pol\u00edtica de Privacitat - Pervasa","isPartOf":{"@id":"https:\/\/pervasa.net\/ca\/#website"},"datePublished":"2020-12-03T15:51:35+00:00","dateModified":"2020-12-03T15:52:09+00:00","breadcrumb":{"@id":"https:\/\/pervasa.net\/ca\/politica-de-privacitat\/#breadcrumb"},"inLanguage":"ca","potentialAction":[{"@type":"ReadAction","target":["https:\/\/pervasa.net\/ca\/politica-de-privacitat\/"]}]},{"@type":"BreadcrumbList","@id":"https:\/\/pervasa.net\/ca\/politica-de-privacitat\/#breadcrumb","itemListElement":[{"@type":"ListItem","position":1,"name":"Home","item":"https:\/\/pervasa.net\/ca\/"},{"@type":"ListItem","position":2,"name":"Pol\u00edtica de Privacitat"}]},{"@type":"WebSite","@id":"https:\/\/pervasa.net\/ca\/#website","url":"https:\/\/pervasa.net\/ca\/","name":"Pervasa","description":"M\u00e9s de 35 anys dedicats a la fabricaci\u00f3 de perfils t\u00e8cnics","publisher":{"@id":"https:\/\/pervasa.net\/ca\/#organization"},"potentialAction":[{"@type":"SearchAction","target":{"@type":"EntryPoint","urlTemplate":"https:\/\/pervasa.net\/ca\/?s={search_term_string}"},"query-input":{"@type":"PropertyValueSpecification","valueRequired":true,"valueName":"search_term_string"}}],"inLanguage":"ca"},{"@type":"Organization","@id":"https:\/\/pervasa.net\/ca\/#organization","name":"Pervasa. S.L.","url":"https:\/\/pervasa.net\/ca\/","logo":{"@type":"ImageObject","inLanguage":"ca","@id":"https:\/\/pervasa.net\/ca\/#\/schema\/logo\/image\/","url":"https:\/\/pervasa.net\/wp-content\/uploads\/2020\/10\/logo-pervasa.svg","contentUrl":"https:\/\/pervasa.net\/wp-content\/uploads\/2020\/10\/logo-pervasa.svg","width":2788,"height":769,"caption":"Pervasa. S.L."},"image":{"@id":"https:\/\/pervasa.net\/ca\/#\/schema\/logo\/image\/"}}]}},"_links":{"self":[{"href":"https:\/\/pervasa.net\/ca\/wp-json\/wp\/v2\/pages\/647","targetHints":{"allow":["GET"]}}],"collection":[{"href":"https:\/\/pervasa.net\/ca\/wp-json\/wp\/v2\/pages"}],"about":[{"href":"https:\/\/pervasa.net\/ca\/wp-json\/wp\/v2\/types\/page"}],"author":[{"embeddable":true,"href":"https:\/\/pervasa.net\/ca\/wp-json\/wp\/v2\/users\/1"}],"replies":[{"embeddable":true,"href":"https:\/\/pervasa.net\/ca\/wp-json\/wp\/v2\/comments?post=647"}],"version-history":[{"count":0,"href":"https:\/\/pervasa.net\/ca\/wp-json\/wp\/v2\/pages\/647\/revisions"}],"wp:attachment":[{"href":"https:\/\/pervasa.net\/ca\/wp-json\/wp\/v2\/media?parent=647"}],"curies":[{"name":"wp","href":"https:\/\/api.w.org\/{rel}","templated":true}]}}