{"id":650,"date":"2020-12-03T15:52:33","date_gmt":"2020-12-03T15:52:33","guid":{"rendered":"https:\/\/pervasa.mmkt.dev\/?page_id=650"},"modified":"2020-12-03T15:52:45","modified_gmt":"2020-12-03T15:52:45","slug":"avis-legal","status":"publish","type":"page","link":"https:\/\/pervasa.net\/ca\/avis-legal\/","title":{"rendered":"Avis Legal"},"content":{"rendered":"\n<p>En compliment amb el deure d\u2019informaci\u00f3 recollit a l\u2019article 10 de la Llei 34\/2002, d\u201911 de juliol, de Serveis de la Societat de la Informaci\u00f3 i del Comer\u00e7 Electr\u00f2nic (LSSICE), el propietari de la web , l\u2019informa del &nbsp;seg\u00fcent:<\/p>\n\n\n\n<ul class=\"wp-block-list\"><li>Denominaci\u00f3 social: Perfiles Del Vall\u00e9s, S.A.<\/li><li>NIF: A08654188<\/li><li>Domicili: Carretera De Sabadell A Granollers (km 6,3 Pol. Ind. Can Burgu\u00e8s), 08184 \u2013 Palau-solit\u00e0 I Plegamans (Barcelona).<\/li><\/ul>\n\n\n\n<p>Inscrita al Registre Mercantil de BARCELONA al Tom 7252, foli 63, secci\u00f3, fulla n\u00famero B36408, inscripci\u00f3 6a.<\/p>\n\n\n\n<p>Amb els l\u00edmits establerts a la llei, Perfiles Del Vall\u00e9s, S.A. no assumeix cap responsabilitat derivada de la falta de veracitat, integritat, actualitzaci\u00f3 i precisi\u00f3 de les dades o informacions que continguin les seves p\u00e0gines web.<\/p>\n\n\n\n<p>Els continguts i informaci\u00f3 no vinculen a Perfiles Del Vall\u00e9s, S.A. ni constitueixen opinions, consells o assessorament legal de cap mena perqu\u00e8 es tracta merament d&#8217;un servei ofert amb car\u00e0cter informatiu i divulgatiu.<\/p>\n\n\n\n<p>Les p\u00e0gines d\u2019Internet de Perfiles Del Vall\u00e9s, S.A. poden contenir enlla\u00e7os (links) a altres p\u00e0gines de terceres parts que Perfiles Del Vall\u00e9s, S.A. no pot controlar. Per tant, Perfiles Del Vall\u00e9s, S.A. no pot assumir responsabilitats pel contingut que pugui apar\u00e8ixer en p\u00e0gines de tercers.<\/p>\n\n\n\n<p>Els textos, imatges, sons, animacions, software i la resta de continguts inclosos en aquest lloc web s\u00f3n propietat exclusiva de Perfiles Del Vall\u00e9s, S.A. o dels seus llicenciats. Qualsevol acte de transmissi\u00f3, distribuci\u00f3, cessi\u00f3, reproducci\u00f3, emmagatzematge o comunicaci\u00f3 p\u00fablica total o parcial, haur\u00e0 de comptar amb el consentiment expr\u00e9s de Perfiles Del Vall\u00e9s, S.A.<\/p>\n\n\n\n<p>Aix\u00ed mateix, per accedir a alguns dels serveis que Perfiles Del Vall\u00e9s, S.A. ofereix a trav\u00e9s del lloc web, haur\u00e0 de proporcionar algunes dades de car\u00e0cter personal. En compliment del que hi ha establert al Reglament (UE) 2016\/679 del Parlament Europeu i del Consell, de 27 d&#8217;abril de 2016, relatiu a la protecci\u00f3 de les persones f\u00edsiques pel que respecta al tractament de dades personals i a la lliure circulaci\u00f3 d&#8217;aquestes dades l&#8217;informem que, mitjan\u00e7ant la complementaci\u00f3 dels presents formularis, les seves dades personals quedaran incorporades i seran tractades en els fitxers de Perfiles Del Vall\u00e9s, S.A. amb la finalitat de poder donar i oferir els nostres serveis aix\u00ed com per informar-lo de les millores del lloc Web.<\/p>\n\n\n\n<p>L&#8217;informem tamb\u00e9 de qu\u00e8 tindr\u00e0 la possibilitat en tot moment d&#8217;exercir els drets d&#8217;acc\u00e9s, rectificaci\u00f3, cancel\u00b7laci\u00f3, oposici\u00f3, limitaci\u00f3 i portabilitat de les seves dades de car\u00e0cter personal, de manera gratu\u00efta mitjan\u00e7ant email a: abachs@pervasa.net o a l&#8217;adre\u00e7a: Carretera De Sabadell A Granollers (km 6,3 Pol. Ind. Can Burgu\u00e8s), 08184 \u2013 Palau-solit\u00e0 I Plegamans (Barcelona).<\/p>\n\n\n\n<p>REV: 20.3009<\/p>\n","protected":false},"excerpt":{"rendered":"<p>En compliment amb el deure d\u2019informaci\u00f3 recollit a l\u2019article 10 de la Llei 34\/2002, d\u201911 de juliol, de Serveis de la Societat de la Informaci\u00f3 i del Comer\u00e7 Electr\u00f2nic (LSSICE), el propietari de la web , l\u2019informa del &nbsp;seg\u00fcent: Denominaci\u00f3 social: Perfiles Del Vall\u00e9s, S.A. NIF: A08654188 Domicili: Carretera De Sabadell A Granollers (km 6,3&hellip;<\/p>\n","protected":false},"author":1,"featured_media":0,"parent":0,"menu_order":0,"comment_status":"closed","ping_status":"closed","template":"","meta":{"footnotes":""},"class_list":["post-650","page","type-page","status-publish","hentry","entry","no-media"],"yoast_head":"<!-- This site is optimized with the Yoast SEO plugin v26.5 - https:\/\/yoast.com\/wordpress\/plugins\/seo\/ -->\n<title>Avis Legal - Pervasa<\/title>\n<meta name=\"robots\" content=\"noindex, follow\" \/>\n<meta property=\"og:locale\" content=\"ca_ES\" \/>\n<meta property=\"og:type\" content=\"article\" \/>\n<meta property=\"og:title\" content=\"Avis Legal - Pervasa\" \/>\n<meta property=\"og:description\" content=\"En compliment amb el deure d\u2019informaci\u00f3 recollit a l\u2019article 10 de la Llei 34\/2002, d\u201911 de juliol, de Serveis de la Societat de la Informaci\u00f3 i del Comer\u00e7 Electr\u00f2nic (LSSICE), el propietari de la web , l\u2019informa del &nbsp;seg\u00fcent: Denominaci\u00f3 social: Perfiles Del Vall\u00e9s, S.A. NIF: A08654188 Domicili: Carretera De Sabadell A Granollers (km 6,3&hellip;\" \/>\n<meta property=\"og:url\" content=\"https:\/\/pervasa.net\/ca\/avis-legal\/\" \/>\n<meta property=\"og:site_name\" content=\"Pervasa\" \/>\n<meta property=\"article:modified_time\" content=\"2020-12-03T15:52:45+00:00\" \/>\n<meta name=\"twitter:card\" content=\"summary_large_image\" \/>\n<meta name=\"twitter:label1\" content=\"Temps estimat de lectura\" \/>\n\t<meta name=\"twitter:data1\" content=\"2 minuts\" \/>\n<script type=\"application\/ld+json\" class=\"yoast-schema-graph\">{\"@context\":\"https:\/\/schema.org\",\"@graph\":[{\"@type\":\"WebPage\",\"@id\":\"https:\/\/pervasa.net\/ca\/avis-legal\/\",\"url\":\"https:\/\/pervasa.net\/ca\/avis-legal\/\",\"name\":\"Avis Legal - Pervasa\",\"isPartOf\":{\"@id\":\"https:\/\/pervasa.net\/ca\/#website\"},\"datePublished\":\"2020-12-03T15:52:33+00:00\",\"dateModified\":\"2020-12-03T15:52:45+00:00\",\"breadcrumb\":{\"@id\":\"https:\/\/pervasa.net\/ca\/avis-legal\/#breadcrumb\"},\"inLanguage\":\"ca\",\"potentialAction\":[{\"@type\":\"ReadAction\",\"target\":[\"https:\/\/pervasa.net\/ca\/avis-legal\/\"]}]},{\"@type\":\"BreadcrumbList\",\"@id\":\"https:\/\/pervasa.net\/ca\/avis-legal\/#breadcrumb\",\"itemListElement\":[{\"@type\":\"ListItem\",\"position\":1,\"name\":\"Home\",\"item\":\"https:\/\/pervasa.net\/ca\/\"},{\"@type\":\"ListItem\",\"position\":2,\"name\":\"Avis Legal\"}]},{\"@type\":\"WebSite\",\"@id\":\"https:\/\/pervasa.net\/ca\/#website\",\"url\":\"https:\/\/pervasa.net\/ca\/\",\"name\":\"Pervasa\",\"description\":\"M\u00e9s de 35 anys dedicats a la fabricaci\u00f3 de perfils t\u00e8cnics\",\"publisher\":{\"@id\":\"https:\/\/pervasa.net\/ca\/#organization\"},\"potentialAction\":[{\"@type\":\"SearchAction\",\"target\":{\"@type\":\"EntryPoint\",\"urlTemplate\":\"https:\/\/pervasa.net\/ca\/?s={search_term_string}\"},\"query-input\":{\"@type\":\"PropertyValueSpecification\",\"valueRequired\":true,\"valueName\":\"search_term_string\"}}],\"inLanguage\":\"ca\"},{\"@type\":\"Organization\",\"@id\":\"https:\/\/pervasa.net\/ca\/#organization\",\"name\":\"Pervasa. S.L.\",\"url\":\"https:\/\/pervasa.net\/ca\/\",\"logo\":{\"@type\":\"ImageObject\",\"inLanguage\":\"ca\",\"@id\":\"https:\/\/pervasa.net\/ca\/#\/schema\/logo\/image\/\",\"url\":\"https:\/\/pervasa.net\/wp-content\/uploads\/2020\/10\/logo-pervasa.svg\",\"contentUrl\":\"https:\/\/pervasa.net\/wp-content\/uploads\/2020\/10\/logo-pervasa.svg\",\"width\":2788,\"height\":769,\"caption\":\"Pervasa. S.L.\"},\"image\":{\"@id\":\"https:\/\/pervasa.net\/ca\/#\/schema\/logo\/image\/\"}}]}<\/script>\n<!-- \/ Yoast SEO plugin. -->","yoast_head_json":{"title":"Avis Legal - Pervasa","robots":{"index":"noindex","follow":"follow"},"og_locale":"ca_ES","og_type":"article","og_title":"Avis Legal - Pervasa","og_description":"En compliment amb el deure d\u2019informaci\u00f3 recollit a l\u2019article 10 de la Llei 34\/2002, d\u201911 de juliol, de Serveis de la Societat de la Informaci\u00f3 i del Comer\u00e7 Electr\u00f2nic (LSSICE), el propietari de la web , l\u2019informa del &nbsp;seg\u00fcent: Denominaci\u00f3 social: Perfiles Del Vall\u00e9s, S.A. NIF: A08654188 Domicili: Carretera De Sabadell A Granollers (km 6,3&hellip;","og_url":"https:\/\/pervasa.net\/ca\/avis-legal\/","og_site_name":"Pervasa","article_modified_time":"2020-12-03T15:52:45+00:00","twitter_card":"summary_large_image","twitter_misc":{"Temps estimat de lectura":"2 minuts"},"schema":{"@context":"https:\/\/schema.org","@graph":[{"@type":"WebPage","@id":"https:\/\/pervasa.net\/ca\/avis-legal\/","url":"https:\/\/pervasa.net\/ca\/avis-legal\/","name":"Avis Legal - Pervasa","isPartOf":{"@id":"https:\/\/pervasa.net\/ca\/#website"},"datePublished":"2020-12-03T15:52:33+00:00","dateModified":"2020-12-03T15:52:45+00:00","breadcrumb":{"@id":"https:\/\/pervasa.net\/ca\/avis-legal\/#breadcrumb"},"inLanguage":"ca","potentialAction":[{"@type":"ReadAction","target":["https:\/\/pervasa.net\/ca\/avis-legal\/"]}]},{"@type":"BreadcrumbList","@id":"https:\/\/pervasa.net\/ca\/avis-legal\/#breadcrumb","itemListElement":[{"@type":"ListItem","position":1,"name":"Home","item":"https:\/\/pervasa.net\/ca\/"},{"@type":"ListItem","position":2,"name":"Avis Legal"}]},{"@type":"WebSite","@id":"https:\/\/pervasa.net\/ca\/#website","url":"https:\/\/pervasa.net\/ca\/","name":"Pervasa","description":"M\u00e9s de 35 anys dedicats a la fabricaci\u00f3 de perfils t\u00e8cnics","publisher":{"@id":"https:\/\/pervasa.net\/ca\/#organization"},"potentialAction":[{"@type":"SearchAction","target":{"@type":"EntryPoint","urlTemplate":"https:\/\/pervasa.net\/ca\/?s={search_term_string}"},"query-input":{"@type":"PropertyValueSpecification","valueRequired":true,"valueName":"search_term_string"}}],"inLanguage":"ca"},{"@type":"Organization","@id":"https:\/\/pervasa.net\/ca\/#organization","name":"Pervasa. S.L.","url":"https:\/\/pervasa.net\/ca\/","logo":{"@type":"ImageObject","inLanguage":"ca","@id":"https:\/\/pervasa.net\/ca\/#\/schema\/logo\/image\/","url":"https:\/\/pervasa.net\/wp-content\/uploads\/2020\/10\/logo-pervasa.svg","contentUrl":"https:\/\/pervasa.net\/wp-content\/uploads\/2020\/10\/logo-pervasa.svg","width":2788,"height":769,"caption":"Pervasa. S.L."},"image":{"@id":"https:\/\/pervasa.net\/ca\/#\/schema\/logo\/image\/"}}]}},"_links":{"self":[{"href":"https:\/\/pervasa.net\/ca\/wp-json\/wp\/v2\/pages\/650","targetHints":{"allow":["GET"]}}],"collection":[{"href":"https:\/\/pervasa.net\/ca\/wp-json\/wp\/v2\/pages"}],"about":[{"href":"https:\/\/pervasa.net\/ca\/wp-json\/wp\/v2\/types\/page"}],"author":[{"embeddable":true,"href":"https:\/\/pervasa.net\/ca\/wp-json\/wp\/v2\/users\/1"}],"replies":[{"embeddable":true,"href":"https:\/\/pervasa.net\/ca\/wp-json\/wp\/v2\/comments?post=650"}],"version-history":[{"count":0,"href":"https:\/\/pervasa.net\/ca\/wp-json\/wp\/v2\/pages\/650\/revisions"}],"wp:attachment":[{"href":"https:\/\/pervasa.net\/ca\/wp-json\/wp\/v2\/media?parent=650"}],"curies":[{"name":"wp","href":"https:\/\/api.w.org\/{rel}","templated":true}]}}