{"id":657,"date":"2020-12-09T16:04:30","date_gmt":"2020-12-09T16:04:30","guid":{"rendered":"https:\/\/pervasa.mmkt.dev\/?page_id=657"},"modified":"2021-12-15T17:54:50","modified_gmt":"2021-12-15T17:54:50","slug":"home","status":"publish","type":"page","link":"https:\/\/pervasa.net\/en\/","title":{"rendered":"Home"},"content":{"rendered":"<div class=\"wpb-content-wrapper\">[vc_row remove_bottom_col_margin=&#8221;true&#8221;][vc_column]\n\t\t\t<!-- START Inicio REVOLUTION SLIDER 6.7.30 --><p class=\"rs-p-wp-fix\"><\/p>\n\t\t\t<rs-module-wrap id=\"rev_slider_1_1_wrapper\" data-source=\"gallery\" style=\"visibility:hidden;background:transparent;padding:0;margin:0px auto;margin-top:0;margin-bottom:0;\">\n\t\t\t\t<rs-module id=\"rev_slider_1_1\" style=\"\" data-version=\"6.7.30\">\n\t\t\t\t\t<rs-slides style=\"overflow: hidden; position: absolute;\">\n\t\t\t\t\t\t<rs-slide style=\"position: absolute;\" data-key=\"rs-8\" data-title=\"Slide\" data-thumb=\"\/\/pervasa.net\/wp-content\/uploads\/2020\/10\/slider03.jpg\" data-anim=\"ms:1000;r:0;\" data-in=\"o:0;\" data-out=\"a:false;\">\n\t\t\t\t\t\t\t<img src=\"\/\/pervasa.net\/wp-content\/plugins\/revslider\/sr6\/assets\/assets\/dummy.png\" alt=\"pvc profiles\" title=\"pvc-profiles\" width=\"1920\" height=\"1005\" class=\"rev-slidebg tp-rs-img rs-lazyload\" data-lazyload=\"\/\/pervasa.net\/wp-content\/uploads\/2020\/10\/slider03.jpg\" data-no-retina>\n<!--\n\t\t\t\t\t\t\t--><rs-layer\n\t\t\t\t\t\t\t\tid=\"slider-1-slide-8-layer-0\" \n\t\t\t\t\t\t\t\tdata-type=\"text\"\n\t\t\t\t\t\t\t\tdata-rsp_ch=\"on\"\n\t\t\t\t\t\t\t\tdata-xy=\"x:c;y:m;\"\n\t\t\t\t\t\t\t\tdata-text=\"w:normal;s:30;l:65,60,45,40;a:center;\"\n\t\t\t\t\t\t\t\tdata-dim=\"w:auto,auto,100%,100%;\"\n\t\t\t\t\t\t\t\tdata-padding=\"r:20,17,13,8;l:20,17,13,8;\"\n\t\t\t\t\t\t\t\tdata-frame_999=\"o:0;st:w;\"\n\t\t\t\t\t\t\t\tstyle=\"z-index:5;background-color:rgba(0,0,0,0.62);font-family:'Roboto';\"\n\t\t\t\t\t\t\t>More than 35 years designing and manufacturing profiles \n\t\t\t\t\t\t\t<\/rs-layer><!--\n-->\t\t\t\t\t<\/rs-slide>\n\t\t\t\t\t\t<rs-slide style=\"position: absolute;\" data-key=\"rs-9\" data-title=\"Slide\" data-thumb=\"\/\/pervasa.net\/wp-content\/uploads\/2020\/10\/slider01.jpg\" data-anim=\"ms:1000;r:0;\" data-in=\"o:0;\" data-out=\"a:false;\">\n\t\t\t\t\t\t\t<img src=\"\/\/pervasa.net\/wp-content\/plugins\/revslider\/sr6\/assets\/assets\/dummy.png\" alt=\"plastic extrusion\" title=\"plastic-extrusion\" width=\"1920\" height=\"1005\" class=\"rev-slidebg tp-rs-img rs-lazyload\" data-lazyload=\"\/\/pervasa.net\/wp-content\/uploads\/2020\/10\/slider01.jpg\" data-no-retina>\n<!--\n\t\t\t\t\t\t\t--><rs-layer\n\t\t\t\t\t\t\t\tid=\"slider-1-slide-9-layer-0\" \n\t\t\t\t\t\t\t\tdata-type=\"text\"\n\t\t\t\t\t\t\t\tdata-rsp_ch=\"on\"\n\t\t\t\t\t\t\t\tdata-xy=\"x:c;y:m;\"\n\t\t\t\t\t\t\t\tdata-text=\"w:normal;s:30;l:65,60,45,40;a:left,center,center,center;\"\n\t\t\t\t\t\t\t\tdata-dim=\"w:auto,auto,100%,100%;\"\n\t\t\t\t\t\t\t\tdata-padding=\"r:20,17,13,8;l:20,17,13,8;\"\n\t\t\t\t\t\t\t\tdata-frame_999=\"o:0;st:w;\"\n\t\t\t\t\t\t\t\tstyle=\"z-index:5;background-color:rgba(0,0,0,0.62);font-family:'Roboto';\"\n\t\t\t\t\t\t\t>Pervarsa, extrusion of technical profiles in thermoplastic materials \n\t\t\t\t\t\t\t<\/rs-layer><!--\n-->\t\t\t\t\t<\/rs-slide>\n\t\t\t\t\t\t<rs-slide style=\"position: absolute;\" data-key=\"rs-10\" data-title=\"Slide\" data-thumb=\"\/\/pervasa.net\/wp-content\/uploads\/2020\/10\/slider02.jpg\" data-anim=\"ms:1000;r:0;\" data-in=\"o:0;\" data-out=\"a:false;\">\n\t\t\t\t\t\t\t<img src=\"\/\/pervasa.net\/wp-content\/plugins\/revslider\/sr6\/assets\/assets\/dummy.png\" alt=\"plastic profiles\" title=\"plastic-profiles\" width=\"1920\" height=\"772\" class=\"rev-slidebg tp-rs-img rs-lazyload\" data-lazyload=\"\/\/pervasa.net\/wp-content\/uploads\/2020\/10\/slider02.jpg\" data-no-retina>\n<!--\n\t\t\t\t\t\t\t--><rs-layer\n\t\t\t\t\t\t\t\tid=\"slider-1-slide-10-layer-0\" \n\t\t\t\t\t\t\t\tdata-type=\"text\"\n\t\t\t\t\t\t\t\tdata-rsp_ch=\"on\"\n\t\t\t\t\t\t\t\tdata-xy=\"x:c;y:m;\"\n\t\t\t\t\t\t\t\tdata-text=\"w:normal;s:30;l:65,60,45,40;a:left,center,center,center;\"\n\t\t\t\t\t\t\t\tdata-dim=\"w:auto,auto,100%,100%;\"\n\t\t\t\t\t\t\t\tdata-padding=\"r:20,17,13,8;l:20,17,13,8;\"\n\t\t\t\t\t\t\t\tdata-frame_999=\"o:0;st:w;\"\n\t\t\t\t\t\t\t\tstyle=\"z-index:5;background-color:rgba(0,0,0,0.62);font-family:'Roboto';\"\n\t\t\t\t\t\t\t>10 extrusion lines and more than 5,000 catalogue references \n\t\t\t\t\t\t\t<\/rs-layer><!--\n-->\t\t\t\t\t<\/rs-slide>\n\t\t\t\t\t<\/rs-slides>\n\t\t\t\t<\/rs-module>\n\t\t\t\t<script>\n\t\t\t\t\tsetREVStartSize({c: 'rev_slider_1_1',rl:[1240,1024,778,480],el:[750,750,550,500],gw:[1240,1024,778,480],gh:[750,750,550,400],type:'standard',justify:'',layout:'fullwidth',mh:\"0\"});if (window.RS_MODULES!==undefined && window.RS_MODULES.modules!==undefined && window.RS_MODULES.modules[\"revslider11\"]!==undefined) {window.RS_MODULES.modules[\"revslider11\"].once = false;window.revapi1 = undefined;if (window.RS_MODULES.checkMinimal!==undefined) window.RS_MODULES.checkMinimal()}\n\t\t\t\t<\/script>\n\t\t\t<\/rs-module-wrap>\n\t\t\t<!-- END REVOLUTION SLIDER -->\n[\/vc_column][\/vc_row][vc_row full_width=&#8221;stretch_row&#8221; remove_bottom_col_margin=&#8221;true&#8221; css=&#8221;.vc_custom_1602240120079{padding-top: 80px !important;padding-bottom: 80px !important;}&#8221;][vc_column]<h1 class=\"vcex-heading vcex-heading-plain vcex-module wpex-heading wpex-text-2xl wpex-text-center border-gradien\"><span class=\"vcex-heading-inner wpex-inline-block\">Why <strong>Pervasa<\/strong>?<\/span><\/h1><div class=\"vcex-spacing wpex-w-100 wpex-clear\" style=\"height:60px;\"><\/div>[vc_row_inner][vc_column_inner width=&#8221;1\/3&#8243;]<style>.vcex-icon-box.vcex_69f9f34b9c2e3 .vcex-icon-box-heading{color:#592383;}.vcex-icon-box.vcex_69f9f34b9c2e3 .vcex-icon-box-image{width:100px;}<\/style><div class=\"vcex-module vcex-icon-box vcex-icon-box-two wpex-block wpex-text-center vcex_69f9f34b9c2e3\"><div class=\"vcex-icon-box-symbol vcex-icon-box-symbol--image wpex-mb-20\"><img loading=\"lazy\" class=\"vcex-icon-box-image wpex-align-middle\" alt=\"extrudeuse plastique\" decoding=\"async\" src=\"https:\/\/pervasa.net\/wp-content\/uploads\/2020\/10\/calidad.svg\" srcset=\"https:\/\/pervasa.net\/wp-content\/uploads\/\/2020\/10\/calidad.svg 150w, https:\/\/pervasa.net\/wp-content\/uploads\/\/2020\/10\/calidad.svg 300w, https:\/\/pervasa.net\/wp-content\/uploads\/\/2020\/10\/calidad.svg 1024w, https:\/\/pervasa.net\/wp-content\/uploads\/\/2020\/10\/calidad.svg 1536w, https:\/\/pervasa.net\/wp-content\/uploads\/\/2020\/10\/calidad.svg 2048w\" width=\"2134\" height=\"2134\"><\/div><div class=\"vcex-icon-box-text\"><h2 class=\"vcex-icon-box-heading wpex-heading wpex-text-md wpex-mb-10\">Materials from the leading brands.<\/h2><\/div><\/div>[\/vc_column_inner][vc_column_inner width=&#8221;1\/3&#8243;]<style>.vcex-icon-box.vcex_69f9f34b9e4f3 .vcex-icon-box-heading{color:#ff803b;}.vcex-icon-box.vcex_69f9f34b9e4f3 .vcex-icon-box-image{width:100px;}<\/style><div class=\"vcex-module vcex-icon-box vcex-icon-box-two wpex-block wpex-text-center vcex_69f9f34b9e4f3\"><div class=\"vcex-icon-box-symbol vcex-icon-box-symbol--image wpex-mb-20\"><img loading=\"lazy\" class=\"vcex-icon-box-image wpex-align-middle\" alt=\"pvc extrusion\" decoding=\"async\" src=\"https:\/\/pervasa.net\/wp-content\/uploads\/2020\/10\/investigacion-2.svg\" srcset=\"https:\/\/pervasa.net\/wp-content\/uploads\/\/2020\/10\/investigacion-2.svg 150w, https:\/\/pervasa.net\/wp-content\/uploads\/\/2020\/10\/investigacion-2.svg 300w, https:\/\/pervasa.net\/wp-content\/uploads\/\/2020\/10\/investigacion-2.svg 1024w, https:\/\/pervasa.net\/wp-content\/uploads\/\/2020\/10\/investigacion-2.svg 1536w, https:\/\/pervasa.net\/wp-content\/uploads\/\/2020\/10\/investigacion-2.svg 2048w\" width=\"2134\" height=\"2134\"><\/div><div class=\"vcex-icon-box-text\"><h2 class=\"vcex-icon-box-heading wpex-heading wpex-text-md wpex-mb-10\">R&amp;D+i of new materials and technologies. We innovate to improve your products.<\/h2><\/div><\/div>[\/vc_column_inner][vc_column_inner width=&#8221;1\/3&#8243;]<style>.vcex-icon-box.vcex_69f9f34b9fdcf .vcex-icon-box-heading{color:#592383;}.vcex-icon-box.vcex_69f9f34b9fdcf .vcex-icon-box-image{width:100px;}<\/style><div class=\"vcex-module vcex-icon-box vcex-icon-box-two wpex-block wpex-text-center vcex_69f9f34b9fdcf\"><div class=\"vcex-icon-box-symbol vcex-icon-box-symbol--image wpex-mb-20\"><img loading=\"lazy\" class=\"vcex-icon-box-image wpex-align-middle\" alt=\"extrusion lines\" decoding=\"async\" src=\"https:\/\/pervasa.net\/wp-content\/uploads\/2020\/10\/referencias-2.svg\" srcset=\"https:\/\/pervasa.net\/wp-content\/uploads\/\/2020\/10\/referencias-2.svg 150w, https:\/\/pervasa.net\/wp-content\/uploads\/\/2020\/10\/referencias-2.svg 300w, https:\/\/pervasa.net\/wp-content\/uploads\/\/2020\/10\/referencias-2.svg 1024w, https:\/\/pervasa.net\/wp-content\/uploads\/\/2020\/10\/referencias-2.svg 1536w, https:\/\/pervasa.net\/wp-content\/uploads\/\/2020\/10\/referencias-2.svg 2048w\" width=\"2134\" height=\"2134\"><\/div><div class=\"vcex-icon-box-text\"><h2 class=\"vcex-icon-box-heading wpex-heading wpex-text-md wpex-mb-10\">We cater to the needs of all sectors.<\/h2><\/div><\/div>[\/vc_column_inner][\/vc_row_inner][\/vc_column][\/vc_row][vc_row full_width=&#8221;stretch_row_content_no_spaces&#8221; gap=&#8221;2&#8243; remove_bottom_col_margin=&#8221;true&#8221; el_class=&#8221;home-links&#8221; css=&#8221;.vc_custom_1606407597226{padding-top: 1px !important;padding-bottom: 1px !important;background-color: #592383 !important;}&#8221;][vc_column width=&#8221;1\/3&#8243;]<style>.vcex-image-banner.vcex_69f9f34ba21bf .vcex-ib-overlay-bg{background-color:#592383;opacity:0.53;}.vcex-image-banner.vcex_69f9f34ba21bf .vcex-ib-title{color:#ffffff;font-size:30px;}<\/style><a class=\"vcex-module vcex-image-banner vcex-image-banner-has-link wpex-no-underline wpex-flex wpex-flex-col wpex-w-100 wpex-justify-center wpex-relative wpex-overflow-hidden wpex-bg-gray-900 wpex-text-white wpex-hover-text-white wpex-mb-0 wpex-text-center vcex-soh vcex-anim-fade-up vcex-h-zoom wpex-isolate vcex-has-img-tag vcex_69f9f34ba21bf\" href=\"https:\/\/pervasa.net\/en\/plastic-extrusion-company\/\" title=\"Empresa\"><img  src=\"https:\/\/pervasa.net\/wp-content\/uploads\/2020\/12\/empresa02.jpg\" class=\"vcex-ib-img wpex-block wpex-transition-all wpex-duration-500\" alt=\"perfiles de pl\u00e1stico\"><div class=\"vcex-ib-overlay wpex-absolute wpex-inset-0 wpex-transition-all wpex-duration-500\"><div class=\"vcex-ib-overlay-bg wpex-absolute wpex-inset-0 wpex-bg-black wpex-opacity-30\"><\/div><\/div><div class=\"vcex-ib-content-wrap wpex-w-100 wpex-transition-all wpex-duration-500 wpex-absolute wpex-inset-0 wpex-flex wpex-items-center wpex-p-30 wpex-translate-y-50\"><div class=\"vcex-ib-content wpex-flex-grow wpex-mx-auto\"><div class=\"vcex-ib-title wpex-heading\">Company<\/div><\/div><\/div><\/a>[\/vc_column][vc_column width=&#8221;1\/3&#8243;]<style>.vcex-image-banner.vcex_69f9f34ba598d .vcex-ib-overlay-bg{background-color:#ff803b;opacity:0.5;}.vcex-image-banner.vcex_69f9f34ba598d .vcex-ib-title{color:#ffffff;font-size:30px;}<\/style><a class=\"vcex-module vcex-image-banner vcex-image-banner-has-link wpex-no-underline wpex-flex wpex-flex-col wpex-w-100 wpex-justify-center wpex-relative wpex-overflow-hidden wpex-bg-gray-900 wpex-text-white wpex-hover-text-white wpex-text-center vcex-soh vcex-anim-fade-up vcex-h-zoom wpex-isolate vcex-has-img-tag vcex_69f9f34ba598d\" href=\"https:\/\/pervasa.net\/en\/pvc-extrusion-services\/\" title=\"Empresa\"><img  src=\"https:\/\/pervasa.net\/wp-content\/uploads\/2020\/12\/servicios-home.jpg\" class=\"vcex-ib-img wpex-block wpex-transition-all wpex-duration-500\" alt=\"fabricaci\u00f3n de perfiles\"><div class=\"vcex-ib-overlay wpex-absolute wpex-inset-0 wpex-transition-all wpex-duration-500\"><div class=\"vcex-ib-overlay-bg wpex-absolute wpex-inset-0 wpex-bg-black wpex-opacity-30\"><\/div><\/div><div class=\"vcex-ib-content-wrap wpex-w-100 wpex-transition-all wpex-duration-500 wpex-absolute wpex-inset-0 wpex-flex wpex-items-center wpex-p-30 wpex-translate-y-50\"><div class=\"vcex-ib-content wpex-flex-grow wpex-mx-auto\"><div class=\"vcex-ib-title wpex-heading\">Services<\/div><\/div><\/div><\/a>[\/vc_column][vc_column width=&#8221;1\/3&#8243;]<style>.vcex-image-banner.vcex_69f9f34ba7de9 .vcex-ib-overlay-bg{background-color:#592383;opacity:0.5;}.vcex-image-banner.vcex_69f9f34ba7de9 .vcex-ib-title{color:#ffffff;font-size:30px;}<\/style><a class=\"vcex-module vcex-image-banner vcex-image-banner-has-link wpex-no-underline wpex-flex wpex-flex-col wpex-w-100 wpex-justify-center wpex-relative wpex-overflow-hidden wpex-bg-gray-900 wpex-text-white wpex-hover-text-white wpex-text-center vcex-soh vcex-anim-fade-up vcex-h-zoom wpex-isolate vcex-has-img-tag vcex_69f9f34ba7de9\" href=\"https:\/\/pervasa.net\/en\/plastic-profiles-products\/\" title=\"Empresa\"><img  src=\"https:\/\/pervasa.net\/wp-content\/uploads\/2020\/12\/productos-home.jpg\" class=\"vcex-ib-img wpex-block wpex-transition-all wpex-duration-500\" alt=\"perfiles de pl\u00e1stico\"><div class=\"vcex-ib-overlay wpex-absolute wpex-inset-0 wpex-transition-all wpex-duration-500\"><div class=\"vcex-ib-overlay-bg wpex-absolute wpex-inset-0 wpex-bg-black wpex-opacity-30\"><\/div><\/div><div class=\"vcex-ib-content-wrap wpex-w-100 wpex-transition-all wpex-duration-500 wpex-absolute wpex-inset-0 wpex-flex wpex-items-center wpex-p-30 wpex-translate-y-50\"><div class=\"vcex-ib-content wpex-flex-grow wpex-mx-auto\"><div class=\"vcex-ib-title wpex-heading\">Products<\/div><\/div><\/div><\/a>[\/vc_column][\/vc_row]\n<\/div>","protected":false},"excerpt":{"rendered":"<p>[vc_row remove_bottom_col_margin=&#8221;true&#8221;][vc_column][\/vc_column][\/vc_row][vc_row full_width=&#8221;stretch_row&#8221; remove_bottom_col_margin=&#8221;true&#8221; css=&#8221;.vc_custom_1602240120079{padding-top: 80px !important;padding-bottom: 80px !important;}&#8221;][vc_column][vc_row_inner][vc_column_inner width=&#8221;1\/3&#8243;][\/vc_column_inner][vc_column_inner width=&#8221;1\/3&#8243;][\/vc_column_inner][vc_column_inner width=&#8221;1\/3&#8243;][\/vc_column_inner][\/vc_row_inner][\/vc_column][\/vc_row][vc_row full_width=&#8221;stretch_row_content_no_spaces&#8221; gap=&#8221;2&#8243; remove_bottom_col_margin=&#8221;true&#8221; el_class=&#8221;home-links&#8221; css=&#8221;.vc_custom_1606407597226{padding-top: 1px !important;padding-bottom: 1px !important;background-color: #592383 !important;}&#8221;][vc_column width=&#8221;1\/3&#8243;][\/vc_column][vc_column width=&#8221;1\/3&#8243;][\/vc_column][vc_column width=&#8221;1\/3&#8243;][\/vc_column][\/vc_row]<\/p>\n","protected":false},"author":1,"featured_media":0,"parent":0,"menu_order":0,"comment_status":"closed","ping_status":"closed","template":"","meta":{"footnotes":""},"class_list":["post-657","page","type-page","status-publish","hentry","entry","no-media"],"yoast_head":"<!-- This site is optimized with the Yoast SEO plugin v26.5 - https:\/\/yoast.com\/wordpress\/plugins\/seo\/ -->\n<title>Experts in Design and Manufacture of PVC Profiles - Pervasa<\/title>\n<meta name=\"description\" content=\"More than 35 years of experience in the sector of PVC Profiles. We cater to the needs of all sectors with materials from the leading brands. Visit Pervasa.\" \/>\n<meta name=\"robots\" content=\"index, follow, max-snippet:-1, max-image-preview:large, max-video-preview:-1\" \/>\n<link rel=\"canonical\" href=\"https:\/\/pervasa.net\/en\/\" \/>\n<meta property=\"og:locale\" content=\"en_US\" \/>\n<meta property=\"og:type\" content=\"article\" \/>\n<meta property=\"og:title\" content=\"Experts in Design and Manufacture of PVC Profiles - Pervasa\" \/>\n<meta property=\"og:description\" content=\"More than 35 years of experience in the sector of PVC Profiles. We cater to the needs of all sectors with materials from the leading brands. Visit Pervasa.\" \/>\n<meta property=\"og:url\" content=\"https:\/\/pervasa.net\/en\/\" \/>\n<meta property=\"og:site_name\" content=\"Pervasa\" \/>\n<meta property=\"article:modified_time\" content=\"2021-12-15T17:54:50+00:00\" \/>\n<meta name=\"twitter:card\" content=\"summary_large_image\" \/>\n<meta name=\"twitter:label1\" content=\"Est. reading time\" \/>\n\t<meta name=\"twitter:data1\" content=\"2 minutes\" \/>\n<script type=\"application\/ld+json\" class=\"yoast-schema-graph\">{\"@context\":\"https:\/\/schema.org\",\"@graph\":[{\"@type\":\"WebPage\",\"@id\":\"https:\/\/pervasa.net\/en\/\",\"url\":\"https:\/\/pervasa.net\/en\/\",\"name\":\"Experts in Design and Manufacture of PVC Profiles - Pervasa\",\"isPartOf\":{\"@id\":\"https:\/\/pervasa.net\/en\/#website\"},\"datePublished\":\"2020-12-09T16:04:30+00:00\",\"dateModified\":\"2021-12-15T17:54:50+00:00\",\"description\":\"More than 35 years of experience in the sector of PVC Profiles. We cater to the needs of all sectors with materials from the leading brands. Visit Pervasa.\",\"breadcrumb\":{\"@id\":\"https:\/\/pervasa.net\/en\/#breadcrumb\"},\"inLanguage\":\"en-US\",\"potentialAction\":[{\"@type\":\"ReadAction\",\"target\":[\"https:\/\/pervasa.net\/en\/\"]}]},{\"@type\":\"BreadcrumbList\",\"@id\":\"https:\/\/pervasa.net\/en\/#breadcrumb\",\"itemListElement\":[{\"@type\":\"ListItem\",\"position\":1,\"name\":\"Home\",\"item\":\"https:\/\/pervasa.net\/en\/home\/\"},{\"@type\":\"ListItem\",\"position\":2,\"name\":\"Home\"}]},{\"@type\":\"WebSite\",\"@id\":\"https:\/\/pervasa.net\/en\/#website\",\"url\":\"https:\/\/pervasa.net\/en\/\",\"name\":\"Pervasa\",\"description\":\"M\u00e1s de 35 a\u00f1os dedicados a la fabricaci\u00f3n de perfiles t\u00e9cnicos\",\"publisher\":{\"@id\":\"https:\/\/pervasa.net\/en\/#organization\"},\"potentialAction\":[{\"@type\":\"SearchAction\",\"target\":{\"@type\":\"EntryPoint\",\"urlTemplate\":\"https:\/\/pervasa.net\/en\/?s={search_term_string}\"},\"query-input\":{\"@type\":\"PropertyValueSpecification\",\"valueRequired\":true,\"valueName\":\"search_term_string\"}}],\"inLanguage\":\"en-US\"},{\"@type\":\"Organization\",\"@id\":\"https:\/\/pervasa.net\/en\/#organization\",\"name\":\"Pervasa. S.L.\",\"url\":\"https:\/\/pervasa.net\/en\/\",\"logo\":{\"@type\":\"ImageObject\",\"inLanguage\":\"en-US\",\"@id\":\"https:\/\/pervasa.net\/en\/#\/schema\/logo\/image\/\",\"url\":\"https:\/\/pervasa.net\/wp-content\/uploads\/2020\/10\/logo-pervasa.svg\",\"contentUrl\":\"https:\/\/pervasa.net\/wp-content\/uploads\/2020\/10\/logo-pervasa.svg\",\"width\":2788,\"height\":769,\"caption\":\"Pervasa. S.L.\"},\"image\":{\"@id\":\"https:\/\/pervasa.net\/en\/#\/schema\/logo\/image\/\"}}]}<\/script>\n<!-- \/ Yoast SEO plugin. -->","yoast_head_json":{"title":"Experts in Design and Manufacture of PVC Profiles - Pervasa","description":"More than 35 years of experience in the sector of PVC Profiles. We cater to the needs of all sectors with materials from the leading brands. Visit Pervasa.","robots":{"index":"index","follow":"follow","max-snippet":"max-snippet:-1","max-image-preview":"max-image-preview:large","max-video-preview":"max-video-preview:-1"},"canonical":"https:\/\/pervasa.net\/en\/","og_locale":"en_US","og_type":"article","og_title":"Experts in Design and Manufacture of PVC Profiles - Pervasa","og_description":"More than 35 years of experience in the sector of PVC Profiles. We cater to the needs of all sectors with materials from the leading brands. Visit Pervasa.","og_url":"https:\/\/pervasa.net\/en\/","og_site_name":"Pervasa","article_modified_time":"2021-12-15T17:54:50+00:00","twitter_card":"summary_large_image","twitter_misc":{"Est. reading time":"2 minutes"},"schema":{"@context":"https:\/\/schema.org","@graph":[{"@type":"WebPage","@id":"https:\/\/pervasa.net\/en\/","url":"https:\/\/pervasa.net\/en\/","name":"Experts in Design and Manufacture of PVC Profiles - Pervasa","isPartOf":{"@id":"https:\/\/pervasa.net\/en\/#website"},"datePublished":"2020-12-09T16:04:30+00:00","dateModified":"2021-12-15T17:54:50+00:00","description":"More than 35 years of experience in the sector of PVC Profiles. We cater to the needs of all sectors with materials from the leading brands. Visit Pervasa.","breadcrumb":{"@id":"https:\/\/pervasa.net\/en\/#breadcrumb"},"inLanguage":"en-US","potentialAction":[{"@type":"ReadAction","target":["https:\/\/pervasa.net\/en\/"]}]},{"@type":"BreadcrumbList","@id":"https:\/\/pervasa.net\/en\/#breadcrumb","itemListElement":[{"@type":"ListItem","position":1,"name":"Home","item":"https:\/\/pervasa.net\/en\/home\/"},{"@type":"ListItem","position":2,"name":"Home"}]},{"@type":"WebSite","@id":"https:\/\/pervasa.net\/en\/#website","url":"https:\/\/pervasa.net\/en\/","name":"Pervasa","description":"M\u00e1s de 35 a\u00f1os dedicados a la fabricaci\u00f3n de perfiles t\u00e9cnicos","publisher":{"@id":"https:\/\/pervasa.net\/en\/#organization"},"potentialAction":[{"@type":"SearchAction","target":{"@type":"EntryPoint","urlTemplate":"https:\/\/pervasa.net\/en\/?s={search_term_string}"},"query-input":{"@type":"PropertyValueSpecification","valueRequired":true,"valueName":"search_term_string"}}],"inLanguage":"en-US"},{"@type":"Organization","@id":"https:\/\/pervasa.net\/en\/#organization","name":"Pervasa. S.L.","url":"https:\/\/pervasa.net\/en\/","logo":{"@type":"ImageObject","inLanguage":"en-US","@id":"https:\/\/pervasa.net\/en\/#\/schema\/logo\/image\/","url":"https:\/\/pervasa.net\/wp-content\/uploads\/2020\/10\/logo-pervasa.svg","contentUrl":"https:\/\/pervasa.net\/wp-content\/uploads\/2020\/10\/logo-pervasa.svg","width":2788,"height":769,"caption":"Pervasa. S.L."},"image":{"@id":"https:\/\/pervasa.net\/en\/#\/schema\/logo\/image\/"}}]}},"_links":{"self":[{"href":"https:\/\/pervasa.net\/en\/wp-json\/wp\/v2\/pages\/657","targetHints":{"allow":["GET"]}}],"collection":[{"href":"https:\/\/pervasa.net\/en\/wp-json\/wp\/v2\/pages"}],"about":[{"href":"https:\/\/pervasa.net\/en\/wp-json\/wp\/v2\/types\/page"}],"author":[{"embeddable":true,"href":"https:\/\/pervasa.net\/en\/wp-json\/wp\/v2\/users\/1"}],"replies":[{"embeddable":true,"href":"https:\/\/pervasa.net\/en\/wp-json\/wp\/v2\/comments?post=657"}],"version-history":[{"count":0,"href":"https:\/\/pervasa.net\/en\/wp-json\/wp\/v2\/pages\/657\/revisions"}],"wp:attachment":[{"href":"https:\/\/pervasa.net\/en\/wp-json\/wp\/v2\/media?parent=657"}],"curies":[{"name":"wp","href":"https:\/\/api.w.org\/{rel}","templated":true}]}}