{"id":683,"date":"2020-12-09T16:09:14","date_gmt":"2020-12-09T16:09:14","guid":{"rendered":"https:\/\/pervasa.mmkt.dev\/?page_id=683"},"modified":"2020-12-23T21:50:35","modified_gmt":"2020-12-23T21:50:35","slug":"plastic-extrusion-company","status":"publish","type":"page","link":"https:\/\/pervasa.net\/en\/plastic-extrusion-company\/","title":{"rendered":"Company"},"content":{"rendered":"<div class=\"wpb-content-wrapper\">[vc_row full_width=&#8221;stretch_row&#8221; remove_bottom_col_margin=&#8221;true&#8221; css=&#8221;.vc_custom_1602693265412{padding-top: 40px !important;padding-bottom: 40px !important;background-color: #ff803b !important;}&#8221;][vc_column]<style>.vcex-heading.vcex_69f9e71ea2fcc{color:#ffffff;text-transform:uppercase;}<\/style><h2 class=\"vcex-heading vcex-heading-plain vcex-module wpex-heading wpex-text-2xl wpex-text-center vcex_69f9e71ea2fcc\"><span class=\"vcex-heading-inner wpex-inline-block\">More than 35 years designing and manufacturing profiles<\/span><\/h2>[\/vc_column][\/vc_row][vc_row content_placement=&#8221;middle&#8221; css=&#8221;.vc_custom_1606899492010{padding-top: 40px !important;}&#8221;][vc_column width=&#8221;1\/3&#8243;]<figure class=\"vcex-image vcex-module wpex-text-center\"><div class=\"vcex-image-inner wpex-relative wpex-inline-block\"><a href=\"https:\/\/pervasa.net\/wp-content\/uploads\/2020\/11\/empresa01.jpg\" class=\"wpex-lightbox\"><img width=\"675\" height=\"450\" src=\"https:\/\/pervasa.net\/wp-content\/uploads\/2020\/11\/empresa01.jpg\" class=\"vcex-image-img wpex-align-middle\" alt=\"fabricant profil\u00e9 plastique\" loading=\"lazy\" decoding=\"async\" srcset=\"https:\/\/pervasa.net\/wp-content\/uploads\/2020\/11\/empresa01.jpg 675w, https:\/\/pervasa.net\/wp-content\/uploads\/2020\/11\/empresa01-300x200.jpg 300w\" sizes=\"auto, (max-width: 675px) 100vw, 675px\" \/><\/a><\/div><\/figure>[\/vc_column][vc_column width=&#8221;2\/3&#8243;][vc_column_text el_class=&#8221;justify-text&#8221;]<span lang=\"EN-GB\">Perfiles del Vall\u00e9s is a company founded in 1981 and a pioneer in the extrusion and coextrusion of thermoplastic profiles. Its plant in Palau Solita i Plegamans offers its clients a wealth of experience and versatility in the design and manufacture of different specific solutions and bespoke projects, as well as an extensive catalogue of more than 5,000 profiles for application to all kinds of industrial and decorative projects.<\/span>[\/vc_column_text][\/vc_column][\/vc_row][vc_row][vc_column]<div class=\"vcex-module vcex-divider vcex-divider-solid vcex-divider-center wpex-mx-auto wpex-block wpex-h-0 wpex-border-b wpex-border-solid wpex-border-main border-gradien large-border-gradien\" style=\"border-color:#ffffff;\"><\/div>[\/vc_column][\/vc_row][vc_row content_placement=&#8221;middle&#8221; columns_right=&#8221;yes&#8221; css=&#8221;.vc_custom_1606899497618{padding-top: 40px !important;}&#8221;][vc_column width=&#8221;1\/3&#8243;]<figure class=\"vcex-image vcex-module wpex-text-center\"><div class=\"vcex-image-inner wpex-relative wpex-inline-block\"><a href=\"https:\/\/pervasa.net\/wp-content\/uploads\/2020\/11\/empresa02.jpg\" class=\"wpex-lightbox\"><img width=\"675\" height=\"450\" src=\"https:\/\/pervasa.net\/wp-content\/uploads\/2020\/11\/empresa02.jpg\" class=\"vcex-image-img wpex-align-middle\" alt=\"plastic extrusion companies\" loading=\"lazy\" decoding=\"async\" srcset=\"https:\/\/pervasa.net\/wp-content\/uploads\/2020\/11\/empresa02.jpg 675w, https:\/\/pervasa.net\/wp-content\/uploads\/2020\/11\/empresa02-300x200.jpg 300w\" sizes=\"auto, (max-width: 675px) 100vw, 675px\" \/><\/a><\/div><\/figure>[\/vc_column][vc_column width=&#8221;2\/3&#8243;][vc_column_text el_class=&#8221;justify-text&#8221;]The company has evolved over the years in all areas, increasing its number of production lines, expanding the range of materials used, and advancing the experience and training of its staff. It has implemented the latest extrusion technologies and established quality and prevention policies, all in order to adapt to the needs of a constantly evolving market and offer our clients the guarantee of the very finest service and short delivery times.[\/vc_column_text][\/vc_column][\/vc_row][vc_row][vc_column]<div class=\"vcex-module vcex-divider vcex-divider-solid vcex-divider-center wpex-mx-auto wpex-block wpex-h-0 wpex-border-b wpex-border-solid wpex-border-main border-gradien large-border-gradien\" style=\"border-color:#ffffff;\"><\/div>[\/vc_column][\/vc_row][vc_row css=&#8221;.vc_custom_1602254560269{padding-top: 40px !important;}&#8221;][vc_column]<figure class=\"vcex-image vcex-module wpex-text-center\"><div class=\"vcex-image-inner wpex-relative wpex-inline-block\"><img width=\"1000\" height=\"255\" src=\"https:\/\/pervasa.net\/wp-content\/uploads\/2020\/11\/empresa-taller.jpg\" class=\"vcex-image-img wpex-align-middle\" alt=\"plastic extrusion companies\" loading=\"lazy\" decoding=\"async\" srcset=\"https:\/\/pervasa.net\/wp-content\/uploads\/2020\/11\/empresa-taller.jpg 1000w, https:\/\/pervasa.net\/wp-content\/uploads\/2020\/11\/empresa-taller-300x77.jpg 300w, https:\/\/pervasa.net\/wp-content\/uploads\/2020\/11\/empresa-taller-768x196.jpg 768w\" sizes=\"auto, (max-width: 1000px) 100vw, 1000px\" \/><\/div><\/figure><div class=\"vcex-spacing wpex-w-100 wpex-clear\" style=\"height:20px;\"><\/div>[vc_column_text el_class=&#8221;justify-text&#8221;]In pursuit of development and excellence, Pervasa has its own workshop and two wire-cut EDM machines for the construction of all tools, maintains constant feedback with its clients and puts all of its know-how at their service.<\/p>\n<p>We offer our clients a comprehensive design for each of their needs, to achieve the best results in the market.[\/vc_column_text][\/vc_column][\/vc_row][vc_row][vc_column]<div class=\"vcex-module vcex-divider vcex-divider-solid vcex-divider-center wpex-mx-auto wpex-block wpex-h-0 wpex-border-b wpex-border-solid wpex-border-main border-gradien large-border-gradien\" style=\"border-color:#ffffff;\"><\/div>[\/vc_column][\/vc_row][vc_row content_placement=&#8221;middle&#8221; columns_right=&#8221;yes&#8221; css=&#8221;.vc_custom_1606407760607{padding-top: 40px !important;}&#8221;][vc_column width=&#8221;1\/3&#8243;]<figure class=\"vcex-image vcex-module wpex-text-center\"><div class=\"vcex-image-inner wpex-relative wpex-inline-block\"><a href=\"https:\/\/pervasa.net\/wp-content\/uploads\/2020\/11\/empresa-03.jpg\" class=\"wpex-lightbox\"><img width=\"600\" height=\"600\" src=\"https:\/\/pervasa.net\/wp-content\/uploads\/2020\/11\/empresa-03.jpg\" class=\"vcex-image-img wpex-align-middle\" alt=\"plastic extrusion\" loading=\"lazy\" decoding=\"async\" srcset=\"https:\/\/pervasa.net\/wp-content\/uploads\/2020\/11\/empresa-03.jpg 600w, https:\/\/pervasa.net\/wp-content\/uploads\/2020\/11\/empresa-03-300x300.jpg 300w, https:\/\/pervasa.net\/wp-content\/uploads\/2020\/11\/empresa-03-150x150.jpg 150w\" sizes=\"auto, (max-width: 600px) 100vw, 600px\" \/><\/a><\/div><\/figure>[\/vc_column][vc_column width=&#8221;2\/3&#8243;][vc_column_text el_class=&#8221;justify-text&#8221;]We are now are a leading company in the manufacture of price-holder profiles (POS Commercial Signage Catalogue) and light diffusers (LED Lighting Catalogue), to highlight just two of the main sectors into which we divide our extensive catalogue.<\/p>\n<p>We offer a plastic part prototyping service that uses high-quality precision 3D printing for functional testing, shape definition and for producing small series of complex-shaped parts.[\/vc_column_text][\/vc_column][\/vc_row][vc_row full_width=&#8221;stretch_row&#8221; remove_bottom_col_margin=&#8221;true&#8221; css=&#8221;.vc_custom_1602693276259{padding-top: 40px !important;padding-bottom: 40px !important;background-color: #ff803b !important;}&#8221;][vc_column]<style>.vcex-heading.vcex_69f9e71eab4ab{width:730px;color:#ffffff;font-size:20px;}<\/style><div class=\"vcex-heading vcex-heading-plain vcex-module wpex-heading wpex-text-2xl wpex-text-center wpex-max-w-100 wpex-mx-auto vcex_69f9e71eab4ab\"><span class=\"vcex-heading-inner wpex-inline-block\">Thanks to our great team of professionals and state-of-the-art facilities, we provide our clients a great experience.<\/span><\/div>[\/vc_column][\/vc_row]\n<\/div>","protected":false},"excerpt":{"rendered":"<p>[vc_row full_width=&#8221;stretch_row&#8221; remove_bottom_col_margin=&#8221;true&#8221; css=&#8221;.vc_custom_1602693265412{padding-top: 40px !important;padding-bottom: 40px !important;background-color: #ff803b !important;}&#8221;][vc_column][\/vc_column][\/vc_row][vc_row content_placement=&#8221;middle&#8221; css=&#8221;.vc_custom_1606899492010{padding-top: 40px !important;}&#8221;][vc_column width=&#8221;1\/3&#8243;][\/vc_column][vc_column width=&#8221;2\/3&#8243;][vc_column_text el_class=&#8221;justify-text&#8221;]Perfiles del Vall\u00e9s is a company founded in 1981 and a pioneer in the extrusion and coextrusion of thermoplastic profiles. Its plant in Palau Solita i Plegamans offers its clients a wealth of experience and versatility in the design&hellip;<\/p>\n","protected":false},"author":1,"featured_media":0,"parent":0,"menu_order":0,"comment_status":"closed","ping_status":"closed","template":"","meta":{"footnotes":""},"class_list":["post-683","page","type-page","status-publish","hentry","entry","no-media"],"yoast_head":"<!-- This site is optimized with the Yoast SEO plugin v26.5 - https:\/\/yoast.com\/wordpress\/plugins\/seo\/ -->\n<title>Plastic Extrusion Company, Experts in Design and Manufacture \u2013 Pervasa<\/title>\n<meta name=\"description\" content=\"Pioneer plastic extrusion company with years of experience. Specific and tailor-made project solutions, always in pursuit of development and excellence.\" \/>\n<meta name=\"robots\" content=\"index, follow, max-snippet:-1, max-image-preview:large, max-video-preview:-1\" \/>\n<link rel=\"canonical\" href=\"https:\/\/pervasa.net\/en\/plastic-extrusion-company\/\" \/>\n<meta property=\"og:locale\" content=\"en_US\" \/>\n<meta property=\"og:type\" content=\"article\" \/>\n<meta property=\"og:title\" content=\"Plastic Extrusion Company, Experts in Design and Manufacture \u2013 Pervasa\" \/>\n<meta property=\"og:description\" content=\"Pioneer plastic extrusion company with years of experience. Specific and tailor-made project solutions, always in pursuit of development and excellence.\" \/>\n<meta property=\"og:url\" content=\"https:\/\/pervasa.net\/en\/plastic-extrusion-company\/\" \/>\n<meta property=\"og:site_name\" content=\"Pervasa\" \/>\n<meta property=\"article:modified_time\" content=\"2020-12-23T21:50:35+00:00\" \/>\n<meta name=\"twitter:card\" content=\"summary_large_image\" \/>\n<meta name=\"twitter:label1\" content=\"Est. reading time\" \/>\n\t<meta name=\"twitter:data1\" content=\"3 minutes\" \/>\n<script type=\"application\/ld+json\" class=\"yoast-schema-graph\">{\"@context\":\"https:\/\/schema.org\",\"@graph\":[{\"@type\":\"WebPage\",\"@id\":\"https:\/\/pervasa.net\/en\/plastic-extrusion-company\/\",\"url\":\"https:\/\/pervasa.net\/en\/plastic-extrusion-company\/\",\"name\":\"Plastic Extrusion Company, Experts in Design and Manufacture \u2013 Pervasa\",\"isPartOf\":{\"@id\":\"https:\/\/pervasa.net\/en\/#website\"},\"datePublished\":\"2020-12-09T16:09:14+00:00\",\"dateModified\":\"2020-12-23T21:50:35+00:00\",\"description\":\"Pioneer plastic extrusion company with years of experience. Specific and tailor-made project solutions, always in pursuit of development and excellence.\",\"breadcrumb\":{\"@id\":\"https:\/\/pervasa.net\/en\/plastic-extrusion-company\/#breadcrumb\"},\"inLanguage\":\"en-US\",\"potentialAction\":[{\"@type\":\"ReadAction\",\"target\":[\"https:\/\/pervasa.net\/en\/plastic-extrusion-company\/\"]}]},{\"@type\":\"BreadcrumbList\",\"@id\":\"https:\/\/pervasa.net\/en\/plastic-extrusion-company\/#breadcrumb\",\"itemListElement\":[{\"@type\":\"ListItem\",\"position\":1,\"name\":\"Home\",\"item\":\"https:\/\/pervasa.net\/en\/home\/\"},{\"@type\":\"ListItem\",\"position\":2,\"name\":\"Company\"}]},{\"@type\":\"WebSite\",\"@id\":\"https:\/\/pervasa.net\/en\/#website\",\"url\":\"https:\/\/pervasa.net\/en\/\",\"name\":\"Pervasa\",\"description\":\"M\u00e1s de 35 a\u00f1os dedicados a la fabricaci\u00f3n de perfiles t\u00e9cnicos\",\"publisher\":{\"@id\":\"https:\/\/pervasa.net\/en\/#organization\"},\"potentialAction\":[{\"@type\":\"SearchAction\",\"target\":{\"@type\":\"EntryPoint\",\"urlTemplate\":\"https:\/\/pervasa.net\/en\/?s={search_term_string}\"},\"query-input\":{\"@type\":\"PropertyValueSpecification\",\"valueRequired\":true,\"valueName\":\"search_term_string\"}}],\"inLanguage\":\"en-US\"},{\"@type\":\"Organization\",\"@id\":\"https:\/\/pervasa.net\/en\/#organization\",\"name\":\"Pervasa. S.L.\",\"url\":\"https:\/\/pervasa.net\/en\/\",\"logo\":{\"@type\":\"ImageObject\",\"inLanguage\":\"en-US\",\"@id\":\"https:\/\/pervasa.net\/en\/#\/schema\/logo\/image\/\",\"url\":\"https:\/\/pervasa.net\/wp-content\/uploads\/2020\/10\/logo-pervasa.svg\",\"contentUrl\":\"https:\/\/pervasa.net\/wp-content\/uploads\/2020\/10\/logo-pervasa.svg\",\"width\":2788,\"height\":769,\"caption\":\"Pervasa. S.L.\"},\"image\":{\"@id\":\"https:\/\/pervasa.net\/en\/#\/schema\/logo\/image\/\"}}]}<\/script>\n<!-- \/ Yoast SEO plugin. -->","yoast_head_json":{"title":"Plastic Extrusion Company, Experts in Design and Manufacture \u2013 Pervasa","description":"Pioneer plastic extrusion company with years of experience. Specific and tailor-made project solutions, always in pursuit of development and excellence.","robots":{"index":"index","follow":"follow","max-snippet":"max-snippet:-1","max-image-preview":"max-image-preview:large","max-video-preview":"max-video-preview:-1"},"canonical":"https:\/\/pervasa.net\/en\/plastic-extrusion-company\/","og_locale":"en_US","og_type":"article","og_title":"Plastic Extrusion Company, Experts in Design and Manufacture \u2013 Pervasa","og_description":"Pioneer plastic extrusion company with years of experience. Specific and tailor-made project solutions, always in pursuit of development and excellence.","og_url":"https:\/\/pervasa.net\/en\/plastic-extrusion-company\/","og_site_name":"Pervasa","article_modified_time":"2020-12-23T21:50:35+00:00","twitter_card":"summary_large_image","twitter_misc":{"Est. reading time":"3 minutes"},"schema":{"@context":"https:\/\/schema.org","@graph":[{"@type":"WebPage","@id":"https:\/\/pervasa.net\/en\/plastic-extrusion-company\/","url":"https:\/\/pervasa.net\/en\/plastic-extrusion-company\/","name":"Plastic Extrusion Company, Experts in Design and Manufacture \u2013 Pervasa","isPartOf":{"@id":"https:\/\/pervasa.net\/en\/#website"},"datePublished":"2020-12-09T16:09:14+00:00","dateModified":"2020-12-23T21:50:35+00:00","description":"Pioneer plastic extrusion company with years of experience. Specific and tailor-made project solutions, always in pursuit of development and excellence.","breadcrumb":{"@id":"https:\/\/pervasa.net\/en\/plastic-extrusion-company\/#breadcrumb"},"inLanguage":"en-US","potentialAction":[{"@type":"ReadAction","target":["https:\/\/pervasa.net\/en\/plastic-extrusion-company\/"]}]},{"@type":"BreadcrumbList","@id":"https:\/\/pervasa.net\/en\/plastic-extrusion-company\/#breadcrumb","itemListElement":[{"@type":"ListItem","position":1,"name":"Home","item":"https:\/\/pervasa.net\/en\/home\/"},{"@type":"ListItem","position":2,"name":"Company"}]},{"@type":"WebSite","@id":"https:\/\/pervasa.net\/en\/#website","url":"https:\/\/pervasa.net\/en\/","name":"Pervasa","description":"M\u00e1s de 35 a\u00f1os dedicados a la fabricaci\u00f3n de perfiles t\u00e9cnicos","publisher":{"@id":"https:\/\/pervasa.net\/en\/#organization"},"potentialAction":[{"@type":"SearchAction","target":{"@type":"EntryPoint","urlTemplate":"https:\/\/pervasa.net\/en\/?s={search_term_string}"},"query-input":{"@type":"PropertyValueSpecification","valueRequired":true,"valueName":"search_term_string"}}],"inLanguage":"en-US"},{"@type":"Organization","@id":"https:\/\/pervasa.net\/en\/#organization","name":"Pervasa. S.L.","url":"https:\/\/pervasa.net\/en\/","logo":{"@type":"ImageObject","inLanguage":"en-US","@id":"https:\/\/pervasa.net\/en\/#\/schema\/logo\/image\/","url":"https:\/\/pervasa.net\/wp-content\/uploads\/2020\/10\/logo-pervasa.svg","contentUrl":"https:\/\/pervasa.net\/wp-content\/uploads\/2020\/10\/logo-pervasa.svg","width":2788,"height":769,"caption":"Pervasa. S.L."},"image":{"@id":"https:\/\/pervasa.net\/en\/#\/schema\/logo\/image\/"}}]}},"_links":{"self":[{"href":"https:\/\/pervasa.net\/en\/wp-json\/wp\/v2\/pages\/683","targetHints":{"allow":["GET"]}}],"collection":[{"href":"https:\/\/pervasa.net\/en\/wp-json\/wp\/v2\/pages"}],"about":[{"href":"https:\/\/pervasa.net\/en\/wp-json\/wp\/v2\/types\/page"}],"author":[{"embeddable":true,"href":"https:\/\/pervasa.net\/en\/wp-json\/wp\/v2\/users\/1"}],"replies":[{"embeddable":true,"href":"https:\/\/pervasa.net\/en\/wp-json\/wp\/v2\/comments?post=683"}],"version-history":[{"count":0,"href":"https:\/\/pervasa.net\/en\/wp-json\/wp\/v2\/pages\/683\/revisions"}],"wp:attachment":[{"href":"https:\/\/pervasa.net\/en\/wp-json\/wp\/v2\/media?parent=683"}],"curies":[{"name":"wp","href":"https:\/\/api.w.org\/{rel}","templated":true}]}}