{"id":694,"date":"2020-12-09T16:11:24","date_gmt":"2020-12-09T16:11:24","guid":{"rendered":"https:\/\/pervasa.mmkt.dev\/?page_id=694"},"modified":"2022-11-29T08:02:30","modified_gmt":"2022-11-29T08:02:30","slug":"pvc-extrusion-services","status":"publish","type":"page","link":"https:\/\/pervasa.net\/en\/pvc-extrusion-services\/","title":{"rendered":"Services"},"content":{"rendered":"<div class=\"wpb-content-wrapper\">[vc_row][vc_column]<div class=\"vcex-spacing wpex-w-100 wpex-clear\" style=\"height:45px;\"><\/div>[\/vc_column][\/vc_row][vc_row][vc_column][vc_single_image image=&#8221;1270&#8243;][\/vc_column][\/vc_row]\n<\/div>","protected":false},"excerpt":{"rendered":"<p>[vc_row][vc_column][\/vc_column][\/vc_row][vc_row][vc_column][vc_single_image image=&#8221;1270&#8243;][\/vc_column][\/vc_row]<\/p>\n","protected":false},"author":1,"featured_media":0,"parent":0,"menu_order":0,"comment_status":"closed","ping_status":"closed","template":"","meta":{"footnotes":""},"class_list":["post-694","page","type-page","status-publish","hentry","entry","no-media"],"yoast_head":"<!-- This site is optimized with the Yoast SEO plugin v26.5 - https:\/\/yoast.com\/wordpress\/plugins\/seo\/ -->\n<title>PVC Extrusion Services and Manufacture - Pervasa<\/title>\n<meta name=\"description\" content=\"We control every step of the PVC extrusion and manufacturing process. From the design to the quality of the plastic profiles, finishing with their transport.\" \/>\n<meta name=\"robots\" content=\"index, follow, max-snippet:-1, max-image-preview:large, max-video-preview:-1\" \/>\n<link rel=\"canonical\" href=\"https:\/\/pervasa.net\/en\/pvc-extrusion-services\/\" \/>\n<meta property=\"og:locale\" content=\"en_US\" \/>\n<meta property=\"og:type\" content=\"article\" \/>\n<meta property=\"og:title\" content=\"PVC Extrusion Services and Manufacture - Pervasa\" \/>\n<meta property=\"og:description\" content=\"We control every step of the PVC extrusion and manufacturing process. From the design to the quality of the plastic profiles, finishing with their transport.\" \/>\n<meta property=\"og:url\" content=\"https:\/\/pervasa.net\/en\/pvc-extrusion-services\/\" \/>\n<meta property=\"og:site_name\" content=\"Pervasa\" \/>\n<meta property=\"article:modified_time\" content=\"2022-11-29T08:02:30+00:00\" \/>\n<meta name=\"twitter:card\" content=\"summary_large_image\" \/>\n<meta name=\"twitter:label1\" content=\"Est. reading time\" \/>\n\t<meta name=\"twitter:data1\" content=\"1 minute\" \/>\n<script type=\"application\/ld+json\" class=\"yoast-schema-graph\">{\"@context\":\"https:\/\/schema.org\",\"@graph\":[{\"@type\":\"WebPage\",\"@id\":\"https:\/\/pervasa.net\/en\/pvc-extrusion-services\/\",\"url\":\"https:\/\/pervasa.net\/en\/pvc-extrusion-services\/\",\"name\":\"PVC Extrusion Services and Manufacture - Pervasa\",\"isPartOf\":{\"@id\":\"https:\/\/pervasa.net\/en\/#website\"},\"datePublished\":\"2020-12-09T16:11:24+00:00\",\"dateModified\":\"2022-11-29T08:02:30+00:00\",\"description\":\"We control every step of the PVC extrusion and manufacturing process. From the design to the quality of the plastic profiles, finishing with their transport.\",\"breadcrumb\":{\"@id\":\"https:\/\/pervasa.net\/en\/pvc-extrusion-services\/#breadcrumb\"},\"inLanguage\":\"en-US\",\"potentialAction\":[{\"@type\":\"ReadAction\",\"target\":[\"https:\/\/pervasa.net\/en\/pvc-extrusion-services\/\"]}]},{\"@type\":\"BreadcrumbList\",\"@id\":\"https:\/\/pervasa.net\/en\/pvc-extrusion-services\/#breadcrumb\",\"itemListElement\":[{\"@type\":\"ListItem\",\"position\":1,\"name\":\"Home\",\"item\":\"https:\/\/pervasa.net\/en\/home\/\"},{\"@type\":\"ListItem\",\"position\":2,\"name\":\"Services\"}]},{\"@type\":\"WebSite\",\"@id\":\"https:\/\/pervasa.net\/en\/#website\",\"url\":\"https:\/\/pervasa.net\/en\/\",\"name\":\"Pervasa\",\"description\":\"M\u00e1s de 35 a\u00f1os dedicados a la fabricaci\u00f3n de perfiles t\u00e9cnicos\",\"publisher\":{\"@id\":\"https:\/\/pervasa.net\/en\/#organization\"},\"potentialAction\":[{\"@type\":\"SearchAction\",\"target\":{\"@type\":\"EntryPoint\",\"urlTemplate\":\"https:\/\/pervasa.net\/en\/?s={search_term_string}\"},\"query-input\":{\"@type\":\"PropertyValueSpecification\",\"valueRequired\":true,\"valueName\":\"search_term_string\"}}],\"inLanguage\":\"en-US\"},{\"@type\":\"Organization\",\"@id\":\"https:\/\/pervasa.net\/en\/#organization\",\"name\":\"Pervasa. S.L.\",\"url\":\"https:\/\/pervasa.net\/en\/\",\"logo\":{\"@type\":\"ImageObject\",\"inLanguage\":\"en-US\",\"@id\":\"https:\/\/pervasa.net\/en\/#\/schema\/logo\/image\/\",\"url\":\"https:\/\/pervasa.net\/wp-content\/uploads\/2020\/10\/logo-pervasa.svg\",\"contentUrl\":\"https:\/\/pervasa.net\/wp-content\/uploads\/2020\/10\/logo-pervasa.svg\",\"width\":2788,\"height\":769,\"caption\":\"Pervasa. S.L.\"},\"image\":{\"@id\":\"https:\/\/pervasa.net\/en\/#\/schema\/logo\/image\/\"}}]}<\/script>\n<!-- \/ Yoast SEO plugin. -->","yoast_head_json":{"title":"PVC Extrusion Services and Manufacture - Pervasa","description":"We control every step of the PVC extrusion and manufacturing process. From the design to the quality of the plastic profiles, finishing with their transport.","robots":{"index":"index","follow":"follow","max-snippet":"max-snippet:-1","max-image-preview":"max-image-preview:large","max-video-preview":"max-video-preview:-1"},"canonical":"https:\/\/pervasa.net\/en\/pvc-extrusion-services\/","og_locale":"en_US","og_type":"article","og_title":"PVC Extrusion Services and Manufacture - Pervasa","og_description":"We control every step of the PVC extrusion and manufacturing process. From the design to the quality of the plastic profiles, finishing with their transport.","og_url":"https:\/\/pervasa.net\/en\/pvc-extrusion-services\/","og_site_name":"Pervasa","article_modified_time":"2022-11-29T08:02:30+00:00","twitter_card":"summary_large_image","twitter_misc":{"Est. reading time":"1 minute"},"schema":{"@context":"https:\/\/schema.org","@graph":[{"@type":"WebPage","@id":"https:\/\/pervasa.net\/en\/pvc-extrusion-services\/","url":"https:\/\/pervasa.net\/en\/pvc-extrusion-services\/","name":"PVC Extrusion Services and Manufacture - Pervasa","isPartOf":{"@id":"https:\/\/pervasa.net\/en\/#website"},"datePublished":"2020-12-09T16:11:24+00:00","dateModified":"2022-11-29T08:02:30+00:00","description":"We control every step of the PVC extrusion and manufacturing process. From the design to the quality of the plastic profiles, finishing with their transport.","breadcrumb":{"@id":"https:\/\/pervasa.net\/en\/pvc-extrusion-services\/#breadcrumb"},"inLanguage":"en-US","potentialAction":[{"@type":"ReadAction","target":["https:\/\/pervasa.net\/en\/pvc-extrusion-services\/"]}]},{"@type":"BreadcrumbList","@id":"https:\/\/pervasa.net\/en\/pvc-extrusion-services\/#breadcrumb","itemListElement":[{"@type":"ListItem","position":1,"name":"Home","item":"https:\/\/pervasa.net\/en\/home\/"},{"@type":"ListItem","position":2,"name":"Services"}]},{"@type":"WebSite","@id":"https:\/\/pervasa.net\/en\/#website","url":"https:\/\/pervasa.net\/en\/","name":"Pervasa","description":"M\u00e1s de 35 a\u00f1os dedicados a la fabricaci\u00f3n de perfiles t\u00e9cnicos","publisher":{"@id":"https:\/\/pervasa.net\/en\/#organization"},"potentialAction":[{"@type":"SearchAction","target":{"@type":"EntryPoint","urlTemplate":"https:\/\/pervasa.net\/en\/?s={search_term_string}"},"query-input":{"@type":"PropertyValueSpecification","valueRequired":true,"valueName":"search_term_string"}}],"inLanguage":"en-US"},{"@type":"Organization","@id":"https:\/\/pervasa.net\/en\/#organization","name":"Pervasa. S.L.","url":"https:\/\/pervasa.net\/en\/","logo":{"@type":"ImageObject","inLanguage":"en-US","@id":"https:\/\/pervasa.net\/en\/#\/schema\/logo\/image\/","url":"https:\/\/pervasa.net\/wp-content\/uploads\/2020\/10\/logo-pervasa.svg","contentUrl":"https:\/\/pervasa.net\/wp-content\/uploads\/2020\/10\/logo-pervasa.svg","width":2788,"height":769,"caption":"Pervasa. S.L."},"image":{"@id":"https:\/\/pervasa.net\/en\/#\/schema\/logo\/image\/"}}]}},"_links":{"self":[{"href":"https:\/\/pervasa.net\/en\/wp-json\/wp\/v2\/pages\/694","targetHints":{"allow":["GET"]}}],"collection":[{"href":"https:\/\/pervasa.net\/en\/wp-json\/wp\/v2\/pages"}],"about":[{"href":"https:\/\/pervasa.net\/en\/wp-json\/wp\/v2\/types\/page"}],"author":[{"embeddable":true,"href":"https:\/\/pervasa.net\/en\/wp-json\/wp\/v2\/users\/1"}],"replies":[{"embeddable":true,"href":"https:\/\/pervasa.net\/en\/wp-json\/wp\/v2\/comments?post=694"}],"version-history":[{"count":0,"href":"https:\/\/pervasa.net\/en\/wp-json\/wp\/v2\/pages\/694\/revisions"}],"wp:attachment":[{"href":"https:\/\/pervasa.net\/en\/wp-json\/wp\/v2\/media?parent=694"}],"curies":[{"name":"wp","href":"https:\/\/api.w.org\/{rel}","templated":true}]}}