{"id":735,"date":"2020-12-09T16:36:19","date_gmt":"2020-12-09T16:36:19","guid":{"rendered":"https:\/\/pervasa.mmkt.dev\/?page_id=735"},"modified":"2024-07-05T09:35:50","modified_gmt":"2024-07-05T09:35:50","slug":"plastic-extrusion-profesional-team","status":"publish","type":"page","link":"https:\/\/pervasa.net\/en\/plastic-extrusion-profesional-team\/","title":{"rendered":"Team"},"content":{"rendered":"<div class=\"wpb-content-wrapper\">[vc_row][vc_column width=&#8221;1\/3&#8243;]<figure class=\"vcex-image vcex-module wpex-text-center\"><div class=\"vcex-image-inner wpex-relative wpex-inline-block\"><img loading=\"lazy\" class=\"vcex-image-img wpex-align-middle\" decoding=\"async\" src=\"https:\/\/pervasa.net\/wp-content\/uploads\/2020\/11\/agusti-bachs-gerent.jpg\" alt=\"Agust\u00ed Bachs\" width=\"150\" height=\"179\"><\/div><\/figure><div class=\"vcex-spacing wpex-w-100 wpex-clear\" style=\"height:20px;\"><\/div><style>.vcex-heading.vcex_69f9e70db60de{font-size:18px;}<\/style><div class=\"vcex-heading vcex-heading-plain vcex-module wpex-heading wpex-text-2xl wpex-text-center vcex_69f9e70db60de\"><span class=\"vcex-heading-inner wpex-inline-block\">Agust\u00ed Bachs<\/span><\/div>[vc_column_text text_align=&#8221;center&#8221; font_size=&#8221;14&#8243;]<em>Managing Director<\/em>[\/vc_column_text][\/vc_column][vc_column width=&#8221;1\/3&#8243;]<figure class=\"vcex-image vcex-module wpex-text-center\"><div class=\"vcex-image-inner wpex-relative wpex-inline-block\"><img loading=\"lazy\" class=\"vcex-image-img wpex-align-middle\" decoding=\"async\" src=\"https:\/\/pervasa.net\/wp-content\/uploads\/2020\/10\/elisenda-bachs-1.jpg\" alt=\"Elisenda Bachs\" width=\"150\" height=\"179\"><\/div><\/figure><div class=\"vcex-spacing wpex-w-100 wpex-clear\" style=\"height:20px;\"><\/div><style>.vcex-heading.vcex_69f9e70db8792{font-size:18px;}<\/style><div class=\"vcex-heading vcex-heading-plain vcex-module wpex-heading wpex-text-2xl wpex-text-center vcex_69f9e70db8792\"><span class=\"vcex-heading-inner wpex-inline-block\">Elisenda Bachs<\/span><\/div>[vc_column_text text_align=&#8221;center&#8221; font_size=&#8221;14&#8243;]<em>CEO<br \/>\n<\/em><a href=\"mailto:abachs@pervasa.net\">abachs@pervasa.net<\/a>[\/vc_column_text][\/vc_column][vc_column width=&#8221;1\/3&#8243;]<figure class=\"vcex-image vcex-module wpex-text-center\"><div class=\"vcex-image-inner wpex-relative wpex-inline-block\"><img loading=\"lazy\" class=\"vcex-image-img wpex-align-middle\" decoding=\"async\" src=\"https:\/\/pervasa.net\/wp-content\/uploads\/2020\/10\/agusti-bachs.jpg\" alt=\"Agust\u00ed Bachs\" width=\"150\" height=\"179\"><\/div><\/figure><div class=\"vcex-spacing wpex-w-100 wpex-clear\" style=\"height:20px;\"><\/div><style>.vcex-heading.vcex_69f9e70dbabfa{font-size:18px;}<\/style><div class=\"vcex-heading vcex-heading-plain vcex-module wpex-heading wpex-text-2xl wpex-text-center vcex_69f9e70dbabfa\"><span class=\"vcex-heading-inner wpex-inline-block\">Agust\u00ed Bachs Fabr\u00e9s<\/span><\/div>[vc_column_text text_align=&#8221;center&#8221; font_size=&#8221;14&#8243;]<em>Technical Manager<br \/>\n<\/em><a href=\"mailto:agusti.bachs@pervasa.net\">agusti.bachs@pervasa.net<\/a>[\/vc_column_text][\/vc_column][\/vc_row][vc_row][vc_column width=&#8221;1\/3&#8243;]<figure class=\"vcex-image vcex-module wpex-text-center\"><div class=\"vcex-image-inner wpex-relative wpex-inline-block\"><img loading=\"lazy\" class=\"vcex-image-img wpex-align-middle\" decoding=\"async\" src=\"https:\/\/pervasa.net\/wp-content\/uploads\/2024\/06\/antonio-150x191.jpg\" alt=\"\" srcset=\"https:\/\/pervasa.net\/wp-content\/uploads\/2024\/06\/antonio-150x191.jpg 150w, https:\/\/pervasa.net\/wp-content\/uploads\/2024\/06\/antonio-236x300.jpg 236w, https:\/\/pervasa.net\/wp-content\/uploads\/2024\/06\/antonio.jpg 300w\" width=\"150\" height=\"191\"><\/div><\/figure><div class=\"vcex-spacing wpex-w-100 wpex-clear\" style=\"height:20px;\"><\/div><style>.vcex-heading.vcex_69f9e70dbd0fc{font-size:18px;}<\/style><div class=\"vcex-heading vcex-heading-plain vcex-module wpex-heading wpex-text-2xl wpex-text-center vcex_69f9e70dbd0fc\"><span class=\"vcex-heading-inner wpex-inline-block\">Antonio Alfaro<\/span><\/div>[vc_column_text text_align=&#8221;center&#8221; font_size=&#8221;14&#8243;]<em>Production Manager<br \/>\n<\/em>[\/vc_column_text][\/vc_column][vc_column width=&#8221;1\/3&#8243;]<figure class=\"vcex-image vcex-module wpex-text-center\"><div class=\"vcex-image-inner wpex-relative wpex-inline-block\"><img loading=\"lazy\" class=\"vcex-image-img wpex-align-middle\" decoding=\"async\" src=\"https:\/\/pervasa.net\/wp-content\/uploads\/2020\/10\/joan-llagues.jpg\" alt=\"Joan Llargu\u00e9s\" width=\"150\" height=\"179\"><\/div><\/figure><div class=\"vcex-spacing wpex-w-100 wpex-clear\" style=\"height:20px;\"><\/div><style>.vcex-heading.vcex_69f9e70dbf539{font-size:18px;}<\/style><div class=\"vcex-heading vcex-heading-plain vcex-module wpex-heading wpex-text-2xl wpex-text-center vcex_69f9e70dbf539\"><span class=\"vcex-heading-inner wpex-inline-block\">Joan Llargu\u00e9s<\/span><\/div>[vc_column_text text_align=&#8221;center&#8221; font_size=&#8221;14&#8243;]<em>Sales Advisor<br \/>\n<\/em><a href=\"mailto:jllargues@pervasa.net\">jllargues@pervasa.net<\/a>[\/vc_column_text][\/vc_column][vc_column width=&#8221;1\/3&#8243;]<figure class=\"vcex-image vcex-module wpex-text-center\"><div class=\"vcex-image-inner wpex-relative wpex-inline-block\"><img loading=\"lazy\" class=\"vcex-image-img wpex-align-middle\" decoding=\"async\" src=\"https:\/\/pervasa.net\/wp-content\/uploads\/2020\/10\/gerard-defior.jpg\" alt=\"Gerard Defior\" width=\"150\" height=\"179\"><\/div><\/figure><div class=\"vcex-spacing wpex-w-100 wpex-clear\" style=\"height:20px;\"><\/div><style>.vcex-heading.vcex_69f9e70dc18db{font-size:18px;}<\/style><div class=\"vcex-heading vcex-heading-plain vcex-module wpex-heading wpex-text-2xl wpex-text-center vcex_69f9e70dc18db\"><span class=\"vcex-heading-inner wpex-inline-block\">Gerard Defior<\/span><\/div>[vc_column_text text_align=&#8221;center&#8221; font_size=&#8221;14&#8243;]<em>Finance Department<br \/>\n<\/em><a href=\"mailto:gdefior@pervasa.net\">gdefior@pervasa.net<\/a>[\/vc_column_text][\/vc_column][\/vc_row][vc_row][vc_column width=&#8221;1\/3&#8243;]<figure class=\"vcex-image vcex-module wpex-text-center\"><div class=\"vcex-image-inner wpex-relative wpex-inline-block\"><img loading=\"lazy\" class=\"vcex-image-img wpex-align-middle\" decoding=\"async\" src=\"https:\/\/pervasa.net\/wp-content\/uploads\/2020\/10\/elena-leal.jpg\" alt=\"Anna Leal\" width=\"150\" height=\"179\"><\/div><\/figure><div class=\"vcex-spacing wpex-w-100 wpex-clear\" style=\"height:20px;\"><\/div><style>.vcex-heading.vcex_69f9e70dc3dfd{font-size:18px;}<\/style><div class=\"vcex-heading vcex-heading-plain vcex-module wpex-heading wpex-text-2xl wpex-text-center vcex_69f9e70dc3dfd\"><span class=\"vcex-heading-inner wpex-inline-block\">Anna Leal<\/span><\/div>[vc_column_text text_align=&#8221;center&#8221; font_size=&#8221;14&#8243;]<em>Order Reception &amp; Logistics<br \/>\n<\/em><a href=\"mailto:annaleal@pervasa.net\">annaleal@pervasa.net<\/a>[\/vc_column_text][\/vc_column][\/vc_row]\n<\/div>","protected":false},"excerpt":{"rendered":"<p>[vc_row][vc_column width=&#8221;1\/3&#8243;][vc_column_text text_align=&#8221;center&#8221; font_size=&#8221;14&#8243;]Managing Director[\/vc_column_text][\/vc_column][vc_column width=&#8221;1\/3&#8243;][vc_column_text text_align=&#8221;center&#8221; font_size=&#8221;14&#8243;]CEO abachs@pervasa.net[\/vc_column_text][\/vc_column][vc_column width=&#8221;1\/3&#8243;][vc_column_text text_align=&#8221;center&#8221; font_size=&#8221;14&#8243;]Technical Manager agusti.bachs@pervasa.net[\/vc_column_text][\/vc_column][\/vc_row][vc_row][vc_column width=&#8221;1\/3&#8243;][vc_column_text text_align=&#8221;center&#8221; font_size=&#8221;14&#8243;]Production Manager [\/vc_column_text][\/vc_column][vc_column width=&#8221;1\/3&#8243;][vc_column_text text_align=&#8221;center&#8221; font_size=&#8221;14&#8243;]Sales Advisor jllargues@pervasa.net[\/vc_column_text][\/vc_column][vc_column width=&#8221;1\/3&#8243;][vc_column_text text_align=&#8221;center&#8221; font_size=&#8221;14&#8243;]Finance Department gdefior@pervasa.net[\/vc_column_text][\/vc_column][\/vc_row][vc_row][vc_column width=&#8221;1\/3&#8243;][vc_column_text text_align=&#8221;center&#8221; font_size=&#8221;14&#8243;]Order Reception &amp; Logistics annaleal@pervasa.net[\/vc_column_text][\/vc_column][\/vc_row]<\/p>\n","protected":false},"author":1,"featured_media":0,"parent":0,"menu_order":0,"comment_status":"closed","ping_status":"closed","template":"","meta":{"footnotes":""},"class_list":["post-735","page","type-page","status-publish","hentry","entry","no-media"],"yoast_head":"<!-- This site is optimized with the Yoast SEO plugin v26.5 - https:\/\/yoast.com\/wordpress\/plugins\/seo\/ -->\n<title>Pervasa Team \u2013 Experience in Plastic Extrusion Products<\/title>\n<meta name=\"description\" content=\"Meet the professional team of Pervasa, experts in plastic extrusion products for all kind of sectors. Manufacture of high-quality plastic profiles.\" \/>\n<meta name=\"robots\" content=\"index, follow, max-snippet:-1, max-image-preview:large, max-video-preview:-1\" \/>\n<link rel=\"canonical\" href=\"https:\/\/pervasa.net\/en\/plastic-extrusion-profesional-team\/\" \/>\n<meta property=\"og:locale\" content=\"en_US\" \/>\n<meta property=\"og:type\" content=\"article\" \/>\n<meta property=\"og:title\" content=\"Pervasa Team \u2013 Experience in Plastic Extrusion Products\" \/>\n<meta property=\"og:description\" content=\"Meet the professional team of Pervasa, experts in plastic extrusion products for all kind of sectors. Manufacture of high-quality plastic profiles.\" \/>\n<meta property=\"og:url\" content=\"https:\/\/pervasa.net\/en\/plastic-extrusion-profesional-team\/\" \/>\n<meta property=\"og:site_name\" content=\"Pervasa\" \/>\n<meta property=\"article:modified_time\" content=\"2024-07-05T09:35:50+00:00\" \/>\n<meta name=\"twitter:card\" content=\"summary_large_image\" \/>\n<meta name=\"twitter:label1\" content=\"Est. reading time\" \/>\n\t<meta name=\"twitter:data1\" content=\"1 minute\" \/>\n<script type=\"application\/ld+json\" class=\"yoast-schema-graph\">{\"@context\":\"https:\/\/schema.org\",\"@graph\":[{\"@type\":\"WebPage\",\"@id\":\"https:\/\/pervasa.net\/en\/plastic-extrusion-profesional-team\/\",\"url\":\"https:\/\/pervasa.net\/en\/plastic-extrusion-profesional-team\/\",\"name\":\"Pervasa Team \u2013 Experience in Plastic Extrusion Products\",\"isPartOf\":{\"@id\":\"https:\/\/pervasa.net\/en\/#website\"},\"datePublished\":\"2020-12-09T16:36:19+00:00\",\"dateModified\":\"2024-07-05T09:35:50+00:00\",\"description\":\"Meet the professional team of Pervasa, experts in plastic extrusion products for all kind of sectors. Manufacture of high-quality plastic profiles.\",\"breadcrumb\":{\"@id\":\"https:\/\/pervasa.net\/en\/plastic-extrusion-profesional-team\/#breadcrumb\"},\"inLanguage\":\"en-US\",\"potentialAction\":[{\"@type\":\"ReadAction\",\"target\":[\"https:\/\/pervasa.net\/en\/plastic-extrusion-profesional-team\/\"]}]},{\"@type\":\"BreadcrumbList\",\"@id\":\"https:\/\/pervasa.net\/en\/plastic-extrusion-profesional-team\/#breadcrumb\",\"itemListElement\":[{\"@type\":\"ListItem\",\"position\":1,\"name\":\"Home\",\"item\":\"https:\/\/pervasa.net\/en\/home\/\"},{\"@type\":\"ListItem\",\"position\":2,\"name\":\"Team\"}]},{\"@type\":\"WebSite\",\"@id\":\"https:\/\/pervasa.net\/en\/#website\",\"url\":\"https:\/\/pervasa.net\/en\/\",\"name\":\"Pervasa\",\"description\":\"M\u00e1s de 35 a\u00f1os dedicados a la fabricaci\u00f3n de perfiles t\u00e9cnicos\",\"publisher\":{\"@id\":\"https:\/\/pervasa.net\/en\/#organization\"},\"potentialAction\":[{\"@type\":\"SearchAction\",\"target\":{\"@type\":\"EntryPoint\",\"urlTemplate\":\"https:\/\/pervasa.net\/en\/?s={search_term_string}\"},\"query-input\":{\"@type\":\"PropertyValueSpecification\",\"valueRequired\":true,\"valueName\":\"search_term_string\"}}],\"inLanguage\":\"en-US\"},{\"@type\":\"Organization\",\"@id\":\"https:\/\/pervasa.net\/en\/#organization\",\"name\":\"Pervasa. S.L.\",\"url\":\"https:\/\/pervasa.net\/en\/\",\"logo\":{\"@type\":\"ImageObject\",\"inLanguage\":\"en-US\",\"@id\":\"https:\/\/pervasa.net\/en\/#\/schema\/logo\/image\/\",\"url\":\"https:\/\/pervasa.net\/wp-content\/uploads\/2020\/10\/logo-pervasa.svg\",\"contentUrl\":\"https:\/\/pervasa.net\/wp-content\/uploads\/2020\/10\/logo-pervasa.svg\",\"width\":2788,\"height\":769,\"caption\":\"Pervasa. S.L.\"},\"image\":{\"@id\":\"https:\/\/pervasa.net\/en\/#\/schema\/logo\/image\/\"}}]}<\/script>\n<!-- \/ Yoast SEO plugin. -->","yoast_head_json":{"title":"Pervasa Team \u2013 Experience in Plastic Extrusion Products","description":"Meet the professional team of Pervasa, experts in plastic extrusion products for all kind of sectors. Manufacture of high-quality plastic profiles.","robots":{"index":"index","follow":"follow","max-snippet":"max-snippet:-1","max-image-preview":"max-image-preview:large","max-video-preview":"max-video-preview:-1"},"canonical":"https:\/\/pervasa.net\/en\/plastic-extrusion-profesional-team\/","og_locale":"en_US","og_type":"article","og_title":"Pervasa Team \u2013 Experience in Plastic Extrusion Products","og_description":"Meet the professional team of Pervasa, experts in plastic extrusion products for all kind of sectors. Manufacture of high-quality plastic profiles.","og_url":"https:\/\/pervasa.net\/en\/plastic-extrusion-profesional-team\/","og_site_name":"Pervasa","article_modified_time":"2024-07-05T09:35:50+00:00","twitter_card":"summary_large_image","twitter_misc":{"Est. reading time":"1 minute"},"schema":{"@context":"https:\/\/schema.org","@graph":[{"@type":"WebPage","@id":"https:\/\/pervasa.net\/en\/plastic-extrusion-profesional-team\/","url":"https:\/\/pervasa.net\/en\/plastic-extrusion-profesional-team\/","name":"Pervasa Team \u2013 Experience in Plastic Extrusion Products","isPartOf":{"@id":"https:\/\/pervasa.net\/en\/#website"},"datePublished":"2020-12-09T16:36:19+00:00","dateModified":"2024-07-05T09:35:50+00:00","description":"Meet the professional team of Pervasa, experts in plastic extrusion products for all kind of sectors. Manufacture of high-quality plastic profiles.","breadcrumb":{"@id":"https:\/\/pervasa.net\/en\/plastic-extrusion-profesional-team\/#breadcrumb"},"inLanguage":"en-US","potentialAction":[{"@type":"ReadAction","target":["https:\/\/pervasa.net\/en\/plastic-extrusion-profesional-team\/"]}]},{"@type":"BreadcrumbList","@id":"https:\/\/pervasa.net\/en\/plastic-extrusion-profesional-team\/#breadcrumb","itemListElement":[{"@type":"ListItem","position":1,"name":"Home","item":"https:\/\/pervasa.net\/en\/home\/"},{"@type":"ListItem","position":2,"name":"Team"}]},{"@type":"WebSite","@id":"https:\/\/pervasa.net\/en\/#website","url":"https:\/\/pervasa.net\/en\/","name":"Pervasa","description":"M\u00e1s de 35 a\u00f1os dedicados a la fabricaci\u00f3n de perfiles t\u00e9cnicos","publisher":{"@id":"https:\/\/pervasa.net\/en\/#organization"},"potentialAction":[{"@type":"SearchAction","target":{"@type":"EntryPoint","urlTemplate":"https:\/\/pervasa.net\/en\/?s={search_term_string}"},"query-input":{"@type":"PropertyValueSpecification","valueRequired":true,"valueName":"search_term_string"}}],"inLanguage":"en-US"},{"@type":"Organization","@id":"https:\/\/pervasa.net\/en\/#organization","name":"Pervasa. S.L.","url":"https:\/\/pervasa.net\/en\/","logo":{"@type":"ImageObject","inLanguage":"en-US","@id":"https:\/\/pervasa.net\/en\/#\/schema\/logo\/image\/","url":"https:\/\/pervasa.net\/wp-content\/uploads\/2020\/10\/logo-pervasa.svg","contentUrl":"https:\/\/pervasa.net\/wp-content\/uploads\/2020\/10\/logo-pervasa.svg","width":2788,"height":769,"caption":"Pervasa. S.L."},"image":{"@id":"https:\/\/pervasa.net\/en\/#\/schema\/logo\/image\/"}}]}},"_links":{"self":[{"href":"https:\/\/pervasa.net\/en\/wp-json\/wp\/v2\/pages\/735","targetHints":{"allow":["GET"]}}],"collection":[{"href":"https:\/\/pervasa.net\/en\/wp-json\/wp\/v2\/pages"}],"about":[{"href":"https:\/\/pervasa.net\/en\/wp-json\/wp\/v2\/types\/page"}],"author":[{"embeddable":true,"href":"https:\/\/pervasa.net\/en\/wp-json\/wp\/v2\/users\/1"}],"replies":[{"embeddable":true,"href":"https:\/\/pervasa.net\/en\/wp-json\/wp\/v2\/comments?post=735"}],"version-history":[{"count":0,"href":"https:\/\/pervasa.net\/en\/wp-json\/wp\/v2\/pages\/735\/revisions"}],"wp:attachment":[{"href":"https:\/\/pervasa.net\/en\/wp-json\/wp\/v2\/media?parent=735"}],"curies":[{"name":"wp","href":"https:\/\/api.w.org\/{rel}","templated":true}]}}