{"id":751,"date":"2020-12-09T16:39:34","date_gmt":"2020-12-09T16:39:34","guid":{"rendered":"https:\/\/pervasa.mmkt.dev\/?page_id=751"},"modified":"2020-12-23T21:52:30","modified_gmt":"2020-12-23T21:52:30","slug":"plastic-profiles-products","status":"publish","type":"page","link":"https:\/\/pervasa.net\/en\/plastic-profiles-products\/","title":{"rendered":"Products"},"content":{"rendered":"<div class=\"wpb-content-wrapper\">[vc_row][vc_column width=&#8221;1\/3&#8243;]<style>.vcex-icon-box.vcex_69f9e6ea82950 .vcex-icon-box-image{width:100px;}<\/style><a class=\"vcex-module vcex-icon-box vcex-icon-box-two vcex-icon-box-has-link wpex-inherit-color wpex-no-underline wpex-block wpex-text-center vcex_69f9e6ea82950\" href=\"https:\/\/pervasa.net\/en\/plastic-profiles-products\/lighting-led-strip-diffuser\/\"><div class=\"vcex-icon-box-symbol vcex-icon-box-symbol--image wpex-mb-20\"><img loading=\"lazy\" class=\"vcex-icon-box-image wpex-align-middle\" alt=\"pvc profiles\" decoding=\"async\" src=\"https:\/\/pervasa.net\/wp-content\/uploads\/2020\/10\/ilu-led.svg\" srcset=\"https:\/\/pervasa.net\/wp-content\/uploads\/\/2020\/10\/ilu-led.svg 150w, https:\/\/pervasa.net\/wp-content\/uploads\/\/2020\/10\/ilu-led.svg 300w, https:\/\/pervasa.net\/wp-content\/uploads\/\/2020\/10\/ilu-led.svg 1024w, https:\/\/pervasa.net\/wp-content\/uploads\/\/2020\/10\/ilu-led.svg 1536w, https:\/\/pervasa.net\/wp-content\/uploads\/\/2020\/10\/ilu-led.svg 2048w\" width=\"2134\" height=\"2134\"><\/div><div class=\"vcex-icon-box-text\"><h2 class=\"vcex-icon-box-heading wpex-heading wpex-text-md wpex-mb-10\">LIGHTING<\/h2><div class=\"vcex-icon-box-content wpex-last-mb-0 wpex-clr\"><p><span lang=\"EN-GB\">At Pervasa we offer a wide range of light diffusers, tubes and accessories.<\/span><\/p>\n<\/div><\/div><\/a>[\/vc_column][vc_column width=&#8221;1\/3&#8243;]<style>.vcex-icon-box.vcex_69f9e6ea847c1 .vcex-icon-box-image{width:100px;}<\/style><a class=\"vcex-module vcex-icon-box vcex-icon-box-two vcex-icon-box-has-link wpex-inherit-color wpex-no-underline wpex-block wpex-text-center vcex_69f9e6ea847c1\" href=\"https:\/\/pervasa.net\/en\/plastic-profiles-products\/profile-handle-price-commercial-pos-signage\/\"><div class=\"vcex-icon-box-symbol vcex-icon-box-symbol--image wpex-mb-20\"><img loading=\"lazy\" class=\"vcex-icon-box-image wpex-align-middle\" alt=\"perfileria en pvc\" decoding=\"async\" src=\"https:\/\/pervasa.net\/wp-content\/uploads\/2020\/10\/senalizacion-tronja.svg\" srcset=\"https:\/\/pervasa.net\/wp-content\/uploads\/\/2020\/10\/senalizacion-tronja.svg 150w, https:\/\/pervasa.net\/wp-content\/uploads\/\/2020\/10\/senalizacion-tronja.svg 300w, https:\/\/pervasa.net\/wp-content\/uploads\/\/2020\/10\/senalizacion-tronja.svg 1024w, https:\/\/pervasa.net\/wp-content\/uploads\/\/2020\/10\/senalizacion-tronja.svg 1536w, https:\/\/pervasa.net\/wp-content\/uploads\/\/2020\/10\/senalizacion-tronja.svg 2048w\" width=\"8892\" height=\"8892\"><\/div><div class=\"vcex-icon-box-text\"><h2 class=\"vcex-icon-box-heading wpex-heading wpex-text-md wpex-mb-10\">COMMERCIAL AND POS SIGNAGE<\/h2><div class=\"vcex-icon-box-content wpex-last-mb-0 wpex-clr\"><p><span lang=\"EN-GB\">At PERVASA, we offer a wide range of price-holder profiles and accessories for commercial signage.<\/span><\/p>\n<\/div><\/div><\/a>[\/vc_column][vc_column width=&#8221;1\/3&#8243;]<style>.vcex-icon-box.vcex_69f9e6ea85fd4 .vcex-icon-box-image{width:100px;}<\/style><a class=\"vcex-module vcex-icon-box vcex-icon-box-two vcex-icon-box-has-link wpex-inherit-color wpex-no-underline wpex-block wpex-text-center vcex_69f9e6ea85fd4\" href=\"https:\/\/pervasa.net\/en\/plastic-profiles-products\/aluminium-wood-and-pvc-joinery\/\"><div class=\"vcex-icon-box-symbol vcex-icon-box-symbol--image wpex-mb-20\"><img loading=\"lazy\" class=\"vcex-icon-box-image wpex-align-middle\" alt=\"pvc joinery\" decoding=\"async\" src=\"https:\/\/pervasa.net\/wp-content\/uploads\/2020\/10\/carpinteria.svg\" srcset=\"https:\/\/pervasa.net\/wp-content\/uploads\/\/2020\/10\/carpinteria.svg 150w, https:\/\/pervasa.net\/wp-content\/uploads\/\/2020\/10\/carpinteria.svg 300w, https:\/\/pervasa.net\/wp-content\/uploads\/\/2020\/10\/carpinteria.svg 1024w, https:\/\/pervasa.net\/wp-content\/uploads\/\/2020\/10\/carpinteria.svg 1536w, https:\/\/pervasa.net\/wp-content\/uploads\/\/2020\/10\/carpinteria.svg 2048w\" width=\"2134\" height=\"2134\"><\/div><div class=\"vcex-icon-box-text\"><h2 class=\"vcex-icon-box-heading wpex-heading wpex-text-md wpex-mb-10\">ALUMINIUM, WOOD AND PVC JOINERY<\/h2><div class=\"vcex-icon-box-content wpex-last-mb-0 wpex-clr\"><p><span lang=\"EN-GB\">At PERVASA, we offer a wide range of sealing gaskets: rigid, flexible and coextrusion of both.<\/span><\/p>\n<\/div><\/div><\/a>[\/vc_column][\/vc_row][vc_row css_animation=&#8221;none&#8221; style=&#8221;solid&#8221; margin_y=&#8221;&#8221; color=&#8221;#ffffff&#8221; icon_type=&#8221;&#8221; icon_spacing=&#8221;&#8221; width=&#8221;&#8221; align=&#8221;&#8221; height=&#8221;&#8221; dotted_height=&#8221;&#8221; margin=&#8221;&#8221; icon=&#8221;&#8221; icon_fontawesome=&#8221;&#8221; icon_openiconic=&#8221;&#8221; icon_typicons=&#8221;&#8221; icon_entypo=&#8221;&#8221; icon_linecons=&#8221;&#8221; icon_pixelicons=&#8221;&#8221; icon_color=&#8221;&#8221; icon_bg=&#8221;&#8221; icon_size=&#8221;&#8221; icon_height=&#8221;&#8221; icon_width=&#8221;&#8221; icon_border_radius=&#8221;&#8221; icon_padding=&#8221;&#8221;][vc_column]<div class=\"vcex-module vcex-divider vcex-divider-solid vcex-divider-center wpex-mx-auto wpex-block wpex-h-0 wpex-border-b wpex-border-solid wpex-border-main border-gradien large-border-gradien\" style=\"border-color:#ffffff;\"><\/div>[\/vc_column][\/vc_row][vc_row][vc_column width=&#8221;1\/6&#8243;][\/vc_column][vc_column width=&#8221;2\/6&#8243;]<style>.vcex-icon-box.vcex_69f9e6ea87bb4 .vcex-icon-box-image{width:100px;}<\/style><a class=\"vcex-module vcex-icon-box vcex-icon-box-two vcex-icon-box-has-link wpex-inherit-color wpex-no-underline wpex-block wpex-text-center vcex_69f9e6ea87bb4\" href=\"https:\/\/pervasa.net\/en\/plastic-profiles-products\/screens-shower-door-gaskets\/\"><div class=\"vcex-icon-box-symbol vcex-icon-box-symbol--image wpex-mb-20\"><img loading=\"lazy\" class=\"vcex-icon-box-image wpex-align-middle\" alt=\"profile-paroi-de-douche\" decoding=\"async\" src=\"https:\/\/pervasa.net\/wp-content\/uploads\/2020\/10\/mamparas.svg\" srcset=\"https:\/\/pervasa.net\/wp-content\/uploads\/\/2020\/10\/mamparas.svg 150w, https:\/\/pervasa.net\/wp-content\/uploads\/\/2020\/10\/mamparas.svg 300w, https:\/\/pervasa.net\/wp-content\/uploads\/\/2020\/10\/mamparas.svg 1024w, https:\/\/pervasa.net\/wp-content\/uploads\/\/2020\/10\/mamparas.svg 1536w, https:\/\/pervasa.net\/wp-content\/uploads\/\/2020\/10\/mamparas.svg 2048w\" width=\"2134\" height=\"2134\"><\/div><div class=\"vcex-icon-box-text\"><h2 class=\"vcex-icon-box-heading wpex-heading wpex-text-md wpex-mb-10\">SCREENS<\/h2><div class=\"vcex-icon-box-content wpex-last-mb-0 wpex-clr\"><p><span lang=\"EN-GB\">At PERVASA, we offer a wide range of dividers and sealing gaskets, for both bathroom screens and for partitions.<\/span><\/p>\n<\/div><\/div><\/a>[\/vc_column][vc_column width=&#8221;2\/6&#8243;]<style>.vcex-icon-box.vcex_69f9e6ea88f29 .vcex-icon-box-image{width:100px;}<\/style><a class=\"vcex-module vcex-icon-box vcex-icon-box-two vcex-icon-box-has-link wpex-inherit-color wpex-no-underline wpex-block wpex-text-center vcex_69f9e6ea88f29\" href=\"https:\/\/pervasa.net\/en\/plastic-profiles-products\/extrusion-lines-other-sectors\/\"><div class=\"vcex-icon-box-symbol vcex-icon-box-symbol--image wpex-mb-20\"><img loading=\"lazy\" class=\"vcex-icon-box-image wpex-align-middle\" alt=\"extrusion de plastico\" decoding=\"async\" src=\"https:\/\/pervasa.net\/wp-content\/uploads\/2020\/10\/otros-sectores-tronja.svg\" srcset=\"https:\/\/pervasa.net\/wp-content\/uploads\/\/2020\/10\/otros-sectores-tronja.svg 150w, https:\/\/pervasa.net\/wp-content\/uploads\/\/2020\/10\/otros-sectores-tronja.svg 300w, https:\/\/pervasa.net\/wp-content\/uploads\/\/2020\/10\/otros-sectores-tronja.svg 1024w, https:\/\/pervasa.net\/wp-content\/uploads\/\/2020\/10\/otros-sectores-tronja.svg 1536w, https:\/\/pervasa.net\/wp-content\/uploads\/\/2020\/10\/otros-sectores-tronja.svg 2048w\" width=\"8892\" height=\"8892\"><\/div><div class=\"vcex-icon-box-text\"><h2 class=\"vcex-icon-box-heading wpex-heading wpex-text-md wpex-mb-10\">OTHER SECTORS<\/h2><div class=\"vcex-icon-box-content wpex-last-mb-0 wpex-clr\"><p><span lang=\"EN-GB\">We also work with other sectors. Find out more here.<\/span><\/p>\n<\/div><\/div><\/a>[\/vc_column][vc_column width=&#8221;1\/6&#8243;][\/vc_column][\/vc_row]\n<\/div>","protected":false},"excerpt":{"rendered":"<p>[vc_row][vc_column width=&#8221;1\/3&#8243;][\/vc_column][vc_column width=&#8221;1\/3&#8243;][\/vc_column][vc_column width=&#8221;1\/3&#8243;][\/vc_column][\/vc_row][vc_row css_animation=&#8221;none&#8221; style=&#8221;solid&#8221; margin_y=&#8221;&#8221; color=&#8221;#ffffff&#8221; icon_type=&#8221;&#8221; icon_spacing=&#8221;&#8221; width=&#8221;&#8221; align=&#8221;&#8221; height=&#8221;&#8221; dotted_height=&#8221;&#8221; margin=&#8221;&#8221; icon=&#8221;&#8221; icon_fontawesome=&#8221;&#8221; icon_openiconic=&#8221;&#8221; icon_typicons=&#8221;&#8221; icon_entypo=&#8221;&#8221; icon_linecons=&#8221;&#8221; icon_pixelicons=&#8221;&#8221; icon_color=&#8221;&#8221; icon_bg=&#8221;&#8221; icon_size=&#8221;&#8221; icon_height=&#8221;&#8221; icon_width=&#8221;&#8221; icon_border_radius=&#8221;&#8221; icon_padding=&#8221;&#8221;][vc_column][\/vc_column][\/vc_row][vc_row][vc_column width=&#8221;1\/6&#8243;][\/vc_column][vc_column width=&#8221;2\/6&#8243;][\/vc_column][vc_column width=&#8221;2\/6&#8243;][\/vc_column][vc_column width=&#8221;1\/6&#8243;][\/vc_column][\/vc_row]<\/p>\n","protected":false},"author":1,"featured_media":0,"parent":0,"menu_order":0,"comment_status":"closed","ping_status":"closed","template":"","meta":{"footnotes":""},"class_list":["post-751","page","type-page","status-publish","hentry","entry","no-media"],"yoast_head":"<!-- This site is optimized with the Yoast SEO plugin v26.5 - https:\/\/yoast.com\/wordpress\/plugins\/seo\/ -->\n<title>Multiple Solution in Plastic Profiles Products - Pervasa<\/title>\n<meta name=\"description\" content=\"Pervasa, as expert manufacturers of plastic profiles, offers solutions and products of PVC extrusion Profiles for multiple sectors. Discover our products.\" \/>\n<meta name=\"robots\" content=\"index, follow, max-snippet:-1, max-image-preview:large, max-video-preview:-1\" \/>\n<link rel=\"canonical\" href=\"https:\/\/pervasa.net\/en\/plastic-profiles-products\/\" \/>\n<meta property=\"og:locale\" content=\"en_US\" \/>\n<meta property=\"og:type\" content=\"article\" \/>\n<meta property=\"og:title\" content=\"Multiple Solution in Plastic Profiles Products - Pervasa\" \/>\n<meta property=\"og:description\" content=\"Pervasa, as expert manufacturers of plastic profiles, offers solutions and products of PVC extrusion Profiles for multiple sectors. Discover our products.\" \/>\n<meta property=\"og:url\" content=\"https:\/\/pervasa.net\/en\/plastic-profiles-products\/\" \/>\n<meta property=\"og:site_name\" content=\"Pervasa\" \/>\n<meta property=\"article:modified_time\" content=\"2020-12-23T21:52:30+00:00\" \/>\n<meta name=\"twitter:card\" content=\"summary_large_image\" \/>\n<meta name=\"twitter:label1\" content=\"Est. reading time\" \/>\n\t<meta name=\"twitter:data1\" content=\"2 minutes\" \/>\n<script type=\"application\/ld+json\" class=\"yoast-schema-graph\">{\"@context\":\"https:\/\/schema.org\",\"@graph\":[{\"@type\":\"WebPage\",\"@id\":\"https:\/\/pervasa.net\/en\/plastic-profiles-products\/\",\"url\":\"https:\/\/pervasa.net\/en\/plastic-profiles-products\/\",\"name\":\"Multiple Solution in Plastic Profiles Products - Pervasa\",\"isPartOf\":{\"@id\":\"https:\/\/pervasa.net\/en\/#website\"},\"datePublished\":\"2020-12-09T16:39:34+00:00\",\"dateModified\":\"2020-12-23T21:52:30+00:00\",\"description\":\"Pervasa, as expert manufacturers of plastic profiles, offers solutions and products of PVC extrusion Profiles for multiple sectors. Discover our products.\",\"breadcrumb\":{\"@id\":\"https:\/\/pervasa.net\/en\/plastic-profiles-products\/#breadcrumb\"},\"inLanguage\":\"en-US\",\"potentialAction\":[{\"@type\":\"ReadAction\",\"target\":[\"https:\/\/pervasa.net\/en\/plastic-profiles-products\/\"]}]},{\"@type\":\"BreadcrumbList\",\"@id\":\"https:\/\/pervasa.net\/en\/plastic-profiles-products\/#breadcrumb\",\"itemListElement\":[{\"@type\":\"ListItem\",\"position\":1,\"name\":\"Home\",\"item\":\"https:\/\/pervasa.net\/en\/home\/\"},{\"@type\":\"ListItem\",\"position\":2,\"name\":\"Products\"}]},{\"@type\":\"WebSite\",\"@id\":\"https:\/\/pervasa.net\/en\/#website\",\"url\":\"https:\/\/pervasa.net\/en\/\",\"name\":\"Pervasa\",\"description\":\"M\u00e1s de 35 a\u00f1os dedicados a la fabricaci\u00f3n de perfiles t\u00e9cnicos\",\"publisher\":{\"@id\":\"https:\/\/pervasa.net\/en\/#organization\"},\"potentialAction\":[{\"@type\":\"SearchAction\",\"target\":{\"@type\":\"EntryPoint\",\"urlTemplate\":\"https:\/\/pervasa.net\/en\/?s={search_term_string}\"},\"query-input\":{\"@type\":\"PropertyValueSpecification\",\"valueRequired\":true,\"valueName\":\"search_term_string\"}}],\"inLanguage\":\"en-US\"},{\"@type\":\"Organization\",\"@id\":\"https:\/\/pervasa.net\/en\/#organization\",\"name\":\"Pervasa. S.L.\",\"url\":\"https:\/\/pervasa.net\/en\/\",\"logo\":{\"@type\":\"ImageObject\",\"inLanguage\":\"en-US\",\"@id\":\"https:\/\/pervasa.net\/en\/#\/schema\/logo\/image\/\",\"url\":\"https:\/\/pervasa.net\/wp-content\/uploads\/2020\/10\/logo-pervasa.svg\",\"contentUrl\":\"https:\/\/pervasa.net\/wp-content\/uploads\/2020\/10\/logo-pervasa.svg\",\"width\":2788,\"height\":769,\"caption\":\"Pervasa. S.L.\"},\"image\":{\"@id\":\"https:\/\/pervasa.net\/en\/#\/schema\/logo\/image\/\"}}]}<\/script>\n<!-- \/ Yoast SEO plugin. -->","yoast_head_json":{"title":"Multiple Solution in Plastic Profiles Products - Pervasa","description":"Pervasa, as expert manufacturers of plastic profiles, offers solutions and products of PVC extrusion Profiles for multiple sectors. Discover our products.","robots":{"index":"index","follow":"follow","max-snippet":"max-snippet:-1","max-image-preview":"max-image-preview:large","max-video-preview":"max-video-preview:-1"},"canonical":"https:\/\/pervasa.net\/en\/plastic-profiles-products\/","og_locale":"en_US","og_type":"article","og_title":"Multiple Solution in Plastic Profiles Products - Pervasa","og_description":"Pervasa, as expert manufacturers of plastic profiles, offers solutions and products of PVC extrusion Profiles for multiple sectors. Discover our products.","og_url":"https:\/\/pervasa.net\/en\/plastic-profiles-products\/","og_site_name":"Pervasa","article_modified_time":"2020-12-23T21:52:30+00:00","twitter_card":"summary_large_image","twitter_misc":{"Est. reading time":"2 minutes"},"schema":{"@context":"https:\/\/schema.org","@graph":[{"@type":"WebPage","@id":"https:\/\/pervasa.net\/en\/plastic-profiles-products\/","url":"https:\/\/pervasa.net\/en\/plastic-profiles-products\/","name":"Multiple Solution in Plastic Profiles Products - Pervasa","isPartOf":{"@id":"https:\/\/pervasa.net\/en\/#website"},"datePublished":"2020-12-09T16:39:34+00:00","dateModified":"2020-12-23T21:52:30+00:00","description":"Pervasa, as expert manufacturers of plastic profiles, offers solutions and products of PVC extrusion Profiles for multiple sectors. Discover our products.","breadcrumb":{"@id":"https:\/\/pervasa.net\/en\/plastic-profiles-products\/#breadcrumb"},"inLanguage":"en-US","potentialAction":[{"@type":"ReadAction","target":["https:\/\/pervasa.net\/en\/plastic-profiles-products\/"]}]},{"@type":"BreadcrumbList","@id":"https:\/\/pervasa.net\/en\/plastic-profiles-products\/#breadcrumb","itemListElement":[{"@type":"ListItem","position":1,"name":"Home","item":"https:\/\/pervasa.net\/en\/home\/"},{"@type":"ListItem","position":2,"name":"Products"}]},{"@type":"WebSite","@id":"https:\/\/pervasa.net\/en\/#website","url":"https:\/\/pervasa.net\/en\/","name":"Pervasa","description":"M\u00e1s de 35 a\u00f1os dedicados a la fabricaci\u00f3n de perfiles t\u00e9cnicos","publisher":{"@id":"https:\/\/pervasa.net\/en\/#organization"},"potentialAction":[{"@type":"SearchAction","target":{"@type":"EntryPoint","urlTemplate":"https:\/\/pervasa.net\/en\/?s={search_term_string}"},"query-input":{"@type":"PropertyValueSpecification","valueRequired":true,"valueName":"search_term_string"}}],"inLanguage":"en-US"},{"@type":"Organization","@id":"https:\/\/pervasa.net\/en\/#organization","name":"Pervasa. S.L.","url":"https:\/\/pervasa.net\/en\/","logo":{"@type":"ImageObject","inLanguage":"en-US","@id":"https:\/\/pervasa.net\/en\/#\/schema\/logo\/image\/","url":"https:\/\/pervasa.net\/wp-content\/uploads\/2020\/10\/logo-pervasa.svg","contentUrl":"https:\/\/pervasa.net\/wp-content\/uploads\/2020\/10\/logo-pervasa.svg","width":2788,"height":769,"caption":"Pervasa. S.L."},"image":{"@id":"https:\/\/pervasa.net\/en\/#\/schema\/logo\/image\/"}}]}},"_links":{"self":[{"href":"https:\/\/pervasa.net\/en\/wp-json\/wp\/v2\/pages\/751","targetHints":{"allow":["GET"]}}],"collection":[{"href":"https:\/\/pervasa.net\/en\/wp-json\/wp\/v2\/pages"}],"about":[{"href":"https:\/\/pervasa.net\/en\/wp-json\/wp\/v2\/types\/page"}],"author":[{"embeddable":true,"href":"https:\/\/pervasa.net\/en\/wp-json\/wp\/v2\/users\/1"}],"replies":[{"embeddable":true,"href":"https:\/\/pervasa.net\/en\/wp-json\/wp\/v2\/comments?post=751"}],"version-history":[{"count":0,"href":"https:\/\/pervasa.net\/en\/wp-json\/wp\/v2\/pages\/751\/revisions"}],"wp:attachment":[{"href":"https:\/\/pervasa.net\/en\/wp-json\/wp\/v2\/media?parent=751"}],"curies":[{"name":"wp","href":"https:\/\/api.w.org\/{rel}","templated":true}]}}