{"id":775,"date":"2020-12-09T16:47:09","date_gmt":"2020-12-09T16:47:09","guid":{"rendered":"https:\/\/pervasa.mmkt.dev\/?page_id=775"},"modified":"2020-12-23T21:53:34","modified_gmt":"2020-12-23T21:53:34","slug":"aluminium-wood-and-pvc-joinery","status":"publish","type":"page","link":"https:\/\/pervasa.net\/en\/plastic-profiles-products\/aluminium-wood-and-pvc-joinery\/","title":{"rendered":"Aluminium, wood and PVC joinery"},"content":{"rendered":"<div class=\"wpb-content-wrapper\">[vc_row full_width=&#8221;stretch_row&#8221; remove_bottom_col_margin=&#8221;true&#8221; css=&#8221;.vc_custom_1602693345245{margin-bottom: 60px !important;padding-top: 40px !important;padding-bottom: 40px !important;background-color: #ff803b !important;}&#8221;][vc_column]<style>.vcex-heading.vcex_69f9e719e90ce{width:730px;color:#ffffff;font-size:20px;}<\/style><div class=\"vcex-heading vcex-heading-plain vcex-module wpex-heading wpex-text-2xl wpex-text-center wpex-max-w-100 wpex-mx-auto vcex_69f9e719e90ce\"><span class=\"vcex-heading-inner wpex-inline-block\">At PERVASA, we offer a wide range of sealing gaskets: rigid, flexible and coextrusion of both.<\/span><\/div>[\/vc_column][\/vc_row][vc_row][vc_column width=&#8221;1\/3&#8243;]<style>.vcex-icon-box.vcex_69f9e719ea6b9 .vcex-icon-box-image{width:100px;}<\/style><div class=\"vcex-module vcex-icon-box vcex-icon-box-two wpex-block wpex-text-center vcex_69f9e719ea6b9\"><div class=\"vcex-icon-box-symbol vcex-icon-box-symbol--image wpex-mb-20\"><img loading=\"lazy\" class=\"vcex-icon-box-image wpex-align-middle\" alt=\"pvc joinery\" decoding=\"async\" src=\"https:\/\/pervasa.net\/wp-content\/uploads\/2020\/10\/carpinteria.svg\" srcset=\"https:\/\/pervasa.net\/wp-content\/uploads\/\/2020\/10\/carpinteria.svg 150w, https:\/\/pervasa.net\/wp-content\/uploads\/\/2020\/10\/carpinteria.svg 300w, https:\/\/pervasa.net\/wp-content\/uploads\/\/2020\/10\/carpinteria.svg 1024w, https:\/\/pervasa.net\/wp-content\/uploads\/\/2020\/10\/carpinteria.svg 1536w, https:\/\/pervasa.net\/wp-content\/uploads\/\/2020\/10\/carpinteria.svg 2048w\" width=\"2134\" height=\"2134\"><\/div><div class=\"vcex-icon-box-text\"><h2 class=\"vcex-icon-box-heading wpex-heading wpex-text-md wpex-mb-10\">Suppliers<\/h2><div class=\"vcex-icon-box-content wpex-last-mb-0 wpex-clr\"><p><span lang=\"EN-GB\">We supply the leading manufacturers in each sector.<\/span><\/p>\n<\/div><\/div><\/div>[\/vc_column][vc_column width=&#8221;1\/3&#8243;]<style>.vcex-icon-box.vcex_69f9e719ebe10 .vcex-icon-box-image{width:100px;}<\/style><div class=\"vcex-module vcex-icon-box vcex-icon-box-two wpex-block wpex-text-center vcex_69f9e719ebe10\"><div class=\"vcex-icon-box-symbol vcex-icon-box-symbol--image wpex-mb-20\"><img loading=\"lazy\" class=\"vcex-icon-box-image wpex-align-middle\" alt=\"perfiles de aluminio para cerramientos\" decoding=\"async\" src=\"https:\/\/pervasa.net\/wp-content\/uploads\/2020\/10\/carpinteria-tronja.svg\" srcset=\"https:\/\/pervasa.net\/wp-content\/uploads\/\/2020\/10\/carpinteria-tronja.svg 150w, https:\/\/pervasa.net\/wp-content\/uploads\/\/2020\/10\/carpinteria-tronja.svg 300w, https:\/\/pervasa.net\/wp-content\/uploads\/\/2020\/10\/carpinteria-tronja.svg 1024w, https:\/\/pervasa.net\/wp-content\/uploads\/\/2020\/10\/carpinteria-tronja.svg 1536w, https:\/\/pervasa.net\/wp-content\/uploads\/\/2020\/10\/carpinteria-tronja.svg 2048w\" width=\"8892\" height=\"8892\"><\/div><div class=\"vcex-icon-box-text\"><h2 class=\"vcex-icon-box-heading wpex-heading wpex-text-md wpex-mb-10\">Quality<\/h2><div class=\"vcex-icon-box-content wpex-last-mb-0 wpex-clr\"><p><span lang=\"EN-GB\">Top-quality materials adapted to the customer\u2019s requirements: PVC, NBR, SEBS, PP, PU, etc.<\/span><\/p>\n<\/div><\/div><\/div>[\/vc_column][vc_column width=&#8221;1\/3&#8243;]<style>.vcex-icon-box.vcex_69f9e719ed1a4 .vcex-icon-box-image{width:100px;}<\/style><div class=\"vcex-module vcex-icon-box vcex-icon-box-two wpex-block wpex-text-center vcex_69f9e719ed1a4\"><div class=\"vcex-icon-box-symbol vcex-icon-box-symbol--image wpex-mb-20\"><img loading=\"lazy\" class=\"vcex-icon-box-image wpex-align-middle\" alt=\"pvc joinery\" decoding=\"async\" src=\"https:\/\/pervasa.net\/wp-content\/uploads\/2020\/10\/carpinteria.svg\" srcset=\"https:\/\/pervasa.net\/wp-content\/uploads\/\/2020\/10\/carpinteria.svg 150w, https:\/\/pervasa.net\/wp-content\/uploads\/\/2020\/10\/carpinteria.svg 300w, https:\/\/pervasa.net\/wp-content\/uploads\/\/2020\/10\/carpinteria.svg 1024w, https:\/\/pervasa.net\/wp-content\/uploads\/\/2020\/10\/carpinteria.svg 1536w, https:\/\/pervasa.net\/wp-content\/uploads\/\/2020\/10\/carpinteria.svg 2048w\" width=\"2134\" height=\"2134\"><\/div><div class=\"vcex-icon-box-text\"><h2 class=\"vcex-icon-box-heading wpex-heading wpex-text-md wpex-mb-10\">Profiles<\/h2><div class=\"vcex-icon-box-content wpex-last-mb-0 wpex-clr\"><p><span lang=\"EN-GB\">Profiles for all series of closures on the market.<\/span><\/p>\n<\/div><\/div><\/div>[\/vc_column][\/vc_row][vc_row css_animation=&#8221;none&#8221; style=&#8221;solid&#8221; margin_y=&#8221;&#8221; color=&#8221;#ffffff&#8221; icon_type=&#8221;&#8221; icon_spacing=&#8221;&#8221; width=&#8221;&#8221; align=&#8221;&#8221; height=&#8221;&#8221; dotted_height=&#8221;&#8221; margin=&#8221;&#8221; icon=&#8221;&#8221; icon_fontawesome=&#8221;&#8221; icon_openiconic=&#8221;&#8221; icon_typicons=&#8221;&#8221; icon_entypo=&#8221;&#8221; icon_linecons=&#8221;&#8221; icon_pixelicons=&#8221;&#8221; icon_color=&#8221;&#8221; icon_bg=&#8221;&#8221; icon_size=&#8221;&#8221; icon_height=&#8221;&#8221; icon_width=&#8221;&#8221; icon_border_radius=&#8221;&#8221; icon_padding=&#8221;&#8221; visibility=&#8221;hidden-phone&#8221;][vc_column]<div class=\"vcex-module vcex-divider vcex-divider-solid vcex-divider-center wpex-mx-auto wpex-block wpex-h-0 wpex-border-b wpex-border-solid wpex-border-main border-gradien large-border-gradien\" style=\"border-color:#ffffff;\"><\/div>[\/vc_column][\/vc_row][vc_row][vc_column width=&#8221;1\/3&#8243;][\/vc_column][vc_column width=&#8221;1\/3&#8243;]<style>.vcex-icon-box.vcex_69f9e719ee809 .vcex-icon-box-image{width:100px;}<\/style><div class=\"vcex-module vcex-icon-box vcex-icon-box-two wpex-block wpex-text-center vcex_69f9e719ee809\"><div class=\"vcex-icon-box-symbol vcex-icon-box-symbol--image wpex-mb-20\"><img loading=\"lazy\" class=\"vcex-icon-box-image wpex-align-middle\" alt=\"perfiles de aluminio para cerramientos\" decoding=\"async\" src=\"https:\/\/pervasa.net\/wp-content\/uploads\/2020\/10\/carpinteria-tronja.svg\" srcset=\"https:\/\/pervasa.net\/wp-content\/uploads\/\/2020\/10\/carpinteria-tronja.svg 150w, https:\/\/pervasa.net\/wp-content\/uploads\/\/2020\/10\/carpinteria-tronja.svg 300w, https:\/\/pervasa.net\/wp-content\/uploads\/\/2020\/10\/carpinteria-tronja.svg 1024w, https:\/\/pervasa.net\/wp-content\/uploads\/\/2020\/10\/carpinteria-tronja.svg 1536w, https:\/\/pervasa.net\/wp-content\/uploads\/\/2020\/10\/carpinteria-tronja.svg 2048w\" width=\"8892\" height=\"8892\"><\/div><div class=\"vcex-icon-box-text\"><h2 class=\"vcex-icon-box-heading wpex-heading wpex-text-md wpex-mb-10\">Resistance<\/h2><div class=\"vcex-icon-box-content wpex-last-mb-0 wpex-clr\"><p><span lang=\"EN-GB\">High resistance to exposure to extreme weather and UV light.<\/span><\/p>\n<\/div><\/div><\/div>[\/vc_column][vc_column width=&#8221;1\/3&#8243;][\/vc_column][\/vc_row][vc_row css_animation=&#8221;none&#8221; style=&#8221;solid&#8221; margin_y=&#8221;&#8221; color=&#8221;#ffffff&#8221; icon_type=&#8221;&#8221; icon_spacing=&#8221;&#8221; width=&#8221;&#8221; align=&#8221;&#8221; height=&#8221;&#8221; dotted_height=&#8221;&#8221; margin=&#8221;&#8221; icon=&#8221;&#8221; icon_fontawesome=&#8221;&#8221; icon_openiconic=&#8221;&#8221; icon_typicons=&#8221;&#8221; icon_entypo=&#8221;&#8221; icon_linecons=&#8221;&#8221; icon_pixelicons=&#8221;&#8221; icon_color=&#8221;&#8221; icon_bg=&#8221;&#8221; icon_size=&#8221;&#8221; icon_height=&#8221;&#8221; icon_width=&#8221;&#8221; icon_border_radius=&#8221;&#8221; icon_padding=&#8221;&#8221;][vc_column]<div class=\"vcex-module vcex-divider vcex-divider-solid vcex-divider-center wpex-mx-auto wpex-block wpex-h-0 wpex-border-b wpex-border-solid wpex-border-main border-gradien large-border-gradien\" style=\"border-color:#ffffff;\"><\/div>[\/vc_column][\/vc_row][vc_row][vc_column]<figure class=\"vcex-image vcex-module wpex-text-center\"><div class=\"vcex-image-inner wpex-relative wpex-inline-block\"><img width=\"1170\" height=\"334\" src=\"https:\/\/pervasa.net\/wp-content\/uploads\/2020\/12\/carpinteria.jpg\" class=\"vcex-image-img wpex-align-middle\" alt=\"perfiles de aluminio para cerramientos\" loading=\"lazy\" decoding=\"async\" srcset=\"https:\/\/pervasa.net\/wp-content\/uploads\/2020\/12\/carpinteria.jpg 1170w, https:\/\/pervasa.net\/wp-content\/uploads\/2020\/12\/carpinteria-300x86.jpg 300w, https:\/\/pervasa.net\/wp-content\/uploads\/2020\/12\/carpinteria-1024x292.jpg 1024w, https:\/\/pervasa.net\/wp-content\/uploads\/2020\/12\/carpinteria-768x219.jpg 768w\" sizes=\"auto, (max-width: 1170px) 100vw, 1170px\" \/><\/div><\/figure>[\/vc_column][\/vc_row]\n<\/div>","protected":false},"excerpt":{"rendered":"<p>[vc_row full_width=&#8221;stretch_row&#8221; remove_bottom_col_margin=&#8221;true&#8221; css=&#8221;.vc_custom_1602693345245{margin-bottom: 60px !important;padding-top: 40px !important;padding-bottom: 40px !important;background-color: #ff803b !important;}&#8221;][vc_column][\/vc_column][\/vc_row][vc_row][vc_column width=&#8221;1\/3&#8243;][\/vc_column][vc_column width=&#8221;1\/3&#8243;][\/vc_column][vc_column width=&#8221;1\/3&#8243;][\/vc_column][\/vc_row][vc_row css_animation=&#8221;none&#8221; style=&#8221;solid&#8221; margin_y=&#8221;&#8221; color=&#8221;#ffffff&#8221; icon_type=&#8221;&#8221; icon_spacing=&#8221;&#8221; width=&#8221;&#8221; align=&#8221;&#8221; height=&#8221;&#8221; dotted_height=&#8221;&#8221; margin=&#8221;&#8221; icon=&#8221;&#8221; icon_fontawesome=&#8221;&#8221; icon_openiconic=&#8221;&#8221; icon_typicons=&#8221;&#8221; icon_entypo=&#8221;&#8221; icon_linecons=&#8221;&#8221; icon_pixelicons=&#8221;&#8221; icon_color=&#8221;&#8221; icon_bg=&#8221;&#8221; icon_size=&#8221;&#8221; icon_height=&#8221;&#8221; icon_width=&#8221;&#8221; icon_border_radius=&#8221;&#8221; icon_padding=&#8221;&#8221; visibility=&#8221;hidden-phone&#8221;][vc_column][\/vc_column][\/vc_row][vc_row][vc_column width=&#8221;1\/3&#8243;][\/vc_column][vc_column width=&#8221;1\/3&#8243;][\/vc_column][vc_column width=&#8221;1\/3&#8243;][\/vc_column][\/vc_row][vc_row css_animation=&#8221;none&#8221; style=&#8221;solid&#8221; margin_y=&#8221;&#8221; color=&#8221;#ffffff&#8221; icon_type=&#8221;&#8221; icon_spacing=&#8221;&#8221; width=&#8221;&#8221; align=&#8221;&#8221; height=&#8221;&#8221; dotted_height=&#8221;&#8221; margin=&#8221;&#8221;&hellip;<\/p>\n","protected":false},"author":1,"featured_media":0,"parent":751,"menu_order":0,"comment_status":"closed","ping_status":"closed","template":"","meta":{"footnotes":""},"class_list":["post-775","page","type-page","status-publish","hentry","entry","no-media"],"yoast_head":"<!-- This site is optimized with the Yoast SEO plugin v26.5 - https:\/\/yoast.com\/wordpress\/plugins\/seo\/ -->\n<title>Aluminium, wood and PVC joinery. Sealing gaskets - Pervasa<\/title>\n<meta name=\"description\" content=\"At Pervasa, we offer a wide range of sealing gaskets: rigid, flexible and coextrusion of both. Solutions of Aluminium, wood and PVC joinery.\" \/>\n<meta name=\"robots\" content=\"index, follow, max-snippet:-1, max-image-preview:large, max-video-preview:-1\" \/>\n<link rel=\"canonical\" href=\"https:\/\/pervasa.net\/en\/plastic-profiles-products\/aluminium-wood-and-pvc-joinery\/\" \/>\n<meta property=\"og:locale\" content=\"en_US\" \/>\n<meta property=\"og:type\" content=\"article\" \/>\n<meta property=\"og:title\" content=\"Aluminium, wood and PVC joinery. Sealing gaskets - Pervasa\" \/>\n<meta property=\"og:description\" content=\"At Pervasa, we offer a wide range of sealing gaskets: rigid, flexible and coextrusion of both. Solutions of Aluminium, wood and PVC joinery.\" \/>\n<meta property=\"og:url\" content=\"https:\/\/pervasa.net\/en\/plastic-profiles-products\/aluminium-wood-and-pvc-joinery\/\" \/>\n<meta property=\"og:site_name\" content=\"Pervasa\" \/>\n<meta property=\"article:modified_time\" content=\"2020-12-23T21:53:34+00:00\" \/>\n<meta name=\"twitter:card\" content=\"summary_large_image\" \/>\n<meta name=\"twitter:label1\" content=\"Est. reading time\" \/>\n\t<meta name=\"twitter:data1\" content=\"2 minutes\" \/>\n<script type=\"application\/ld+json\" class=\"yoast-schema-graph\">{\"@context\":\"https:\/\/schema.org\",\"@graph\":[{\"@type\":\"WebPage\",\"@id\":\"https:\/\/pervasa.net\/en\/plastic-profiles-products\/aluminium-wood-and-pvc-joinery\/\",\"url\":\"https:\/\/pervasa.net\/en\/plastic-profiles-products\/aluminium-wood-and-pvc-joinery\/\",\"name\":\"Aluminium, wood and PVC joinery. Sealing gaskets - Pervasa\",\"isPartOf\":{\"@id\":\"https:\/\/pervasa.net\/en\/#website\"},\"datePublished\":\"2020-12-09T16:47:09+00:00\",\"dateModified\":\"2020-12-23T21:53:34+00:00\",\"description\":\"At Pervasa, we offer a wide range of sealing gaskets: rigid, flexible and coextrusion of both. Solutions of Aluminium, wood and PVC joinery.\",\"breadcrumb\":{\"@id\":\"https:\/\/pervasa.net\/en\/plastic-profiles-products\/aluminium-wood-and-pvc-joinery\/#breadcrumb\"},\"inLanguage\":\"en-US\",\"potentialAction\":[{\"@type\":\"ReadAction\",\"target\":[\"https:\/\/pervasa.net\/en\/plastic-profiles-products\/aluminium-wood-and-pvc-joinery\/\"]}]},{\"@type\":\"BreadcrumbList\",\"@id\":\"https:\/\/pervasa.net\/en\/plastic-profiles-products\/aluminium-wood-and-pvc-joinery\/#breadcrumb\",\"itemListElement\":[{\"@type\":\"ListItem\",\"position\":1,\"name\":\"Home\",\"item\":\"https:\/\/pervasa.net\/en\/home\/\"},{\"@type\":\"ListItem\",\"position\":2,\"name\":\"Products\",\"item\":\"https:\/\/pervasa.net\/en\/plastic-profiles-products\/\"},{\"@type\":\"ListItem\",\"position\":3,\"name\":\"Aluminium, wood and PVC joinery\"}]},{\"@type\":\"WebSite\",\"@id\":\"https:\/\/pervasa.net\/en\/#website\",\"url\":\"https:\/\/pervasa.net\/en\/\",\"name\":\"Pervasa\",\"description\":\"M\u00e1s de 35 a\u00f1os dedicados a la fabricaci\u00f3n de perfiles t\u00e9cnicos\",\"publisher\":{\"@id\":\"https:\/\/pervasa.net\/en\/#organization\"},\"potentialAction\":[{\"@type\":\"SearchAction\",\"target\":{\"@type\":\"EntryPoint\",\"urlTemplate\":\"https:\/\/pervasa.net\/en\/?s={search_term_string}\"},\"query-input\":{\"@type\":\"PropertyValueSpecification\",\"valueRequired\":true,\"valueName\":\"search_term_string\"}}],\"inLanguage\":\"en-US\"},{\"@type\":\"Organization\",\"@id\":\"https:\/\/pervasa.net\/en\/#organization\",\"name\":\"Pervasa. S.L.\",\"url\":\"https:\/\/pervasa.net\/en\/\",\"logo\":{\"@type\":\"ImageObject\",\"inLanguage\":\"en-US\",\"@id\":\"https:\/\/pervasa.net\/en\/#\/schema\/logo\/image\/\",\"url\":\"https:\/\/pervasa.net\/wp-content\/uploads\/2020\/10\/logo-pervasa.svg\",\"contentUrl\":\"https:\/\/pervasa.net\/wp-content\/uploads\/2020\/10\/logo-pervasa.svg\",\"width\":2788,\"height\":769,\"caption\":\"Pervasa. S.L.\"},\"image\":{\"@id\":\"https:\/\/pervasa.net\/en\/#\/schema\/logo\/image\/\"}}]}<\/script>\n<!-- \/ Yoast SEO plugin. -->","yoast_head_json":{"title":"Aluminium, wood and PVC joinery. Sealing gaskets - Pervasa","description":"At Pervasa, we offer a wide range of sealing gaskets: rigid, flexible and coextrusion of both. Solutions of Aluminium, wood and PVC joinery.","robots":{"index":"index","follow":"follow","max-snippet":"max-snippet:-1","max-image-preview":"max-image-preview:large","max-video-preview":"max-video-preview:-1"},"canonical":"https:\/\/pervasa.net\/en\/plastic-profiles-products\/aluminium-wood-and-pvc-joinery\/","og_locale":"en_US","og_type":"article","og_title":"Aluminium, wood and PVC joinery. Sealing gaskets - Pervasa","og_description":"At Pervasa, we offer a wide range of sealing gaskets: rigid, flexible and coextrusion of both. Solutions of Aluminium, wood and PVC joinery.","og_url":"https:\/\/pervasa.net\/en\/plastic-profiles-products\/aluminium-wood-and-pvc-joinery\/","og_site_name":"Pervasa","article_modified_time":"2020-12-23T21:53:34+00:00","twitter_card":"summary_large_image","twitter_misc":{"Est. reading time":"2 minutes"},"schema":{"@context":"https:\/\/schema.org","@graph":[{"@type":"WebPage","@id":"https:\/\/pervasa.net\/en\/plastic-profiles-products\/aluminium-wood-and-pvc-joinery\/","url":"https:\/\/pervasa.net\/en\/plastic-profiles-products\/aluminium-wood-and-pvc-joinery\/","name":"Aluminium, wood and PVC joinery. Sealing gaskets - Pervasa","isPartOf":{"@id":"https:\/\/pervasa.net\/en\/#website"},"datePublished":"2020-12-09T16:47:09+00:00","dateModified":"2020-12-23T21:53:34+00:00","description":"At Pervasa, we offer a wide range of sealing gaskets: rigid, flexible and coextrusion of both. Solutions of Aluminium, wood and PVC joinery.","breadcrumb":{"@id":"https:\/\/pervasa.net\/en\/plastic-profiles-products\/aluminium-wood-and-pvc-joinery\/#breadcrumb"},"inLanguage":"en-US","potentialAction":[{"@type":"ReadAction","target":["https:\/\/pervasa.net\/en\/plastic-profiles-products\/aluminium-wood-and-pvc-joinery\/"]}]},{"@type":"BreadcrumbList","@id":"https:\/\/pervasa.net\/en\/plastic-profiles-products\/aluminium-wood-and-pvc-joinery\/#breadcrumb","itemListElement":[{"@type":"ListItem","position":1,"name":"Home","item":"https:\/\/pervasa.net\/en\/home\/"},{"@type":"ListItem","position":2,"name":"Products","item":"https:\/\/pervasa.net\/en\/plastic-profiles-products\/"},{"@type":"ListItem","position":3,"name":"Aluminium, wood and PVC joinery"}]},{"@type":"WebSite","@id":"https:\/\/pervasa.net\/en\/#website","url":"https:\/\/pervasa.net\/en\/","name":"Pervasa","description":"M\u00e1s de 35 a\u00f1os dedicados a la fabricaci\u00f3n de perfiles t\u00e9cnicos","publisher":{"@id":"https:\/\/pervasa.net\/en\/#organization"},"potentialAction":[{"@type":"SearchAction","target":{"@type":"EntryPoint","urlTemplate":"https:\/\/pervasa.net\/en\/?s={search_term_string}"},"query-input":{"@type":"PropertyValueSpecification","valueRequired":true,"valueName":"search_term_string"}}],"inLanguage":"en-US"},{"@type":"Organization","@id":"https:\/\/pervasa.net\/en\/#organization","name":"Pervasa. S.L.","url":"https:\/\/pervasa.net\/en\/","logo":{"@type":"ImageObject","inLanguage":"en-US","@id":"https:\/\/pervasa.net\/en\/#\/schema\/logo\/image\/","url":"https:\/\/pervasa.net\/wp-content\/uploads\/2020\/10\/logo-pervasa.svg","contentUrl":"https:\/\/pervasa.net\/wp-content\/uploads\/2020\/10\/logo-pervasa.svg","width":2788,"height":769,"caption":"Pervasa. S.L."},"image":{"@id":"https:\/\/pervasa.net\/en\/#\/schema\/logo\/image\/"}}]}},"_links":{"self":[{"href":"https:\/\/pervasa.net\/en\/wp-json\/wp\/v2\/pages\/775","targetHints":{"allow":["GET"]}}],"collection":[{"href":"https:\/\/pervasa.net\/en\/wp-json\/wp\/v2\/pages"}],"about":[{"href":"https:\/\/pervasa.net\/en\/wp-json\/wp\/v2\/types\/page"}],"author":[{"embeddable":true,"href":"https:\/\/pervasa.net\/en\/wp-json\/wp\/v2\/users\/1"}],"replies":[{"embeddable":true,"href":"https:\/\/pervasa.net\/en\/wp-json\/wp\/v2\/comments?post=775"}],"version-history":[{"count":0,"href":"https:\/\/pervasa.net\/en\/wp-json\/wp\/v2\/pages\/775\/revisions"}],"up":[{"embeddable":true,"href":"https:\/\/pervasa.net\/en\/wp-json\/wp\/v2\/pages\/751"}],"wp:attachment":[{"href":"https:\/\/pervasa.net\/en\/wp-json\/wp\/v2\/media?parent=775"}],"curies":[{"name":"wp","href":"https:\/\/api.w.org\/{rel}","templated":true}]}}