{"id":783,"date":"2020-12-09T16:48:48","date_gmt":"2020-12-09T16:48:48","guid":{"rendered":"https:\/\/pervasa.mmkt.dev\/?page_id=783"},"modified":"2020-12-23T21:56:17","modified_gmt":"2020-12-23T21:56:17","slug":"screens-shower-door-gaskets","status":"publish","type":"page","link":"https:\/\/pervasa.net\/en\/plastic-profiles-products\/screens-shower-door-gaskets\/","title":{"rendered":"Screens"},"content":{"rendered":"<div class=\"wpb-content-wrapper\">[vc_row full_width=&#8221;stretch_row&#8221; remove_bottom_col_margin=&#8221;true&#8221; css=&#8221;.vc_custom_1602693345245{margin-bottom: 60px !important;padding-top: 40px !important;padding-bottom: 40px !important;background-color: #ff803b !important;}&#8221;][vc_column]<style>.vcex-heading.vcex_69f9f5348c4e2{width:730px;color:#ffffff;font-size:20px;}<\/style><div class=\"vcex-heading vcex-heading-plain vcex-module wpex-heading wpex-text-2xl wpex-text-center wpex-max-w-100 wpex-mx-auto vcex_69f9f5348c4e2\"><span class=\"vcex-heading-inner wpex-inline-block\">At PERVASA, we offer a wide range of dividers and sealing gaskets, for both bathroom screens and for partitions.<\/span><\/div>[\/vc_column][\/vc_row][vc_row][vc_column width=&#8221;1\/3&#8243;]<style>.vcex-icon-box.vcex_69f9f5348e179 .vcex-icon-box-image{width:100px;}<\/style><div class=\"vcex-module vcex-icon-box vcex-icon-box-two wpex-block wpex-text-center vcex_69f9f5348e179\"><div class=\"vcex-icon-box-symbol vcex-icon-box-symbol--image wpex-mb-20\"><img loading=\"lazy\" class=\"vcex-icon-box-image wpex-align-middle\" alt=\"profile-paroi-de-douche\" decoding=\"async\" src=\"https:\/\/pervasa.net\/wp-content\/uploads\/2020\/10\/mamparas.svg\" srcset=\"https:\/\/pervasa.net\/wp-content\/uploads\/\/2020\/10\/mamparas.svg 150w, https:\/\/pervasa.net\/wp-content\/uploads\/\/2020\/10\/mamparas.svg 300w, https:\/\/pervasa.net\/wp-content\/uploads\/\/2020\/10\/mamparas.svg 1024w, https:\/\/pervasa.net\/wp-content\/uploads\/\/2020\/10\/mamparas.svg 1536w, https:\/\/pervasa.net\/wp-content\/uploads\/\/2020\/10\/mamparas.svg 2048w\" width=\"2134\" height=\"2134\"><\/div><div class=\"vcex-icon-box-text\"><h2 class=\"vcex-icon-box-heading wpex-heading wpex-text-md wpex-mb-10\">Availability<\/h2><div class=\"vcex-icon-box-content wpex-last-mb-0 wpex-clr\"><p><span lang=\"EN-GB\">Full series in different widths and thicknesses.<\/span><\/p>\n<\/div><\/div><\/div>[\/vc_column][vc_column width=&#8221;1\/3&#8243;]<style>.vcex-icon-box.vcex_69f9f53490a8c .vcex-icon-box-image{width:100px;}<\/style><div class=\"vcex-module vcex-icon-box vcex-icon-box-two wpex-block wpex-text-center vcex_69f9f53490a8c\"><div class=\"vcex-icon-box-symbol vcex-icon-box-symbol--image wpex-mb-20\"><img loading=\"lazy\" class=\"vcex-icon-box-image wpex-align-middle\" alt=\"perfil mampara ducha\" decoding=\"async\" src=\"https:\/\/pervasa.net\/wp-content\/uploads\/2020\/10\/mamparas-tronja.svg\" srcset=\"https:\/\/pervasa.net\/wp-content\/uploads\/\/2020\/10\/mamparas-tronja.svg 150w, https:\/\/pervasa.net\/wp-content\/uploads\/\/2020\/10\/mamparas-tronja.svg 300w, https:\/\/pervasa.net\/wp-content\/uploads\/\/2020\/10\/mamparas-tronja.svg 1024w, https:\/\/pervasa.net\/wp-content\/uploads\/\/2020\/10\/mamparas-tronja.svg 1536w, https:\/\/pervasa.net\/wp-content\/uploads\/\/2020\/10\/mamparas-tronja.svg 2048w\" width=\"8892\" height=\"8892\"><\/div><div class=\"vcex-icon-box-text\"><h2 class=\"vcex-icon-box-heading wpex-heading wpex-text-md wpex-mb-10\">Resistance<\/h2><div class=\"vcex-icon-box-content wpex-last-mb-0 wpex-clr\"><p><span lang=\"EN-GB\">Transparent non-yellowing materials.<\/span><\/p>\n<\/div><\/div><\/div>[\/vc_column][vc_column width=&#8221;1\/3&#8243;]<style>.vcex-icon-box.vcex_69f9f534927b7 .vcex-icon-box-image{width:100px;}<\/style><div class=\"vcex-module vcex-icon-box vcex-icon-box-two wpex-block wpex-text-center vcex_69f9f534927b7\"><div class=\"vcex-icon-box-symbol vcex-icon-box-symbol--image wpex-mb-20\"><img loading=\"lazy\" class=\"vcex-icon-box-image wpex-align-middle\" alt=\"profile-paroi-de-douche\" decoding=\"async\" src=\"https:\/\/pervasa.net\/wp-content\/uploads\/2020\/10\/mamparas.svg\" srcset=\"https:\/\/pervasa.net\/wp-content\/uploads\/\/2020\/10\/mamparas.svg 150w, https:\/\/pervasa.net\/wp-content\/uploads\/\/2020\/10\/mamparas.svg 300w, https:\/\/pervasa.net\/wp-content\/uploads\/\/2020\/10\/mamparas.svg 1024w, https:\/\/pervasa.net\/wp-content\/uploads\/\/2020\/10\/mamparas.svg 1536w, https:\/\/pervasa.net\/wp-content\/uploads\/\/2020\/10\/mamparas.svg 2048w\" width=\"2134\" height=\"2134\"><\/div><div class=\"vcex-icon-box-text\"><h2 class=\"vcex-icon-box-heading wpex-heading wpex-text-md wpex-mb-10\">Stickers<\/h2><div class=\"vcex-icon-box-content wpex-last-mb-0 wpex-clr\"><p><span lang=\"EN-GB\">All kinds of stickers to fit the customer\u2019s requirements.<\/span><\/p>\n<\/div><\/div><\/div>[\/vc_column][\/vc_row][vc_row css_animation=&#8221;none&#8221; style=&#8221;solid&#8221; margin_y=&#8221;&#8221; color=&#8221;#ffffff&#8221; icon_type=&#8221;&#8221; icon_spacing=&#8221;&#8221; width=&#8221;&#8221; align=&#8221;&#8221; height=&#8221;&#8221; dotted_height=&#8221;&#8221; margin=&#8221;&#8221; icon=&#8221;&#8221; icon_fontawesome=&#8221;&#8221; icon_openiconic=&#8221;&#8221; icon_typicons=&#8221;&#8221; icon_entypo=&#8221;&#8221; icon_linecons=&#8221;&#8221; icon_pixelicons=&#8221;&#8221; icon_color=&#8221;&#8221; icon_bg=&#8221;&#8221; icon_size=&#8221;&#8221; icon_height=&#8221;&#8221; icon_width=&#8221;&#8221; icon_border_radius=&#8221;&#8221; icon_padding=&#8221;&#8221;][vc_column]<div class=\"vcex-module vcex-divider vcex-divider-solid vcex-divider-center wpex-mx-auto wpex-block wpex-h-0 wpex-border-b wpex-border-solid wpex-border-main border-gradien large-border-gradien\" style=\"border-color:#ffffff;\"><\/div>[\/vc_column][\/vc_row][vc_row][vc_column]<figure class=\"vcex-image vcex-module\"><div class=\"vcex-image-inner wpex-relative wpex-inline-block\"><img width=\"1170\" height=\"652\" src=\"https:\/\/pervasa.net\/wp-content\/uploads\/2020\/12\/mamparas.jpg\" class=\"vcex-image-img wpex-align-middle\" alt=\"perfiles mampara ducha\" loading=\"lazy\" decoding=\"async\" srcset=\"https:\/\/pervasa.net\/wp-content\/uploads\/2020\/12\/mamparas.jpg 1170w, https:\/\/pervasa.net\/wp-content\/uploads\/2020\/12\/mamparas-300x167.jpg 300w, https:\/\/pervasa.net\/wp-content\/uploads\/2020\/12\/mamparas-1024x571.jpg 1024w, https:\/\/pervasa.net\/wp-content\/uploads\/2020\/12\/mamparas-768x428.jpg 768w\" sizes=\"auto, (max-width: 1170px) 100vw, 1170px\" \/><\/div><\/figure>[\/vc_column][\/vc_row]\n<\/div>","protected":false},"excerpt":{"rendered":"<p>[vc_row full_width=&#8221;stretch_row&#8221; remove_bottom_col_margin=&#8221;true&#8221; css=&#8221;.vc_custom_1602693345245{margin-bottom: 60px !important;padding-top: 40px !important;padding-bottom: 40px !important;background-color: #ff803b !important;}&#8221;][vc_column][\/vc_column][\/vc_row][vc_row][vc_column width=&#8221;1\/3&#8243;][\/vc_column][vc_column width=&#8221;1\/3&#8243;][\/vc_column][vc_column width=&#8221;1\/3&#8243;][\/vc_column][\/vc_row][vc_row css_animation=&#8221;none&#8221; style=&#8221;solid&#8221; margin_y=&#8221;&#8221; color=&#8221;#ffffff&#8221; icon_type=&#8221;&#8221; icon_spacing=&#8221;&#8221; width=&#8221;&#8221; align=&#8221;&#8221; height=&#8221;&#8221; dotted_height=&#8221;&#8221; margin=&#8221;&#8221; icon=&#8221;&#8221; icon_fontawesome=&#8221;&#8221; icon_openiconic=&#8221;&#8221; icon_typicons=&#8221;&#8221; icon_entypo=&#8221;&#8221; icon_linecons=&#8221;&#8221; icon_pixelicons=&#8221;&#8221; icon_color=&#8221;&#8221; icon_bg=&#8221;&#8221; icon_size=&#8221;&#8221; icon_height=&#8221;&#8221; icon_width=&#8221;&#8221; icon_border_radius=&#8221;&#8221; icon_padding=&#8221;&#8221;][vc_column][\/vc_column][\/vc_row][vc_row][vc_column][\/vc_column][\/vc_row]<\/p>\n","protected":false},"author":1,"featured_media":0,"parent":751,"menu_order":0,"comment_status":"closed","ping_status":"closed","template":"","meta":{"footnotes":""},"class_list":["post-783","page","type-page","status-publish","hentry","entry","no-media"],"yoast_head":"<!-- This site is optimized with the Yoast SEO plugin v26.5 - https:\/\/yoast.com\/wordpress\/plugins\/seo\/ -->\n<title>Bath and shower door gaskets and dividing partitions - Pervasa<\/title>\n<meta name=\"description\" content=\"Discover in Pervasa a wide range of dividers and sealing bath and shower door gaskets. All kinds of stickers to fit the customer\u2019s requirements. Contact us!\" \/>\n<meta name=\"robots\" content=\"index, follow, max-snippet:-1, max-image-preview:large, max-video-preview:-1\" \/>\n<link rel=\"canonical\" href=\"https:\/\/pervasa.net\/en\/plastic-profiles-products\/screens-shower-door-gaskets\/\" \/>\n<meta property=\"og:locale\" content=\"en_US\" \/>\n<meta property=\"og:type\" content=\"article\" \/>\n<meta property=\"og:title\" content=\"Bath and shower door gaskets and dividing partitions - Pervasa\" \/>\n<meta property=\"og:description\" content=\"Discover in Pervasa a wide range of dividers and sealing bath and shower door gaskets. All kinds of stickers to fit the customer\u2019s requirements. Contact us!\" \/>\n<meta property=\"og:url\" content=\"https:\/\/pervasa.net\/en\/plastic-profiles-products\/screens-shower-door-gaskets\/\" \/>\n<meta property=\"og:site_name\" content=\"Pervasa\" \/>\n<meta property=\"article:modified_time\" content=\"2020-12-23T21:56:17+00:00\" \/>\n<meta name=\"twitter:card\" content=\"summary_large_image\" \/>\n<meta name=\"twitter:label1\" content=\"Est. reading time\" \/>\n\t<meta name=\"twitter:data1\" content=\"1 minute\" \/>\n<script type=\"application\/ld+json\" class=\"yoast-schema-graph\">{\"@context\":\"https:\/\/schema.org\",\"@graph\":[{\"@type\":\"WebPage\",\"@id\":\"https:\/\/pervasa.net\/en\/plastic-profiles-products\/screens-shower-door-gaskets\/\",\"url\":\"https:\/\/pervasa.net\/en\/plastic-profiles-products\/screens-shower-door-gaskets\/\",\"name\":\"Bath and shower door gaskets and dividing partitions - Pervasa\",\"isPartOf\":{\"@id\":\"https:\/\/pervasa.net\/en\/#website\"},\"datePublished\":\"2020-12-09T16:48:48+00:00\",\"dateModified\":\"2020-12-23T21:56:17+00:00\",\"description\":\"Discover in Pervasa a wide range of dividers and sealing bath and shower door gaskets. All kinds of stickers to fit the customer\u2019s requirements. Contact us!\",\"breadcrumb\":{\"@id\":\"https:\/\/pervasa.net\/en\/plastic-profiles-products\/screens-shower-door-gaskets\/#breadcrumb\"},\"inLanguage\":\"en-US\",\"potentialAction\":[{\"@type\":\"ReadAction\",\"target\":[\"https:\/\/pervasa.net\/en\/plastic-profiles-products\/screens-shower-door-gaskets\/\"]}]},{\"@type\":\"BreadcrumbList\",\"@id\":\"https:\/\/pervasa.net\/en\/plastic-profiles-products\/screens-shower-door-gaskets\/#breadcrumb\",\"itemListElement\":[{\"@type\":\"ListItem\",\"position\":1,\"name\":\"Home\",\"item\":\"https:\/\/pervasa.net\/en\/home\/\"},{\"@type\":\"ListItem\",\"position\":2,\"name\":\"Products\",\"item\":\"https:\/\/pervasa.net\/en\/plastic-profiles-products\/\"},{\"@type\":\"ListItem\",\"position\":3,\"name\":\"Screens\"}]},{\"@type\":\"WebSite\",\"@id\":\"https:\/\/pervasa.net\/en\/#website\",\"url\":\"https:\/\/pervasa.net\/en\/\",\"name\":\"Pervasa\",\"description\":\"M\u00e1s de 35 a\u00f1os dedicados a la fabricaci\u00f3n de perfiles t\u00e9cnicos\",\"publisher\":{\"@id\":\"https:\/\/pervasa.net\/en\/#organization\"},\"potentialAction\":[{\"@type\":\"SearchAction\",\"target\":{\"@type\":\"EntryPoint\",\"urlTemplate\":\"https:\/\/pervasa.net\/en\/?s={search_term_string}\"},\"query-input\":{\"@type\":\"PropertyValueSpecification\",\"valueRequired\":true,\"valueName\":\"search_term_string\"}}],\"inLanguage\":\"en-US\"},{\"@type\":\"Organization\",\"@id\":\"https:\/\/pervasa.net\/en\/#organization\",\"name\":\"Pervasa. S.L.\",\"url\":\"https:\/\/pervasa.net\/en\/\",\"logo\":{\"@type\":\"ImageObject\",\"inLanguage\":\"en-US\",\"@id\":\"https:\/\/pervasa.net\/en\/#\/schema\/logo\/image\/\",\"url\":\"https:\/\/pervasa.net\/wp-content\/uploads\/2020\/10\/logo-pervasa.svg\",\"contentUrl\":\"https:\/\/pervasa.net\/wp-content\/uploads\/2020\/10\/logo-pervasa.svg\",\"width\":2788,\"height\":769,\"caption\":\"Pervasa. S.L.\"},\"image\":{\"@id\":\"https:\/\/pervasa.net\/en\/#\/schema\/logo\/image\/\"}}]}<\/script>\n<!-- \/ Yoast SEO plugin. -->","yoast_head_json":{"title":"Bath and shower door gaskets and dividing partitions - Pervasa","description":"Discover in Pervasa a wide range of dividers and sealing bath and shower door gaskets. All kinds of stickers to fit the customer\u2019s requirements. Contact us!","robots":{"index":"index","follow":"follow","max-snippet":"max-snippet:-1","max-image-preview":"max-image-preview:large","max-video-preview":"max-video-preview:-1"},"canonical":"https:\/\/pervasa.net\/en\/plastic-profiles-products\/screens-shower-door-gaskets\/","og_locale":"en_US","og_type":"article","og_title":"Bath and shower door gaskets and dividing partitions - Pervasa","og_description":"Discover in Pervasa a wide range of dividers and sealing bath and shower door gaskets. All kinds of stickers to fit the customer\u2019s requirements. Contact us!","og_url":"https:\/\/pervasa.net\/en\/plastic-profiles-products\/screens-shower-door-gaskets\/","og_site_name":"Pervasa","article_modified_time":"2020-12-23T21:56:17+00:00","twitter_card":"summary_large_image","twitter_misc":{"Est. reading time":"1 minute"},"schema":{"@context":"https:\/\/schema.org","@graph":[{"@type":"WebPage","@id":"https:\/\/pervasa.net\/en\/plastic-profiles-products\/screens-shower-door-gaskets\/","url":"https:\/\/pervasa.net\/en\/plastic-profiles-products\/screens-shower-door-gaskets\/","name":"Bath and shower door gaskets and dividing partitions - Pervasa","isPartOf":{"@id":"https:\/\/pervasa.net\/en\/#website"},"datePublished":"2020-12-09T16:48:48+00:00","dateModified":"2020-12-23T21:56:17+00:00","description":"Discover in Pervasa a wide range of dividers and sealing bath and shower door gaskets. All kinds of stickers to fit the customer\u2019s requirements. Contact us!","breadcrumb":{"@id":"https:\/\/pervasa.net\/en\/plastic-profiles-products\/screens-shower-door-gaskets\/#breadcrumb"},"inLanguage":"en-US","potentialAction":[{"@type":"ReadAction","target":["https:\/\/pervasa.net\/en\/plastic-profiles-products\/screens-shower-door-gaskets\/"]}]},{"@type":"BreadcrumbList","@id":"https:\/\/pervasa.net\/en\/plastic-profiles-products\/screens-shower-door-gaskets\/#breadcrumb","itemListElement":[{"@type":"ListItem","position":1,"name":"Home","item":"https:\/\/pervasa.net\/en\/home\/"},{"@type":"ListItem","position":2,"name":"Products","item":"https:\/\/pervasa.net\/en\/plastic-profiles-products\/"},{"@type":"ListItem","position":3,"name":"Screens"}]},{"@type":"WebSite","@id":"https:\/\/pervasa.net\/en\/#website","url":"https:\/\/pervasa.net\/en\/","name":"Pervasa","description":"M\u00e1s de 35 a\u00f1os dedicados a la fabricaci\u00f3n de perfiles t\u00e9cnicos","publisher":{"@id":"https:\/\/pervasa.net\/en\/#organization"},"potentialAction":[{"@type":"SearchAction","target":{"@type":"EntryPoint","urlTemplate":"https:\/\/pervasa.net\/en\/?s={search_term_string}"},"query-input":{"@type":"PropertyValueSpecification","valueRequired":true,"valueName":"search_term_string"}}],"inLanguage":"en-US"},{"@type":"Organization","@id":"https:\/\/pervasa.net\/en\/#organization","name":"Pervasa. S.L.","url":"https:\/\/pervasa.net\/en\/","logo":{"@type":"ImageObject","inLanguage":"en-US","@id":"https:\/\/pervasa.net\/en\/#\/schema\/logo\/image\/","url":"https:\/\/pervasa.net\/wp-content\/uploads\/2020\/10\/logo-pervasa.svg","contentUrl":"https:\/\/pervasa.net\/wp-content\/uploads\/2020\/10\/logo-pervasa.svg","width":2788,"height":769,"caption":"Pervasa. S.L."},"image":{"@id":"https:\/\/pervasa.net\/en\/#\/schema\/logo\/image\/"}}]}},"_links":{"self":[{"href":"https:\/\/pervasa.net\/en\/wp-json\/wp\/v2\/pages\/783","targetHints":{"allow":["GET"]}}],"collection":[{"href":"https:\/\/pervasa.net\/en\/wp-json\/wp\/v2\/pages"}],"about":[{"href":"https:\/\/pervasa.net\/en\/wp-json\/wp\/v2\/types\/page"}],"author":[{"embeddable":true,"href":"https:\/\/pervasa.net\/en\/wp-json\/wp\/v2\/users\/1"}],"replies":[{"embeddable":true,"href":"https:\/\/pervasa.net\/en\/wp-json\/wp\/v2\/comments?post=783"}],"version-history":[{"count":0,"href":"https:\/\/pervasa.net\/en\/wp-json\/wp\/v2\/pages\/783\/revisions"}],"up":[{"embeddable":true,"href":"https:\/\/pervasa.net\/en\/wp-json\/wp\/v2\/pages\/751"}],"wp:attachment":[{"href":"https:\/\/pervasa.net\/en\/wp-json\/wp\/v2\/media?parent=783"}],"curies":[{"name":"wp","href":"https:\/\/api.w.org\/{rel}","templated":true}]}}