{"id":800,"date":"2020-12-09T16:51:33","date_gmt":"2020-12-09T16:51:33","guid":{"rendered":"https:\/\/pervasa.mmkt.dev\/?page_id=800"},"modified":"2020-12-23T21:51:30","modified_gmt":"2020-12-23T21:51:30","slug":"contact-experts-plastic-extrusion-profiles","status":"publish","type":"page","link":"https:\/\/pervasa.net\/en\/contact-experts-plastic-extrusion-profiles\/","title":{"rendered":"Contact"},"content":{"rendered":"<div class=\"wpb-content-wrapper\">[vc_row full_width=&#8221;stretch_row_content_no_spaces&#8221;][vc_column][vc_gmaps link=&#8221;#E-8_JTNDaWZyYW1lJTIwc3JjJTNEJTIyaHR0cHMlM0ElMkYlMkZ3d3cuZ29vZ2xlLmNvbSUyRm1hcHMlMkZlbWJlZCUzRnBiJTNEJTIxMW0xOCUyMTFtMTIlMjExbTMlMjExZDI5ODQuOTM3MDM2ODUwOTkxNyUyMTJkMi4xNjc3MzI0MTU0MzE0NjklMjEzZDQxLjU3MDYwNzI3OTI0NzY2JTIxMm0zJTIxMWYwJTIxMmYwJTIxM2YwJTIxM20yJTIxMWkxMDI0JTIxMmk3NjglMjE0ZjEzLjElMjEzbTMlMjExbTIlMjExczB4MTJhNGJmODExMzMxZmRhZiUyNTNBMHg1ZDRlZTc1NDc0YmNmMjhkJTIxMnNQZXJmaWxlcyUyNTIwZGVsJTI1MjBWYWxsZXMlMjE1ZTAlMjEzbTIlMjExc2NhJTIxMnNlcyUyMTR2MTYwMjY2NTIxMzkwNyUyMTVtMiUyMTFzY2ElMjEyc2VzJTIyJTIwd2lkdGglM0QlMjI2MDAlMjIlMjBoZWlnaHQlM0QlMjI0NTAlMjIlMjBmcmFtZWJvcmRlciUzRCUyMjAlMjIlMjBzdHlsZSUzRCUyMmJvcmRlciUzQTAlM0IlMjIlMjBhbGxvd2Z1bGxzY3JlZW4lM0QlMjIlMjIlMjBhcmlhLWhpZGRlbiUzRCUyMmZhbHNlJTIyJTIwdGFiaW5kZXglM0QlMjIwJTIyJTNFJTNDJTJGaWZyYW1lJTNF&#8221; size=&#8221;400&#8243;][\/vc_column][\/vc_row][vc_row][vc_column width=&#8221;1\/2&#8243;]<h2 class=\"vcex-heading vcex-heading-plain vcex-module wpex-heading wpex-text-2xl wpex-text-center border-gradien\"><span class=\"vcex-heading-inner wpex-inline-block\"><strong>Contact<\/strong> Form<\/span><\/h2><div class=\"vcex-spacing wpex-w-100 wpex-clear\" style=\"height:50px;\"><\/div>[vc_column_text]<div class=\"frm_forms  with_frm_style frm_style_estilos-formidable\" id=\"frm_form_4_container\" >\n<form enctype=\"multipart\/form-data\" method=\"post\" class=\"frm-show-form  frm_js_validate  frm_ajax_submit  frm_pro_form \" id=\"form_contacto2a2bc86409\" >\n<div class=\"frm_form_fields \">\n<fieldset>\n<legend class=\"frm_screen_reader\">Contact<\/legend>\r\n\r\n<div class=\"frm_fields_container\">\n<input type=\"hidden\" name=\"frm_action\" value=\"create\" \/>\n<input type=\"hidden\" name=\"form_id\" value=\"4\" \/>\n<input type=\"hidden\" name=\"frm_hide_fields_4\" id=\"frm_hide_fields_4\" value=\"\" \/>\n<input type=\"hidden\" name=\"form_key\" value=\"contacto2a2bc86409\" \/>\n<input type=\"hidden\" name=\"item_meta[0]\" value=\"\" \/>\n<input type=\"hidden\" id=\"frm_submit_entry_4\" name=\"frm_submit_entry_4\" value=\"b7dd311fcc\" \/><input type=\"hidden\" name=\"_wp_http_referer\" value=\"\/en\/wp-json\/wp\/v2\/pages\/800\" \/><div id=\"frm_field_17_container\" class=\"frm_form_field form-field  frm_required_field frm_top_container frm_half frm_first\">\r\n    <label for=\"field_qj271bd23d3ab05\" id=\"field_qj271bd23d3ab05_label\" class=\"frm_primary_label\">Name and surname \r\n        <span class=\"frm_required\">*<\/span>\r\n    <\/label>\r\n    <input  type=\"text\" id=\"field_qj271bd23d3ab05\" name=\"item_meta[17]\" value=\"\"  data-reqmsg=\"Name and surname  cannot be blank.\" aria-required=\"true\" data-invmsg=\"Texto no es v\u00e1lido\" aria-invalid=\"false\"   \/>\r\n    \r\n    \r\n<\/div>\n<div id=\"frm_field_18_container\" class=\"frm_form_field form-field  frm_required_field frm_top_container frm_half\">\r\n    <label for=\"field_7i687434adc4447\" id=\"field_7i687434adc4447_label\" class=\"frm_primary_label\">Email \r\n        <span class=\"frm_required\">*<\/span>\r\n    <\/label>\r\n    <input type=\"email\" id=\"field_7i687434adc4447\" name=\"item_meta[18]\" value=\"\"  data-reqmsg=\"Email  cannot be blank.\" aria-required=\"true\" data-invmsg=\"Email is not valid.\" aria-invalid=\"false\"  \/>\r\n    \r\n    \r\n<\/div>\n<div id=\"frm_field_19_container\" class=\"frm_form_field form-field  frm_top_container\">\r\n    <label for=\"field_4sg3ocb59209ddb\" id=\"field_4sg3ocb59209ddb_label\" class=\"frm_primary_label\">Subject \r\n        <span class=\"frm_required\"><\/span>\r\n    <\/label>\r\n    <input  type=\"text\" id=\"field_4sg3ocb59209ddb\" name=\"item_meta[19]\" value=\"\"  data-invmsg=\"Texto no es v\u00e1lido\" aria-invalid=\"false\"   \/>\r\n    \r\n    \r\n<\/div>\n<div id=\"frm_field_20_container\" class=\"frm_form_field form-field  frm_required_field frm_top_container\">\r\n    <label for=\"field_wp9wd2506731bfb\" id=\"field_wp9wd2506731bfb_label\" class=\"frm_primary_label\">Message \r\n        <span class=\"frm_required\">*<\/span>\r\n    <\/label>\r\n    <textarea name=\"item_meta[20]\" id=\"field_wp9wd2506731bfb\" rows=\"5\"  data-reqmsg=\"Message  cannot be blank.\" aria-required=\"true\" data-invmsg=\"Message  is invalid\" aria-invalid=\"false\"  ><\/textarea>\r\n    \r\n    \r\n<\/div>\n<div id=\"frm_field_21_container\" class=\"frm_form_field form-field  frm_required_field frm_none_container vertical_radio\">\r\n    <div  id=\"field_9ndqx14ad0555ce_label\" class=\"frm_primary_label\">Privacidad\r\n        <span class=\"frm_required\">*<\/span>\r\n    <\/div>\r\n    <div class=\"frm_opt_container\" aria-labelledby=\"field_9ndqx14ad0555ce_label\" role=\"group\">\t\t<div class=\"frm_checkbox\" id=\"frm_checkbox_21-0\">\t\t\t<label  for=\"field_9ndqx14ad0555ce-0\">\n\t\t\t<input type=\"checkbox\" name=\"item_meta[21][]\" id=\"field_9ndqx14ad0555ce-0\" value=\"I have read and I accept the &lt;a href=&quot;https:\/\/pervasa.net\/en\/privacy-policy\/&quot; target=&quot;blank&quot;&gt; privacy policies&lt;\/a&gt;.\"  data-reqmsg=\"You must accept the privacy conditions\" data-invmsg=\"Privacidad is invalid\"   aria-required=\"true\"  \/> I have read and I accept the <a href=\"https:\/\/pervasa.net\/en\/privacy-policy\/\" target=\"blank\"> privacy policies<\/a>.<\/label><\/div>\n<\/div>\r\n    \r\n    \r\n<\/div>\n<div id=\"frm_field_28_container\" class=\"frm_form_field form-field  frm_none_container\">\n    <label for=\"g-recaptcha-response\" id=\"field_zpv2d_label\" class=\"frm_primary_label\">reCAPTCHA\n        <span class=\"frm_required\" aria-hidden=\"true\"><\/span>\n    <\/label>\n    <div  id=\"field_zpv2d\" class=\"frm-g-recaptcha\" data-sitekey=\"6Le_LzsgAAAAAOTSg3FYJnGPopEHbPSuXQEmKXww\" data-size=\"normal\" data-theme=\"light\"><\/div>\n    \n    \n<\/div>\n\t<input type=\"hidden\" name=\"item_key\" value=\"\" \/>\n\t\t\t<div id=\"frm_field_31_container\">\n\t\t\t<label for=\"field_m9rlp\" >\n\t\t\t\tIf you are human, leave this field blank.\t\t\t<\/label>\n\t\t\t<input  id=\"field_m9rlp\" type=\"text\" class=\"frm_form_field form-field frm_verify\" name=\"item_meta[31]\" value=\"\"  \/>\n\t\t<\/div>\n\t\t<input name=\"frm_state\" type=\"hidden\" value=\"WeAe04INkZpoSZGXekBAFx4qcAEQT9GsWmeH3PtwBp5auJTUcFK1NH1puWbRcChl\" \/><div class=\"frm_submit\">\r\n\r\n<button class=\"frm_button_submit frm_final_submit\" type=\"submit\"   formnovalidate=\"formnovalidate\">Send<\/button>\r\n\r\n<\/div><\/div>\n<\/fieldset>\n<\/div>\n\n<\/form>\n<\/div>\n[\/vc_column_text][\/vc_column][vc_column width=&#8221;1\/2&#8243;]<h2 class=\"vcex-heading vcex-heading-plain vcex-module wpex-heading wpex-text-2xl wpex-text-center border-gradien\"><span class=\"vcex-heading-inner wpex-inline-block\"><strong>Contact<\/strong> details<\/span><\/h2><div class=\"vcex-spacing wpex-w-100 wpex-clear\" style=\"height:50px;\"><\/div><style>.vcex-icon-box.vcex_69f9e717af156 .vcex-icon-box-image{width:50px;}<\/style><div class=\"vcex-module vcex-icon-box vcex-icon-box-two wpex-block wpex-text-center vcex_69f9e717af156\"><div class=\"vcex-icon-box-symbol vcex-icon-box-symbol--image wpex-mb-20\"><a href=\"mailto:&#099;&#111;&#109;e&#114;&#099;&#105;&#097;l&#064;pe&#114;&#118;&#097;sa&#046;n&#101;&#116;\" class=\"wpex-no-underline\"><img loading=\"lazy\" class=\"vcex-icon-box-image wpex-align-middle\" decoding=\"async\" src=\"https:\/\/pervasa.net\/wp-content\/uploads\/2020\/10\/email.svg\" alt=\"\" srcset=\"https:\/\/pervasa.net\/wp-content\/uploads\/\/2020\/10\/email.svg 150w, https:\/\/pervasa.net\/wp-content\/uploads\/\/2020\/10\/email.svg 300w, https:\/\/pervasa.net\/wp-content\/uploads\/\/2020\/10\/email.svg 1024w, https:\/\/pervasa.net\/wp-content\/uploads\/\/2020\/10\/email.svg 1536w, https:\/\/pervasa.net\/wp-content\/uploads\/\/2020\/10\/email.svg 2048w, https:\/\/pervasa.net\/wp-content\/uploads\/\/2020\/10\/email.svg 16w\" width=\"16\" height=\"16\"><\/a><\/div><div class=\"vcex-icon-box-text\"><h2 class=\"vcex-icon-box-heading wpex-heading wpex-text-md wpex-mb-10\"><a href=\"mailto:&#099;&#111;&#109;e&#114;&#099;&#105;&#097;l&#064;pe&#114;&#118;&#097;sa&#046;n&#101;&#116;\" class=\"vcex-icon-box-link wpex-no-underline\">comercial@pervasa.net<\/a><\/h2><\/div><\/div><div class=\"vcex-spacing wpex-w-100 wpex-clear\" style=\"height:50px;\"><\/div><style>.vcex-icon-box.vcex_69f9e717b23ff .vcex-icon-box-image{width:50px;}<\/style><div class=\"vcex-module vcex-icon-box vcex-icon-box-two wpex-block wpex-text-center vcex_69f9e717b23ff\"><div class=\"vcex-icon-box-symbol vcex-icon-box-symbol--image wpex-mb-20\"><a href=\"tel:0034938648951\" class=\"wpex-no-underline\"><img loading=\"lazy\" class=\"vcex-icon-box-image wpex-align-middle\" decoding=\"async\" src=\"https:\/\/pervasa.net\/wp-content\/uploads\/2020\/10\/phone-call.svg\" alt=\"\" srcset=\"https:\/\/pervasa.net\/wp-content\/uploads\/\/2020\/10\/phone-call.svg 150w, https:\/\/pervasa.net\/wp-content\/uploads\/\/2020\/10\/phone-call.svg 300w, https:\/\/pervasa.net\/wp-content\/uploads\/\/2020\/10\/phone-call.svg 1024w, https:\/\/pervasa.net\/wp-content\/uploads\/\/2020\/10\/phone-call.svg 1536w, https:\/\/pervasa.net\/wp-content\/uploads\/\/2020\/10\/phone-call.svg 2048w, https:\/\/pervasa.net\/wp-content\/uploads\/\/2020\/10\/phone-call.svg 16w\" width=\"16\" height=\"16\"><\/a><\/div><div class=\"vcex-icon-box-text\"><h2 class=\"vcex-icon-box-heading wpex-heading wpex-text-md wpex-mb-10\"><a href=\"tel:0034938648951\" class=\"vcex-icon-box-link wpex-no-underline\">938 648 951<\/a><\/h2><\/div><\/div><div class=\"vcex-spacing wpex-w-100 wpex-clear\" style=\"height:50px;\"><\/div><style>.vcex-heading.vcex_69f9e717b3c42{font-size:16px;}<\/style><h3 class=\"vcex-heading vcex-heading-plain vcex-module wpex-heading wpex-text-2xl wpex-text-center vcex_69f9e717b3c42\"><span class=\"vcex-heading-inner wpex-inline-block\">We are <strong>part<\/strong> of:<\/span><\/h3><div class=\"vcex-spacing wpex-w-100 wpex-clear\" style=\"height:10px;\"><\/div><figure class=\"vcex-image vcex-module wpex-text-center\"><div class=\"vcex-image-inner wpex-relative wpex-inline-block\"><a href=\"https:\/\/xarxaindustrial.net\/clients\/pervasa\/\" target=\"_blank\" rel=\"nofollow noopener noreferrer\"><img loading=\"lazy\" class=\"vcex-image-img wpex-align-middle\" decoding=\"async\" src=\"https:\/\/pervasa.net\/wp-content\/uploads\/2020\/10\/logo-header-200x38.png\" alt=\"Xarxa-industrial\" srcset=\"https:\/\/pervasa.net\/wp-content\/uploads\/2020\/10\/logo-header-200x38.png 200w, https:\/\/pervasa.net\/wp-content\/uploads\/2020\/10\/logo-header-300x57.png 300w, https:\/\/pervasa.net\/wp-content\/uploads\/2020\/10\/logo-header.png 600w\" width=\"200\" height=\"38\"><\/a><\/div><\/figure>[\/vc_column][\/vc_row]\n<\/div>","protected":false},"excerpt":{"rendered":"<p>[vc_row full_width=&#8221;stretch_row_content_no_spaces&#8221;][vc_column][vc_gmaps link=&#8221;#E-8_JTNDaWZyYW1lJTIwc3JjJTNEJTIyaHR0cHMlM0ElMkYlMkZ3d3cuZ29vZ2xlLmNvbSUyRm1hcHMlMkZlbWJlZCUzRnBiJTNEJTIxMW0xOCUyMTFtMTIlMjExbTMlMjExZDI5ODQuOTM3MDM2ODUwOTkxNyUyMTJkMi4xNjc3MzI0MTU0MzE0NjklMjEzZDQxLjU3MDYwNzI3OTI0NzY2JTIxMm0zJTIxMWYwJTIxMmYwJTIxM2YwJTIxM20yJTIxMWkxMDI0JTIxMmk3NjglMjE0ZjEzLjElMjEzbTMlMjExbTIlMjExczB4MTJhNGJmODExMzMxZmRhZiUyNTNBMHg1ZDRlZTc1NDc0YmNmMjhkJTIxMnNQZXJmaWxlcyUyNTIwZGVsJTI1MjBWYWxsZXMlMjE1ZTAlMjEzbTIlMjExc2NhJTIxMnNlcyUyMTR2MTYwMjY2NTIxMzkwNyUyMTVtMiUyMTFzY2ElMjEyc2VzJTIyJTIwd2lkdGglM0QlMjI2MDAlMjIlMjBoZWlnaHQlM0QlMjI0NTAlMjIlMjBmcmFtZWJvcmRlciUzRCUyMjAlMjIlMjBzdHlsZSUzRCUyMmJvcmRlciUzQTAlM0IlMjIlMjBhbGxvd2Z1bGxzY3JlZW4lM0QlMjIlMjIlMjBhcmlhLWhpZGRlbiUzRCUyMmZhbHNlJTIyJTIwdGFiaW5kZXglM0QlMjIwJTIyJTNFJTNDJTJGaWZyYW1lJTNF&#8221; size=&#8221;400&#8243;][\/vc_column][\/vc_row][vc_row][vc_column width=&#8221;1\/2&#8243;][vc_column_text][\/vc_column_text][\/vc_column][vc_column width=&#8221;1\/2&#8243;][\/vc_column][\/vc_row]<\/p>\n","protected":false},"author":1,"featured_media":0,"parent":0,"menu_order":0,"comment_status":"closed","ping_status":"closed","template":"","meta":{"footnotes":""},"class_list":["post-800","page","type-page","status-publish","hentry","entry","no-media"],"yoast_head":"<!-- This site is optimized with the Yoast SEO plugin v26.5 - https:\/\/yoast.com\/wordpress\/plugins\/seo\/ -->\n<title>Contact Plastic Extrusion Profiles Company - Pervasa<\/title>\n<meta name=\"description\" content=\"The best solutions in plastic extrusion profiles, offering products to multiple sectors. Contact Pervasa for the best manufacture of high-quality plastic profiles.\" \/>\n<meta name=\"robots\" content=\"index, follow, max-snippet:-1, max-image-preview:large, max-video-preview:-1\" \/>\n<link rel=\"canonical\" href=\"https:\/\/pervasa.net\/en\/contact-experts-plastic-extrusion-profiles\/\" \/>\n<meta property=\"og:locale\" content=\"en_US\" \/>\n<meta property=\"og:type\" content=\"article\" \/>\n<meta property=\"og:title\" content=\"Contact Plastic Extrusion Profiles Company - Pervasa\" \/>\n<meta property=\"og:description\" content=\"The best solutions in plastic extrusion profiles, offering products to multiple sectors. Contact Pervasa for the best manufacture of high-quality plastic profiles.\" \/>\n<meta property=\"og:url\" content=\"https:\/\/pervasa.net\/en\/contact-experts-plastic-extrusion-profiles\/\" \/>\n<meta property=\"og:site_name\" content=\"Pervasa\" \/>\n<meta property=\"article:modified_time\" content=\"2020-12-23T21:51:30+00:00\" \/>\n<meta name=\"twitter:card\" content=\"summary_large_image\" \/>\n<meta name=\"twitter:label1\" content=\"Est. reading time\" \/>\n\t<meta name=\"twitter:data1\" content=\"1 minute\" \/>\n<script type=\"application\/ld+json\" class=\"yoast-schema-graph\">{\"@context\":\"https:\/\/schema.org\",\"@graph\":[{\"@type\":\"WebPage\",\"@id\":\"https:\/\/pervasa.net\/en\/contact-experts-plastic-extrusion-profiles\/\",\"url\":\"https:\/\/pervasa.net\/en\/contact-experts-plastic-extrusion-profiles\/\",\"name\":\"Contact Plastic Extrusion Profiles Company - Pervasa\",\"isPartOf\":{\"@id\":\"https:\/\/pervasa.net\/en\/#website\"},\"datePublished\":\"2020-12-09T16:51:33+00:00\",\"dateModified\":\"2020-12-23T21:51:30+00:00\",\"description\":\"The best solutions in plastic extrusion profiles, offering products to multiple sectors. Contact Pervasa for the best manufacture of high-quality plastic profiles.\",\"breadcrumb\":{\"@id\":\"https:\/\/pervasa.net\/en\/contact-experts-plastic-extrusion-profiles\/#breadcrumb\"},\"inLanguage\":\"en-US\",\"potentialAction\":[{\"@type\":\"ReadAction\",\"target\":[\"https:\/\/pervasa.net\/en\/contact-experts-plastic-extrusion-profiles\/\"]}]},{\"@type\":\"BreadcrumbList\",\"@id\":\"https:\/\/pervasa.net\/en\/contact-experts-plastic-extrusion-profiles\/#breadcrumb\",\"itemListElement\":[{\"@type\":\"ListItem\",\"position\":1,\"name\":\"Home\",\"item\":\"https:\/\/pervasa.net\/en\/home\/\"},{\"@type\":\"ListItem\",\"position\":2,\"name\":\"Contact\"}]},{\"@type\":\"WebSite\",\"@id\":\"https:\/\/pervasa.net\/en\/#website\",\"url\":\"https:\/\/pervasa.net\/en\/\",\"name\":\"Pervasa\",\"description\":\"M\u00e1s de 35 a\u00f1os dedicados a la fabricaci\u00f3n de perfiles t\u00e9cnicos\",\"publisher\":{\"@id\":\"https:\/\/pervasa.net\/en\/#organization\"},\"potentialAction\":[{\"@type\":\"SearchAction\",\"target\":{\"@type\":\"EntryPoint\",\"urlTemplate\":\"https:\/\/pervasa.net\/en\/?s={search_term_string}\"},\"query-input\":{\"@type\":\"PropertyValueSpecification\",\"valueRequired\":true,\"valueName\":\"search_term_string\"}}],\"inLanguage\":\"en-US\"},{\"@type\":\"Organization\",\"@id\":\"https:\/\/pervasa.net\/en\/#organization\",\"name\":\"Pervasa. S.L.\",\"url\":\"https:\/\/pervasa.net\/en\/\",\"logo\":{\"@type\":\"ImageObject\",\"inLanguage\":\"en-US\",\"@id\":\"https:\/\/pervasa.net\/en\/#\/schema\/logo\/image\/\",\"url\":\"https:\/\/pervasa.net\/wp-content\/uploads\/2020\/10\/logo-pervasa.svg\",\"contentUrl\":\"https:\/\/pervasa.net\/wp-content\/uploads\/2020\/10\/logo-pervasa.svg\",\"width\":2788,\"height\":769,\"caption\":\"Pervasa. S.L.\"},\"image\":{\"@id\":\"https:\/\/pervasa.net\/en\/#\/schema\/logo\/image\/\"}}]}<\/script>\n<!-- \/ Yoast SEO plugin. -->","yoast_head_json":{"title":"Contact Plastic Extrusion Profiles Company - Pervasa","description":"The best solutions in plastic extrusion profiles, offering products to multiple sectors. Contact Pervasa for the best manufacture of high-quality plastic profiles.","robots":{"index":"index","follow":"follow","max-snippet":"max-snippet:-1","max-image-preview":"max-image-preview:large","max-video-preview":"max-video-preview:-1"},"canonical":"https:\/\/pervasa.net\/en\/contact-experts-plastic-extrusion-profiles\/","og_locale":"en_US","og_type":"article","og_title":"Contact Plastic Extrusion Profiles Company - Pervasa","og_description":"The best solutions in plastic extrusion profiles, offering products to multiple sectors. Contact Pervasa for the best manufacture of high-quality plastic profiles.","og_url":"https:\/\/pervasa.net\/en\/contact-experts-plastic-extrusion-profiles\/","og_site_name":"Pervasa","article_modified_time":"2020-12-23T21:51:30+00:00","twitter_card":"summary_large_image","twitter_misc":{"Est. reading time":"1 minute"},"schema":{"@context":"https:\/\/schema.org","@graph":[{"@type":"WebPage","@id":"https:\/\/pervasa.net\/en\/contact-experts-plastic-extrusion-profiles\/","url":"https:\/\/pervasa.net\/en\/contact-experts-plastic-extrusion-profiles\/","name":"Contact Plastic Extrusion Profiles Company - Pervasa","isPartOf":{"@id":"https:\/\/pervasa.net\/en\/#website"},"datePublished":"2020-12-09T16:51:33+00:00","dateModified":"2020-12-23T21:51:30+00:00","description":"The best solutions in plastic extrusion profiles, offering products to multiple sectors. Contact Pervasa for the best manufacture of high-quality plastic profiles.","breadcrumb":{"@id":"https:\/\/pervasa.net\/en\/contact-experts-plastic-extrusion-profiles\/#breadcrumb"},"inLanguage":"en-US","potentialAction":[{"@type":"ReadAction","target":["https:\/\/pervasa.net\/en\/contact-experts-plastic-extrusion-profiles\/"]}]},{"@type":"BreadcrumbList","@id":"https:\/\/pervasa.net\/en\/contact-experts-plastic-extrusion-profiles\/#breadcrumb","itemListElement":[{"@type":"ListItem","position":1,"name":"Home","item":"https:\/\/pervasa.net\/en\/home\/"},{"@type":"ListItem","position":2,"name":"Contact"}]},{"@type":"WebSite","@id":"https:\/\/pervasa.net\/en\/#website","url":"https:\/\/pervasa.net\/en\/","name":"Pervasa","description":"M\u00e1s de 35 a\u00f1os dedicados a la fabricaci\u00f3n de perfiles t\u00e9cnicos","publisher":{"@id":"https:\/\/pervasa.net\/en\/#organization"},"potentialAction":[{"@type":"SearchAction","target":{"@type":"EntryPoint","urlTemplate":"https:\/\/pervasa.net\/en\/?s={search_term_string}"},"query-input":{"@type":"PropertyValueSpecification","valueRequired":true,"valueName":"search_term_string"}}],"inLanguage":"en-US"},{"@type":"Organization","@id":"https:\/\/pervasa.net\/en\/#organization","name":"Pervasa. S.L.","url":"https:\/\/pervasa.net\/en\/","logo":{"@type":"ImageObject","inLanguage":"en-US","@id":"https:\/\/pervasa.net\/en\/#\/schema\/logo\/image\/","url":"https:\/\/pervasa.net\/wp-content\/uploads\/2020\/10\/logo-pervasa.svg","contentUrl":"https:\/\/pervasa.net\/wp-content\/uploads\/2020\/10\/logo-pervasa.svg","width":2788,"height":769,"caption":"Pervasa. S.L."},"image":{"@id":"https:\/\/pervasa.net\/en\/#\/schema\/logo\/image\/"}}]}},"_links":{"self":[{"href":"https:\/\/pervasa.net\/en\/wp-json\/wp\/v2\/pages\/800","targetHints":{"allow":["GET"]}}],"collection":[{"href":"https:\/\/pervasa.net\/en\/wp-json\/wp\/v2\/pages"}],"about":[{"href":"https:\/\/pervasa.net\/en\/wp-json\/wp\/v2\/types\/page"}],"author":[{"embeddable":true,"href":"https:\/\/pervasa.net\/en\/wp-json\/wp\/v2\/users\/1"}],"replies":[{"embeddable":true,"href":"https:\/\/pervasa.net\/en\/wp-json\/wp\/v2\/comments?post=800"}],"version-history":[{"count":0,"href":"https:\/\/pervasa.net\/en\/wp-json\/wp\/v2\/pages\/800\/revisions"}],"wp:attachment":[{"href":"https:\/\/pervasa.net\/en\/wp-json\/wp\/v2\/media?parent=800"}],"curies":[{"name":"wp","href":"https:\/\/api.w.org\/{rel}","templated":true}]}}