{"id":108,"date":"2020-10-09T14:50:33","date_gmt":"2020-10-09T14:50:33","guid":{"rendered":"https:\/\/pervasa.mmkt.dev\/?page_id=108"},"modified":"2024-07-05T09:34:48","modified_gmt":"2024-07-05T09:34:48","slug":"equipo-extrusion-perfiles-plasticos","status":"publish","type":"page","link":"https:\/\/pervasa.net\/es\/equipo-extrusion-perfiles-plasticos\/","title":{"rendered":"Equipo"},"content":{"rendered":"<div class=\"wpb-content-wrapper\">[vc_row][vc_column width=\u00bb1\/3&#8243;]<figure class=\"vcex-image vcex-module wpex-text-center\"><div class=\"vcex-image-inner wpex-relative wpex-inline-block\"><img loading=\"lazy\" class=\"vcex-image-img wpex-align-middle\" decoding=\"async\" src=\"https:\/\/pervasa.net\/wp-content\/uploads\/2020\/11\/agusti-bachs-gerent.jpg\" alt=\"Agust\u00ed Bachs\" width=\"150\" height=\"179\"><\/div><\/figure><div class=\"vcex-spacing wpex-w-100 wpex-clear\" style=\"height:20px;\"><\/div><style>.vcex-heading.vcex_69f9db8350d64{font-size:18px;}<\/style><div class=\"vcex-heading vcex-heading-plain vcex-module wpex-heading wpex-text-2xl wpex-text-center vcex_69f9db8350d64\"><span class=\"vcex-heading-inner wpex-inline-block\">Agust\u00ed Bachs<\/span><\/div>[vc_column_text text_align=\u00bbcenter\u00bb font_size=\u00bb14&#8243;]<em>Director General<\/em>[\/vc_column_text][\/vc_column][vc_column width=\u00bb1\/3&#8243;]<figure class=\"vcex-image vcex-module wpex-text-center\"><div class=\"vcex-image-inner wpex-relative wpex-inline-block\"><img loading=\"lazy\" class=\"vcex-image-img wpex-align-middle\" decoding=\"async\" src=\"https:\/\/pervasa.net\/wp-content\/uploads\/2020\/10\/elisenda-bachs-1.jpg\" alt=\"Elisenda Bachs\" width=\"150\" height=\"179\"><\/div><\/figure><div class=\"vcex-spacing wpex-w-100 wpex-clear\" style=\"height:20px;\"><\/div><style>.vcex-heading.vcex_69f9db83531dc{font-size:18px;}<\/style><div class=\"vcex-heading vcex-heading-plain vcex-module wpex-heading wpex-text-2xl wpex-text-center vcex_69f9db83531dc\"><span class=\"vcex-heading-inner wpex-inline-block\">Elisenda Bachs<\/span><\/div>[vc_column_text text_align=\u00bbcenter\u00bb font_size=\u00bb14&#8243;]<em>CEO<br \/>\n<\/em><a href=\"mailto:abachs@pervasa.net\">abachs@pervasa.net<\/a>[\/vc_column_text][\/vc_column][vc_column width=\u00bb1\/3&#8243;]<figure class=\"vcex-image vcex-module wpex-text-center\"><div class=\"vcex-image-inner wpex-relative wpex-inline-block\"><img loading=\"lazy\" class=\"vcex-image-img wpex-align-middle\" decoding=\"async\" src=\"https:\/\/pervasa.net\/wp-content\/uploads\/2020\/10\/agusti-bachs.jpg\" alt=\"Agust\u00ed Bachs\" width=\"150\" height=\"179\"><\/div><\/figure><div class=\"vcex-spacing wpex-w-100 wpex-clear\" style=\"height:20px;\"><\/div><style>.vcex-heading.vcex_69f9db8355063{font-size:18px;}<\/style><div class=\"vcex-heading vcex-heading-plain vcex-module wpex-heading wpex-text-2xl wpex-text-center vcex_69f9db8355063\"><span class=\"vcex-heading-inner wpex-inline-block\">Agust\u00ed Bachs Fabr\u00e9s<\/span><\/div>[vc_column_text text_align=\u00bbcenter\u00bb font_size=\u00bb14&#8243;]<em>Director T\u00e9cnico<br \/>\n<\/em><a href=\"mailto:agusti.bachs@pervasa.net\">agusti.bachs@pervasa.net<\/a>[\/vc_column_text][\/vc_column][\/vc_row][vc_row][vc_column width=\u00bb1\/3&#8243;]<figure class=\"vcex-image vcex-module wpex-text-center\"><div class=\"vcex-image-inner wpex-relative wpex-inline-block\"><img loading=\"lazy\" class=\"vcex-image-img wpex-align-middle\" decoding=\"async\" src=\"https:\/\/pervasa.net\/wp-content\/uploads\/2024\/06\/antonio-150x191.jpg\" alt=\"\" srcset=\"https:\/\/pervasa.net\/wp-content\/uploads\/2024\/06\/antonio-150x191.jpg 150w, https:\/\/pervasa.net\/wp-content\/uploads\/2024\/06\/antonio-236x300.jpg 236w, https:\/\/pervasa.net\/wp-content\/uploads\/2024\/06\/antonio.jpg 300w\" width=\"150\" height=\"191\"><\/div><\/figure><div class=\"vcex-spacing wpex-w-100 wpex-clear\" style=\"height:20px;\"><\/div><style>.vcex-heading.vcex_69f9db8356f71{font-size:18px;}<\/style><div class=\"vcex-heading vcex-heading-plain vcex-module wpex-heading wpex-text-2xl wpex-text-center vcex_69f9db8356f71\"><span class=\"vcex-heading-inner wpex-inline-block\">Antonio Alfaro<\/span><\/div>[vc_column_text text_align=\u00bbcenter\u00bb font_size=\u00bb14&#8243;]Director de Producci\u00f3n[\/vc_column_text][\/vc_column][vc_column width=\u00bb1\/3&#8243;]<figure class=\"vcex-image vcex-module wpex-text-center\"><div class=\"vcex-image-inner wpex-relative wpex-inline-block\"><img loading=\"lazy\" class=\"vcex-image-img wpex-align-middle\" decoding=\"async\" src=\"https:\/\/pervasa.net\/wp-content\/uploads\/2020\/10\/joan-llagues.jpg\" alt=\"Joan Llargu\u00e9s\" width=\"150\" height=\"179\"><\/div><\/figure><div class=\"vcex-spacing wpex-w-100 wpex-clear\" style=\"height:20px;\"><\/div><style>.vcex-heading.vcex_69f9db8358cad{font-size:18px;}<\/style><div class=\"vcex-heading vcex-heading-plain vcex-module wpex-heading wpex-text-2xl wpex-text-center vcex_69f9db8358cad\"><span class=\"vcex-heading-inner wpex-inline-block\">Joan Llargu\u00e9s<\/span><\/div>[vc_column_text text_align=\u00bbcenter\u00bb font_size=\u00bb14&#8243;]<em>Asesor de Ventas<br \/>\n<\/em><a href=\"mailto:jllargues@pervasa.net\">jllargues@pervasa.net<\/a>[\/vc_column_text][\/vc_column][vc_column width=\u00bb1\/3&#8243;]<figure class=\"vcex-image vcex-module wpex-text-center\"><div class=\"vcex-image-inner wpex-relative wpex-inline-block\"><img loading=\"lazy\" class=\"vcex-image-img wpex-align-middle\" decoding=\"async\" src=\"https:\/\/pervasa.net\/wp-content\/uploads\/2020\/10\/gerard-defior.jpg\" alt=\"Gerard Defior\" width=\"150\" height=\"179\"><\/div><\/figure><div class=\"vcex-spacing wpex-w-100 wpex-clear\" style=\"height:20px;\"><\/div><style>.vcex-heading.vcex_69f9db835abfc{font-size:18px;}<\/style><div class=\"vcex-heading vcex-heading-plain vcex-module wpex-heading wpex-text-2xl wpex-text-center vcex_69f9db835abfc\"><span class=\"vcex-heading-inner wpex-inline-block\">Gerard Defior<\/span><\/div>[vc_column_text text_align=\u00bbcenter\u00bb font_size=\u00bb14&#8243;]<em>Dpto. Financiero<br \/>\n<\/em><a href=\"mailto:gdefior@pervasa.net\">gdefior@pervasa.net<\/a>[\/vc_column_text][\/vc_column][\/vc_row][vc_row][vc_column width=\u00bb1\/3&#8243;]<figure class=\"vcex-image vcex-module wpex-text-center\"><div class=\"vcex-image-inner wpex-relative wpex-inline-block\"><img loading=\"lazy\" class=\"vcex-image-img wpex-align-middle\" decoding=\"async\" src=\"https:\/\/pervasa.net\/wp-content\/uploads\/2020\/10\/elena-leal.jpg\" alt=\"Anna Leal\" width=\"150\" height=\"179\"><\/div><\/figure><div class=\"vcex-spacing wpex-w-100 wpex-clear\" style=\"height:20px;\"><\/div><style>.vcex-heading.vcex_69f9db835c9a0{font-size:18px;}<\/style><div class=\"vcex-heading vcex-heading-plain vcex-module wpex-heading wpex-text-2xl wpex-text-center vcex_69f9db835c9a0\"><span class=\"vcex-heading-inner wpex-inline-block\">Anna Leal<\/span><\/div>[vc_column_text text_align=\u00bbcenter\u00bb font_size=\u00bb14&#8243;]<em>Recepci\u00f3n de pedidos &amp; Log\u00edstica<br \/>\n<\/em><a href=\"mailto:annaleal@pervasa.net\">annaleal@pervasa.net<\/a>[\/vc_column_text][\/vc_column][\/vc_row]\n<\/div>","protected":false},"excerpt":{"rendered":"<p>[vc_row][vc_column width=\u00bb1\/3&#8243;][vc_column_text text_align=\u00bbcenter\u00bb font_size=\u00bb14&#8243;]Director General[\/vc_column_text][\/vc_column][vc_column width=\u00bb1\/3&#8243;][vc_column_text text_align=\u00bbcenter\u00bb font_size=\u00bb14&#8243;]CEO abachs@pervasa.net[\/vc_column_text][\/vc_column][vc_column width=\u00bb1\/3&#8243;][vc_column_text text_align=\u00bbcenter\u00bb font_size=\u00bb14&#8243;]Director T\u00e9cnico agusti.bachs@pervasa.net[\/vc_column_text][\/vc_column][\/vc_row][vc_row][vc_column width=\u00bb1\/3&#8243;][vc_column_text text_align=\u00bbcenter\u00bb font_size=\u00bb14&#8243;]Director de Producci\u00f3n[\/vc_column_text][\/vc_column][vc_column width=\u00bb1\/3&#8243;][vc_column_text text_align=\u00bbcenter\u00bb font_size=\u00bb14&#8243;]Asesor de Ventas jllargues@pervasa.net[\/vc_column_text][\/vc_column][vc_column width=\u00bb1\/3&#8243;][vc_column_text text_align=\u00bbcenter\u00bb font_size=\u00bb14&#8243;]Dpto. Financiero gdefior@pervasa.net[\/vc_column_text][\/vc_column][\/vc_row][vc_row][vc_column width=\u00bb1\/3&#8243;][vc_column_text text_align=\u00bbcenter\u00bb font_size=\u00bb14&#8243;]Recepci\u00f3n de pedidos &amp; Log\u00edstica annaleal@pervasa.net[\/vc_column_text][\/vc_column][\/vc_row]<\/p>\n","protected":false},"author":1,"featured_media":0,"parent":0,"menu_order":0,"comment_status":"closed","ping_status":"closed","template":"","meta":{"footnotes":""},"class_list":["post-108","page","type-page","status-publish","hentry","entry","no-media"],"yoast_head":"<!-- This site is optimized with the Yoast SEO plugin v26.5 - https:\/\/yoast.com\/wordpress\/plugins\/seo\/ -->\n<title>Equipo Pervasa - Extrusi\u00f3n de perfiles. Productos pl\u00e1sticos extrusi\u00f3n<\/title>\n<meta name=\"description\" content=\"Equipo profesional que conforma Pervasa, expertos en extrusi\u00f3n de perfiles. Fabricaci\u00f3n de Productos pl\u00e1sticos por extrusi\u00f3n de alta calidad.\" \/>\n<meta name=\"robots\" content=\"index, follow, max-snippet:-1, max-image-preview:large, max-video-preview:-1\" \/>\n<link rel=\"canonical\" href=\"https:\/\/pervasa.net\/es\/equipo-extrusion-perfiles-plasticos\/\" \/>\n<meta property=\"og:locale\" content=\"es_ES\" \/>\n<meta property=\"og:type\" content=\"article\" \/>\n<meta property=\"og:title\" content=\"Equipo Pervasa - Extrusi\u00f3n de perfiles. Productos pl\u00e1sticos extrusi\u00f3n\" \/>\n<meta property=\"og:description\" content=\"Equipo profesional que conforma Pervasa, expertos en extrusi\u00f3n de perfiles. Fabricaci\u00f3n de Productos pl\u00e1sticos por extrusi\u00f3n de alta calidad.\" \/>\n<meta property=\"og:url\" content=\"https:\/\/pervasa.net\/es\/equipo-extrusion-perfiles-plasticos\/\" \/>\n<meta property=\"og:site_name\" content=\"Pervasa\" \/>\n<meta property=\"article:modified_time\" content=\"2024-07-05T09:34:48+00:00\" \/>\n<meta name=\"twitter:card\" content=\"summary_large_image\" \/>\n<meta name=\"twitter:label1\" content=\"Tiempo de lectura\" \/>\n\t<meta name=\"twitter:data1\" content=\"1 minuto\" \/>\n<script type=\"application\/ld+json\" class=\"yoast-schema-graph\">{\"@context\":\"https:\/\/schema.org\",\"@graph\":[{\"@type\":\"WebPage\",\"@id\":\"https:\/\/pervasa.net\/es\/equipo-extrusion-perfiles-plasticos\/\",\"url\":\"https:\/\/pervasa.net\/es\/equipo-extrusion-perfiles-plasticos\/\",\"name\":\"Equipo Pervasa - Extrusi\u00f3n de perfiles. Productos pl\u00e1sticos extrusi\u00f3n\",\"isPartOf\":{\"@id\":\"https:\/\/pervasa.net\/es\/#website\"},\"datePublished\":\"2020-10-09T14:50:33+00:00\",\"dateModified\":\"2024-07-05T09:34:48+00:00\",\"description\":\"Equipo profesional que conforma Pervasa, expertos en extrusi\u00f3n de perfiles. Fabricaci\u00f3n de Productos pl\u00e1sticos por extrusi\u00f3n de alta calidad.\",\"breadcrumb\":{\"@id\":\"https:\/\/pervasa.net\/es\/equipo-extrusion-perfiles-plasticos\/#breadcrumb\"},\"inLanguage\":\"es\",\"potentialAction\":[{\"@type\":\"ReadAction\",\"target\":[\"https:\/\/pervasa.net\/es\/equipo-extrusion-perfiles-plasticos\/\"]}]},{\"@type\":\"BreadcrumbList\",\"@id\":\"https:\/\/pervasa.net\/es\/equipo-extrusion-perfiles-plasticos\/#breadcrumb\",\"itemListElement\":[{\"@type\":\"ListItem\",\"position\":1,\"name\":\"Home\",\"item\":\"https:\/\/pervasa.net\/es\/\"},{\"@type\":\"ListItem\",\"position\":2,\"name\":\"Equipo\"}]},{\"@type\":\"WebSite\",\"@id\":\"https:\/\/pervasa.net\/es\/#website\",\"url\":\"https:\/\/pervasa.net\/es\/\",\"name\":\"Pervasa\",\"description\":\"M\u00e1s de 35 a\u00f1os dedicados a la fabricaci\u00f3n de perfiles t\u00e9cnicos\",\"publisher\":{\"@id\":\"https:\/\/pervasa.net\/es\/#organization\"},\"potentialAction\":[{\"@type\":\"SearchAction\",\"target\":{\"@type\":\"EntryPoint\",\"urlTemplate\":\"https:\/\/pervasa.net\/es\/?s={search_term_string}\"},\"query-input\":{\"@type\":\"PropertyValueSpecification\",\"valueRequired\":true,\"valueName\":\"search_term_string\"}}],\"inLanguage\":\"es\"},{\"@type\":\"Organization\",\"@id\":\"https:\/\/pervasa.net\/es\/#organization\",\"name\":\"Pervasa. S.L.\",\"url\":\"https:\/\/pervasa.net\/es\/\",\"logo\":{\"@type\":\"ImageObject\",\"inLanguage\":\"es\",\"@id\":\"https:\/\/pervasa.net\/es\/#\/schema\/logo\/image\/\",\"url\":\"https:\/\/pervasa.net\/wp-content\/uploads\/2020\/10\/logo-pervasa.svg\",\"contentUrl\":\"https:\/\/pervasa.net\/wp-content\/uploads\/2020\/10\/logo-pervasa.svg\",\"width\":2788,\"height\":769,\"caption\":\"Pervasa. S.L.\"},\"image\":{\"@id\":\"https:\/\/pervasa.net\/es\/#\/schema\/logo\/image\/\"}}]}<\/script>\n<!-- \/ Yoast SEO plugin. -->","yoast_head_json":{"title":"Equipo Pervasa - Extrusi\u00f3n de perfiles. Productos pl\u00e1sticos extrusi\u00f3n","description":"Equipo profesional que conforma Pervasa, expertos en extrusi\u00f3n de perfiles. Fabricaci\u00f3n de Productos pl\u00e1sticos por extrusi\u00f3n de alta calidad.","robots":{"index":"index","follow":"follow","max-snippet":"max-snippet:-1","max-image-preview":"max-image-preview:large","max-video-preview":"max-video-preview:-1"},"canonical":"https:\/\/pervasa.net\/es\/equipo-extrusion-perfiles-plasticos\/","og_locale":"es_ES","og_type":"article","og_title":"Equipo Pervasa - Extrusi\u00f3n de perfiles. Productos pl\u00e1sticos extrusi\u00f3n","og_description":"Equipo profesional que conforma Pervasa, expertos en extrusi\u00f3n de perfiles. Fabricaci\u00f3n de Productos pl\u00e1sticos por extrusi\u00f3n de alta calidad.","og_url":"https:\/\/pervasa.net\/es\/equipo-extrusion-perfiles-plasticos\/","og_site_name":"Pervasa","article_modified_time":"2024-07-05T09:34:48+00:00","twitter_card":"summary_large_image","twitter_misc":{"Tiempo de lectura":"1 minuto"},"schema":{"@context":"https:\/\/schema.org","@graph":[{"@type":"WebPage","@id":"https:\/\/pervasa.net\/es\/equipo-extrusion-perfiles-plasticos\/","url":"https:\/\/pervasa.net\/es\/equipo-extrusion-perfiles-plasticos\/","name":"Equipo Pervasa - Extrusi\u00f3n de perfiles. Productos pl\u00e1sticos extrusi\u00f3n","isPartOf":{"@id":"https:\/\/pervasa.net\/es\/#website"},"datePublished":"2020-10-09T14:50:33+00:00","dateModified":"2024-07-05T09:34:48+00:00","description":"Equipo profesional que conforma Pervasa, expertos en extrusi\u00f3n de perfiles. Fabricaci\u00f3n de Productos pl\u00e1sticos por extrusi\u00f3n de alta calidad.","breadcrumb":{"@id":"https:\/\/pervasa.net\/es\/equipo-extrusion-perfiles-plasticos\/#breadcrumb"},"inLanguage":"es","potentialAction":[{"@type":"ReadAction","target":["https:\/\/pervasa.net\/es\/equipo-extrusion-perfiles-plasticos\/"]}]},{"@type":"BreadcrumbList","@id":"https:\/\/pervasa.net\/es\/equipo-extrusion-perfiles-plasticos\/#breadcrumb","itemListElement":[{"@type":"ListItem","position":1,"name":"Home","item":"https:\/\/pervasa.net\/es\/"},{"@type":"ListItem","position":2,"name":"Equipo"}]},{"@type":"WebSite","@id":"https:\/\/pervasa.net\/es\/#website","url":"https:\/\/pervasa.net\/es\/","name":"Pervasa","description":"M\u00e1s de 35 a\u00f1os dedicados a la fabricaci\u00f3n de perfiles t\u00e9cnicos","publisher":{"@id":"https:\/\/pervasa.net\/es\/#organization"},"potentialAction":[{"@type":"SearchAction","target":{"@type":"EntryPoint","urlTemplate":"https:\/\/pervasa.net\/es\/?s={search_term_string}"},"query-input":{"@type":"PropertyValueSpecification","valueRequired":true,"valueName":"search_term_string"}}],"inLanguage":"es"},{"@type":"Organization","@id":"https:\/\/pervasa.net\/es\/#organization","name":"Pervasa. S.L.","url":"https:\/\/pervasa.net\/es\/","logo":{"@type":"ImageObject","inLanguage":"es","@id":"https:\/\/pervasa.net\/es\/#\/schema\/logo\/image\/","url":"https:\/\/pervasa.net\/wp-content\/uploads\/2020\/10\/logo-pervasa.svg","contentUrl":"https:\/\/pervasa.net\/wp-content\/uploads\/2020\/10\/logo-pervasa.svg","width":2788,"height":769,"caption":"Pervasa. S.L."},"image":{"@id":"https:\/\/pervasa.net\/es\/#\/schema\/logo\/image\/"}}]}},"_links":{"self":[{"href":"https:\/\/pervasa.net\/es\/wp-json\/wp\/v2\/pages\/108","targetHints":{"allow":["GET"]}}],"collection":[{"href":"https:\/\/pervasa.net\/es\/wp-json\/wp\/v2\/pages"}],"about":[{"href":"https:\/\/pervasa.net\/es\/wp-json\/wp\/v2\/types\/page"}],"author":[{"embeddable":true,"href":"https:\/\/pervasa.net\/es\/wp-json\/wp\/v2\/users\/1"}],"replies":[{"embeddable":true,"href":"https:\/\/pervasa.net\/es\/wp-json\/wp\/v2\/comments?post=108"}],"version-history":[{"count":0,"href":"https:\/\/pervasa.net\/es\/wp-json\/wp\/v2\/pages\/108\/revisions"}],"wp:attachment":[{"href":"https:\/\/pervasa.net\/es\/wp-json\/wp\/v2\/media?parent=108"}],"curies":[{"name":"wp","href":"https:\/\/api.w.org\/{rel}","templated":true}]}}