{"id":12,"date":"2020-10-08T14:35:33","date_gmt":"2020-10-08T14:35:33","guid":{"rendered":"https:\/\/pervasa.mmkt.dev\/?page_id=12"},"modified":"2024-04-25T15:40:58","modified_gmt":"2024-04-25T15:40:58","slug":"empresa-perfiles-pvc-fabricacion","status":"publish","type":"page","link":"https:\/\/pervasa.net\/es\/empresa-perfiles-pvc-fabricacion\/","title":{"rendered":"Empresa"},"content":{"rendered":"<div class=\"wpb-content-wrapper\">[vc_row full_width=\u00bbstretch_row\u00bb remove_bottom_col_margin=\u00bbtrue\u00bb css=\u00bb.vc_custom_1602693265412{padding-top: 40px !important;padding-bottom: 40px !important;background-color: #ff803b !important;}\u00bb][vc_column]<style>.vcex-heading.vcex_69f9dc67e257d{color:#ffffff;}<\/style><h2 class=\"vcex-heading vcex-heading-plain vcex-module wpex-heading wpex-text-2xl wpex-text-center vcex_69f9dc67e257d\"><span class=\"vcex-heading-inner wpex-inline-block\">M\u00c1S DE 35 A\u00d1OS DEDICADOS A LA FABRICACI\u00d3N DE PERFILES T\u00c9CNICOS<\/span><\/h2>[\/vc_column][\/vc_row][vc_row content_placement=\u00bbmiddle\u00bb css=\u00bb.vc_custom_1606899492010{padding-top: 40px !important;}\u00bb][vc_column width=\u00bb1\/3&#8243;]<figure class=\"vcex-image vcex-module wpex-text-center\"><div class=\"vcex-image-inner wpex-relative wpex-inline-block\"><a href=\"https:\/\/pervasa.net\/wp-content\/uploads\/2020\/11\/empresa01.jpg\" class=\"wpex-lightbox\"><img width=\"675\" height=\"450\" src=\"https:\/\/pervasa.net\/wp-content\/uploads\/2020\/11\/empresa01.jpg\" class=\"vcex-image-img wpex-align-middle\" alt=\"Empresa de Perfiles de PVC\" loading=\"lazy\" decoding=\"async\" srcset=\"https:\/\/pervasa.net\/wp-content\/uploads\/2020\/11\/empresa01.jpg 675w, https:\/\/pervasa.net\/wp-content\/uploads\/2020\/11\/empresa01-300x200.jpg 300w\" sizes=\"auto, (max-width: 675px) 100vw, 675px\" \/><\/a><\/div><\/figure>[\/vc_column][vc_column width=\u00bb2\/3&#8243;][vc_column_text el_class=\u00bbjustify-text\u00bb]Perfiles del Vall\u00e9s es una empresa fundada en 1981 pionera en la extrusi\u00f3n y coextrusi\u00f3n de perfiles termopl\u00e1sticos, que desde su planta situada en Palau solita i Plegamans, ofrece a sus clientes una gran experiencia y versatilidad para el dise\u00f1o y fabricaci\u00f3n de diferentes soluciones espec\u00edficas y proyectos a medida, adem\u00e1s de un amplio cat\u00e1logo de perfiles con m\u00e1s de 5.000 referencias para su aplicaci\u00f3n en todo tipo de proyectos industriales y decorativos.[\/vc_column_text][\/vc_column][\/vc_row][vc_row][vc_column]<div class=\"vcex-module vcex-divider vcex-divider-solid vcex-divider-center wpex-mx-auto wpex-block wpex-h-0 wpex-border-b wpex-border-solid wpex-border-main border-gradien large-border-gradien\" style=\"border-color:#ffffff;\"><\/div>[\/vc_column][\/vc_row][vc_row content_placement=\u00bbmiddle\u00bb columns_right=\u00bbyes\u00bb css=\u00bb.vc_custom_1606899497618{padding-top: 40px !important;}\u00bb][vc_column width=\u00bb1\/3&#8243;]<figure class=\"vcex-image vcex-module wpex-text-center\"><div class=\"vcex-image-inner wpex-relative wpex-inline-block\"><a href=\"https:\/\/pervasa.net\/wp-content\/uploads\/2020\/11\/empresa02.jpg\" class=\"wpex-lightbox\"><img width=\"675\" height=\"450\" src=\"https:\/\/pervasa.net\/wp-content\/uploads\/2020\/11\/empresa02.jpg\" class=\"vcex-image-img wpex-align-middle\" alt=\"Pervasa\" loading=\"lazy\" decoding=\"async\" srcset=\"https:\/\/pervasa.net\/wp-content\/uploads\/2020\/11\/empresa02.jpg 675w, https:\/\/pervasa.net\/wp-content\/uploads\/2020\/11\/empresa02-300x200.jpg 300w\" sizes=\"auto, (max-width: 675px) 100vw, 675px\" \/><\/a><\/div><\/figure>[\/vc_column][vc_column width=\u00bb2\/3&#8243;][vc_column_text el_class=\u00bbjustify-text\u00bb]A lo largo de los a\u00f1os la empresa ha evolucionado en todos los \u00e1mbitos aumentando el n\u00famero de l\u00edneas de producci\u00f3n ampliando el rango de materiales utilizados, ganando en experiencia y formaci\u00f3n del personal. Implantando las \u00faltimas tecnolog\u00edas en extrusi\u00f3n, estableciendo pol\u00edticas de calidad y prevenci\u00f3n, todo ello con el fin de adaptarnos a las necesidades de un mercado en constante evoluci\u00f3n y responder a nuestros clientes con garant\u00edas ofreciendo un servicio \u00f3ptimo y cortos plazos de entrega.[\/vc_column_text][\/vc_column][\/vc_row][vc_row][vc_column]<div class=\"vcex-module vcex-divider vcex-divider-solid vcex-divider-center wpex-mx-auto wpex-block wpex-h-0 wpex-border-b wpex-border-solid wpex-border-main border-gradien large-border-gradien\" style=\"border-color:#ffffff;\"><\/div>[\/vc_column][\/vc_row][vc_row css=\u00bb.vc_custom_1602254560269{padding-top: 40px !important;}\u00bb][vc_column]<figure class=\"vcex-image vcex-module wpex-text-center\"><div class=\"vcex-image-inner wpex-relative wpex-inline-block\"><img width=\"1000\" height=\"255\" src=\"https:\/\/pervasa.net\/wp-content\/uploads\/2020\/11\/empresa-taller.jpg\" class=\"vcex-image-img wpex-align-middle\" alt=\"Perfiles de PVC\" loading=\"lazy\" decoding=\"async\" srcset=\"https:\/\/pervasa.net\/wp-content\/uploads\/2020\/11\/empresa-taller.jpg 1000w, https:\/\/pervasa.net\/wp-content\/uploads\/2020\/11\/empresa-taller-300x77.jpg 300w, https:\/\/pervasa.net\/wp-content\/uploads\/2020\/11\/empresa-taller-768x196.jpg 768w\" sizes=\"auto, (max-width: 1000px) 100vw, 1000px\" \/><\/div><\/figure><div class=\"vcex-spacing wpex-w-100 wpex-clear\" style=\"height:20px;\"><\/div>[vc_column_text el_class=\u00bbjustify-text\u00bb]En busca de la evoluci\u00f3n y la excelencia, Pervasa cuenta con taller propio, 2 m\u00e1quinas de electroerosi\u00f3n por hilo, para la construcci\u00f3n de todos los utillajes, manteniendo un gran feedback con el cliente y un Know how interno a su servicio.<\/p>\n<p>Ofrecemos a nuestros clientes un dise\u00f1o integral para cada una de las necesidades para lograr los mejores resultados del mercado.[\/vc_column_text][\/vc_column][\/vc_row][vc_row][vc_column]<div class=\"vcex-module vcex-divider vcex-divider-solid vcex-divider-center wpex-mx-auto wpex-block wpex-h-0 wpex-border-b wpex-border-solid wpex-border-main border-gradien large-border-gradien\" style=\"border-color:#ffffff;\"><\/div>[\/vc_column][\/vc_row][vc_row content_placement=\u00bbmiddle\u00bb columns_right=\u00bbyes\u00bb css=\u00bb.vc_custom_1606407760607{padding-top: 40px !important;}\u00bb][vc_column width=\u00bb1\/3&#8243;]<figure class=\"vcex-image vcex-module wpex-text-center\"><div class=\"vcex-image-inner wpex-relative wpex-inline-block\"><a href=\"https:\/\/pervasa.net\/wp-content\/uploads\/2020\/11\/empresa-03.jpg\" class=\"wpex-lightbox\"><img width=\"600\" height=\"600\" src=\"https:\/\/pervasa.net\/wp-content\/uploads\/2020\/11\/empresa-03.jpg\" class=\"vcex-image-img wpex-align-middle\" alt=\"extrusi\u00f3n y coextrusi\u00f3n de perfiles PVC\" loading=\"lazy\" decoding=\"async\" srcset=\"https:\/\/pervasa.net\/wp-content\/uploads\/2020\/11\/empresa-03.jpg 600w, https:\/\/pervasa.net\/wp-content\/uploads\/2020\/11\/empresa-03-300x300.jpg 300w, https:\/\/pervasa.net\/wp-content\/uploads\/2020\/11\/empresa-03-150x150.jpg 150w\" sizes=\"auto, (max-width: 600px) 100vw, 600px\" \/><\/a><\/div><\/figure>[\/vc_column][vc_column width=\u00bb2\/3&#8243;][vc_column_text el_class=\u00bbjustify-text\u00bb]En la actualidad somos una empresa puntera en la fabricaci\u00f3n de perfil porta precios (Cat\u00e1logo Se\u00f1alizaci\u00f3n Comercial PLV) y difusores para iluminarias (Cat\u00e1logo Iluminaci\u00f3n LED) por destacar de los principales sectores en que dividimos nuestro amplio cat\u00e1logo de referencias.<\/p>\n<p>Ponemos a su disposici\u00f3n un servicio de prototipado de piezas de pl\u00e1stico mediante impresi\u00f3n 3D con alta calidad y precisi\u00f3n ya sea para pruebas funcionales, para definici\u00f3n de formas o bien para la realizaci\u00f3n de peque\u00f1as series de piezas con formas complejas.[\/vc_column_text][\/vc_column][\/vc_row][vc_row full_width=\u00bbstretch_row\u00bb remove_bottom_col_margin=\u00bbtrue\u00bb css=\u00bb.vc_custom_1602693276259{padding-top: 40px !important;padding-bottom: 40px !important;background-color: #ff803b !important;}\u00bb][vc_column]<style>.vcex-heading.vcex_69f9dc67e9aa2{width:730px;color:#ffffff;font-size:20px;}<\/style><div class=\"vcex-heading vcex-heading-plain vcex-module wpex-heading wpex-text-2xl wpex-text-center wpex-max-w-100 wpex-mx-auto vcex_69f9dc67e9aa2\"><span class=\"vcex-heading-inner wpex-inline-block\">Gracias a nuestro gran equipo de profesionales e instalaciones de \u00faltima generaci\u00f3n, brindamos a nuestros clientes una gran experiencia.<\/span><\/div>[\/vc_column][\/vc_row]\n<\/div>","protected":false},"excerpt":{"rendered":"<p>[vc_row full_width=\u00bbstretch_row\u00bb remove_bottom_col_margin=\u00bbtrue\u00bb css=\u00bb.vc_custom_1602693265412{padding-top: 40px !important;padding-bottom: 40px !important;background-color: #ff803b !important;}\u00bb][vc_column][\/vc_column][\/vc_row][vc_row content_placement=\u00bbmiddle\u00bb css=\u00bb.vc_custom_1606899492010{padding-top: 40px !important;}\u00bb][vc_column width=\u00bb1\/3&#8243;][\/vc_column][vc_column width=\u00bb2\/3&#8243;][vc_column_text el_class=\u00bbjustify-text\u00bb]Perfiles del Vall\u00e9s es una empresa fundada en 1981 pionera en la extrusi\u00f3n y coextrusi\u00f3n de perfiles termopl\u00e1sticos, que desde su planta situada en Palau solita i Plegamans, ofrece a sus clientes una gran experiencia y versatilidad para el&hellip;<\/p>\n","protected":false},"author":1,"featured_media":0,"parent":0,"menu_order":0,"comment_status":"closed","ping_status":"closed","template":"","meta":{"footnotes":""},"class_list":["post-12","page","type-page","status-publish","hentry","entry","no-media"],"yoast_head":"<!-- This site is optimized with the Yoast SEO plugin v26.5 - https:\/\/yoast.com\/wordpress\/plugins\/seo\/ -->\n<title>Empresa de Perfiles de PVC, dise\u00f1o y fabricaci\u00f3n - Pervasa<\/title>\n<meta name=\"description\" content=\"Empresa de Perfiles pionera en extrusi\u00f3n y coextrusi\u00f3n de perfiles PVC. Soluciones espec\u00edficas y proyectos a medida en Pervasa. Cont\u00e1ctanos.\" \/>\n<meta name=\"robots\" content=\"index, follow, max-snippet:-1, max-image-preview:large, max-video-preview:-1\" \/>\n<link rel=\"canonical\" href=\"https:\/\/pervasa.net\/es\/empresa-perfiles-pvc-fabricacion\/\" \/>\n<meta property=\"og:locale\" content=\"es_ES\" \/>\n<meta property=\"og:type\" content=\"article\" \/>\n<meta property=\"og:title\" content=\"Empresa de Perfiles de PVC, dise\u00f1o y fabricaci\u00f3n - Pervasa\" \/>\n<meta property=\"og:description\" content=\"Empresa de Perfiles pionera en extrusi\u00f3n y coextrusi\u00f3n de perfiles PVC. Soluciones espec\u00edficas y proyectos a medida en Pervasa. Cont\u00e1ctanos.\" \/>\n<meta property=\"og:url\" content=\"https:\/\/pervasa.net\/es\/empresa-perfiles-pvc-fabricacion\/\" \/>\n<meta property=\"og:site_name\" content=\"Pervasa\" \/>\n<meta property=\"article:modified_time\" content=\"2024-04-25T15:40:58+00:00\" \/>\n<meta name=\"twitter:card\" content=\"summary_large_image\" \/>\n<meta name=\"twitter:label1\" content=\"Tiempo de lectura\" \/>\n\t<meta name=\"twitter:data1\" content=\"2 minutos\" \/>\n<script type=\"application\/ld+json\" class=\"yoast-schema-graph\">{\"@context\":\"https:\/\/schema.org\",\"@graph\":[{\"@type\":\"WebPage\",\"@id\":\"https:\/\/pervasa.net\/es\/empresa-perfiles-pvc-fabricacion\/\",\"url\":\"https:\/\/pervasa.net\/es\/empresa-perfiles-pvc-fabricacion\/\",\"name\":\"Empresa de Perfiles de PVC, dise\u00f1o y fabricaci\u00f3n - Pervasa\",\"isPartOf\":{\"@id\":\"https:\/\/pervasa.net\/es\/#website\"},\"datePublished\":\"2020-10-08T14:35:33+00:00\",\"dateModified\":\"2024-04-25T15:40:58+00:00\",\"description\":\"Empresa de Perfiles pionera en extrusi\u00f3n y coextrusi\u00f3n de perfiles PVC. Soluciones espec\u00edficas y proyectos a medida en Pervasa. Cont\u00e1ctanos.\",\"breadcrumb\":{\"@id\":\"https:\/\/pervasa.net\/es\/empresa-perfiles-pvc-fabricacion\/#breadcrumb\"},\"inLanguage\":\"es\",\"potentialAction\":[{\"@type\":\"ReadAction\",\"target\":[\"https:\/\/pervasa.net\/es\/empresa-perfiles-pvc-fabricacion\/\"]}]},{\"@type\":\"BreadcrumbList\",\"@id\":\"https:\/\/pervasa.net\/es\/empresa-perfiles-pvc-fabricacion\/#breadcrumb\",\"itemListElement\":[{\"@type\":\"ListItem\",\"position\":1,\"name\":\"Home\",\"item\":\"https:\/\/pervasa.net\/es\/\"},{\"@type\":\"ListItem\",\"position\":2,\"name\":\"Empresa\"}]},{\"@type\":\"WebSite\",\"@id\":\"https:\/\/pervasa.net\/es\/#website\",\"url\":\"https:\/\/pervasa.net\/es\/\",\"name\":\"Pervasa\",\"description\":\"M\u00e1s de 35 a\u00f1os dedicados a la fabricaci\u00f3n de perfiles t\u00e9cnicos\",\"publisher\":{\"@id\":\"https:\/\/pervasa.net\/es\/#organization\"},\"potentialAction\":[{\"@type\":\"SearchAction\",\"target\":{\"@type\":\"EntryPoint\",\"urlTemplate\":\"https:\/\/pervasa.net\/es\/?s={search_term_string}\"},\"query-input\":{\"@type\":\"PropertyValueSpecification\",\"valueRequired\":true,\"valueName\":\"search_term_string\"}}],\"inLanguage\":\"es\"},{\"@type\":\"Organization\",\"@id\":\"https:\/\/pervasa.net\/es\/#organization\",\"name\":\"Pervasa. S.L.\",\"url\":\"https:\/\/pervasa.net\/es\/\",\"logo\":{\"@type\":\"ImageObject\",\"inLanguage\":\"es\",\"@id\":\"https:\/\/pervasa.net\/es\/#\/schema\/logo\/image\/\",\"url\":\"https:\/\/pervasa.net\/wp-content\/uploads\/2020\/10\/logo-pervasa.svg\",\"contentUrl\":\"https:\/\/pervasa.net\/wp-content\/uploads\/2020\/10\/logo-pervasa.svg\",\"width\":2788,\"height\":769,\"caption\":\"Pervasa. S.L.\"},\"image\":{\"@id\":\"https:\/\/pervasa.net\/es\/#\/schema\/logo\/image\/\"}}]}<\/script>\n<!-- \/ Yoast SEO plugin. -->","yoast_head_json":{"title":"Empresa de Perfiles de PVC, dise\u00f1o y fabricaci\u00f3n - Pervasa","description":"Empresa de Perfiles pionera en extrusi\u00f3n y coextrusi\u00f3n de perfiles PVC. Soluciones espec\u00edficas y proyectos a medida en Pervasa. Cont\u00e1ctanos.","robots":{"index":"index","follow":"follow","max-snippet":"max-snippet:-1","max-image-preview":"max-image-preview:large","max-video-preview":"max-video-preview:-1"},"canonical":"https:\/\/pervasa.net\/es\/empresa-perfiles-pvc-fabricacion\/","og_locale":"es_ES","og_type":"article","og_title":"Empresa de Perfiles de PVC, dise\u00f1o y fabricaci\u00f3n - Pervasa","og_description":"Empresa de Perfiles pionera en extrusi\u00f3n y coextrusi\u00f3n de perfiles PVC. Soluciones espec\u00edficas y proyectos a medida en Pervasa. Cont\u00e1ctanos.","og_url":"https:\/\/pervasa.net\/es\/empresa-perfiles-pvc-fabricacion\/","og_site_name":"Pervasa","article_modified_time":"2024-04-25T15:40:58+00:00","twitter_card":"summary_large_image","twitter_misc":{"Tiempo de lectura":"2 minutos"},"schema":{"@context":"https:\/\/schema.org","@graph":[{"@type":"WebPage","@id":"https:\/\/pervasa.net\/es\/empresa-perfiles-pvc-fabricacion\/","url":"https:\/\/pervasa.net\/es\/empresa-perfiles-pvc-fabricacion\/","name":"Empresa de Perfiles de PVC, dise\u00f1o y fabricaci\u00f3n - Pervasa","isPartOf":{"@id":"https:\/\/pervasa.net\/es\/#website"},"datePublished":"2020-10-08T14:35:33+00:00","dateModified":"2024-04-25T15:40:58+00:00","description":"Empresa de Perfiles pionera en extrusi\u00f3n y coextrusi\u00f3n de perfiles PVC. Soluciones espec\u00edficas y proyectos a medida en Pervasa. Cont\u00e1ctanos.","breadcrumb":{"@id":"https:\/\/pervasa.net\/es\/empresa-perfiles-pvc-fabricacion\/#breadcrumb"},"inLanguage":"es","potentialAction":[{"@type":"ReadAction","target":["https:\/\/pervasa.net\/es\/empresa-perfiles-pvc-fabricacion\/"]}]},{"@type":"BreadcrumbList","@id":"https:\/\/pervasa.net\/es\/empresa-perfiles-pvc-fabricacion\/#breadcrumb","itemListElement":[{"@type":"ListItem","position":1,"name":"Home","item":"https:\/\/pervasa.net\/es\/"},{"@type":"ListItem","position":2,"name":"Empresa"}]},{"@type":"WebSite","@id":"https:\/\/pervasa.net\/es\/#website","url":"https:\/\/pervasa.net\/es\/","name":"Pervasa","description":"M\u00e1s de 35 a\u00f1os dedicados a la fabricaci\u00f3n de perfiles t\u00e9cnicos","publisher":{"@id":"https:\/\/pervasa.net\/es\/#organization"},"potentialAction":[{"@type":"SearchAction","target":{"@type":"EntryPoint","urlTemplate":"https:\/\/pervasa.net\/es\/?s={search_term_string}"},"query-input":{"@type":"PropertyValueSpecification","valueRequired":true,"valueName":"search_term_string"}}],"inLanguage":"es"},{"@type":"Organization","@id":"https:\/\/pervasa.net\/es\/#organization","name":"Pervasa. S.L.","url":"https:\/\/pervasa.net\/es\/","logo":{"@type":"ImageObject","inLanguage":"es","@id":"https:\/\/pervasa.net\/es\/#\/schema\/logo\/image\/","url":"https:\/\/pervasa.net\/wp-content\/uploads\/2020\/10\/logo-pervasa.svg","contentUrl":"https:\/\/pervasa.net\/wp-content\/uploads\/2020\/10\/logo-pervasa.svg","width":2788,"height":769,"caption":"Pervasa. S.L."},"image":{"@id":"https:\/\/pervasa.net\/es\/#\/schema\/logo\/image\/"}}]}},"_links":{"self":[{"href":"https:\/\/pervasa.net\/es\/wp-json\/wp\/v2\/pages\/12","targetHints":{"allow":["GET"]}}],"collection":[{"href":"https:\/\/pervasa.net\/es\/wp-json\/wp\/v2\/pages"}],"about":[{"href":"https:\/\/pervasa.net\/es\/wp-json\/wp\/v2\/types\/page"}],"author":[{"embeddable":true,"href":"https:\/\/pervasa.net\/es\/wp-json\/wp\/v2\/users\/1"}],"replies":[{"embeddable":true,"href":"https:\/\/pervasa.net\/es\/wp-json\/wp\/v2\/comments?post=12"}],"version-history":[{"count":0,"href":"https:\/\/pervasa.net\/es\/wp-json\/wp\/v2\/pages\/12\/revisions"}],"wp:attachment":[{"href":"https:\/\/pervasa.net\/es\/wp-json\/wp\/v2\/media?parent=12"}],"curies":[{"name":"wp","href":"https:\/\/api.w.org\/{rel}","templated":true}]}}