{"id":20,"date":"2020-10-08T14:37:02","date_gmt":"2020-10-08T14:37:02","guid":{"rendered":"https:\/\/pervasa.mmkt.dev\/?page_id=20"},"modified":"2020-12-13T18:07:39","modified_gmt":"2020-12-13T18:07:39","slug":"contacto-empresa-extrusion-perfiles-plasticos","status":"publish","type":"page","link":"https:\/\/pervasa.net\/es\/contacto-empresa-extrusion-perfiles-plasticos\/","title":{"rendered":"Contacto"},"content":{"rendered":"<div class=\"wpb-content-wrapper\">[vc_row full_width=\u00bbstretch_row_content_no_spaces\u00bb][vc_column][vc_gmaps link=\u00bb#E-8_JTNDaWZyYW1lJTIwc3JjJTNEJTIyaHR0cHMlM0ElMkYlMkZ3d3cuZ29vZ2xlLmNvbSUyRm1hcHMlMkZlbWJlZCUzRnBiJTNEJTIxMW0xOCUyMTFtMTIlMjExbTMlMjExZDI5ODQuOTM3MDM2ODUwOTkxNyUyMTJkMi4xNjc3MzI0MTU0MzE0NjklMjEzZDQxLjU3MDYwNzI3OTI0NzY2JTIxMm0zJTIxMWYwJTIxMmYwJTIxM2YwJTIxM20yJTIxMWkxMDI0JTIxMmk3NjglMjE0ZjEzLjElMjEzbTMlMjExbTIlMjExczB4MTJhNGJmODExMzMxZmRhZiUyNTNBMHg1ZDRlZTc1NDc0YmNmMjhkJTIxMnNQZXJmaWxlcyUyNTIwZGVsJTI1MjBWYWxsZXMlMjE1ZTAlMjEzbTIlMjExc2NhJTIxMnNlcyUyMTR2MTYwMjY2NTIxMzkwNyUyMTVtMiUyMTFzY2ElMjEyc2VzJTIyJTIwd2lkdGglM0QlMjI2MDAlMjIlMjBoZWlnaHQlM0QlMjI0NTAlMjIlMjBmcmFtZWJvcmRlciUzRCUyMjAlMjIlMjBzdHlsZSUzRCUyMmJvcmRlciUzQTAlM0IlMjIlMjBhbGxvd2Z1bGxzY3JlZW4lM0QlMjIlMjIlMjBhcmlhLWhpZGRlbiUzRCUyMmZhbHNlJTIyJTIwdGFiaW5kZXglM0QlMjIwJTIyJTNFJTNDJTJGaWZyYW1lJTNF\u00bb size=\u00bb400&#8243;][\/vc_column][\/vc_row][vc_row][vc_column width=\u00bb1\/2&#8243;]<h2 class=\"vcex-heading vcex-heading-plain vcex-module wpex-heading wpex-text-2xl wpex-text-center border-gradien\"><span class=\"vcex-heading-inner wpex-inline-block\"><strong>Formulario<\/strong> de contacto<\/span><\/h2><div class=\"vcex-spacing wpex-w-100 wpex-clear\" style=\"height:50px;\"><\/div>[vc_column_text]<div class=\"frm_forms  with_frm_style frm_style_estilos-formidable\" id=\"frm_form_5_container\" >\n<form enctype=\"multipart\/form-data\" method=\"post\" class=\"frm-show-form  frm_js_validate  frm_ajax_submit  frm_pro_form \" id=\"form_contactoe933237277\" >\n<div class=\"frm_form_fields \">\n<fieldset>\n<legend class=\"frm_screen_reader\">Contacto<\/legend>\r\n\r\n<div class=\"frm_fields_container\">\n<input type=\"hidden\" name=\"frm_action\" value=\"create\" \/>\n<input type=\"hidden\" name=\"form_id\" value=\"5\" \/>\n<input type=\"hidden\" name=\"frm_hide_fields_5\" id=\"frm_hide_fields_5\" value=\"\" \/>\n<input type=\"hidden\" name=\"form_key\" value=\"contactoe933237277\" \/>\n<input type=\"hidden\" name=\"item_meta[0]\" value=\"\" \/>\n<input type=\"hidden\" id=\"frm_submit_entry_5\" name=\"frm_submit_entry_5\" value=\"f7a3306429\" \/><input type=\"hidden\" name=\"_wp_http_referer\" value=\"\/es\/wp-json\/wp\/v2\/pages\/20\" \/><div id=\"frm_field_22_container\" class=\"frm_form_field form-field  frm_required_field frm_top_container frm_half frm_first\">\r\n    <label for=\"field_qj271699eaa5752\" id=\"field_qj271699eaa5752_label\" class=\"frm_primary_label\">Nombre y apellido\r\n        <span class=\"frm_required\">*<\/span>\r\n    <\/label>\r\n    <input  type=\"text\" id=\"field_qj271699eaa5752\" name=\"item_meta[22]\" value=\"\"  data-reqmsg=\"Este campo no puede estar en blanco.\" aria-required=\"true\" data-invmsg=\"Texto no es v\u00e1lido\" aria-invalid=\"false\"   \/>\r\n    \r\n    \r\n<\/div>\n<div id=\"frm_field_23_container\" class=\"frm_form_field form-field  frm_required_field frm_top_container frm_half\">\r\n    <label for=\"field_7i68716dcc3920b\" id=\"field_7i68716dcc3920b_label\" class=\"frm_primary_label\"> Correo electr\u00f3nico\r\n        <span class=\"frm_required\">*<\/span>\r\n    <\/label>\r\n    <input type=\"email\" id=\"field_7i68716dcc3920b\" name=\"item_meta[23]\" value=\"\"  data-reqmsg=\"Este campo no puede estar en blanco.\" aria-required=\"true\" data-invmsg=\"Correo electr\u00f3nico no es v\u00e1lido.\" aria-invalid=\"false\"  \/>\r\n    \r\n    \r\n<\/div>\n<div id=\"frm_field_24_container\" class=\"frm_form_field form-field  frm_top_container\">\r\n    <label for=\"field_4sg3o78d42500a2\" id=\"field_4sg3o78d42500a2_label\" class=\"frm_primary_label\">Asunto\r\n        <span class=\"frm_required\"><\/span>\r\n    <\/label>\r\n    <input  type=\"text\" id=\"field_4sg3o78d42500a2\" name=\"item_meta[24]\" value=\"\"  data-invmsg=\"Texto no es v\u00e1lido\" aria-invalid=\"false\"   \/>\r\n    \r\n    \r\n<\/div>\n<div id=\"frm_field_25_container\" class=\"frm_form_field form-field  frm_required_field frm_top_container\">\r\n    <label for=\"field_wp9wdf0e5660037\" id=\"field_wp9wdf0e5660037_label\" class=\"frm_primary_label\">Mensaje \r\n        <span class=\"frm_required\">*<\/span>\r\n    <\/label>\r\n    <textarea name=\"item_meta[25]\" id=\"field_wp9wdf0e5660037\" rows=\"5\"  data-reqmsg=\"Este campo no puede estar en blanco.\" aria-required=\"true\" data-invmsg=\"Mensaje  no es v\u00e1lido\" aria-invalid=\"false\"  ><\/textarea>\r\n    \r\n    \r\n<\/div>\n<div id=\"frm_field_26_container\" class=\"frm_form_field form-field  frm_required_field frm_none_container vertical_radio\">\r\n    <div  id=\"field_9ndqx97b8fca08e_label\" class=\"frm_primary_label\">Privacidad\r\n        <span class=\"frm_required\">*<\/span>\r\n    <\/div>\r\n    <div class=\"frm_opt_container\" aria-labelledby=\"field_9ndqx97b8fca08e_label\" role=\"group\">\t\t<div class=\"frm_checkbox\" id=\"frm_checkbox_26-0\">\t\t\t<label  for=\"field_9ndqx97b8fca08e-0\">\n\t\t\t<input type=\"checkbox\" name=\"item_meta[26][]\" id=\"field_9ndqx97b8fca08e-0\" value=\"He le\u00eddo y acepto las &lt;a href=&quot;https:\/\/pervasa.net\/politica-de-privacidad\/&quot; target=&quot;blank&quot;&gt; pol\u00edticas de privacidad&lt;\/a&gt;.\"  data-reqmsg=\"Debes aceptar las condiciones de privacidad.\" data-invmsg=\"Privacidad no es v\u00e1lido\"   aria-required=\"true\"  \/> He le\u00eddo y acepto las <a href=\"https:\/\/pervasa.net\/politica-de-privacidad\/\" target=\"blank\"> pol\u00edticas de privacidad<\/a>.<\/label><\/div>\n<\/div>\r\n    \r\n    \r\n<\/div>\n<div id=\"frm_field_30_container\" class=\"frm_form_field form-field  frm_none_container\">\n    <label for=\"g-recaptcha-response\" id=\"field_5qho2_label\" class=\"frm_primary_label\">reCAPTCHA\n        <span class=\"frm_required\" aria-hidden=\"true\"><\/span>\n    <\/label>\n    <div  id=\"field_5qho2\" class=\"frm-g-recaptcha\" data-sitekey=\"6Le_LzsgAAAAAOTSg3FYJnGPopEHbPSuXQEmKXww\" data-size=\"normal\" data-theme=\"light\"><\/div>\n    \n    \n<\/div>\n\t<input type=\"hidden\" name=\"item_key\" value=\"\" \/>\n\t\t\t<div id=\"frm_field_31_container\">\n\t\t\t<label for=\"field_320lf\" >\n\t\t\t\tSi eres humano, deja este campo en blanco.\t\t\t<\/label>\n\t\t\t<input  id=\"field_320lf\" type=\"text\" class=\"frm_form_field form-field frm_verify\" name=\"item_meta[31]\" value=\"\"  \/>\n\t\t<\/div>\n\t\t<input name=\"frm_state\" type=\"hidden\" value=\"WeAe04INkZpoSZGXekBAF6fqivCaHqsaJnXJJUptlpVOgIOIS3sH+400P1Ukjmkz\" \/><div class=\"frm_submit\">\r\n\r\n<button class=\"frm_button_submit frm_final_submit\" type=\"submit\"   formnovalidate=\"formnovalidate\">Enviar<\/button>\r\n\r\n<\/div><\/div>\n<\/fieldset>\n<\/div>\n\n<\/form>\n<\/div>\n[\/vc_column_text][\/vc_column][vc_column width=\u00bb1\/2&#8243;]<h2 class=\"vcex-heading vcex-heading-plain vcex-module wpex-heading wpex-text-2xl wpex-text-center border-gradien\"><span class=\"vcex-heading-inner wpex-inline-block\"><strong>Datos<\/strong> de contacto<\/span><\/h2><div class=\"vcex-spacing wpex-w-100 wpex-clear\" style=\"height:50px;\"><\/div><style>.vcex-icon-box.vcex_69f9db83e8e94 .vcex-icon-box-image{width:50px;}<\/style><div class=\"vcex-module vcex-icon-box vcex-icon-box-two wpex-block wpex-text-center vcex_69f9db83e8e94\"><div class=\"vcex-icon-box-symbol vcex-icon-box-symbol--image wpex-mb-20\"><a href=\"mailto:c&#111;&#109;e&#114;&#099;&#105;&#097;l&#064;&#112;&#101;&#114;va&#115;&#097;.net\" class=\"wpex-no-underline\"><img loading=\"lazy\" class=\"vcex-icon-box-image wpex-align-middle\" decoding=\"async\" src=\"https:\/\/pervasa.net\/wp-content\/uploads\/2020\/10\/email.svg\" alt=\"\" srcset=\"https:\/\/pervasa.net\/wp-content\/uploads\/\/2020\/10\/email.svg 150w, https:\/\/pervasa.net\/wp-content\/uploads\/\/2020\/10\/email.svg 300w, https:\/\/pervasa.net\/wp-content\/uploads\/\/2020\/10\/email.svg 1024w, https:\/\/pervasa.net\/wp-content\/uploads\/\/2020\/10\/email.svg 1536w, https:\/\/pervasa.net\/wp-content\/uploads\/\/2020\/10\/email.svg 2048w, https:\/\/pervasa.net\/wp-content\/uploads\/\/2020\/10\/email.svg 16w\" width=\"16\" height=\"16\"><\/a><\/div><div class=\"vcex-icon-box-text\"><h2 class=\"vcex-icon-box-heading wpex-heading wpex-text-md wpex-mb-10\"><a href=\"mailto:c&#111;&#109;e&#114;&#099;&#105;&#097;l&#064;&#112;&#101;&#114;va&#115;&#097;.net\" class=\"vcex-icon-box-link wpex-no-underline\">comercial@pervasa.net<\/a><\/h2><\/div><\/div><div class=\"vcex-spacing wpex-w-100 wpex-clear\" style=\"height:50px;\"><\/div><style>.vcex-icon-box.vcex_69f9db83ec02e .vcex-icon-box-image{width:50px;}<\/style><div class=\"vcex-module vcex-icon-box vcex-icon-box-two wpex-block wpex-text-center vcex_69f9db83ec02e\"><div class=\"vcex-icon-box-symbol vcex-icon-box-symbol--image wpex-mb-20\"><a href=\"tel:0034938648951\" class=\"wpex-no-underline\"><img loading=\"lazy\" class=\"vcex-icon-box-image wpex-align-middle\" decoding=\"async\" src=\"https:\/\/pervasa.net\/wp-content\/uploads\/2020\/10\/phone-call.svg\" alt=\"\" srcset=\"https:\/\/pervasa.net\/wp-content\/uploads\/\/2020\/10\/phone-call.svg 150w, https:\/\/pervasa.net\/wp-content\/uploads\/\/2020\/10\/phone-call.svg 300w, https:\/\/pervasa.net\/wp-content\/uploads\/\/2020\/10\/phone-call.svg 1024w, https:\/\/pervasa.net\/wp-content\/uploads\/\/2020\/10\/phone-call.svg 1536w, https:\/\/pervasa.net\/wp-content\/uploads\/\/2020\/10\/phone-call.svg 2048w, https:\/\/pervasa.net\/wp-content\/uploads\/\/2020\/10\/phone-call.svg 16w\" width=\"16\" height=\"16\"><\/a><\/div><div class=\"vcex-icon-box-text\"><h2 class=\"vcex-icon-box-heading wpex-heading wpex-text-md wpex-mb-10\"><a href=\"tel:0034938648951\" class=\"vcex-icon-box-link wpex-no-underline\">938 648 951<\/a><\/h2><\/div><\/div><div class=\"vcex-spacing wpex-w-100 wpex-clear\" style=\"height:50px;\"><\/div><style>.vcex-heading.vcex_69f9db83ed867{font-size:16px;}<\/style><h3 class=\"vcex-heading vcex-heading-plain vcex-module wpex-heading wpex-text-2xl wpex-text-center vcex_69f9db83ed867\"><span class=\"vcex-heading-inner wpex-inline-block\"><strong>Formamos<\/strong> parte de:<\/span><\/h3><div class=\"vcex-spacing wpex-w-100 wpex-clear\" style=\"height:10px;\"><\/div><figure class=\"vcex-image vcex-module wpex-text-center\"><div class=\"vcex-image-inner wpex-relative wpex-inline-block\"><a href=\"https:\/\/xarxaindustrial.net\/clients\/pervasa\/\" target=\"_blank\" rel=\"nofollow noopener noreferrer\"><img loading=\"lazy\" class=\"vcex-image-img wpex-align-middle\" decoding=\"async\" src=\"https:\/\/pervasa.net\/wp-content\/uploads\/2020\/10\/logo-header-200x38.png\" alt=\"Xarxa industrial\" srcset=\"https:\/\/pervasa.net\/wp-content\/uploads\/2020\/10\/logo-header-200x38.png 200w, https:\/\/pervasa.net\/wp-content\/uploads\/2020\/10\/logo-header-300x57.png 300w, https:\/\/pervasa.net\/wp-content\/uploads\/2020\/10\/logo-header.png 600w\" width=\"200\" height=\"38\"><\/a><\/div><\/figure>[\/vc_column][\/vc_row]\n<\/div>","protected":false},"excerpt":{"rendered":"<p>[vc_row full_width=\u00bbstretch_row_content_no_spaces\u00bb][vc_column][vc_gmaps link=\u00bb#E-8_JTNDaWZyYW1lJTIwc3JjJTNEJTIyaHR0cHMlM0ElMkYlMkZ3d3cuZ29vZ2xlLmNvbSUyRm1hcHMlMkZlbWJlZCUzRnBiJTNEJTIxMW0xOCUyMTFtMTIlMjExbTMlMjExZDI5ODQuOTM3MDM2ODUwOTkxNyUyMTJkMi4xNjc3MzI0MTU0MzE0NjklMjEzZDQxLjU3MDYwNzI3OTI0NzY2JTIxMm0zJTIxMWYwJTIxMmYwJTIxM2YwJTIxM20yJTIxMWkxMDI0JTIxMmk3NjglMjE0ZjEzLjElMjEzbTMlMjExbTIlMjExczB4MTJhNGJmODExMzMxZmRhZiUyNTNBMHg1ZDRlZTc1NDc0YmNmMjhkJTIxMnNQZXJmaWxlcyUyNTIwZGVsJTI1MjBWYWxsZXMlMjE1ZTAlMjEzbTIlMjExc2NhJTIxMnNlcyUyMTR2MTYwMjY2NTIxMzkwNyUyMTVtMiUyMTFzY2ElMjEyc2VzJTIyJTIwd2lkdGglM0QlMjI2MDAlMjIlMjBoZWlnaHQlM0QlMjI0NTAlMjIlMjBmcmFtZWJvcmRlciUzRCUyMjAlMjIlMjBzdHlsZSUzRCUyMmJvcmRlciUzQTAlM0IlMjIlMjBhbGxvd2Z1bGxzY3JlZW4lM0QlMjIlMjIlMjBhcmlhLWhpZGRlbiUzRCUyMmZhbHNlJTIyJTIwdGFiaW5kZXglM0QlMjIwJTIyJTNFJTNDJTJGaWZyYW1lJTNF\u00bb size=\u00bb400&#8243;][\/vc_column][\/vc_row][vc_row][vc_column width=\u00bb1\/2&#8243;][vc_column_text][\/vc_column_text][\/vc_column][vc_column width=\u00bb1\/2&#8243;][\/vc_column][\/vc_row]<\/p>\n","protected":false},"author":1,"featured_media":0,"parent":0,"menu_order":0,"comment_status":"closed","ping_status":"closed","template":"","meta":{"footnotes":""},"class_list":["post-20","page","type-page","status-publish","hentry","entry","no-media"],"yoast_head":"<!-- This site is optimized with the Yoast SEO plugin v26.5 - https:\/\/yoast.com\/wordpress\/plugins\/seo\/ -->\n<title>Empresa de Extrusi\u00f3n de Perfiles Pl\u00e1sticos - Pervasa<\/title>\n<meta name=\"description\" content=\"Los mejores acabados en productos de extrusi\u00f3n de perfiles pl\u00e1sticos, abarcando soluciones a m\u00faltiples sectores. Contacta con Pervasa.\" \/>\n<meta name=\"robots\" content=\"index, follow, max-snippet:-1, max-image-preview:large, max-video-preview:-1\" \/>\n<link rel=\"canonical\" href=\"https:\/\/pervasa.net\/es\/contacto-empresa-extrusion-perfiles-plasticos\/\" \/>\n<meta property=\"og:locale\" content=\"es_ES\" \/>\n<meta property=\"og:type\" content=\"article\" \/>\n<meta property=\"og:title\" content=\"Empresa de Extrusi\u00f3n de Perfiles Pl\u00e1sticos - Pervasa\" \/>\n<meta property=\"og:description\" content=\"Los mejores acabados en productos de extrusi\u00f3n de perfiles pl\u00e1sticos, abarcando soluciones a m\u00faltiples sectores. Contacta con Pervasa.\" \/>\n<meta property=\"og:url\" content=\"https:\/\/pervasa.net\/es\/contacto-empresa-extrusion-perfiles-plasticos\/\" \/>\n<meta property=\"og:site_name\" content=\"Pervasa\" \/>\n<meta property=\"article:modified_time\" content=\"2020-12-13T18:07:39+00:00\" \/>\n<meta name=\"twitter:card\" content=\"summary_large_image\" \/>\n<meta name=\"twitter:label1\" content=\"Tiempo de lectura\" \/>\n\t<meta name=\"twitter:data1\" content=\"1 minuto\" \/>\n<script type=\"application\/ld+json\" class=\"yoast-schema-graph\">{\"@context\":\"https:\/\/schema.org\",\"@graph\":[{\"@type\":\"WebPage\",\"@id\":\"https:\/\/pervasa.net\/es\/contacto-empresa-extrusion-perfiles-plasticos\/\",\"url\":\"https:\/\/pervasa.net\/es\/contacto-empresa-extrusion-perfiles-plasticos\/\",\"name\":\"Empresa de Extrusi\u00f3n de Perfiles Pl\u00e1sticos - Pervasa\",\"isPartOf\":{\"@id\":\"https:\/\/pervasa.net\/es\/#website\"},\"datePublished\":\"2020-10-08T14:37:02+00:00\",\"dateModified\":\"2020-12-13T18:07:39+00:00\",\"description\":\"Los mejores acabados en productos de extrusi\u00f3n de perfiles pl\u00e1sticos, abarcando soluciones a m\u00faltiples sectores. Contacta con Pervasa.\",\"breadcrumb\":{\"@id\":\"https:\/\/pervasa.net\/es\/contacto-empresa-extrusion-perfiles-plasticos\/#breadcrumb\"},\"inLanguage\":\"es\",\"potentialAction\":[{\"@type\":\"ReadAction\",\"target\":[\"https:\/\/pervasa.net\/es\/contacto-empresa-extrusion-perfiles-plasticos\/\"]}]},{\"@type\":\"BreadcrumbList\",\"@id\":\"https:\/\/pervasa.net\/es\/contacto-empresa-extrusion-perfiles-plasticos\/#breadcrumb\",\"itemListElement\":[{\"@type\":\"ListItem\",\"position\":1,\"name\":\"Home\",\"item\":\"https:\/\/pervasa.net\/es\/\"},{\"@type\":\"ListItem\",\"position\":2,\"name\":\"Contacto\"}]},{\"@type\":\"WebSite\",\"@id\":\"https:\/\/pervasa.net\/es\/#website\",\"url\":\"https:\/\/pervasa.net\/es\/\",\"name\":\"Pervasa\",\"description\":\"M\u00e1s de 35 a\u00f1os dedicados a la fabricaci\u00f3n de perfiles t\u00e9cnicos\",\"publisher\":{\"@id\":\"https:\/\/pervasa.net\/es\/#organization\"},\"potentialAction\":[{\"@type\":\"SearchAction\",\"target\":{\"@type\":\"EntryPoint\",\"urlTemplate\":\"https:\/\/pervasa.net\/es\/?s={search_term_string}\"},\"query-input\":{\"@type\":\"PropertyValueSpecification\",\"valueRequired\":true,\"valueName\":\"search_term_string\"}}],\"inLanguage\":\"es\"},{\"@type\":\"Organization\",\"@id\":\"https:\/\/pervasa.net\/es\/#organization\",\"name\":\"Pervasa. S.L.\",\"url\":\"https:\/\/pervasa.net\/es\/\",\"logo\":{\"@type\":\"ImageObject\",\"inLanguage\":\"es\",\"@id\":\"https:\/\/pervasa.net\/es\/#\/schema\/logo\/image\/\",\"url\":\"https:\/\/pervasa.net\/wp-content\/uploads\/2020\/10\/logo-pervasa.svg\",\"contentUrl\":\"https:\/\/pervasa.net\/wp-content\/uploads\/2020\/10\/logo-pervasa.svg\",\"width\":2788,\"height\":769,\"caption\":\"Pervasa. S.L.\"},\"image\":{\"@id\":\"https:\/\/pervasa.net\/es\/#\/schema\/logo\/image\/\"}}]}<\/script>\n<!-- \/ Yoast SEO plugin. -->","yoast_head_json":{"title":"Empresa de Extrusi\u00f3n de Perfiles Pl\u00e1sticos - Pervasa","description":"Los mejores acabados en productos de extrusi\u00f3n de perfiles pl\u00e1sticos, abarcando soluciones a m\u00faltiples sectores. Contacta con Pervasa.","robots":{"index":"index","follow":"follow","max-snippet":"max-snippet:-1","max-image-preview":"max-image-preview:large","max-video-preview":"max-video-preview:-1"},"canonical":"https:\/\/pervasa.net\/es\/contacto-empresa-extrusion-perfiles-plasticos\/","og_locale":"es_ES","og_type":"article","og_title":"Empresa de Extrusi\u00f3n de Perfiles Pl\u00e1sticos - Pervasa","og_description":"Los mejores acabados en productos de extrusi\u00f3n de perfiles pl\u00e1sticos, abarcando soluciones a m\u00faltiples sectores. Contacta con Pervasa.","og_url":"https:\/\/pervasa.net\/es\/contacto-empresa-extrusion-perfiles-plasticos\/","og_site_name":"Pervasa","article_modified_time":"2020-12-13T18:07:39+00:00","twitter_card":"summary_large_image","twitter_misc":{"Tiempo de lectura":"1 minuto"},"schema":{"@context":"https:\/\/schema.org","@graph":[{"@type":"WebPage","@id":"https:\/\/pervasa.net\/es\/contacto-empresa-extrusion-perfiles-plasticos\/","url":"https:\/\/pervasa.net\/es\/contacto-empresa-extrusion-perfiles-plasticos\/","name":"Empresa de Extrusi\u00f3n de Perfiles Pl\u00e1sticos - Pervasa","isPartOf":{"@id":"https:\/\/pervasa.net\/es\/#website"},"datePublished":"2020-10-08T14:37:02+00:00","dateModified":"2020-12-13T18:07:39+00:00","description":"Los mejores acabados en productos de extrusi\u00f3n de perfiles pl\u00e1sticos, abarcando soluciones a m\u00faltiples sectores. Contacta con Pervasa.","breadcrumb":{"@id":"https:\/\/pervasa.net\/es\/contacto-empresa-extrusion-perfiles-plasticos\/#breadcrumb"},"inLanguage":"es","potentialAction":[{"@type":"ReadAction","target":["https:\/\/pervasa.net\/es\/contacto-empresa-extrusion-perfiles-plasticos\/"]}]},{"@type":"BreadcrumbList","@id":"https:\/\/pervasa.net\/es\/contacto-empresa-extrusion-perfiles-plasticos\/#breadcrumb","itemListElement":[{"@type":"ListItem","position":1,"name":"Home","item":"https:\/\/pervasa.net\/es\/"},{"@type":"ListItem","position":2,"name":"Contacto"}]},{"@type":"WebSite","@id":"https:\/\/pervasa.net\/es\/#website","url":"https:\/\/pervasa.net\/es\/","name":"Pervasa","description":"M\u00e1s de 35 a\u00f1os dedicados a la fabricaci\u00f3n de perfiles t\u00e9cnicos","publisher":{"@id":"https:\/\/pervasa.net\/es\/#organization"},"potentialAction":[{"@type":"SearchAction","target":{"@type":"EntryPoint","urlTemplate":"https:\/\/pervasa.net\/es\/?s={search_term_string}"},"query-input":{"@type":"PropertyValueSpecification","valueRequired":true,"valueName":"search_term_string"}}],"inLanguage":"es"},{"@type":"Organization","@id":"https:\/\/pervasa.net\/es\/#organization","name":"Pervasa. S.L.","url":"https:\/\/pervasa.net\/es\/","logo":{"@type":"ImageObject","inLanguage":"es","@id":"https:\/\/pervasa.net\/es\/#\/schema\/logo\/image\/","url":"https:\/\/pervasa.net\/wp-content\/uploads\/2020\/10\/logo-pervasa.svg","contentUrl":"https:\/\/pervasa.net\/wp-content\/uploads\/2020\/10\/logo-pervasa.svg","width":2788,"height":769,"caption":"Pervasa. S.L."},"image":{"@id":"https:\/\/pervasa.net\/es\/#\/schema\/logo\/image\/"}}]}},"_links":{"self":[{"href":"https:\/\/pervasa.net\/es\/wp-json\/wp\/v2\/pages\/20","targetHints":{"allow":["GET"]}}],"collection":[{"href":"https:\/\/pervasa.net\/es\/wp-json\/wp\/v2\/pages"}],"about":[{"href":"https:\/\/pervasa.net\/es\/wp-json\/wp\/v2\/types\/page"}],"author":[{"embeddable":true,"href":"https:\/\/pervasa.net\/es\/wp-json\/wp\/v2\/users\/1"}],"replies":[{"embeddable":true,"href":"https:\/\/pervasa.net\/es\/wp-json\/wp\/v2\/comments?post=20"}],"version-history":[{"count":0,"href":"https:\/\/pervasa.net\/es\/wp-json\/wp\/v2\/pages\/20\/revisions"}],"wp:attachment":[{"href":"https:\/\/pervasa.net\/es\/wp-json\/wp\/v2\/media?parent=20"}],"curies":[{"name":"wp","href":"https:\/\/api.w.org\/{rel}","templated":true}]}}