{"id":244,"date":"2020-10-14T19:19:47","date_gmt":"2020-10-14T19:19:47","guid":{"rendered":"https:\/\/pervasa.mmkt.dev\/?page_id=244"},"modified":"2020-12-13T18:09:20","modified_gmt":"2020-12-13T18:09:20","slug":"carpinteria-perfiles-de-aluminio-cerramiento-madera-y-pvc","status":"publish","type":"page","link":"https:\/\/pervasa.net\/es\/productos-perfileria-pvc\/carpinteria-perfiles-de-aluminio-cerramiento-madera-y-pvc\/","title":{"rendered":"Carpinter\u00eda de aluminio, madera y PVC"},"content":{"rendered":"<div class=\"wpb-content-wrapper\">[vc_row full_width=\u00bbstretch_row\u00bb remove_bottom_col_margin=\u00bbtrue\u00bb css=\u00bb.vc_custom_1602693345245{margin-bottom: 60px !important;padding-top: 40px !important;padding-bottom: 40px !important;background-color: #ff803b !important;}\u00bb][vc_column]<style>.vcex-heading.vcex_69f9dc81c36a2{width:730px;color:#ffffff;font-size:20px;}<\/style><div class=\"vcex-heading vcex-heading-plain vcex-module wpex-heading wpex-text-2xl wpex-text-center wpex-max-w-100 wpex-mx-auto vcex_69f9dc81c36a2\"><span class=\"vcex-heading-inner wpex-inline-block\">En PERVASA disponemos de una amplia gama de juntas de estanqueidad r\u00edgidas, flexibles o coextrusi\u00f3n de ambos.<\/span><\/div>[\/vc_column][\/vc_row][vc_row][vc_column width=\u00bb1\/3&#8243;]<style>.vcex-icon-box.vcex_69f9dc81c4f94 .vcex-icon-box-image{width:100px;}<\/style><div class=\"vcex-module vcex-icon-box vcex-icon-box-two wpex-block wpex-text-center vcex_69f9dc81c4f94\"><div class=\"vcex-icon-box-symbol vcex-icon-box-symbol--image wpex-mb-20\"><img loading=\"lazy\" class=\"vcex-icon-box-image wpex-align-middle\" alt=\"pvc joinery\" decoding=\"async\" src=\"https:\/\/pervasa.net\/wp-content\/uploads\/2020\/10\/carpinteria.svg\" srcset=\"https:\/\/pervasa.net\/wp-content\/uploads\/\/2020\/10\/carpinteria.svg 150w, https:\/\/pervasa.net\/wp-content\/uploads\/\/2020\/10\/carpinteria.svg 300w, https:\/\/pervasa.net\/wp-content\/uploads\/\/2020\/10\/carpinteria.svg 1024w, https:\/\/pervasa.net\/wp-content\/uploads\/\/2020\/10\/carpinteria.svg 1536w, https:\/\/pervasa.net\/wp-content\/uploads\/\/2020\/10\/carpinteria.svg 2048w\" width=\"2134\" height=\"2134\"><\/div><div class=\"vcex-icon-box-text\"><h2 class=\"vcex-icon-box-heading wpex-heading wpex-text-md wpex-mb-10\">Proveedores<\/h2><div class=\"vcex-icon-box-content wpex-last-mb-0 wpex-clr\"><p>Somos proveedores de los principales fabricantes de cada sector.<\/p>\n<\/div><\/div><\/div>[\/vc_column][vc_column width=\u00bb1\/3&#8243;]<style>.vcex-icon-box.vcex_69f9dc81c6912 .vcex-icon-box-image{width:100px;}<\/style><div class=\"vcex-module vcex-icon-box vcex-icon-box-two wpex-block wpex-text-center vcex_69f9dc81c6912\"><div class=\"vcex-icon-box-symbol vcex-icon-box-symbol--image wpex-mb-20\"><img loading=\"lazy\" class=\"vcex-icon-box-image wpex-align-middle\" alt=\"perfiles de aluminio para cerramientos\" decoding=\"async\" src=\"https:\/\/pervasa.net\/wp-content\/uploads\/2020\/10\/carpinteria-tronja.svg\" srcset=\"https:\/\/pervasa.net\/wp-content\/uploads\/\/2020\/10\/carpinteria-tronja.svg 150w, https:\/\/pervasa.net\/wp-content\/uploads\/\/2020\/10\/carpinteria-tronja.svg 300w, https:\/\/pervasa.net\/wp-content\/uploads\/\/2020\/10\/carpinteria-tronja.svg 1024w, https:\/\/pervasa.net\/wp-content\/uploads\/\/2020\/10\/carpinteria-tronja.svg 1536w, https:\/\/pervasa.net\/wp-content\/uploads\/\/2020\/10\/carpinteria-tronja.svg 2048w\" width=\"8892\" height=\"8892\"><\/div><div class=\"vcex-icon-box-text\"><h2 class=\"vcex-icon-box-heading wpex-heading wpex-text-md wpex-mb-10\">Calidad<\/h2><div class=\"vcex-icon-box-content wpex-last-mb-0 wpex-clr\"><p>Materiales de 1\u00aa calidad adecuados a los requerimientos del cliente: PVC, NBR, SEBS, PP, PU, etc.<\/p>\n<\/div><\/div><\/div>[\/vc_column][vc_column width=\u00bb1\/3&#8243;]<style>.vcex-icon-box.vcex_69f9dc81c8059 .vcex-icon-box-image{width:100px;}<\/style><div class=\"vcex-module vcex-icon-box vcex-icon-box-two wpex-block wpex-text-center vcex_69f9dc81c8059\"><div class=\"vcex-icon-box-symbol vcex-icon-box-symbol--image wpex-mb-20\"><img loading=\"lazy\" class=\"vcex-icon-box-image wpex-align-middle\" alt=\"pvc joinery\" decoding=\"async\" src=\"https:\/\/pervasa.net\/wp-content\/uploads\/2020\/10\/carpinteria.svg\" srcset=\"https:\/\/pervasa.net\/wp-content\/uploads\/\/2020\/10\/carpinteria.svg 150w, https:\/\/pervasa.net\/wp-content\/uploads\/\/2020\/10\/carpinteria.svg 300w, https:\/\/pervasa.net\/wp-content\/uploads\/\/2020\/10\/carpinteria.svg 1024w, https:\/\/pervasa.net\/wp-content\/uploads\/\/2020\/10\/carpinteria.svg 1536w, https:\/\/pervasa.net\/wp-content\/uploads\/\/2020\/10\/carpinteria.svg 2048w\" width=\"2134\" height=\"2134\"><\/div><div class=\"vcex-icon-box-text\"><h2 class=\"vcex-icon-box-heading wpex-heading wpex-text-md wpex-mb-10\">Perfiles<\/h2><div class=\"vcex-icon-box-content wpex-last-mb-0 wpex-clr\"><p>Perfiles para todas las series de cerramiento del mercado.<\/p>\n<\/div><\/div><\/div>[\/vc_column][\/vc_row][vc_row css_animation=\u00bbnone\u00bb style=\u00bbsolid\u00bb margin_y=\u00bb\u00bb color=\u00bb#ffffff\u00bb icon_type=\u00bb\u00bb icon_spacing=\u00bb\u00bb width=\u00bb\u00bb align=\u00bb\u00bb height=\u00bb\u00bb dotted_height=\u00bb\u00bb margin=\u00bb\u00bb icon=\u00bb\u00bb icon_fontawesome=\u00bb\u00bb icon_openiconic=\u00bb\u00bb icon_typicons=\u00bb\u00bb icon_entypo=\u00bb\u00bb icon_linecons=\u00bb\u00bb icon_pixelicons=\u00bb\u00bb icon_color=\u00bb\u00bb icon_bg=\u00bb\u00bb icon_size=\u00bb\u00bb icon_height=\u00bb\u00bb icon_width=\u00bb\u00bb icon_border_radius=\u00bb\u00bb icon_padding=\u00bb\u00bb visibility=\u00bbhidden-phone\u00bb][vc_column]<div class=\"vcex-module vcex-divider vcex-divider-solid vcex-divider-center wpex-mx-auto wpex-block wpex-h-0 wpex-border-b wpex-border-solid wpex-border-main border-gradien large-border-gradien\" style=\"border-color:#ffffff;\"><\/div>[\/vc_column][\/vc_row][vc_row][vc_column width=\u00bb1\/3&#8243;][\/vc_column][vc_column width=\u00bb1\/3&#8243;]<style>.vcex-icon-box.vcex_69f9dc81c9eae .vcex-icon-box-image{width:100px;}<\/style><div class=\"vcex-module vcex-icon-box vcex-icon-box-two wpex-block wpex-text-center vcex_69f9dc81c9eae\"><div class=\"vcex-icon-box-symbol vcex-icon-box-symbol--image wpex-mb-20\"><img loading=\"lazy\" class=\"vcex-icon-box-image wpex-align-middle\" alt=\"perfiles de aluminio para cerramientos\" decoding=\"async\" src=\"https:\/\/pervasa.net\/wp-content\/uploads\/2020\/10\/carpinteria-tronja.svg\" srcset=\"https:\/\/pervasa.net\/wp-content\/uploads\/\/2020\/10\/carpinteria-tronja.svg 150w, https:\/\/pervasa.net\/wp-content\/uploads\/\/2020\/10\/carpinteria-tronja.svg 300w, https:\/\/pervasa.net\/wp-content\/uploads\/\/2020\/10\/carpinteria-tronja.svg 1024w, https:\/\/pervasa.net\/wp-content\/uploads\/\/2020\/10\/carpinteria-tronja.svg 1536w, https:\/\/pervasa.net\/wp-content\/uploads\/\/2020\/10\/carpinteria-tronja.svg 2048w\" width=\"8892\" height=\"8892\"><\/div><div class=\"vcex-icon-box-text\"><h2 class=\"vcex-icon-box-heading wpex-heading wpex-text-md wpex-mb-10\">Resistencia<\/h2><div class=\"vcex-icon-box-content wpex-last-mb-0 wpex-clr\"><p>Alta resistencia a intemperie y exposici\u00f3n UV.<\/p>\n<\/div><\/div><\/div>[\/vc_column][vc_column width=\u00bb1\/3&#8243;][\/vc_column][\/vc_row][vc_row css_animation=\u00bbnone\u00bb style=\u00bbsolid\u00bb margin_y=\u00bb\u00bb color=\u00bb#ffffff\u00bb icon_type=\u00bb\u00bb icon_spacing=\u00bb\u00bb width=\u00bb\u00bb align=\u00bb\u00bb height=\u00bb\u00bb dotted_height=\u00bb\u00bb margin=\u00bb\u00bb icon=\u00bb\u00bb icon_fontawesome=\u00bb\u00bb icon_openiconic=\u00bb\u00bb icon_typicons=\u00bb\u00bb icon_entypo=\u00bb\u00bb icon_linecons=\u00bb\u00bb icon_pixelicons=\u00bb\u00bb icon_color=\u00bb\u00bb icon_bg=\u00bb\u00bb icon_size=\u00bb\u00bb icon_height=\u00bb\u00bb icon_width=\u00bb\u00bb icon_border_radius=\u00bb\u00bb icon_padding=\u00bb\u00bb][vc_column]<div class=\"vcex-module vcex-divider vcex-divider-solid vcex-divider-center wpex-mx-auto wpex-block wpex-h-0 wpex-border-b wpex-border-solid wpex-border-main border-gradien large-border-gradien\" style=\"border-color:#ffffff;\"><\/div>[\/vc_column][\/vc_row][vc_row][vc_column]<figure class=\"vcex-image vcex-module wpex-text-center\"><div class=\"vcex-image-inner wpex-relative wpex-inline-block\"><img width=\"1170\" height=\"334\" src=\"https:\/\/pervasa.net\/wp-content\/uploads\/2020\/12\/carpinteria.jpg\" class=\"vcex-image-img wpex-align-middle\" alt=\"perfiles de aluminio para cerramientos\" loading=\"lazy\" decoding=\"async\" srcset=\"https:\/\/pervasa.net\/wp-content\/uploads\/2020\/12\/carpinteria.jpg 1170w, https:\/\/pervasa.net\/wp-content\/uploads\/2020\/12\/carpinteria-300x86.jpg 300w, https:\/\/pervasa.net\/wp-content\/uploads\/2020\/12\/carpinteria-1024x292.jpg 1024w, https:\/\/pervasa.net\/wp-content\/uploads\/2020\/12\/carpinteria-768x219.jpg 768w\" sizes=\"auto, (max-width: 1170px) 100vw, 1170px\" \/><\/div><\/figure>[\/vc_column][\/vc_row]\n<\/div>","protected":false},"excerpt":{"rendered":"<p>[vc_row full_width=\u00bbstretch_row\u00bb remove_bottom_col_margin=\u00bbtrue\u00bb css=\u00bb.vc_custom_1602693345245{margin-bottom: 60px !important;padding-top: 40px !important;padding-bottom: 40px !important;background-color: #ff803b !important;}\u00bb][vc_column][\/vc_column][\/vc_row][vc_row][vc_column width=\u00bb1\/3&#8243;][\/vc_column][vc_column width=\u00bb1\/3&#8243;][\/vc_column][vc_column width=\u00bb1\/3&#8243;][\/vc_column][\/vc_row][vc_row css_animation=\u00bbnone\u00bb style=\u00bbsolid\u00bb margin_y=\u00bb\u00bb color=\u00bb#ffffff\u00bb icon_type=\u00bb\u00bb icon_spacing=\u00bb\u00bb width=\u00bb\u00bb align=\u00bb\u00bb height=\u00bb\u00bb dotted_height=\u00bb\u00bb margin=\u00bb\u00bb icon=\u00bb\u00bb icon_fontawesome=\u00bb\u00bb icon_openiconic=\u00bb\u00bb icon_typicons=\u00bb\u00bb icon_entypo=\u00bb\u00bb icon_linecons=\u00bb\u00bb icon_pixelicons=\u00bb\u00bb icon_color=\u00bb\u00bb icon_bg=\u00bb\u00bb icon_size=\u00bb\u00bb icon_height=\u00bb\u00bb icon_width=\u00bb\u00bb icon_border_radius=\u00bb\u00bb icon_padding=\u00bb\u00bb visibility=\u00bbhidden-phone\u00bb][vc_column][\/vc_column][\/vc_row][vc_row][vc_column width=\u00bb1\/3&#8243;][\/vc_column][vc_column width=\u00bb1\/3&#8243;][\/vc_column][vc_column width=\u00bb1\/3&#8243;][\/vc_column][\/vc_row][vc_row css_animation=\u00bbnone\u00bb style=\u00bbsolid\u00bb margin_y=\u00bb\u00bb color=\u00bb#ffffff\u00bb icon_type=\u00bb\u00bb icon_spacing=\u00bb\u00bb width=\u00bb\u00bb align=\u00bb\u00bb height=\u00bb\u00bb dotted_height=\u00bb\u00bb margin=\u00bb\u00bb&hellip;<\/p>\n","protected":false},"author":1,"featured_media":0,"parent":16,"menu_order":0,"comment_status":"closed","ping_status":"closed","template":"","meta":{"footnotes":""},"class_list":["post-244","page","type-page","status-publish","hentry","entry","no-media"],"yoast_head":"<!-- This site is optimized with the Yoast SEO plugin v26.5 - https:\/\/yoast.com\/wordpress\/plugins\/seo\/ -->\n<title>Perfiles de aluminio para cerramientos. Tambi\u00e9n madera y PVC - Pervasa<\/title>\n<meta name=\"description\" content=\"Gama de juntas de estanqueidad r\u00edgidas, flexibles o coextrusi\u00f3n de ambos. Pervasa, expertos en perfiles de aluminio para cerramientos, tambi\u00e9n en madera o PVC.\" \/>\n<meta name=\"robots\" content=\"index, follow, max-snippet:-1, max-image-preview:large, max-video-preview:-1\" \/>\n<link rel=\"canonical\" href=\"https:\/\/pervasa.net\/es\/productos-perfileria-pvc\/carpinteria-perfiles-de-aluminio-cerramiento-madera-y-pvc\/\" \/>\n<meta property=\"og:locale\" content=\"es_ES\" \/>\n<meta property=\"og:type\" content=\"article\" \/>\n<meta property=\"og:title\" content=\"Perfiles de aluminio para cerramientos. Tambi\u00e9n madera y PVC - Pervasa\" \/>\n<meta property=\"og:description\" content=\"Gama de juntas de estanqueidad r\u00edgidas, flexibles o coextrusi\u00f3n de ambos. Pervasa, expertos en perfiles de aluminio para cerramientos, tambi\u00e9n en madera o PVC.\" \/>\n<meta property=\"og:url\" content=\"https:\/\/pervasa.net\/es\/productos-perfileria-pvc\/carpinteria-perfiles-de-aluminio-cerramiento-madera-y-pvc\/\" \/>\n<meta property=\"og:site_name\" content=\"Pervasa\" \/>\n<meta property=\"article:modified_time\" content=\"2020-12-13T18:09:20+00:00\" \/>\n<meta name=\"twitter:card\" content=\"summary_large_image\" \/>\n<meta name=\"twitter:label1\" content=\"Tiempo de lectura\" \/>\n\t<meta name=\"twitter:data1\" content=\"2 minutos\" \/>\n<script type=\"application\/ld+json\" class=\"yoast-schema-graph\">{\"@context\":\"https:\/\/schema.org\",\"@graph\":[{\"@type\":\"WebPage\",\"@id\":\"https:\/\/pervasa.net\/es\/productos-perfileria-pvc\/carpinteria-perfiles-de-aluminio-cerramiento-madera-y-pvc\/\",\"url\":\"https:\/\/pervasa.net\/es\/productos-perfileria-pvc\/carpinteria-perfiles-de-aluminio-cerramiento-madera-y-pvc\/\",\"name\":\"Perfiles de aluminio para cerramientos. Tambi\u00e9n madera y PVC - Pervasa\",\"isPartOf\":{\"@id\":\"https:\/\/pervasa.net\/es\/#website\"},\"datePublished\":\"2020-10-14T19:19:47+00:00\",\"dateModified\":\"2020-12-13T18:09:20+00:00\",\"description\":\"Gama de juntas de estanqueidad r\u00edgidas, flexibles o coextrusi\u00f3n de ambos. Pervasa, expertos en perfiles de aluminio para cerramientos, tambi\u00e9n en madera o PVC.\",\"breadcrumb\":{\"@id\":\"https:\/\/pervasa.net\/es\/productos-perfileria-pvc\/carpinteria-perfiles-de-aluminio-cerramiento-madera-y-pvc\/#breadcrumb\"},\"inLanguage\":\"es\",\"potentialAction\":[{\"@type\":\"ReadAction\",\"target\":[\"https:\/\/pervasa.net\/es\/productos-perfileria-pvc\/carpinteria-perfiles-de-aluminio-cerramiento-madera-y-pvc\/\"]}]},{\"@type\":\"BreadcrumbList\",\"@id\":\"https:\/\/pervasa.net\/es\/productos-perfileria-pvc\/carpinteria-perfiles-de-aluminio-cerramiento-madera-y-pvc\/#breadcrumb\",\"itemListElement\":[{\"@type\":\"ListItem\",\"position\":1,\"name\":\"Home\",\"item\":\"https:\/\/pervasa.net\/es\/\"},{\"@type\":\"ListItem\",\"position\":2,\"name\":\"Productos\",\"item\":\"https:\/\/pervasa.net\/es\/productos-perfileria-pvc\/\"},{\"@type\":\"ListItem\",\"position\":3,\"name\":\"Carpinter\u00eda de aluminio, madera y PVC\"}]},{\"@type\":\"WebSite\",\"@id\":\"https:\/\/pervasa.net\/es\/#website\",\"url\":\"https:\/\/pervasa.net\/es\/\",\"name\":\"Pervasa\",\"description\":\"M\u00e1s de 35 a\u00f1os dedicados a la fabricaci\u00f3n de perfiles t\u00e9cnicos\",\"publisher\":{\"@id\":\"https:\/\/pervasa.net\/es\/#organization\"},\"potentialAction\":[{\"@type\":\"SearchAction\",\"target\":{\"@type\":\"EntryPoint\",\"urlTemplate\":\"https:\/\/pervasa.net\/es\/?s={search_term_string}\"},\"query-input\":{\"@type\":\"PropertyValueSpecification\",\"valueRequired\":true,\"valueName\":\"search_term_string\"}}],\"inLanguage\":\"es\"},{\"@type\":\"Organization\",\"@id\":\"https:\/\/pervasa.net\/es\/#organization\",\"name\":\"Pervasa. S.L.\",\"url\":\"https:\/\/pervasa.net\/es\/\",\"logo\":{\"@type\":\"ImageObject\",\"inLanguage\":\"es\",\"@id\":\"https:\/\/pervasa.net\/es\/#\/schema\/logo\/image\/\",\"url\":\"https:\/\/pervasa.net\/wp-content\/uploads\/2020\/10\/logo-pervasa.svg\",\"contentUrl\":\"https:\/\/pervasa.net\/wp-content\/uploads\/2020\/10\/logo-pervasa.svg\",\"width\":2788,\"height\":769,\"caption\":\"Pervasa. S.L.\"},\"image\":{\"@id\":\"https:\/\/pervasa.net\/es\/#\/schema\/logo\/image\/\"}}]}<\/script>\n<!-- \/ Yoast SEO plugin. -->","yoast_head_json":{"title":"Perfiles de aluminio para cerramientos. Tambi\u00e9n madera y PVC - Pervasa","description":"Gama de juntas de estanqueidad r\u00edgidas, flexibles o coextrusi\u00f3n de ambos. Pervasa, expertos en perfiles de aluminio para cerramientos, tambi\u00e9n en madera o PVC.","robots":{"index":"index","follow":"follow","max-snippet":"max-snippet:-1","max-image-preview":"max-image-preview:large","max-video-preview":"max-video-preview:-1"},"canonical":"https:\/\/pervasa.net\/es\/productos-perfileria-pvc\/carpinteria-perfiles-de-aluminio-cerramiento-madera-y-pvc\/","og_locale":"es_ES","og_type":"article","og_title":"Perfiles de aluminio para cerramientos. Tambi\u00e9n madera y PVC - Pervasa","og_description":"Gama de juntas de estanqueidad r\u00edgidas, flexibles o coextrusi\u00f3n de ambos. Pervasa, expertos en perfiles de aluminio para cerramientos, tambi\u00e9n en madera o PVC.","og_url":"https:\/\/pervasa.net\/es\/productos-perfileria-pvc\/carpinteria-perfiles-de-aluminio-cerramiento-madera-y-pvc\/","og_site_name":"Pervasa","article_modified_time":"2020-12-13T18:09:20+00:00","twitter_card":"summary_large_image","twitter_misc":{"Tiempo de lectura":"2 minutos"},"schema":{"@context":"https:\/\/schema.org","@graph":[{"@type":"WebPage","@id":"https:\/\/pervasa.net\/es\/productos-perfileria-pvc\/carpinteria-perfiles-de-aluminio-cerramiento-madera-y-pvc\/","url":"https:\/\/pervasa.net\/es\/productos-perfileria-pvc\/carpinteria-perfiles-de-aluminio-cerramiento-madera-y-pvc\/","name":"Perfiles de aluminio para cerramientos. Tambi\u00e9n madera y PVC - Pervasa","isPartOf":{"@id":"https:\/\/pervasa.net\/es\/#website"},"datePublished":"2020-10-14T19:19:47+00:00","dateModified":"2020-12-13T18:09:20+00:00","description":"Gama de juntas de estanqueidad r\u00edgidas, flexibles o coextrusi\u00f3n de ambos. Pervasa, expertos en perfiles de aluminio para cerramientos, tambi\u00e9n en madera o PVC.","breadcrumb":{"@id":"https:\/\/pervasa.net\/es\/productos-perfileria-pvc\/carpinteria-perfiles-de-aluminio-cerramiento-madera-y-pvc\/#breadcrumb"},"inLanguage":"es","potentialAction":[{"@type":"ReadAction","target":["https:\/\/pervasa.net\/es\/productos-perfileria-pvc\/carpinteria-perfiles-de-aluminio-cerramiento-madera-y-pvc\/"]}]},{"@type":"BreadcrumbList","@id":"https:\/\/pervasa.net\/es\/productos-perfileria-pvc\/carpinteria-perfiles-de-aluminio-cerramiento-madera-y-pvc\/#breadcrumb","itemListElement":[{"@type":"ListItem","position":1,"name":"Home","item":"https:\/\/pervasa.net\/es\/"},{"@type":"ListItem","position":2,"name":"Productos","item":"https:\/\/pervasa.net\/es\/productos-perfileria-pvc\/"},{"@type":"ListItem","position":3,"name":"Carpinter\u00eda de aluminio, madera y PVC"}]},{"@type":"WebSite","@id":"https:\/\/pervasa.net\/es\/#website","url":"https:\/\/pervasa.net\/es\/","name":"Pervasa","description":"M\u00e1s de 35 a\u00f1os dedicados a la fabricaci\u00f3n de perfiles t\u00e9cnicos","publisher":{"@id":"https:\/\/pervasa.net\/es\/#organization"},"potentialAction":[{"@type":"SearchAction","target":{"@type":"EntryPoint","urlTemplate":"https:\/\/pervasa.net\/es\/?s={search_term_string}"},"query-input":{"@type":"PropertyValueSpecification","valueRequired":true,"valueName":"search_term_string"}}],"inLanguage":"es"},{"@type":"Organization","@id":"https:\/\/pervasa.net\/es\/#organization","name":"Pervasa. S.L.","url":"https:\/\/pervasa.net\/es\/","logo":{"@type":"ImageObject","inLanguage":"es","@id":"https:\/\/pervasa.net\/es\/#\/schema\/logo\/image\/","url":"https:\/\/pervasa.net\/wp-content\/uploads\/2020\/10\/logo-pervasa.svg","contentUrl":"https:\/\/pervasa.net\/wp-content\/uploads\/2020\/10\/logo-pervasa.svg","width":2788,"height":769,"caption":"Pervasa. S.L."},"image":{"@id":"https:\/\/pervasa.net\/es\/#\/schema\/logo\/image\/"}}]}},"_links":{"self":[{"href":"https:\/\/pervasa.net\/es\/wp-json\/wp\/v2\/pages\/244","targetHints":{"allow":["GET"]}}],"collection":[{"href":"https:\/\/pervasa.net\/es\/wp-json\/wp\/v2\/pages"}],"about":[{"href":"https:\/\/pervasa.net\/es\/wp-json\/wp\/v2\/types\/page"}],"author":[{"embeddable":true,"href":"https:\/\/pervasa.net\/es\/wp-json\/wp\/v2\/users\/1"}],"replies":[{"embeddable":true,"href":"https:\/\/pervasa.net\/es\/wp-json\/wp\/v2\/comments?post=244"}],"version-history":[{"count":0,"href":"https:\/\/pervasa.net\/es\/wp-json\/wp\/v2\/pages\/244\/revisions"}],"up":[{"embeddable":true,"href":"https:\/\/pervasa.net\/es\/wp-json\/wp\/v2\/pages\/16"}],"wp:attachment":[{"href":"https:\/\/pervasa.net\/es\/wp-json\/wp\/v2\/media?parent=244"}],"curies":[{"name":"wp","href":"https:\/\/api.w.org\/{rel}","templated":true}]}}