{"id":1001,"date":"2020-12-10T14:04:38","date_gmt":"2020-12-10T14:04:38","guid":{"rendered":"https:\/\/pervasa.mmkt.dev\/?page_id=1001"},"modified":"2020-12-10T14:04:38","modified_gmt":"2020-12-10T14:04:38","slug":"politique-de-cookies","status":"publish","type":"page","link":"https:\/\/pervasa.net\/fr\/politique-de-cookies\/","title":{"rendered":"Politique de cookies"},"content":{"rendered":"\n<p><strong>Que sont les cookies&nbsp;?<\/strong><\/p>\n\n\n\n<p>Un cookie est un fichier ou un dispositif t\u00e9l\u00e9charg\u00e9 sur l\u2019appareil d\u2019un utilisateur dans le but de stocker des donn\u00e9es destin\u00e9es \u00e0 \u00eatre mises \u00e0 jour et r\u00e9cup\u00e9r\u00e9es par l\u2019entit\u00e9 responsable de leur installation. Autrement dit, c\u2019est un fichier qui se t\u00e9l\u00e9charge sur votre ordinateur lorsque vous acc\u00e9dez \u00e0 certains sites Internet. Les cookies permettent, entre autres, \u00e0 un site Internet de stocker et de r\u00e9cup\u00e9rer des informations sur les habitudes de navigation d\u2019un utilisateur ou de son appareil. En fonction des informations qu\u2019ils contiennent et de la mani\u00e8re dont l\u2019ordinateur est utilis\u00e9, ils peuvent \u00e9galement servir \u00e0 reconna\u00eetre l\u2019utilisateur.<\/p>\n\n\n\n<p>Leurs principales fonctions sont les suivantes&nbsp;:<\/p>\n\n\n\n<ul class=\"wp-block-list\"><li>Assurer le suivi des utilisateurs&nbsp;: lorsqu\u2019un utilisateur saisit son nom d\u2019utilisateur et son mot de passe, un cookie est stock\u00e9 pour qu\u2019il n\u2019ait pas \u00e0 les saisir sur chaque page du serveur. Cependant, un cookie n\u2019identifie pas uniquement une personne mais plut\u00f4t une combinaison ordinateur-navigateur-utilisateur.<\/li><li>Obtenir des informations sur les habitudes de navigation de l\u2019utilisateur et tentatives de spyware (logiciels espions) de la part d\u2019agences de publicit\u00e9 et autres. Les cookies peuvent entra\u00eener des probl\u00e8mes de confidentialit\u00e9 et c\u2019est l\u2019une des raisons pour laquelle ils ont leurs d\u00e9tracteurs.<\/li><\/ul>\n\n\n\n<p>Il existe plusieurs types de cookies en fonction de la finalit\u00e9 pour laquelle ils sont utilis\u00e9s. On distingue entre autres&nbsp;:<\/p>\n\n\n\n<p>Cookies analytiques&nbsp;: ces cookies sont utilis\u00e9s pour analyser les comportements et les actions des utilisateurs du site Internet et pour \u00e9laborer des profils de navigation, dans le but d\u2019apporter des am\u00e9liorations techniques de fonctionnement et de service.<\/p>\n\n\n\n<p>Cookies publicitaires&nbsp;: ils permettent de g\u00e9rer efficacement les espaces publicitaires sur la base d\u2019un certain nombre de crit\u00e8res, par exemple, en v\u00e9rifiant si l\u2019utilisateur a d\u00e9j\u00e0 eu acc\u00e8s \u00e0 une information d\u2019actualit\u00e9 ou non afin de la remplacer par une autre.<\/p>\n\n\n\n<p>Cookies de publicit\u00e9 comportementale&nbsp;: ils sont charg\u00e9s de stocker des informations concernant le comportement des utilisateurs en se basant sur leurs habitudes de navigation. Ils permettent d\u2019\u00e9tablir des profils d\u2019utilisateur en fonction de leur comportement et de les utiliser pour personnaliser la publicit\u00e9 pr\u00e9sent\u00e9e.<\/p>\n\n\n\n<p>Si l\u2019utilisateur souhaite obtenir de plus amples informations sur les cookies, il peut consulter le site web suivant&nbsp;: <a href=\"http:\/\/www.aboutcookies.org\/\">http:\/\/www.aboutcookies.org\/<\/a>.<\/p>\n\n\n\n<p><strong>Quel type de cookies ce site Internet utilise-t-il&nbsp;?<\/strong><\/p>\n\n\n\n<p>Ce site Internet a recours \u00e0 des cookies pour faciliter l\u2019utilisation et la navigation de l\u2019utilisateur, mais aussi pour garantir l\u2019acc\u00e8s \u00e0 certains services et am\u00e9liorer la configuration fonctionnelle du site.<\/p>\n\n\n\n<p>Plus pr\u00e9cis\u00e9ment, ce site Internet utilise les cookies suivants&nbsp;:<\/p>\n\n\n\n<figure class=\"wp-block-table\"><table><tbody><tr><td>JCS_INENREF<\/td><td>Utilis\u00e9 \u00e0 des fins anti-spam<\/td><td>Apr\u00e8s un court laps de temps ou \u00e0 la fermeture du navigateur<\/td><\/tr><tr><td>JCS_INENTIM<\/td><td>Utilis\u00e9 \u00e0 des fins anti-spam<\/td><td>Apr\u00e8s un court laps de temps ou \u00e0 la fermeture du navigateur<\/td><\/tr><tr><td>PHPSESSID<\/td><td>Ce cookie est utilis\u00e9 pour \u00e9tablir une session d\u2019utilisateur et il est reli\u00e9 \u00e0 un ID de session unique cr\u00e9\u00e9 par notre code de site Internet (PHP). Il dispara\u00eet \u00e0 la fin de la session (quand vous fermez le navigateur).<\/td><td>Apr\u00e8s un court laps de temps ou \u00e0 la fermeture du navigateur<\/td><\/tr><tr><td>wp-settings-7<\/td><td>Param\u00e9trage de WordPress<\/td><td>&nbsp;1 jour<\/td><\/tr><tr><td>wp-settings-7-time<\/td><td>Param\u00e9trage de WordPress<\/td><td>&nbsp;1 jour<\/td><\/tr><tr><td>wordpress_test_cookie<\/td><td>WordPress met ce cookie en place lorsque vous naviguez sur la page d\u2019ouverture de session. Le cookie est utilis\u00e9 pour v\u00e9rifier si votre navigateur web est configur\u00e9 pour autoriser ou refuser les cookies.<\/td><td>Apr\u00e8s un court laps de temps ou \u00e0 la fermeture du navigateur<\/td><\/tr><tr><td>_icl_current_language<\/td><td>Contr\u00f4le de la langue utilis\u00e9e pour les futures sessions<\/td><td>1 jour<\/td><\/tr><tr><td>_ga<\/td><td>Il est utilis\u00e9 pour distinguer les utilisateurs.<\/td><td>2 ans<\/td><\/tr><tr><td>_gid<\/td><td>Il est utilis\u00e9 pour distinguer les utilisateurs.<\/td><td>24 heures<\/td><\/tr><tr><td>_gat ou _dc_gtm<\/td><td>Il est utilis\u00e9 pour limiter le taux de demandes.<\/td><td>1 minute<\/td><\/tr><\/tbody><\/table><\/figure>\n\n\n\n<p><strong>Comment g\u00e9rer le param\u00e9trage des cookies&nbsp;?<\/strong><\/p>\n\n\n\n<p>Ce paragraphe expose bri\u00e8vement la fa\u00e7on de consulter et d\u2019effectuer le param\u00e9trage du syst\u00e8me de cookies en fonction des navigateurs les plus courants ou les plus utilis\u00e9s par les utilisateurs.<\/p>\n\n\n\n<p>Presque tous les navigateurs permettent \u00e0 l\u2019utilisateur d\u2019obtenir des informations g\u00e9n\u00e9rales sur les cookies install\u00e9s par un site Internet, notamment de v\u00e9rifier leur existence, leur dur\u00e9e de vie ou leur syst\u00e8me de suppression. \u00c0 cet \u00e9gard et \u00e0 titre informatif, voici une s\u00e9rie de liens&nbsp;:<\/p>\n\n\n\n<ul class=\"wp-block-list\"><li><a href=\"https:\/\/support.google.com\/chrome\/answer\/95647?hl=es\">Google Chrome<\/a><\/li><li><a href=\"https:\/\/support.mozilla.org\/es\/kb\/cookies-informacion-que-los-sitios-web-guardan-en-\">Mozilla Firefox<\/a><\/li><li><a href=\"http:\/\/windows.microsoft.com\/es-es\/windows7\/how-to-manage-cookies-in-internet-explorer-9\">Internet Explorer<\/a><\/li><\/ul>\n\n\n\n<p>D\u2019autre part, l\u2019utilisateur peut autoriser, bloquer ou supprimer les cookies install\u00e9s sur son appareil en modifiant les param\u00e8tres de son navigateur, conform\u00e9ment aux instructions fournies par celui-ci. \u00c0 titre indicatif, il est g\u00e9n\u00e9ralement possible de param\u00e9trer les cookies dans le menu \u00ab&nbsp;Pr\u00e9f\u00e9rences&nbsp;\u00bb ou \u00ab&nbsp;Outils&nbsp;\u00bb de chaque navigateur&nbsp;; quoi qu\u2019il en soit, vous pouvez toujours acc\u00e9der \u00e0 la rubrique d\u2019aide de votre navigateur en cas de doute \u00e0 ce sujet.<\/p>\n\n\n\n<p>Il faut cependant tenir compte du fait que si vous emp\u00eachez l\u2019installation de l\u2019ensemble des cookies, le contenu du site et certaines fonctionnalit\u00e9s ou services qu\u2019il propose pourraient s\u2019en trouver affect\u00e9s.<\/p>\n","protected":false},"excerpt":{"rendered":"<p>Que sont les cookies&nbsp;? Un cookie est un fichier ou un dispositif t\u00e9l\u00e9charg\u00e9 sur l\u2019appareil d\u2019un utilisateur dans le but de stocker des donn\u00e9es destin\u00e9es \u00e0 \u00eatre mises \u00e0 jour et r\u00e9cup\u00e9r\u00e9es par l\u2019entit\u00e9 responsable de leur installation. Autrement dit, c\u2019est un fichier qui se t\u00e9l\u00e9charge sur votre ordinateur lorsque vous acc\u00e9dez \u00e0 certains sites&hellip;<\/p>\n","protected":false},"author":1,"featured_media":0,"parent":0,"menu_order":0,"comment_status":"closed","ping_status":"closed","template":"","meta":{"footnotes":""},"class_list":["post-1001","page","type-page","status-publish","hentry","entry","no-media"],"yoast_head":"<!-- This site is optimized with the Yoast SEO plugin v26.5 - https:\/\/yoast.com\/wordpress\/plugins\/seo\/ -->\n<title>Politique de cookies - Pervasa<\/title>\n<meta name=\"robots\" content=\"noindex, follow\" \/>\n<meta property=\"og:locale\" content=\"fr_FR\" \/>\n<meta property=\"og:type\" content=\"article\" \/>\n<meta property=\"og:title\" content=\"Politique de cookies - Pervasa\" \/>\n<meta property=\"og:description\" content=\"Que sont les cookies&nbsp;? Un cookie est un fichier ou un dispositif t\u00e9l\u00e9charg\u00e9 sur l\u2019appareil d\u2019un utilisateur dans le but de stocker des donn\u00e9es destin\u00e9es \u00e0 \u00eatre mises \u00e0 jour et r\u00e9cup\u00e9r\u00e9es par l\u2019entit\u00e9 responsable de leur installation. Autrement dit, c\u2019est un fichier qui se t\u00e9l\u00e9charge sur votre ordinateur lorsque vous acc\u00e9dez \u00e0 certains sites&hellip;\" \/>\n<meta property=\"og:url\" content=\"https:\/\/pervasa.net\/fr\/politique-de-cookies\/\" \/>\n<meta property=\"og:site_name\" content=\"Pervasa\" \/>\n<meta name=\"twitter:card\" content=\"summary_large_image\" \/>\n<meta name=\"twitter:label1\" content=\"Dur\u00e9e de lecture estim\u00e9e\" \/>\n\t<meta name=\"twitter:data1\" content=\"4 minutes\" \/>\n<script type=\"application\/ld+json\" class=\"yoast-schema-graph\">{\"@context\":\"https:\/\/schema.org\",\"@graph\":[{\"@type\":\"WebPage\",\"@id\":\"https:\/\/pervasa.net\/fr\/politique-de-cookies\/\",\"url\":\"https:\/\/pervasa.net\/fr\/politique-de-cookies\/\",\"name\":\"Politique de cookies - Pervasa\",\"isPartOf\":{\"@id\":\"https:\/\/pervasa.net\/fr\/#website\"},\"datePublished\":\"2020-12-10T14:04:38+00:00\",\"breadcrumb\":{\"@id\":\"https:\/\/pervasa.net\/fr\/politique-de-cookies\/#breadcrumb\"},\"inLanguage\":\"fr-FR\",\"potentialAction\":[{\"@type\":\"ReadAction\",\"target\":[\"https:\/\/pervasa.net\/fr\/politique-de-cookies\/\"]}]},{\"@type\":\"BreadcrumbList\",\"@id\":\"https:\/\/pervasa.net\/fr\/politique-de-cookies\/#breadcrumb\",\"itemListElement\":[{\"@type\":\"ListItem\",\"position\":1,\"name\":\"Home\",\"item\":\"https:\/\/pervasa.net\/fr\/accueil\/\"},{\"@type\":\"ListItem\",\"position\":2,\"name\":\"Politique de cookies\"}]},{\"@type\":\"WebSite\",\"@id\":\"https:\/\/pervasa.net\/fr\/#website\",\"url\":\"https:\/\/pervasa.net\/fr\/\",\"name\":\"Pervasa\",\"description\":\"M\u00e1s de 35 a\u00f1os dedicados a la fabricaci\u00f3n de perfiles t\u00e9cnicos\",\"publisher\":{\"@id\":\"https:\/\/pervasa.net\/fr\/#organization\"},\"potentialAction\":[{\"@type\":\"SearchAction\",\"target\":{\"@type\":\"EntryPoint\",\"urlTemplate\":\"https:\/\/pervasa.net\/fr\/?s={search_term_string}\"},\"query-input\":{\"@type\":\"PropertyValueSpecification\",\"valueRequired\":true,\"valueName\":\"search_term_string\"}}],\"inLanguage\":\"fr-FR\"},{\"@type\":\"Organization\",\"@id\":\"https:\/\/pervasa.net\/fr\/#organization\",\"name\":\"Pervasa. S.L.\",\"url\":\"https:\/\/pervasa.net\/fr\/\",\"logo\":{\"@type\":\"ImageObject\",\"inLanguage\":\"fr-FR\",\"@id\":\"https:\/\/pervasa.net\/fr\/#\/schema\/logo\/image\/\",\"url\":\"https:\/\/pervasa.net\/wp-content\/uploads\/2020\/10\/logo-pervasa.svg\",\"contentUrl\":\"https:\/\/pervasa.net\/wp-content\/uploads\/2020\/10\/logo-pervasa.svg\",\"width\":2788,\"height\":769,\"caption\":\"Pervasa. S.L.\"},\"image\":{\"@id\":\"https:\/\/pervasa.net\/fr\/#\/schema\/logo\/image\/\"}}]}<\/script>\n<!-- \/ Yoast SEO plugin. -->","yoast_head_json":{"title":"Politique de cookies - Pervasa","robots":{"index":"noindex","follow":"follow"},"og_locale":"fr_FR","og_type":"article","og_title":"Politique de cookies - Pervasa","og_description":"Que sont les cookies&nbsp;? Un cookie est un fichier ou un dispositif t\u00e9l\u00e9charg\u00e9 sur l\u2019appareil d\u2019un utilisateur dans le but de stocker des donn\u00e9es destin\u00e9es \u00e0 \u00eatre mises \u00e0 jour et r\u00e9cup\u00e9r\u00e9es par l\u2019entit\u00e9 responsable de leur installation. Autrement dit, c\u2019est un fichier qui se t\u00e9l\u00e9charge sur votre ordinateur lorsque vous acc\u00e9dez \u00e0 certains sites&hellip;","og_url":"https:\/\/pervasa.net\/fr\/politique-de-cookies\/","og_site_name":"Pervasa","twitter_card":"summary_large_image","twitter_misc":{"Dur\u00e9e de lecture estim\u00e9e":"4 minutes"},"schema":{"@context":"https:\/\/schema.org","@graph":[{"@type":"WebPage","@id":"https:\/\/pervasa.net\/fr\/politique-de-cookies\/","url":"https:\/\/pervasa.net\/fr\/politique-de-cookies\/","name":"Politique de cookies - Pervasa","isPartOf":{"@id":"https:\/\/pervasa.net\/fr\/#website"},"datePublished":"2020-12-10T14:04:38+00:00","breadcrumb":{"@id":"https:\/\/pervasa.net\/fr\/politique-de-cookies\/#breadcrumb"},"inLanguage":"fr-FR","potentialAction":[{"@type":"ReadAction","target":["https:\/\/pervasa.net\/fr\/politique-de-cookies\/"]}]},{"@type":"BreadcrumbList","@id":"https:\/\/pervasa.net\/fr\/politique-de-cookies\/#breadcrumb","itemListElement":[{"@type":"ListItem","position":1,"name":"Home","item":"https:\/\/pervasa.net\/fr\/accueil\/"},{"@type":"ListItem","position":2,"name":"Politique de cookies"}]},{"@type":"WebSite","@id":"https:\/\/pervasa.net\/fr\/#website","url":"https:\/\/pervasa.net\/fr\/","name":"Pervasa","description":"M\u00e1s de 35 a\u00f1os dedicados a la fabricaci\u00f3n de perfiles t\u00e9cnicos","publisher":{"@id":"https:\/\/pervasa.net\/fr\/#organization"},"potentialAction":[{"@type":"SearchAction","target":{"@type":"EntryPoint","urlTemplate":"https:\/\/pervasa.net\/fr\/?s={search_term_string}"},"query-input":{"@type":"PropertyValueSpecification","valueRequired":true,"valueName":"search_term_string"}}],"inLanguage":"fr-FR"},{"@type":"Organization","@id":"https:\/\/pervasa.net\/fr\/#organization","name":"Pervasa. S.L.","url":"https:\/\/pervasa.net\/fr\/","logo":{"@type":"ImageObject","inLanguage":"fr-FR","@id":"https:\/\/pervasa.net\/fr\/#\/schema\/logo\/image\/","url":"https:\/\/pervasa.net\/wp-content\/uploads\/2020\/10\/logo-pervasa.svg","contentUrl":"https:\/\/pervasa.net\/wp-content\/uploads\/2020\/10\/logo-pervasa.svg","width":2788,"height":769,"caption":"Pervasa. S.L."},"image":{"@id":"https:\/\/pervasa.net\/fr\/#\/schema\/logo\/image\/"}}]}},"_links":{"self":[{"href":"https:\/\/pervasa.net\/fr\/wp-json\/wp\/v2\/pages\/1001","targetHints":{"allow":["GET"]}}],"collection":[{"href":"https:\/\/pervasa.net\/fr\/wp-json\/wp\/v2\/pages"}],"about":[{"href":"https:\/\/pervasa.net\/fr\/wp-json\/wp\/v2\/types\/page"}],"author":[{"embeddable":true,"href":"https:\/\/pervasa.net\/fr\/wp-json\/wp\/v2\/users\/1"}],"replies":[{"embeddable":true,"href":"https:\/\/pervasa.net\/fr\/wp-json\/wp\/v2\/comments?post=1001"}],"version-history":[{"count":0,"href":"https:\/\/pervasa.net\/fr\/wp-json\/wp\/v2\/pages\/1001\/revisions"}],"wp:attachment":[{"href":"https:\/\/pervasa.net\/fr\/wp-json\/wp\/v2\/media?parent=1001"}],"curies":[{"name":"wp","href":"https:\/\/api.w.org\/{rel}","templated":true}]}}