{"id":1005,"date":"2020-12-10T14:05:40","date_gmt":"2020-12-10T14:05:40","guid":{"rendered":"https:\/\/pervasa.mmkt.dev\/?page_id=1005"},"modified":"2020-12-10T14:05:41","modified_gmt":"2020-12-10T14:05:41","slug":"mentions-legales","status":"publish","type":"page","link":"https:\/\/pervasa.net\/fr\/mentions-legales\/","title":{"rendered":"Mentions l\u00e9gales"},"content":{"rendered":"\n<p>Conform\u00e9ment au devoir d\u2019information \u00e9nonc\u00e9 \u00e0 l\u2019article 10 de la Loi espagnoles 34\/2002 du 11 juillet 2002 sur les services de la soci\u00e9t\u00e9 de l\u2019information et le commerce \u00e9lectronique (LSSICE), le propri\u00e9taire du site Internet vous informe de ce qui suit&nbsp;:<\/p>\n\n\n\n<ul class=\"wp-block-list\"><li>Raison sociale&nbsp;: Perfiles Del Vall\u00e9s, S.A.<\/li><li>N\u00ba identification fiscale&nbsp;: A08654188<\/li><li>Si\u00e8ge&nbsp;: Carretera de Sabadell a Granollers (km 6,3 Pol. ind Can Burgues), 08184 \u2013 Palau-solit\u00e0 I Plegamans (Barcelone) ESPAGNE.<\/li><\/ul>\n\n\n\n<p>Inscrite au registre du commerce et des soci\u00e9t\u00e9s de BARCELONE au tome 7252, feuillet 63, section, page B36408, inscription 6<sup>e<\/sup>.<\/p>\n\n\n\n<p>Dans les limites fix\u00e9es par la l\u00e9gislation, Perfiles Del Vall\u00e9s, S.A. d\u00e9cline toute responsabilit\u00e9 d\u00e9coulant de l\u2019absence de v\u00e9racit\u00e9, d\u2019int\u00e9grit\u00e9, de mise \u00e0 jour et de pr\u00e9cision des donn\u00e9es ou des informations publi\u00e9es sur ses diff\u00e9rentes pages web.<\/p>\n\n\n\n<p>Les contenus et informations n\u2019engagent nullement Perfiles Del Vall\u00e9s, S.A. et ne constituent en aucun cas des opinions, des conseils ou une assistance juridique de quelque nature que ce soit, s\u2019agissant uniquement d\u2019un service propos\u00e9 \u00e0 des fins d\u2019information et de divulgation.<\/p>\n\n\n\n<p>Les pages du site Internet de Perfiles Del Vall\u00e9s, S.A. peuvent contenir des liens vers des sites tiers que Perfiles Del Vall\u00e9s, S.A. n\u2019est pas en mesure de contr\u00f4ler. Par cons\u00e9quent, Perfiles Del Vall\u00e9s, S.A. ne saurait \u00eatre tenue responsable quant au contenu pouvant \u00eatre publi\u00e9 sur les sites tiers.<\/p>\n\n\n\n<p>Les textes, images, sons, animations, logiciels et tout autre contenu inclus dans ce site Internet appartiennent exclusivement \u00e0 Perfiles Del Vall\u00e9s, S.A. ou \u00e0 ses conc\u00e9dants de licence. Tout acte de transmission, distribution, cession, reproduction, stockage ou communication publique, m\u00eame partielle, doit disposer de l\u2019autorisation expresse de Perfiles Del Vall\u00e9s, S.A.<\/p>\n\n\n\n<p>En outre, pour acc\u00e9der \u00e0 certains services que Perfiles Del Vall\u00e9s, S.A. propose sur son site Internet, vous devrez fournir des donn\u00e9es \u00e0 caract\u00e8re personnel. Conform\u00e9ment aux dispositions du R\u00e8glement (UE) 2016\/679 du Parlement europ\u00e9en et du Conseil du 27 avril 2016 relatif \u00e0 la protection des personnes physiques \u00e0 l\u2019\u00e9gard du traitement des donn\u00e9es \u00e0 caract\u00e8re personnel et \u00e0 la libre circulation de ces donn\u00e9es, nous vous informons que lorsque vous remplissez ces formulaires, vos donn\u00e9es personnelles sont incorpor\u00e9es et trait\u00e9es dans les fichiers de Perfiles Del Vall\u00e9s, S.A. afin que nous puissions vous fournir et vous proposer nos services, mais \u00e9galement vous informer des am\u00e9liorations du site Internet.<\/p>\n\n\n\n<p>Vous avez \u00e9galement la possibilit\u00e9 d\u2019exercer \u00e0 tout moment et gratuitement vos droits d\u2019acc\u00e8s, de rectification, d\u2019annulation, d\u2019opposition, de limitation et de portabilit\u00e9 de vos donn\u00e9es \u00e0 caract\u00e8re personnel, par e-mail \u00e0 l\u2019adresse abachs@pervasa.net, ou par courrier postal \u00e0 l\u2019adresse&nbsp;: Carretera de Sabadell a Granollers (km 6,3 Pol. ind Can Burgues), 08184 \u2013 Palau-solit\u00e0 I Plegamans (Barcelone) ESPAGNE.<\/p>\n\n\n\n<p>R\u00c9V.&nbsp;: 20.3009<\/p>\n","protected":false},"excerpt":{"rendered":"<p>Conform\u00e9ment au devoir d\u2019information \u00e9nonc\u00e9 \u00e0 l\u2019article 10 de la Loi espagnoles 34\/2002 du 11 juillet 2002 sur les services de la soci\u00e9t\u00e9 de l\u2019information et le commerce \u00e9lectronique (LSSICE), le propri\u00e9taire du site Internet vous informe de ce qui suit&nbsp;: Raison sociale&nbsp;: Perfiles Del Vall\u00e9s, S.A. N\u00ba identification fiscale&nbsp;: A08654188 Si\u00e8ge&nbsp;: Carretera de Sabadell&hellip;<\/p>\n","protected":false},"author":1,"featured_media":0,"parent":0,"menu_order":0,"comment_status":"closed","ping_status":"closed","template":"","meta":{"footnotes":""},"class_list":["post-1005","page","type-page","status-publish","hentry","entry","no-media"],"yoast_head":"<!-- This site is optimized with the Yoast SEO plugin v26.5 - https:\/\/yoast.com\/wordpress\/plugins\/seo\/ -->\n<title>Mentions l\u00e9gales - Pervasa<\/title>\n<meta name=\"robots\" content=\"noindex, follow\" \/>\n<meta property=\"og:locale\" content=\"fr_FR\" \/>\n<meta property=\"og:type\" content=\"article\" \/>\n<meta property=\"og:title\" content=\"Mentions l\u00e9gales - Pervasa\" \/>\n<meta property=\"og:description\" content=\"Conform\u00e9ment au devoir d\u2019information \u00e9nonc\u00e9 \u00e0 l\u2019article 10 de la Loi espagnoles 34\/2002 du 11 juillet 2002 sur les services de la soci\u00e9t\u00e9 de l\u2019information et le commerce \u00e9lectronique (LSSICE), le propri\u00e9taire du site Internet vous informe de ce qui suit&nbsp;: Raison sociale&nbsp;: Perfiles Del Vall\u00e9s, S.A. N\u00ba identification fiscale&nbsp;: A08654188 Si\u00e8ge&nbsp;: Carretera de Sabadell&hellip;\" \/>\n<meta property=\"og:url\" content=\"https:\/\/pervasa.net\/fr\/mentions-legales\/\" \/>\n<meta property=\"og:site_name\" content=\"Pervasa\" \/>\n<meta property=\"article:modified_time\" content=\"2020-12-10T14:05:41+00:00\" \/>\n<meta name=\"twitter:card\" content=\"summary_large_image\" \/>\n<meta name=\"twitter:label1\" content=\"Dur\u00e9e de lecture estim\u00e9e\" \/>\n\t<meta name=\"twitter:data1\" content=\"2 minutes\" \/>\n<script type=\"application\/ld+json\" class=\"yoast-schema-graph\">{\"@context\":\"https:\/\/schema.org\",\"@graph\":[{\"@type\":\"WebPage\",\"@id\":\"https:\/\/pervasa.net\/fr\/mentions-legales\/\",\"url\":\"https:\/\/pervasa.net\/fr\/mentions-legales\/\",\"name\":\"Mentions l\u00e9gales - Pervasa\",\"isPartOf\":{\"@id\":\"https:\/\/pervasa.net\/fr\/#website\"},\"datePublished\":\"2020-12-10T14:05:40+00:00\",\"dateModified\":\"2020-12-10T14:05:41+00:00\",\"breadcrumb\":{\"@id\":\"https:\/\/pervasa.net\/fr\/mentions-legales\/#breadcrumb\"},\"inLanguage\":\"fr-FR\",\"potentialAction\":[{\"@type\":\"ReadAction\",\"target\":[\"https:\/\/pervasa.net\/fr\/mentions-legales\/\"]}]},{\"@type\":\"BreadcrumbList\",\"@id\":\"https:\/\/pervasa.net\/fr\/mentions-legales\/#breadcrumb\",\"itemListElement\":[{\"@type\":\"ListItem\",\"position\":1,\"name\":\"Home\",\"item\":\"https:\/\/pervasa.net\/fr\/accueil\/\"},{\"@type\":\"ListItem\",\"position\":2,\"name\":\"Mentions l\u00e9gales\"}]},{\"@type\":\"WebSite\",\"@id\":\"https:\/\/pervasa.net\/fr\/#website\",\"url\":\"https:\/\/pervasa.net\/fr\/\",\"name\":\"Pervasa\",\"description\":\"M\u00e1s de 35 a\u00f1os dedicados a la fabricaci\u00f3n de perfiles t\u00e9cnicos\",\"publisher\":{\"@id\":\"https:\/\/pervasa.net\/fr\/#organization\"},\"potentialAction\":[{\"@type\":\"SearchAction\",\"target\":{\"@type\":\"EntryPoint\",\"urlTemplate\":\"https:\/\/pervasa.net\/fr\/?s={search_term_string}\"},\"query-input\":{\"@type\":\"PropertyValueSpecification\",\"valueRequired\":true,\"valueName\":\"search_term_string\"}}],\"inLanguage\":\"fr-FR\"},{\"@type\":\"Organization\",\"@id\":\"https:\/\/pervasa.net\/fr\/#organization\",\"name\":\"Pervasa. S.L.\",\"url\":\"https:\/\/pervasa.net\/fr\/\",\"logo\":{\"@type\":\"ImageObject\",\"inLanguage\":\"fr-FR\",\"@id\":\"https:\/\/pervasa.net\/fr\/#\/schema\/logo\/image\/\",\"url\":\"https:\/\/pervasa.net\/wp-content\/uploads\/2020\/10\/logo-pervasa.svg\",\"contentUrl\":\"https:\/\/pervasa.net\/wp-content\/uploads\/2020\/10\/logo-pervasa.svg\",\"width\":2788,\"height\":769,\"caption\":\"Pervasa. S.L.\"},\"image\":{\"@id\":\"https:\/\/pervasa.net\/fr\/#\/schema\/logo\/image\/\"}}]}<\/script>\n<!-- \/ Yoast SEO plugin. -->","yoast_head_json":{"title":"Mentions l\u00e9gales - Pervasa","robots":{"index":"noindex","follow":"follow"},"og_locale":"fr_FR","og_type":"article","og_title":"Mentions l\u00e9gales - Pervasa","og_description":"Conform\u00e9ment au devoir d\u2019information \u00e9nonc\u00e9 \u00e0 l\u2019article 10 de la Loi espagnoles 34\/2002 du 11 juillet 2002 sur les services de la soci\u00e9t\u00e9 de l\u2019information et le commerce \u00e9lectronique (LSSICE), le propri\u00e9taire du site Internet vous informe de ce qui suit&nbsp;: Raison sociale&nbsp;: Perfiles Del Vall\u00e9s, S.A. N\u00ba identification fiscale&nbsp;: A08654188 Si\u00e8ge&nbsp;: Carretera de Sabadell&hellip;","og_url":"https:\/\/pervasa.net\/fr\/mentions-legales\/","og_site_name":"Pervasa","article_modified_time":"2020-12-10T14:05:41+00:00","twitter_card":"summary_large_image","twitter_misc":{"Dur\u00e9e de lecture estim\u00e9e":"2 minutes"},"schema":{"@context":"https:\/\/schema.org","@graph":[{"@type":"WebPage","@id":"https:\/\/pervasa.net\/fr\/mentions-legales\/","url":"https:\/\/pervasa.net\/fr\/mentions-legales\/","name":"Mentions l\u00e9gales - Pervasa","isPartOf":{"@id":"https:\/\/pervasa.net\/fr\/#website"},"datePublished":"2020-12-10T14:05:40+00:00","dateModified":"2020-12-10T14:05:41+00:00","breadcrumb":{"@id":"https:\/\/pervasa.net\/fr\/mentions-legales\/#breadcrumb"},"inLanguage":"fr-FR","potentialAction":[{"@type":"ReadAction","target":["https:\/\/pervasa.net\/fr\/mentions-legales\/"]}]},{"@type":"BreadcrumbList","@id":"https:\/\/pervasa.net\/fr\/mentions-legales\/#breadcrumb","itemListElement":[{"@type":"ListItem","position":1,"name":"Home","item":"https:\/\/pervasa.net\/fr\/accueil\/"},{"@type":"ListItem","position":2,"name":"Mentions l\u00e9gales"}]},{"@type":"WebSite","@id":"https:\/\/pervasa.net\/fr\/#website","url":"https:\/\/pervasa.net\/fr\/","name":"Pervasa","description":"M\u00e1s de 35 a\u00f1os dedicados a la fabricaci\u00f3n de perfiles t\u00e9cnicos","publisher":{"@id":"https:\/\/pervasa.net\/fr\/#organization"},"potentialAction":[{"@type":"SearchAction","target":{"@type":"EntryPoint","urlTemplate":"https:\/\/pervasa.net\/fr\/?s={search_term_string}"},"query-input":{"@type":"PropertyValueSpecification","valueRequired":true,"valueName":"search_term_string"}}],"inLanguage":"fr-FR"},{"@type":"Organization","@id":"https:\/\/pervasa.net\/fr\/#organization","name":"Pervasa. S.L.","url":"https:\/\/pervasa.net\/fr\/","logo":{"@type":"ImageObject","inLanguage":"fr-FR","@id":"https:\/\/pervasa.net\/fr\/#\/schema\/logo\/image\/","url":"https:\/\/pervasa.net\/wp-content\/uploads\/2020\/10\/logo-pervasa.svg","contentUrl":"https:\/\/pervasa.net\/wp-content\/uploads\/2020\/10\/logo-pervasa.svg","width":2788,"height":769,"caption":"Pervasa. S.L."},"image":{"@id":"https:\/\/pervasa.net\/fr\/#\/schema\/logo\/image\/"}}]}},"_links":{"self":[{"href":"https:\/\/pervasa.net\/fr\/wp-json\/wp\/v2\/pages\/1005","targetHints":{"allow":["GET"]}}],"collection":[{"href":"https:\/\/pervasa.net\/fr\/wp-json\/wp\/v2\/pages"}],"about":[{"href":"https:\/\/pervasa.net\/fr\/wp-json\/wp\/v2\/types\/page"}],"author":[{"embeddable":true,"href":"https:\/\/pervasa.net\/fr\/wp-json\/wp\/v2\/users\/1"}],"replies":[{"embeddable":true,"href":"https:\/\/pervasa.net\/fr\/wp-json\/wp\/v2\/comments?post=1005"}],"version-history":[{"count":0,"href":"https:\/\/pervasa.net\/fr\/wp-json\/wp\/v2\/pages\/1005\/revisions"}],"wp:attachment":[{"href":"https:\/\/pervasa.net\/fr\/wp-json\/wp\/v2\/media?parent=1005"}],"curies":[{"name":"wp","href":"https:\/\/api.w.org\/{rel}","templated":true}]}}