{"id":836,"date":"2020-12-09T17:12:53","date_gmt":"2020-12-09T17:12:53","guid":{"rendered":"https:\/\/pervasa.mmkt.dev\/?page_id=836"},"modified":"2021-12-15T17:54:38","modified_gmt":"2021-12-15T17:54:38","slug":"accueil","status":"publish","type":"page","link":"https:\/\/pervasa.net\/fr\/","title":{"rendered":"Accueil"},"content":{"rendered":"<div class=\"wpb-content-wrapper\">[vc_row remove_bottom_col_margin=\u00a0\u00bbtrue\u00a0\u00bb][vc_column]\n\t\t\t<!-- START Inicio REVOLUTION SLIDER 6.7.30 --><p class=\"rs-p-wp-fix\"><\/p>\n\t\t\t<rs-module-wrap id=\"rev_slider_1_1_wrapper\" data-source=\"gallery\" style=\"visibility:hidden;background:transparent;padding:0;margin:0px auto;margin-top:0;margin-bottom:0;\">\n\t\t\t\t<rs-module id=\"rev_slider_1_1\" style=\"\" data-version=\"6.7.30\">\n\t\t\t\t\t<rs-slides style=\"overflow: hidden; position: absolute;\">\n\t\t\t\t\t\t<rs-slide style=\"position: absolute;\" data-key=\"rs-11\" data-title=\"Slide\" data-thumb=\"\/\/pervasa.net\/wp-content\/uploads\/2020\/10\/slider03.jpg\" data-anim=\"ms:1000;r:0;\" data-in=\"o:0;\" data-out=\"a:false;\">\n\t\t\t\t\t\t\t<img src=\"\/\/pervasa.net\/wp-content\/plugins\/revslider\/sr6\/assets\/assets\/dummy.png\" alt=\"profils pvc\" title=\"profils-pvc\" width=\"1920\" height=\"1005\" class=\"rev-slidebg tp-rs-img rs-lazyload\" data-lazyload=\"\/\/pervasa.net\/wp-content\/uploads\/2020\/10\/slider03.jpg\" data-no-retina>\n<!--\n\t\t\t\t\t\t\t--><rs-layer\n\t\t\t\t\t\t\t\tid=\"slider-1-slide-11-layer-0\" \n\t\t\t\t\t\t\t\tdata-type=\"text\"\n\t\t\t\t\t\t\t\tdata-rsp_ch=\"on\"\n\t\t\t\t\t\t\t\tdata-xy=\"x:c;y:m;\"\n\t\t\t\t\t\t\t\tdata-text=\"w:normal;s:30;l:65,60,45,40;a:center;\"\n\t\t\t\t\t\t\t\tdata-dim=\"w:auto,auto,100%,100%;\"\n\t\t\t\t\t\t\t\tdata-padding=\"r:20,17,13,8;l:20,17,13,8;\"\n\t\t\t\t\t\t\t\tdata-frame_999=\"o:0;st:w;\"\n\t\t\t\t\t\t\t\tstyle=\"z-index:5;background-color:rgba(0,0,0,0.62);font-family:'Roboto';\"\n\t\t\t\t\t\t\t>Plus de 35 ans consacr\u00e9s \u00e0 la conception et \u00e0 la fabrication de profil\u00e9s \n\t\t\t\t\t\t\t<\/rs-layer><!--\n-->\t\t\t\t\t<\/rs-slide>\n\t\t\t\t\t\t<rs-slide style=\"position: absolute;\" data-key=\"rs-12\" data-title=\"Slide\" data-thumb=\"\/\/pervasa.net\/wp-content\/uploads\/2020\/10\/slider01.jpg\" data-anim=\"ms:1000;r:0;\" data-in=\"o:0;\" data-out=\"a:false;\">\n\t\t\t\t\t\t\t<img src=\"\/\/pervasa.net\/wp-content\/plugins\/revslider\/sr6\/assets\/assets\/dummy.png\" alt=\"extrusion pvc\" title=\"extrusion-pvc\" width=\"1920\" height=\"1005\" class=\"rev-slidebg tp-rs-img rs-lazyload\" data-lazyload=\"\/\/pervasa.net\/wp-content\/uploads\/2020\/10\/slider01.jpg\" data-no-retina>\n<!--\n\t\t\t\t\t\t\t--><rs-layer\n\t\t\t\t\t\t\t\tid=\"slider-1-slide-12-layer-0\" \n\t\t\t\t\t\t\t\tdata-type=\"text\"\n\t\t\t\t\t\t\t\tdata-rsp_ch=\"on\"\n\t\t\t\t\t\t\t\tdata-xy=\"x:c;y:m;\"\n\t\t\t\t\t\t\t\tdata-text=\"w:normal;s:30;l:65,60,45,40;a:left,center,center,center;\"\n\t\t\t\t\t\t\t\tdata-dim=\"w:auto,auto,100%,100%;\"\n\t\t\t\t\t\t\t\tdata-padding=\"r:20,17,13,8;l:20,17,13,8;\"\n\t\t\t\t\t\t\t\tdata-frame_999=\"o:0;st:w;\"\n\t\t\t\t\t\t\t\tstyle=\"z-index:5;background-color:rgba(0,0,0,0.62);font-family:'Roboto';\"\n\t\t\t\t\t\t\t>Pervasa, extrusion de profil\u00e9s techniques en mati\u00e8res thermoplastiques \n\t\t\t\t\t\t\t<\/rs-layer><!--\n-->\t\t\t\t\t<\/rs-slide>\n\t\t\t\t\t\t<rs-slide style=\"position: absolute;\" data-key=\"rs-14\" data-title=\"Slide\" data-thumb=\"\/\/pervasa.net\/wp-content\/uploads\/2020\/10\/slider02.jpg\" data-anim=\"ms:1000;r:0;\" data-in=\"o:0;\" data-out=\"a:false;\">\n\t\t\t\t\t\t\t<img src=\"\/\/pervasa.net\/wp-content\/plugins\/revslider\/sr6\/assets\/assets\/dummy.png\" alt=\"extrusion plastique\" title=\"extrusion-plastique\" width=\"1920\" height=\"772\" class=\"rev-slidebg tp-rs-img rs-lazyload\" data-lazyload=\"\/\/pervasa.net\/wp-content\/uploads\/2020\/10\/slider02.jpg\" data-no-retina>\n<!--\n\t\t\t\t\t\t\t--><rs-layer\n\t\t\t\t\t\t\t\tid=\"slider-1-slide-14-layer-0\" \n\t\t\t\t\t\t\t\tdata-type=\"text\"\n\t\t\t\t\t\t\t\tdata-rsp_ch=\"on\"\n\t\t\t\t\t\t\t\tdata-xy=\"x:c;y:m;\"\n\t\t\t\t\t\t\t\tdata-text=\"w:normal;s:30;l:65,60,45,40;a:left,center,center,center;\"\n\t\t\t\t\t\t\t\tdata-dim=\"w:auto,auto,100%,100%;\"\n\t\t\t\t\t\t\t\tdata-padding=\"r:20,17,13,8;l:20,17,13,8;\"\n\t\t\t\t\t\t\t\tdata-frame_999=\"o:0;st:w;\"\n\t\t\t\t\t\t\t\tstyle=\"z-index:5;background-color:rgba(0,0,0,0.62);font-family:'Roboto';\"\n\t\t\t\t\t\t\t>10 lignes d\u2019extrusion et plus de 5000 r\u00e9f\u00e9rences en catalogue \n\t\t\t\t\t\t\t<\/rs-layer><!--\n-->\t\t\t\t\t<\/rs-slide>\n\t\t\t\t\t<\/rs-slides>\n\t\t\t\t<\/rs-module>\n\t\t\t\t<script>\n\t\t\t\t\tsetREVStartSize({c: 'rev_slider_1_1',rl:[1240,1024,778,480],el:[750,750,550,500],gw:[1240,1024,778,480],gh:[750,750,550,400],type:'standard',justify:'',layout:'fullwidth',mh:\"0\"});if (window.RS_MODULES!==undefined && window.RS_MODULES.modules!==undefined && window.RS_MODULES.modules[\"revslider11\"]!==undefined) {window.RS_MODULES.modules[\"revslider11\"].once = false;window.revapi1 = undefined;if (window.RS_MODULES.checkMinimal!==undefined) window.RS_MODULES.checkMinimal()}\n\t\t\t\t<\/script>\n\t\t\t<\/rs-module-wrap>\n\t\t\t<!-- END REVOLUTION SLIDER -->\n[\/vc_column][\/vc_row][vc_row full_width=\u00a0\u00bbstretch_row\u00a0\u00bb remove_bottom_col_margin=\u00a0\u00bbtrue\u00a0\u00bb css=\u00a0\u00bb.vc_custom_1602240120079{padding-top: 80px !important;padding-bottom: 80px !important;}\u00a0\u00bb][vc_column]<h1 class=\"vcex-heading vcex-heading-plain vcex-module wpex-heading wpex-text-2xl wpex-text-center border-gradien\"><span class=\"vcex-heading-inner wpex-inline-block\">Pourquoi <strong>Pervasa<\/strong>?<\/span><\/h1><div class=\"vcex-spacing wpex-w-100 wpex-clear\" style=\"height:60px;\"><\/div>[vc_row_inner][vc_column_inner width=\u00a0\u00bb1\/3&Prime;]<style>.vcex-icon-box.vcex_69f9db8e6a0b5 .vcex-icon-box-heading{color:#592383;}.vcex-icon-box.vcex_69f9db8e6a0b5 .vcex-icon-box-image{width:100px;}<\/style><div class=\"vcex-module vcex-icon-box vcex-icon-box-two wpex-block wpex-text-center vcex_69f9db8e6a0b5\"><div class=\"vcex-icon-box-symbol vcex-icon-box-symbol--image wpex-mb-20\"><img loading=\"lazy\" class=\"vcex-icon-box-image wpex-align-middle\" alt=\"extrudeuse plastique\" decoding=\"async\" src=\"https:\/\/pervasa.net\/wp-content\/uploads\/2020\/10\/calidad.svg\" srcset=\"https:\/\/pervasa.net\/wp-content\/uploads\/\/2020\/10\/calidad.svg 150w, https:\/\/pervasa.net\/wp-content\/uploads\/\/2020\/10\/calidad.svg 300w, https:\/\/pervasa.net\/wp-content\/uploads\/\/2020\/10\/calidad.svg 1024w, https:\/\/pervasa.net\/wp-content\/uploads\/\/2020\/10\/calidad.svg 1536w, https:\/\/pervasa.net\/wp-content\/uploads\/\/2020\/10\/calidad.svg 2048w\" width=\"2134\" height=\"2134\"><\/div><div class=\"vcex-icon-box-text\"><h2 class=\"vcex-icon-box-heading wpex-heading wpex-text-md wpex-mb-10\">Mat\u00e9riaux de premier choix<\/h2><\/div><\/div>[\/vc_column_inner][vc_column_inner width=\u00a0\u00bb1\/3&Prime;]<style>.vcex-icon-box.vcex_69f9db8e6c160 .vcex-icon-box-heading{color:#ff803b;}.vcex-icon-box.vcex_69f9db8e6c160 .vcex-icon-box-image{width:100px;}<\/style><div class=\"vcex-module vcex-icon-box vcex-icon-box-two wpex-block wpex-text-center vcex_69f9db8e6c160\"><div class=\"vcex-icon-box-symbol vcex-icon-box-symbol--image wpex-mb-20\"><img loading=\"lazy\" class=\"vcex-icon-box-image wpex-align-middle\" alt=\"pvc extrusion\" decoding=\"async\" src=\"https:\/\/pervasa.net\/wp-content\/uploads\/2020\/10\/investigacion-2.svg\" srcset=\"https:\/\/pervasa.net\/wp-content\/uploads\/\/2020\/10\/investigacion-2.svg 150w, https:\/\/pervasa.net\/wp-content\/uploads\/\/2020\/10\/investigacion-2.svg 300w, https:\/\/pervasa.net\/wp-content\/uploads\/\/2020\/10\/investigacion-2.svg 1024w, https:\/\/pervasa.net\/wp-content\/uploads\/\/2020\/10\/investigacion-2.svg 1536w, https:\/\/pervasa.net\/wp-content\/uploads\/\/2020\/10\/investigacion-2.svg 2048w\" width=\"2134\" height=\"2134\"><\/div><div class=\"vcex-icon-box-text\"><h2 class=\"vcex-icon-box-heading wpex-heading wpex-text-md wpex-mb-10\">RDI en nouveaux mat\u00e9riaux et nouvelles technologies. Nous innovons dans l\u2019am\u00e9liorer des produits<\/h2><\/div><\/div>[\/vc_column_inner][vc_column_inner width=\u00a0\u00bb1\/3&Prime;]<style>.vcex-icon-box.vcex_69f9db8e6d526 .vcex-icon-box-heading{color:#592383;}.vcex-icon-box.vcex_69f9db8e6d526 .vcex-icon-box-image{width:100px;}<\/style><div class=\"vcex-module vcex-icon-box vcex-icon-box-two wpex-block wpex-text-center vcex_69f9db8e6d526\"><div class=\"vcex-icon-box-symbol vcex-icon-box-symbol--image wpex-mb-20\"><img loading=\"lazy\" class=\"vcex-icon-box-image wpex-align-middle\" alt=\"extrusion lines\" decoding=\"async\" src=\"https:\/\/pervasa.net\/wp-content\/uploads\/2020\/10\/referencias-2.svg\" srcset=\"https:\/\/pervasa.net\/wp-content\/uploads\/\/2020\/10\/referencias-2.svg 150w, https:\/\/pervasa.net\/wp-content\/uploads\/\/2020\/10\/referencias-2.svg 300w, https:\/\/pervasa.net\/wp-content\/uploads\/\/2020\/10\/referencias-2.svg 1024w, https:\/\/pervasa.net\/wp-content\/uploads\/\/2020\/10\/referencias-2.svg 1536w, https:\/\/pervasa.net\/wp-content\/uploads\/\/2020\/10\/referencias-2.svg 2048w\" width=\"2134\" height=\"2134\"><\/div><div class=\"vcex-icon-box-text\"><h2 class=\"vcex-icon-box-heading wpex-heading wpex-text-md wpex-mb-10\">Nous r\u00e9pondons aux besoins de tous les secteurs<\/h2><\/div><\/div>[\/vc_column_inner][\/vc_row_inner][\/vc_column][\/vc_row][vc_row full_width=\u00a0\u00bbstretch_row_content_no_spaces\u00a0\u00bb gap=\u00a0\u00bb2&Prime; remove_bottom_col_margin=\u00a0\u00bbtrue\u00a0\u00bb el_class=\u00a0\u00bbhome-links\u00a0\u00bb css=\u00a0\u00bb.vc_custom_1606407597226{padding-top: 1px !important;padding-bottom: 1px !important;background-color: #592383 !important;}\u00a0\u00bb][vc_column width=\u00a0\u00bb1\/3&Prime;]<style>.vcex-image-banner.vcex_69f9db8e6f498 .vcex-ib-overlay-bg{background-color:#592383;opacity:0.53;}.vcex-image-banner.vcex_69f9db8e6f498 .vcex-ib-title{color:#ffffff;font-size:30px;}<\/style><a class=\"vcex-module vcex-image-banner vcex-image-banner-has-link wpex-no-underline wpex-flex wpex-flex-col wpex-w-100 wpex-justify-center wpex-relative wpex-overflow-hidden wpex-bg-gray-900 wpex-text-white wpex-hover-text-white wpex-mb-0 wpex-text-center vcex-soh vcex-anim-fade-up vcex-h-zoom wpex-isolate vcex-has-img-tag vcex_69f9db8e6f498\" href=\"https:\/\/pervasa.net\/fr\/entreprise-fabricant-profile-plastique\/\" title=\"Empresa\"><img  src=\"https:\/\/pervasa.net\/wp-content\/uploads\/2020\/12\/empresa02.jpg\" class=\"vcex-ib-img wpex-block wpex-transition-all wpex-duration-500\" alt=\"perfiles de pl\u00e1stico\"><div class=\"vcex-ib-overlay wpex-absolute wpex-inset-0 wpex-transition-all wpex-duration-500\"><div class=\"vcex-ib-overlay-bg wpex-absolute wpex-inset-0 wpex-bg-black wpex-opacity-30\"><\/div><\/div><div class=\"vcex-ib-content-wrap wpex-w-100 wpex-transition-all wpex-duration-500 wpex-absolute wpex-inset-0 wpex-flex wpex-items-center wpex-p-30 wpex-translate-y-50\"><div class=\"vcex-ib-content wpex-flex-grow wpex-mx-auto\"><div class=\"vcex-ib-title wpex-heading\">Entreprises<\/div><\/div><\/div><\/a>[\/vc_column][vc_column width=\u00a0\u00bb1\/3&Prime;]<style>.vcex-image-banner.vcex_69f9db8e725c8 .vcex-ib-overlay-bg{background-color:#ff803b;opacity:0.5;}.vcex-image-banner.vcex_69f9db8e725c8 .vcex-ib-title{color:#ffffff;font-size:30px;}<\/style><a class=\"vcex-module vcex-image-banner vcex-image-banner-has-link wpex-no-underline wpex-flex wpex-flex-col wpex-w-100 wpex-justify-center wpex-relative wpex-overflow-hidden wpex-bg-gray-900 wpex-text-white wpex-hover-text-white wpex-text-center vcex-soh vcex-anim-fade-up vcex-h-zoom wpex-isolate vcex-has-img-tag vcex_69f9db8e725c8\" href=\"https:\/\/pervasa.net\/fr\/extrusion-pvc-services\/\" title=\"Empresa\"><img  src=\"https:\/\/pervasa.net\/wp-content\/uploads\/2020\/12\/servicios-home.jpg\" class=\"vcex-ib-img wpex-block wpex-transition-all wpex-duration-500\" alt=\"fabricaci\u00f3n de perfiles\"><div class=\"vcex-ib-overlay wpex-absolute wpex-inset-0 wpex-transition-all wpex-duration-500\"><div class=\"vcex-ib-overlay-bg wpex-absolute wpex-inset-0 wpex-bg-black wpex-opacity-30\"><\/div><\/div><div class=\"vcex-ib-content-wrap wpex-w-100 wpex-transition-all wpex-duration-500 wpex-absolute wpex-inset-0 wpex-flex wpex-items-center wpex-p-30 wpex-translate-y-50\"><div class=\"vcex-ib-content wpex-flex-grow wpex-mx-auto\"><div class=\"vcex-ib-title wpex-heading\">Services<\/div><\/div><\/div><\/a>[\/vc_column][vc_column width=\u00a0\u00bb1\/3&Prime;]<style>.vcex-image-banner.vcex_69f9db8e7436e .vcex-ib-overlay-bg{background-color:#592383;opacity:0.5;}.vcex-image-banner.vcex_69f9db8e7436e .vcex-ib-title{color:#ffffff;font-size:30px;}<\/style><a class=\"vcex-module vcex-image-banner vcex-image-banner-has-link wpex-no-underline wpex-flex wpex-flex-col wpex-w-100 wpex-justify-center wpex-relative wpex-overflow-hidden wpex-bg-gray-900 wpex-text-white wpex-hover-text-white wpex-text-center vcex-soh vcex-anim-fade-up vcex-h-zoom wpex-isolate vcex-has-img-tag vcex_69f9db8e7436e\" href=\"https:\/\/pervasa.net\/fr\/produits-extrusion-plastique\/\" title=\"Empresa\"><img  src=\"https:\/\/pervasa.net\/wp-content\/uploads\/2020\/12\/productos-home.jpg\" class=\"vcex-ib-img wpex-block wpex-transition-all wpex-duration-500\" alt=\"perfiles de pl\u00e1stico\"><div class=\"vcex-ib-overlay wpex-absolute wpex-inset-0 wpex-transition-all wpex-duration-500\"><div class=\"vcex-ib-overlay-bg wpex-absolute wpex-inset-0 wpex-bg-black wpex-opacity-30\"><\/div><\/div><div class=\"vcex-ib-content-wrap wpex-w-100 wpex-transition-all wpex-duration-500 wpex-absolute wpex-inset-0 wpex-flex wpex-items-center wpex-p-30 wpex-translate-y-50\"><div class=\"vcex-ib-content wpex-flex-grow wpex-mx-auto\"><div class=\"vcex-ib-title wpex-heading\">Produits<\/div><\/div><\/div><\/a>[\/vc_column][\/vc_row]\n<\/div>","protected":false},"excerpt":{"rendered":"<p>[vc_row remove_bottom_col_margin=\u00a0\u00bbtrue\u00a0\u00bb][vc_column][\/vc_column][\/vc_row][vc_row full_width=\u00a0\u00bbstretch_row\u00a0\u00bb remove_bottom_col_margin=\u00a0\u00bbtrue\u00a0\u00bb css=\u00a0\u00bb.vc_custom_1602240120079{padding-top: 80px !important;padding-bottom: 80px !important;}\u00a0\u00bb][vc_column][vc_row_inner][vc_column_inner width=\u00a0\u00bb1\/3&Prime;][\/vc_column_inner][vc_column_inner width=\u00a0\u00bb1\/3&Prime;][\/vc_column_inner][vc_column_inner width=\u00a0\u00bb1\/3&Prime;][\/vc_column_inner][\/vc_row_inner][\/vc_column][\/vc_row][vc_row full_width=\u00a0\u00bbstretch_row_content_no_spaces\u00a0\u00bb gap=\u00a0\u00bb2&Prime; remove_bottom_col_margin=\u00a0\u00bbtrue\u00a0\u00bb el_class=\u00a0\u00bbhome-links\u00a0\u00bb css=\u00a0\u00bb.vc_custom_1606407597226{padding-top: 1px !important;padding-bottom: 1px !important;background-color: #592383 !important;}\u00a0\u00bb][vc_column width=\u00a0\u00bb1\/3&Prime;][\/vc_column][vc_column width=\u00a0\u00bb1\/3&Prime;][\/vc_column][vc_column width=\u00a0\u00bb1\/3&Prime;][\/vc_column][\/vc_row]<\/p>\n","protected":false},"author":1,"featured_media":0,"parent":0,"menu_order":0,"comment_status":"closed","ping_status":"closed","template":"","meta":{"footnotes":""},"class_list":["post-836","page","type-page","status-publish","hentry","entry","no-media"],"yoast_head":"<!-- This site is optimized with the Yoast SEO plugin v26.5 - https:\/\/yoast.com\/wordpress\/plugins\/seo\/ -->\n<title>Experts en conception et fabrication de profils PVC - Pervasa<\/title>\n<meta name=\"description\" content=\"Plus de 35 ans d&#039;exp\u00e9rience dans le secteur des profils PVC. Nous r\u00e9pondons aux besoins de tous les secteurs avec des mat\u00e9riaux premier choix. Visitez Pervasa.\" \/>\n<meta name=\"robots\" content=\"index, follow, max-snippet:-1, max-image-preview:large, max-video-preview:-1\" \/>\n<link rel=\"canonical\" href=\"https:\/\/pervasa.net\/fr\/\" \/>\n<meta property=\"og:locale\" content=\"fr_FR\" \/>\n<meta property=\"og:type\" content=\"article\" \/>\n<meta property=\"og:title\" content=\"Experts en conception et fabrication de profils PVC - Pervasa\" \/>\n<meta property=\"og:description\" content=\"Plus de 35 ans d&#039;exp\u00e9rience dans le secteur des profils PVC. Nous r\u00e9pondons aux besoins de tous les secteurs avec des mat\u00e9riaux premier choix. Visitez Pervasa.\" \/>\n<meta property=\"og:url\" content=\"https:\/\/pervasa.net\/fr\/\" \/>\n<meta property=\"og:site_name\" content=\"Pervasa\" \/>\n<meta property=\"article:modified_time\" content=\"2021-12-15T17:54:38+00:00\" \/>\n<meta name=\"twitter:card\" content=\"summary_large_image\" \/>\n<meta name=\"twitter:label1\" content=\"Dur\u00e9e de lecture estim\u00e9e\" \/>\n\t<meta name=\"twitter:data1\" content=\"2 minutes\" \/>\n<script type=\"application\/ld+json\" class=\"yoast-schema-graph\">{\"@context\":\"https:\/\/schema.org\",\"@graph\":[{\"@type\":\"WebPage\",\"@id\":\"https:\/\/pervasa.net\/fr\/\",\"url\":\"https:\/\/pervasa.net\/fr\/\",\"name\":\"Experts en conception et fabrication de profils PVC - Pervasa\",\"isPartOf\":{\"@id\":\"https:\/\/pervasa.net\/fr\/#website\"},\"datePublished\":\"2020-12-09T17:12:53+00:00\",\"dateModified\":\"2021-12-15T17:54:38+00:00\",\"description\":\"Plus de 35 ans d'exp\u00e9rience dans le secteur des profils PVC. Nous r\u00e9pondons aux besoins de tous les secteurs avec des mat\u00e9riaux premier choix. Visitez Pervasa.\",\"breadcrumb\":{\"@id\":\"https:\/\/pervasa.net\/fr\/#breadcrumb\"},\"inLanguage\":\"fr-FR\",\"potentialAction\":[{\"@type\":\"ReadAction\",\"target\":[\"https:\/\/pervasa.net\/fr\/\"]}]},{\"@type\":\"BreadcrumbList\",\"@id\":\"https:\/\/pervasa.net\/fr\/#breadcrumb\",\"itemListElement\":[{\"@type\":\"ListItem\",\"position\":1,\"name\":\"Home\",\"item\":\"https:\/\/pervasa.net\/fr\/accueil\/\"},{\"@type\":\"ListItem\",\"position\":2,\"name\":\"Accueil\"}]},{\"@type\":\"WebSite\",\"@id\":\"https:\/\/pervasa.net\/fr\/#website\",\"url\":\"https:\/\/pervasa.net\/fr\/\",\"name\":\"Pervasa\",\"description\":\"M\u00e1s de 35 a\u00f1os dedicados a la fabricaci\u00f3n de perfiles t\u00e9cnicos\",\"publisher\":{\"@id\":\"https:\/\/pervasa.net\/fr\/#organization\"},\"potentialAction\":[{\"@type\":\"SearchAction\",\"target\":{\"@type\":\"EntryPoint\",\"urlTemplate\":\"https:\/\/pervasa.net\/fr\/?s={search_term_string}\"},\"query-input\":{\"@type\":\"PropertyValueSpecification\",\"valueRequired\":true,\"valueName\":\"search_term_string\"}}],\"inLanguage\":\"fr-FR\"},{\"@type\":\"Organization\",\"@id\":\"https:\/\/pervasa.net\/fr\/#organization\",\"name\":\"Pervasa. S.L.\",\"url\":\"https:\/\/pervasa.net\/fr\/\",\"logo\":{\"@type\":\"ImageObject\",\"inLanguage\":\"fr-FR\",\"@id\":\"https:\/\/pervasa.net\/fr\/#\/schema\/logo\/image\/\",\"url\":\"https:\/\/pervasa.net\/wp-content\/uploads\/2020\/10\/logo-pervasa.svg\",\"contentUrl\":\"https:\/\/pervasa.net\/wp-content\/uploads\/2020\/10\/logo-pervasa.svg\",\"width\":2788,\"height\":769,\"caption\":\"Pervasa. S.L.\"},\"image\":{\"@id\":\"https:\/\/pervasa.net\/fr\/#\/schema\/logo\/image\/\"}}]}<\/script>\n<!-- \/ Yoast SEO plugin. -->","yoast_head_json":{"title":"Experts en conception et fabrication de profils PVC - Pervasa","description":"Plus de 35 ans d'exp\u00e9rience dans le secteur des profils PVC. Nous r\u00e9pondons aux besoins de tous les secteurs avec des mat\u00e9riaux premier choix. Visitez Pervasa.","robots":{"index":"index","follow":"follow","max-snippet":"max-snippet:-1","max-image-preview":"max-image-preview:large","max-video-preview":"max-video-preview:-1"},"canonical":"https:\/\/pervasa.net\/fr\/","og_locale":"fr_FR","og_type":"article","og_title":"Experts en conception et fabrication de profils PVC - Pervasa","og_description":"Plus de 35 ans d'exp\u00e9rience dans le secteur des profils PVC. Nous r\u00e9pondons aux besoins de tous les secteurs avec des mat\u00e9riaux premier choix. Visitez Pervasa.","og_url":"https:\/\/pervasa.net\/fr\/","og_site_name":"Pervasa","article_modified_time":"2021-12-15T17:54:38+00:00","twitter_card":"summary_large_image","twitter_misc":{"Dur\u00e9e de lecture estim\u00e9e":"2 minutes"},"schema":{"@context":"https:\/\/schema.org","@graph":[{"@type":"WebPage","@id":"https:\/\/pervasa.net\/fr\/","url":"https:\/\/pervasa.net\/fr\/","name":"Experts en conception et fabrication de profils PVC - Pervasa","isPartOf":{"@id":"https:\/\/pervasa.net\/fr\/#website"},"datePublished":"2020-12-09T17:12:53+00:00","dateModified":"2021-12-15T17:54:38+00:00","description":"Plus de 35 ans d'exp\u00e9rience dans le secteur des profils PVC. Nous r\u00e9pondons aux besoins de tous les secteurs avec des mat\u00e9riaux premier choix. Visitez Pervasa.","breadcrumb":{"@id":"https:\/\/pervasa.net\/fr\/#breadcrumb"},"inLanguage":"fr-FR","potentialAction":[{"@type":"ReadAction","target":["https:\/\/pervasa.net\/fr\/"]}]},{"@type":"BreadcrumbList","@id":"https:\/\/pervasa.net\/fr\/#breadcrumb","itemListElement":[{"@type":"ListItem","position":1,"name":"Home","item":"https:\/\/pervasa.net\/fr\/accueil\/"},{"@type":"ListItem","position":2,"name":"Accueil"}]},{"@type":"WebSite","@id":"https:\/\/pervasa.net\/fr\/#website","url":"https:\/\/pervasa.net\/fr\/","name":"Pervasa","description":"M\u00e1s de 35 a\u00f1os dedicados a la fabricaci\u00f3n de perfiles t\u00e9cnicos","publisher":{"@id":"https:\/\/pervasa.net\/fr\/#organization"},"potentialAction":[{"@type":"SearchAction","target":{"@type":"EntryPoint","urlTemplate":"https:\/\/pervasa.net\/fr\/?s={search_term_string}"},"query-input":{"@type":"PropertyValueSpecification","valueRequired":true,"valueName":"search_term_string"}}],"inLanguage":"fr-FR"},{"@type":"Organization","@id":"https:\/\/pervasa.net\/fr\/#organization","name":"Pervasa. S.L.","url":"https:\/\/pervasa.net\/fr\/","logo":{"@type":"ImageObject","inLanguage":"fr-FR","@id":"https:\/\/pervasa.net\/fr\/#\/schema\/logo\/image\/","url":"https:\/\/pervasa.net\/wp-content\/uploads\/2020\/10\/logo-pervasa.svg","contentUrl":"https:\/\/pervasa.net\/wp-content\/uploads\/2020\/10\/logo-pervasa.svg","width":2788,"height":769,"caption":"Pervasa. S.L."},"image":{"@id":"https:\/\/pervasa.net\/fr\/#\/schema\/logo\/image\/"}}]}},"_links":{"self":[{"href":"https:\/\/pervasa.net\/fr\/wp-json\/wp\/v2\/pages\/836","targetHints":{"allow":["GET"]}}],"collection":[{"href":"https:\/\/pervasa.net\/fr\/wp-json\/wp\/v2\/pages"}],"about":[{"href":"https:\/\/pervasa.net\/fr\/wp-json\/wp\/v2\/types\/page"}],"author":[{"embeddable":true,"href":"https:\/\/pervasa.net\/fr\/wp-json\/wp\/v2\/users\/1"}],"replies":[{"embeddable":true,"href":"https:\/\/pervasa.net\/fr\/wp-json\/wp\/v2\/comments?post=836"}],"version-history":[{"count":0,"href":"https:\/\/pervasa.net\/fr\/wp-json\/wp\/v2\/pages\/836\/revisions"}],"wp:attachment":[{"href":"https:\/\/pervasa.net\/fr\/wp-json\/wp\/v2\/media?parent=836"}],"curies":[{"name":"wp","href":"https:\/\/api.w.org\/{rel}","templated":true}]}}