{"id":950,"date":"2020-12-09T17:17:42","date_gmt":"2020-12-09T17:17:42","guid":{"rendered":"https:\/\/pervasa.mmkt.dev\/?page_id=950"},"modified":"2020-12-23T22:00:30","modified_gmt":"2020-12-23T22:00:30","slug":"entreprise-fabricant-profile-plastique","status":"publish","type":"page","link":"https:\/\/pervasa.net\/fr\/entreprise-fabricant-profile-plastique\/","title":{"rendered":"Entreprise"},"content":{"rendered":"<div class=\"wpb-content-wrapper\">[vc_row full_width=\u00a0\u00bbstretch_row\u00a0\u00bb remove_bottom_col_margin=\u00a0\u00bbtrue\u00a0\u00bb css=\u00a0\u00bb.vc_custom_1602693265412{padding-top: 40px !important;padding-bottom: 40px !important;background-color: #ff803b !important;}\u00a0\u00bb][vc_column]<style>.vcex-heading.vcex_69fa1ff8aca3e{color:#ffffff;text-transform:uppercase;}<\/style><h2 class=\"vcex-heading vcex-heading-plain vcex-module wpex-heading wpex-text-2xl wpex-text-center vcex_69fa1ff8aca3e\"><span class=\"vcex-heading-inner wpex-inline-block\">Plus de 35 ans consacr\u00e9s \u00e0 la conception et \u00e0 la fabrication de profil\u00e9s<\/span><\/h2>[\/vc_column][\/vc_row][vc_row content_placement=\u00a0\u00bbmiddle\u00a0\u00bb css=\u00a0\u00bb.vc_custom_1606899492010{padding-top: 40px !important;}\u00a0\u00bb][vc_column width=\u00a0\u00bb1\/3&Prime;]<figure class=\"vcex-image vcex-module wpex-text-center\"><div class=\"vcex-image-inner wpex-relative wpex-inline-block\"><a href=\"https:\/\/pervasa.net\/wp-content\/uploads\/2020\/11\/empresa01.jpg\" class=\"wpex-lightbox\"><img width=\"675\" height=\"450\" src=\"https:\/\/pervasa.net\/wp-content\/uploads\/2020\/11\/empresa01.jpg\" class=\"vcex-image-img wpex-align-middle\" alt=\"fabricant profil\u00e9 plastique\" loading=\"lazy\" decoding=\"async\" srcset=\"https:\/\/pervasa.net\/wp-content\/uploads\/2020\/11\/empresa01.jpg 675w, https:\/\/pervasa.net\/wp-content\/uploads\/2020\/11\/empresa01-300x200.jpg 300w\" sizes=\"auto, (max-width: 675px) 100vw, 675px\" \/><\/a><\/div><\/figure>[\/vc_column][vc_column width=\u00a0\u00bb2\/3&Prime;][vc_column_text el_class=\u00a0\u00bbjustify-text\u00a0\u00bb]<span lang=\"FR\">Cr\u00e9\u00e9e en 1981, Perfiles del Vall\u00e9s est une entreprise pionni\u00e8re en extrusion et coextrusion de profil\u00e9s thermoplastiques. Depuis son usine situ\u00e9e \u00e0 Palau-Solit\u00e0 i Plegamans, elle propose un vaste catalogue de profil\u00e9s contenant plus de 5000 r\u00e9f\u00e9rences et met sa grande exp\u00e9rience et sa polyvalence au service de ses clients pour la conception et la fabrication de solutions sp\u00e9cifiques et de projets sur mesure adapt\u00e9s \u00e0 tous types d\u2019applications industrielles et d\u00e9coratives.<\/span>[\/vc_column_text][\/vc_column][\/vc_row][vc_row][vc_column]<div class=\"vcex-module vcex-divider vcex-divider-solid vcex-divider-center wpex-mx-auto wpex-block wpex-h-0 wpex-border-b wpex-border-solid wpex-border-main border-gradien large-border-gradien\" style=\"border-color:#ffffff;\"><\/div>[\/vc_column][\/vc_row][vc_row content_placement=\u00a0\u00bbmiddle\u00a0\u00bb columns_right=\u00a0\u00bbyes\u00a0\u00bb css=\u00a0\u00bb.vc_custom_1606899497618{padding-top: 40px !important;}\u00a0\u00bb][vc_column width=\u00a0\u00bb1\/3&Prime;]<figure class=\"vcex-image vcex-module wpex-text-center\"><div class=\"vcex-image-inner wpex-relative wpex-inline-block\"><a href=\"https:\/\/pervasa.net\/wp-content\/uploads\/2020\/11\/empresa02.jpg\" class=\"wpex-lightbox\"><img width=\"675\" height=\"450\" src=\"https:\/\/pervasa.net\/wp-content\/uploads\/2020\/11\/empresa02.jpg\" class=\"vcex-image-img wpex-align-middle\" alt=\"plastic extrusion companies\" loading=\"lazy\" decoding=\"async\" srcset=\"https:\/\/pervasa.net\/wp-content\/uploads\/2020\/11\/empresa02.jpg 675w, https:\/\/pervasa.net\/wp-content\/uploads\/2020\/11\/empresa02-300x200.jpg 300w\" sizes=\"auto, (max-width: 675px) 100vw, 675px\" \/><\/a><\/div><\/figure>[\/vc_column][vc_column width=\u00a0\u00bb2\/3&Prime;][vc_column_text el_class=\u00a0\u00bbjustify-text\u00a0\u00bb]Au fil des ans, l\u2019entreprise a \u00e9volu\u00e9 dans tous les domaines en augmentant sa quantit\u00e9 de lignes de production et en diversifiant les mat\u00e9riaux utilis\u00e9s, tout en perfectionnant la formation et l\u2019exp\u00e9rience de ses \u00e9quipes. Nous avons mis en place des technologies d\u2019extrusion de pointe et d\u00e9fini des politiques de qualit\u00e9 et de pr\u00e9vention afin de nous adapter aux besoins d\u2019un march\u00e9 en constante \u00e9volution et pour satisfaire pleinement nos clients gr\u00e2ce \u00e0 un service optimal et des d\u00e9lais de livraison rapides.[\/vc_column_text][\/vc_column][\/vc_row][vc_row][vc_column]<div class=\"vcex-module vcex-divider vcex-divider-solid vcex-divider-center wpex-mx-auto wpex-block wpex-h-0 wpex-border-b wpex-border-solid wpex-border-main border-gradien large-border-gradien\" style=\"border-color:#ffffff;\"><\/div>[\/vc_column][\/vc_row][vc_row css=\u00a0\u00bb.vc_custom_1602254560269{padding-top: 40px !important;}\u00a0\u00bb][vc_column]<figure class=\"vcex-image vcex-module wpex-text-center\"><div class=\"vcex-image-inner wpex-relative wpex-inline-block\"><img width=\"1000\" height=\"255\" src=\"https:\/\/pervasa.net\/wp-content\/uploads\/2020\/11\/empresa-taller.jpg\" class=\"vcex-image-img wpex-align-middle\" alt=\"plastic extrusion companies\" loading=\"lazy\" decoding=\"async\" srcset=\"https:\/\/pervasa.net\/wp-content\/uploads\/2020\/11\/empresa-taller.jpg 1000w, https:\/\/pervasa.net\/wp-content\/uploads\/2020\/11\/empresa-taller-300x77.jpg 300w, https:\/\/pervasa.net\/wp-content\/uploads\/2020\/11\/empresa-taller-768x196.jpg 768w\" sizes=\"auto, (max-width: 1000px) 100vw, 1000px\" \/><\/div><\/figure><div class=\"vcex-spacing wpex-w-100 wpex-clear\" style=\"height:20px;\"><\/div>[vc_column_text el_class=\u00a0\u00bbjustify-text\u00a0\u00bb]En qu\u00eate d\u2019\u00e9volution et d\u2019excellence, Pervasa poss\u00e8de son propre site de production avec 2 machines d\u2019\u00e9lectro\u00e9rosion \u00e0 fil pour la construction de tout l\u2019outillage. Notre grand savoir-faire nous vaut des retours toujours plus positifs de la part de nos clients.<\/p>\n<p>Nous proposons des solutions de conception int\u00e9grales pour r\u00e9pondre \u00e0 chaque besoin de nos clients et obtenir les meilleurs r\u00e9sultats du march\u00e9.[\/vc_column_text][\/vc_column][\/vc_row][vc_row][vc_column]<div class=\"vcex-module vcex-divider vcex-divider-solid vcex-divider-center wpex-mx-auto wpex-block wpex-h-0 wpex-border-b wpex-border-solid wpex-border-main border-gradien large-border-gradien\" style=\"border-color:#ffffff;\"><\/div>[\/vc_column][\/vc_row][vc_row content_placement=\u00a0\u00bbmiddle\u00a0\u00bb columns_right=\u00a0\u00bbyes\u00a0\u00bb css=\u00a0\u00bb.vc_custom_1606407760607{padding-top: 40px !important;}\u00a0\u00bb][vc_column width=\u00a0\u00bb1\/3&Prime;]<figure class=\"vcex-image vcex-module wpex-text-center\"><div class=\"vcex-image-inner wpex-relative wpex-inline-block\"><a href=\"https:\/\/pervasa.net\/wp-content\/uploads\/2020\/11\/empresa-03.jpg\" class=\"wpex-lightbox\"><img width=\"600\" height=\"600\" src=\"https:\/\/pervasa.net\/wp-content\/uploads\/2020\/11\/empresa-03.jpg\" class=\"vcex-image-img wpex-align-middle\" alt=\"plastic extrusion\" loading=\"lazy\" decoding=\"async\" srcset=\"https:\/\/pervasa.net\/wp-content\/uploads\/2020\/11\/empresa-03.jpg 600w, https:\/\/pervasa.net\/wp-content\/uploads\/2020\/11\/empresa-03-300x300.jpg 300w, https:\/\/pervasa.net\/wp-content\/uploads\/2020\/11\/empresa-03-150x150.jpg 150w\" sizes=\"auto, (max-width: 600px) 100vw, 600px\" \/><\/a><\/div><\/figure>[\/vc_column][vc_column width=\u00a0\u00bb2\/3&Prime;][vc_column_text el_class=\u00a0\u00bbjustify-text\u00a0\u00bb]Actuellement, nous sommes une entreprise de pointe dans la fabrication de profil\u00e9s porte-prix (catalogue de signal\u00e9tique commerciale PLV) et de diffuseurs pour luminaire (catalogue d\u2019\u00e9clairage LED), deux des principaux secteurs qui constituent notre vaste catalogue de r\u00e9f\u00e9rences.<\/p>\n<p>Nous mettons \u00e0 votre disposition un service de prototypage de pi\u00e8ces en mati\u00e8re plastique par impression 3D de grande qualit\u00e9 et de pr\u00e9cision, que ce soit pour des tests fonctionnels, pour la d\u00e9finition de formes ou pour la r\u00e9alisation de petites s\u00e9ries de pi\u00e8ces aux formes complexes.[\/vc_column_text][\/vc_column][\/vc_row][vc_row full_width=\u00a0\u00bbstretch_row\u00a0\u00bb remove_bottom_col_margin=\u00a0\u00bbtrue\u00a0\u00bb css=\u00a0\u00bb.vc_custom_1602693276259{padding-top: 40px !important;padding-bottom: 40px !important;background-color: #ff803b !important;}\u00a0\u00bb][vc_column]<style>.vcex-heading.vcex_69fa1ff8b8dc1{width:730px;color:#ffffff;font-size:20px;}<\/style><div class=\"vcex-heading vcex-heading-plain vcex-module wpex-heading wpex-text-2xl wpex-text-center wpex-max-w-100 wpex-mx-auto vcex_69fa1ff8b8dc1\"><span class=\"vcex-heading-inner wpex-inline-block\">Gr\u00e2ce \u00e0 notre grande \u00e9quipe de professionnels et \u00e0 nos installations \u00e0 la fine pointe de la technologie, nous offrons \u00e0 nos clients une exp\u00e9rience formidable.<\/span><\/div>[\/vc_column][\/vc_row]\n<\/div>","protected":false},"excerpt":{"rendered":"<p>[vc_row full_width=\u00a0\u00bbstretch_row\u00a0\u00bb remove_bottom_col_margin=\u00a0\u00bbtrue\u00a0\u00bb css=\u00a0\u00bb.vc_custom_1602693265412{padding-top: 40px !important;padding-bottom: 40px !important;background-color: #ff803b !important;}\u00a0\u00bb][vc_column][\/vc_column][\/vc_row][vc_row content_placement=\u00a0\u00bbmiddle\u00a0\u00bb css=\u00a0\u00bb.vc_custom_1606899492010{padding-top: 40px !important;}\u00a0\u00bb][vc_column width=\u00a0\u00bb1\/3&Prime;][\/vc_column][vc_column width=\u00a0\u00bb2\/3&Prime;][vc_column_text el_class=\u00a0\u00bbjustify-text\u00a0\u00bb]Cr\u00e9\u00e9e en 1981, Perfiles del Vall\u00e9s est une entreprise pionni\u00e8re en extrusion et coextrusion de profil\u00e9s thermoplastiques. Depuis son usine situ\u00e9e \u00e0 Palau-Solit\u00e0 i Plegamans, elle propose un vaste catalogue de profil\u00e9s contenant plus de 5000 r\u00e9f\u00e9rences et met&hellip;<\/p>\n","protected":false},"author":1,"featured_media":0,"parent":0,"menu_order":0,"comment_status":"closed","ping_status":"closed","template":"","meta":{"footnotes":""},"class_list":["post-950","page","type-page","status-publish","hentry","entry","no-media"],"yoast_head":"<!-- This site is optimized with the Yoast SEO plugin v26.5 - https:\/\/yoast.com\/wordpress\/plugins\/seo\/ -->\n<title>Fabricant profil\u00e9 plastique. Soci\u00e9t\u00e9 pionni\u00e8re - Pervasa<\/title>\n<meta name=\"description\" content=\"Pervasa, fabricant profil\u00e9 plastique. Pionni\u00e8re en extrusion et coextrusion de profil\u00e9s thermoplastiques, en qu\u00eate d\u2019\u00e9volution et d\u2019excellence.\" \/>\n<meta name=\"robots\" content=\"index, follow, max-snippet:-1, max-image-preview:large, max-video-preview:-1\" \/>\n<link rel=\"canonical\" href=\"https:\/\/pervasa.net\/fr\/entreprise-fabricant-profile-plastique\/\" \/>\n<meta property=\"og:locale\" content=\"fr_FR\" \/>\n<meta property=\"og:type\" content=\"article\" \/>\n<meta property=\"og:title\" content=\"Fabricant profil\u00e9 plastique. Soci\u00e9t\u00e9 pionni\u00e8re - Pervasa\" \/>\n<meta property=\"og:description\" content=\"Pervasa, fabricant profil\u00e9 plastique. Pionni\u00e8re en extrusion et coextrusion de profil\u00e9s thermoplastiques, en qu\u00eate d\u2019\u00e9volution et d\u2019excellence.\" \/>\n<meta property=\"og:url\" content=\"https:\/\/pervasa.net\/fr\/entreprise-fabricant-profile-plastique\/\" \/>\n<meta property=\"og:site_name\" content=\"Pervasa\" \/>\n<meta property=\"article:modified_time\" content=\"2020-12-23T22:00:30+00:00\" \/>\n<meta name=\"twitter:card\" content=\"summary_large_image\" \/>\n<meta name=\"twitter:label1\" content=\"Dur\u00e9e de lecture estim\u00e9e\" \/>\n\t<meta name=\"twitter:data1\" content=\"3 minutes\" \/>\n<script type=\"application\/ld+json\" class=\"yoast-schema-graph\">{\"@context\":\"https:\/\/schema.org\",\"@graph\":[{\"@type\":\"WebPage\",\"@id\":\"https:\/\/pervasa.net\/fr\/entreprise-fabricant-profile-plastique\/\",\"url\":\"https:\/\/pervasa.net\/fr\/entreprise-fabricant-profile-plastique\/\",\"name\":\"Fabricant profil\u00e9 plastique. Soci\u00e9t\u00e9 pionni\u00e8re - Pervasa\",\"isPartOf\":{\"@id\":\"https:\/\/pervasa.net\/fr\/#website\"},\"datePublished\":\"2020-12-09T17:17:42+00:00\",\"dateModified\":\"2020-12-23T22:00:30+00:00\",\"description\":\"Pervasa, fabricant profil\u00e9 plastique. Pionni\u00e8re en extrusion et coextrusion de profil\u00e9s thermoplastiques, en qu\u00eate d\u2019\u00e9volution et d\u2019excellence.\",\"breadcrumb\":{\"@id\":\"https:\/\/pervasa.net\/fr\/entreprise-fabricant-profile-plastique\/#breadcrumb\"},\"inLanguage\":\"fr-FR\",\"potentialAction\":[{\"@type\":\"ReadAction\",\"target\":[\"https:\/\/pervasa.net\/fr\/entreprise-fabricant-profile-plastique\/\"]}]},{\"@type\":\"BreadcrumbList\",\"@id\":\"https:\/\/pervasa.net\/fr\/entreprise-fabricant-profile-plastique\/#breadcrumb\",\"itemListElement\":[{\"@type\":\"ListItem\",\"position\":1,\"name\":\"Home\",\"item\":\"https:\/\/pervasa.net\/fr\/accueil\/\"},{\"@type\":\"ListItem\",\"position\":2,\"name\":\"Entreprise\"}]},{\"@type\":\"WebSite\",\"@id\":\"https:\/\/pervasa.net\/fr\/#website\",\"url\":\"https:\/\/pervasa.net\/fr\/\",\"name\":\"Pervasa\",\"description\":\"M\u00e1s de 35 a\u00f1os dedicados a la fabricaci\u00f3n de perfiles t\u00e9cnicos\",\"publisher\":{\"@id\":\"https:\/\/pervasa.net\/fr\/#organization\"},\"potentialAction\":[{\"@type\":\"SearchAction\",\"target\":{\"@type\":\"EntryPoint\",\"urlTemplate\":\"https:\/\/pervasa.net\/fr\/?s={search_term_string}\"},\"query-input\":{\"@type\":\"PropertyValueSpecification\",\"valueRequired\":true,\"valueName\":\"search_term_string\"}}],\"inLanguage\":\"fr-FR\"},{\"@type\":\"Organization\",\"@id\":\"https:\/\/pervasa.net\/fr\/#organization\",\"name\":\"Pervasa. S.L.\",\"url\":\"https:\/\/pervasa.net\/fr\/\",\"logo\":{\"@type\":\"ImageObject\",\"inLanguage\":\"fr-FR\",\"@id\":\"https:\/\/pervasa.net\/fr\/#\/schema\/logo\/image\/\",\"url\":\"https:\/\/pervasa.net\/wp-content\/uploads\/2020\/10\/logo-pervasa.svg\",\"contentUrl\":\"https:\/\/pervasa.net\/wp-content\/uploads\/2020\/10\/logo-pervasa.svg\",\"width\":2788,\"height\":769,\"caption\":\"Pervasa. S.L.\"},\"image\":{\"@id\":\"https:\/\/pervasa.net\/fr\/#\/schema\/logo\/image\/\"}}]}<\/script>\n<!-- \/ Yoast SEO plugin. -->","yoast_head_json":{"title":"Fabricant profil\u00e9 plastique. Soci\u00e9t\u00e9 pionni\u00e8re - Pervasa","description":"Pervasa, fabricant profil\u00e9 plastique. Pionni\u00e8re en extrusion et coextrusion de profil\u00e9s thermoplastiques, en qu\u00eate d\u2019\u00e9volution et d\u2019excellence.","robots":{"index":"index","follow":"follow","max-snippet":"max-snippet:-1","max-image-preview":"max-image-preview:large","max-video-preview":"max-video-preview:-1"},"canonical":"https:\/\/pervasa.net\/fr\/entreprise-fabricant-profile-plastique\/","og_locale":"fr_FR","og_type":"article","og_title":"Fabricant profil\u00e9 plastique. Soci\u00e9t\u00e9 pionni\u00e8re - Pervasa","og_description":"Pervasa, fabricant profil\u00e9 plastique. Pionni\u00e8re en extrusion et coextrusion de profil\u00e9s thermoplastiques, en qu\u00eate d\u2019\u00e9volution et d\u2019excellence.","og_url":"https:\/\/pervasa.net\/fr\/entreprise-fabricant-profile-plastique\/","og_site_name":"Pervasa","article_modified_time":"2020-12-23T22:00:30+00:00","twitter_card":"summary_large_image","twitter_misc":{"Dur\u00e9e de lecture estim\u00e9e":"3 minutes"},"schema":{"@context":"https:\/\/schema.org","@graph":[{"@type":"WebPage","@id":"https:\/\/pervasa.net\/fr\/entreprise-fabricant-profile-plastique\/","url":"https:\/\/pervasa.net\/fr\/entreprise-fabricant-profile-plastique\/","name":"Fabricant profil\u00e9 plastique. Soci\u00e9t\u00e9 pionni\u00e8re - Pervasa","isPartOf":{"@id":"https:\/\/pervasa.net\/fr\/#website"},"datePublished":"2020-12-09T17:17:42+00:00","dateModified":"2020-12-23T22:00:30+00:00","description":"Pervasa, fabricant profil\u00e9 plastique. Pionni\u00e8re en extrusion et coextrusion de profil\u00e9s thermoplastiques, en qu\u00eate d\u2019\u00e9volution et d\u2019excellence.","breadcrumb":{"@id":"https:\/\/pervasa.net\/fr\/entreprise-fabricant-profile-plastique\/#breadcrumb"},"inLanguage":"fr-FR","potentialAction":[{"@type":"ReadAction","target":["https:\/\/pervasa.net\/fr\/entreprise-fabricant-profile-plastique\/"]}]},{"@type":"BreadcrumbList","@id":"https:\/\/pervasa.net\/fr\/entreprise-fabricant-profile-plastique\/#breadcrumb","itemListElement":[{"@type":"ListItem","position":1,"name":"Home","item":"https:\/\/pervasa.net\/fr\/accueil\/"},{"@type":"ListItem","position":2,"name":"Entreprise"}]},{"@type":"WebSite","@id":"https:\/\/pervasa.net\/fr\/#website","url":"https:\/\/pervasa.net\/fr\/","name":"Pervasa","description":"M\u00e1s de 35 a\u00f1os dedicados a la fabricaci\u00f3n de perfiles t\u00e9cnicos","publisher":{"@id":"https:\/\/pervasa.net\/fr\/#organization"},"potentialAction":[{"@type":"SearchAction","target":{"@type":"EntryPoint","urlTemplate":"https:\/\/pervasa.net\/fr\/?s={search_term_string}"},"query-input":{"@type":"PropertyValueSpecification","valueRequired":true,"valueName":"search_term_string"}}],"inLanguage":"fr-FR"},{"@type":"Organization","@id":"https:\/\/pervasa.net\/fr\/#organization","name":"Pervasa. S.L.","url":"https:\/\/pervasa.net\/fr\/","logo":{"@type":"ImageObject","inLanguage":"fr-FR","@id":"https:\/\/pervasa.net\/fr\/#\/schema\/logo\/image\/","url":"https:\/\/pervasa.net\/wp-content\/uploads\/2020\/10\/logo-pervasa.svg","contentUrl":"https:\/\/pervasa.net\/wp-content\/uploads\/2020\/10\/logo-pervasa.svg","width":2788,"height":769,"caption":"Pervasa. S.L."},"image":{"@id":"https:\/\/pervasa.net\/fr\/#\/schema\/logo\/image\/"}}]}},"_links":{"self":[{"href":"https:\/\/pervasa.net\/fr\/wp-json\/wp\/v2\/pages\/950","targetHints":{"allow":["GET"]}}],"collection":[{"href":"https:\/\/pervasa.net\/fr\/wp-json\/wp\/v2\/pages"}],"about":[{"href":"https:\/\/pervasa.net\/fr\/wp-json\/wp\/v2\/types\/page"}],"author":[{"embeddable":true,"href":"https:\/\/pervasa.net\/fr\/wp-json\/wp\/v2\/users\/1"}],"replies":[{"embeddable":true,"href":"https:\/\/pervasa.net\/fr\/wp-json\/wp\/v2\/comments?post=950"}],"version-history":[{"count":0,"href":"https:\/\/pervasa.net\/fr\/wp-json\/wp\/v2\/pages\/950\/revisions"}],"wp:attachment":[{"href":"https:\/\/pervasa.net\/fr\/wp-json\/wp\/v2\/media?parent=950"}],"curies":[{"name":"wp","href":"https:\/\/api.w.org\/{rel}","templated":true}]}}