{"id":955,"date":"2020-12-10T11:17:38","date_gmt":"2020-12-10T11:17:38","guid":{"rendered":"https:\/\/pervasa.mmkt.dev\/?page_id=955"},"modified":"2022-11-29T08:01:39","modified_gmt":"2022-11-29T08:01:39","slug":"extrusion-pvc-services","status":"publish","type":"page","link":"https:\/\/pervasa.net\/fr\/extrusion-pvc-services\/","title":{"rendered":"Services"},"content":{"rendered":"<div class=\"wpb-content-wrapper\">[vc_row][vc_column]<div class=\"vcex-spacing wpex-w-100 wpex-clear\" style=\"height:45px;\"><\/div>[\/vc_column][\/vc_row][vc_row][vc_column][vc_single_image image=\u00a0\u00bb1264&Prime;][\/vc_column][\/vc_row]\n<\/div>","protected":false},"excerpt":{"rendered":"<p>[vc_row][vc_column][\/vc_column][\/vc_row][vc_row][vc_column][vc_single_image image=\u00a0\u00bb1264&Prime;][\/vc_column][\/vc_row]<\/p>\n","protected":false},"author":1,"featured_media":0,"parent":0,"menu_order":0,"comment_status":"closed","ping_status":"closed","template":"","meta":{"footnotes":""},"class_list":["post-955","page","type-page","status-publish","hentry","entry","no-media"],"yoast_head":"<!-- This site is optimized with the Yoast SEO plugin v26.5 - https:\/\/yoast.com\/wordpress\/plugins\/seo\/ -->\n<title>Services et fabrication d&#039;extrusion du PVC - Pervasa<\/title>\n<meta name=\"description\" content=\"Nous contr\u00f4lons chaque \u00e9tape du processus de fabrication et d&#039;extrusion du PVC. De la conception \u00e0 la qualit\u00e9 des profil\u00e9s en plastique. Visitez Pervasa.\" \/>\n<meta name=\"robots\" content=\"index, follow, max-snippet:-1, max-image-preview:large, max-video-preview:-1\" \/>\n<link rel=\"canonical\" href=\"https:\/\/pervasa.net\/fr\/extrusion-pvc-services\/\" \/>\n<meta property=\"og:locale\" content=\"fr_FR\" \/>\n<meta property=\"og:type\" content=\"article\" \/>\n<meta property=\"og:title\" content=\"Services et fabrication d&#039;extrusion du PVC - Pervasa\" \/>\n<meta property=\"og:description\" content=\"Nous contr\u00f4lons chaque \u00e9tape du processus de fabrication et d&#039;extrusion du PVC. De la conception \u00e0 la qualit\u00e9 des profil\u00e9s en plastique. Visitez Pervasa.\" \/>\n<meta property=\"og:url\" content=\"https:\/\/pervasa.net\/fr\/extrusion-pvc-services\/\" \/>\n<meta property=\"og:site_name\" content=\"Pervasa\" \/>\n<meta property=\"article:modified_time\" content=\"2022-11-29T08:01:39+00:00\" \/>\n<meta name=\"twitter:card\" content=\"summary_large_image\" \/>\n<meta name=\"twitter:label1\" content=\"Dur\u00e9e de lecture estim\u00e9e\" \/>\n\t<meta name=\"twitter:data1\" content=\"1 minute\" \/>\n<script type=\"application\/ld+json\" class=\"yoast-schema-graph\">{\"@context\":\"https:\/\/schema.org\",\"@graph\":[{\"@type\":\"WebPage\",\"@id\":\"https:\/\/pervasa.net\/fr\/extrusion-pvc-services\/\",\"url\":\"https:\/\/pervasa.net\/fr\/extrusion-pvc-services\/\",\"name\":\"Services et fabrication d'extrusion du PVC - Pervasa\",\"isPartOf\":{\"@id\":\"https:\/\/pervasa.net\/fr\/#website\"},\"datePublished\":\"2020-12-10T11:17:38+00:00\",\"dateModified\":\"2022-11-29T08:01:39+00:00\",\"description\":\"Nous contr\u00f4lons chaque \u00e9tape du processus de fabrication et d'extrusion du PVC. De la conception \u00e0 la qualit\u00e9 des profil\u00e9s en plastique. Visitez Pervasa.\",\"breadcrumb\":{\"@id\":\"https:\/\/pervasa.net\/fr\/extrusion-pvc-services\/#breadcrumb\"},\"inLanguage\":\"fr-FR\",\"potentialAction\":[{\"@type\":\"ReadAction\",\"target\":[\"https:\/\/pervasa.net\/fr\/extrusion-pvc-services\/\"]}]},{\"@type\":\"BreadcrumbList\",\"@id\":\"https:\/\/pervasa.net\/fr\/extrusion-pvc-services\/#breadcrumb\",\"itemListElement\":[{\"@type\":\"ListItem\",\"position\":1,\"name\":\"Home\",\"item\":\"https:\/\/pervasa.net\/fr\/accueil\/\"},{\"@type\":\"ListItem\",\"position\":2,\"name\":\"Services\"}]},{\"@type\":\"WebSite\",\"@id\":\"https:\/\/pervasa.net\/fr\/#website\",\"url\":\"https:\/\/pervasa.net\/fr\/\",\"name\":\"Pervasa\",\"description\":\"M\u00e1s de 35 a\u00f1os dedicados a la fabricaci\u00f3n de perfiles t\u00e9cnicos\",\"publisher\":{\"@id\":\"https:\/\/pervasa.net\/fr\/#organization\"},\"potentialAction\":[{\"@type\":\"SearchAction\",\"target\":{\"@type\":\"EntryPoint\",\"urlTemplate\":\"https:\/\/pervasa.net\/fr\/?s={search_term_string}\"},\"query-input\":{\"@type\":\"PropertyValueSpecification\",\"valueRequired\":true,\"valueName\":\"search_term_string\"}}],\"inLanguage\":\"fr-FR\"},{\"@type\":\"Organization\",\"@id\":\"https:\/\/pervasa.net\/fr\/#organization\",\"name\":\"Pervasa. S.L.\",\"url\":\"https:\/\/pervasa.net\/fr\/\",\"logo\":{\"@type\":\"ImageObject\",\"inLanguage\":\"fr-FR\",\"@id\":\"https:\/\/pervasa.net\/fr\/#\/schema\/logo\/image\/\",\"url\":\"https:\/\/pervasa.net\/wp-content\/uploads\/2020\/10\/logo-pervasa.svg\",\"contentUrl\":\"https:\/\/pervasa.net\/wp-content\/uploads\/2020\/10\/logo-pervasa.svg\",\"width\":2788,\"height\":769,\"caption\":\"Pervasa. S.L.\"},\"image\":{\"@id\":\"https:\/\/pervasa.net\/fr\/#\/schema\/logo\/image\/\"}}]}<\/script>\n<!-- \/ Yoast SEO plugin. -->","yoast_head_json":{"title":"Services et fabrication d'extrusion du PVC - Pervasa","description":"Nous contr\u00f4lons chaque \u00e9tape du processus de fabrication et d'extrusion du PVC. De la conception \u00e0 la qualit\u00e9 des profil\u00e9s en plastique. Visitez Pervasa.","robots":{"index":"index","follow":"follow","max-snippet":"max-snippet:-1","max-image-preview":"max-image-preview:large","max-video-preview":"max-video-preview:-1"},"canonical":"https:\/\/pervasa.net\/fr\/extrusion-pvc-services\/","og_locale":"fr_FR","og_type":"article","og_title":"Services et fabrication d'extrusion du PVC - Pervasa","og_description":"Nous contr\u00f4lons chaque \u00e9tape du processus de fabrication et d'extrusion du PVC. De la conception \u00e0 la qualit\u00e9 des profil\u00e9s en plastique. Visitez Pervasa.","og_url":"https:\/\/pervasa.net\/fr\/extrusion-pvc-services\/","og_site_name":"Pervasa","article_modified_time":"2022-11-29T08:01:39+00:00","twitter_card":"summary_large_image","twitter_misc":{"Dur\u00e9e de lecture estim\u00e9e":"1 minute"},"schema":{"@context":"https:\/\/schema.org","@graph":[{"@type":"WebPage","@id":"https:\/\/pervasa.net\/fr\/extrusion-pvc-services\/","url":"https:\/\/pervasa.net\/fr\/extrusion-pvc-services\/","name":"Services et fabrication d'extrusion du PVC - Pervasa","isPartOf":{"@id":"https:\/\/pervasa.net\/fr\/#website"},"datePublished":"2020-12-10T11:17:38+00:00","dateModified":"2022-11-29T08:01:39+00:00","description":"Nous contr\u00f4lons chaque \u00e9tape du processus de fabrication et d'extrusion du PVC. De la conception \u00e0 la qualit\u00e9 des profil\u00e9s en plastique. Visitez Pervasa.","breadcrumb":{"@id":"https:\/\/pervasa.net\/fr\/extrusion-pvc-services\/#breadcrumb"},"inLanguage":"fr-FR","potentialAction":[{"@type":"ReadAction","target":["https:\/\/pervasa.net\/fr\/extrusion-pvc-services\/"]}]},{"@type":"BreadcrumbList","@id":"https:\/\/pervasa.net\/fr\/extrusion-pvc-services\/#breadcrumb","itemListElement":[{"@type":"ListItem","position":1,"name":"Home","item":"https:\/\/pervasa.net\/fr\/accueil\/"},{"@type":"ListItem","position":2,"name":"Services"}]},{"@type":"WebSite","@id":"https:\/\/pervasa.net\/fr\/#website","url":"https:\/\/pervasa.net\/fr\/","name":"Pervasa","description":"M\u00e1s de 35 a\u00f1os dedicados a la fabricaci\u00f3n de perfiles t\u00e9cnicos","publisher":{"@id":"https:\/\/pervasa.net\/fr\/#organization"},"potentialAction":[{"@type":"SearchAction","target":{"@type":"EntryPoint","urlTemplate":"https:\/\/pervasa.net\/fr\/?s={search_term_string}"},"query-input":{"@type":"PropertyValueSpecification","valueRequired":true,"valueName":"search_term_string"}}],"inLanguage":"fr-FR"},{"@type":"Organization","@id":"https:\/\/pervasa.net\/fr\/#organization","name":"Pervasa. S.L.","url":"https:\/\/pervasa.net\/fr\/","logo":{"@type":"ImageObject","inLanguage":"fr-FR","@id":"https:\/\/pervasa.net\/fr\/#\/schema\/logo\/image\/","url":"https:\/\/pervasa.net\/wp-content\/uploads\/2020\/10\/logo-pervasa.svg","contentUrl":"https:\/\/pervasa.net\/wp-content\/uploads\/2020\/10\/logo-pervasa.svg","width":2788,"height":769,"caption":"Pervasa. S.L."},"image":{"@id":"https:\/\/pervasa.net\/fr\/#\/schema\/logo\/image\/"}}]}},"_links":{"self":[{"href":"https:\/\/pervasa.net\/fr\/wp-json\/wp\/v2\/pages\/955","targetHints":{"allow":["GET"]}}],"collection":[{"href":"https:\/\/pervasa.net\/fr\/wp-json\/wp\/v2\/pages"}],"about":[{"href":"https:\/\/pervasa.net\/fr\/wp-json\/wp\/v2\/types\/page"}],"author":[{"embeddable":true,"href":"https:\/\/pervasa.net\/fr\/wp-json\/wp\/v2\/users\/1"}],"replies":[{"embeddable":true,"href":"https:\/\/pervasa.net\/fr\/wp-json\/wp\/v2\/comments?post=955"}],"version-history":[{"count":0,"href":"https:\/\/pervasa.net\/fr\/wp-json\/wp\/v2\/pages\/955\/revisions"}],"wp:attachment":[{"href":"https:\/\/pervasa.net\/fr\/wp-json\/wp\/v2\/media?parent=955"}],"curies":[{"name":"wp","href":"https:\/\/api.w.org\/{rel}","templated":true}]}}