{"id":957,"date":"2020-12-10T13:17:46","date_gmt":"2020-12-10T13:17:46","guid":{"rendered":"https:\/\/pervasa.mmkt.dev\/?page_id=957"},"modified":"2024-07-05T09:36:37","modified_gmt":"2024-07-05T09:36:37","slug":"equipe-professionnelle-extrusion-pvc","status":"publish","type":"page","link":"https:\/\/pervasa.net\/fr\/equipe-professionnelle-extrusion-pvc\/","title":{"rendered":"\u00c9quipe"},"content":{"rendered":"<div class=\"wpb-content-wrapper\">[vc_row][vc_column width=\u00a0\u00bb1\/3&Prime;]<figure class=\"vcex-image vcex-module wpex-text-center\"><div class=\"vcex-image-inner wpex-relative wpex-inline-block\"><img loading=\"lazy\" class=\"vcex-image-img wpex-align-middle\" decoding=\"async\" src=\"https:\/\/pervasa.net\/wp-content\/uploads\/2020\/11\/agusti-bachs-gerent.jpg\" alt=\"Agust\u00ed Bachs\" width=\"150\" height=\"179\"><\/div><\/figure><div class=\"vcex-spacing wpex-w-100 wpex-clear\" style=\"height:20px;\"><\/div><style>.vcex-heading.vcex_69f9e7260adec{font-size:18px;}<\/style><div class=\"vcex-heading vcex-heading-plain vcex-module wpex-heading wpex-text-2xl wpex-text-center vcex_69f9e7260adec\"><span class=\"vcex-heading-inner wpex-inline-block\">Agust\u00ed Bachs<\/span><\/div>[vc_column_text text_align=\u00a0\u00bbcenter\u00a0\u00bb font_size=\u00a0\u00bb14&Prime;]<em>Directeur g\u00e9n\u00e9ral<\/em>[\/vc_column_text][\/vc_column][vc_column width=\u00a0\u00bb1\/3&Prime;]<figure class=\"vcex-image vcex-module wpex-text-center\"><div class=\"vcex-image-inner wpex-relative wpex-inline-block\"><img loading=\"lazy\" class=\"vcex-image-img wpex-align-middle\" decoding=\"async\" src=\"https:\/\/pervasa.net\/wp-content\/uploads\/2020\/10\/elisenda-bachs-1.jpg\" alt=\"Elisenda Bachs\" width=\"150\" height=\"179\"><\/div><\/figure><div class=\"vcex-spacing wpex-w-100 wpex-clear\" style=\"height:20px;\"><\/div><style>.vcex-heading.vcex_69f9e7260d68f{font-size:18px;}<\/style><div class=\"vcex-heading vcex-heading-plain vcex-module wpex-heading wpex-text-2xl wpex-text-center vcex_69f9e7260d68f\"><span class=\"vcex-heading-inner wpex-inline-block\">Elisenda Bachs<\/span><\/div>[vc_column_text text_align=\u00a0\u00bbcenter\u00a0\u00bb font_size=\u00a0\u00bb14&Prime;]<em>CEO<br \/>\n<\/em><a href=\"mailto:abachs@pervasa.net\">abachs@pervasa.net<\/a>[\/vc_column_text][\/vc_column][vc_column width=\u00a0\u00bb1\/3&Prime;]<figure class=\"vcex-image vcex-module wpex-text-center\"><div class=\"vcex-image-inner wpex-relative wpex-inline-block\"><img loading=\"lazy\" class=\"vcex-image-img wpex-align-middle\" decoding=\"async\" src=\"https:\/\/pervasa.net\/wp-content\/uploads\/2020\/10\/agusti-bachs.jpg\" alt=\"Agust\u00ed Bachs\" width=\"150\" height=\"179\"><\/div><\/figure><div class=\"vcex-spacing wpex-w-100 wpex-clear\" style=\"height:20px;\"><\/div><style>.vcex-heading.vcex_69f9e7260f583{font-size:18px;}<\/style><div class=\"vcex-heading vcex-heading-plain vcex-module wpex-heading wpex-text-2xl wpex-text-center vcex_69f9e7260f583\"><span class=\"vcex-heading-inner wpex-inline-block\">Agust\u00ed Bachs Fabr\u00e9s<\/span><\/div>[vc_column_text text_align=\u00a0\u00bbcenter\u00a0\u00bb font_size=\u00a0\u00bb14&Prime;]<em>Directeur technique<br \/>\n<\/em><a href=\"mailto:agusti.bachs@pervasa.net\">agusti.bachs@pervasa.net<\/a>[\/vc_column_text][\/vc_column][\/vc_row][vc_row][vc_column width=\u00a0\u00bb1\/3&Prime;]<figure class=\"vcex-image vcex-module wpex-text-center\"><div class=\"vcex-image-inner wpex-relative wpex-inline-block\"><img loading=\"lazy\" class=\"vcex-image-img wpex-align-middle\" decoding=\"async\" src=\"https:\/\/pervasa.net\/wp-content\/uploads\/2024\/06\/antonio-150x191.jpg\" alt=\"\" srcset=\"https:\/\/pervasa.net\/wp-content\/uploads\/2024\/06\/antonio-150x191.jpg 150w, https:\/\/pervasa.net\/wp-content\/uploads\/2024\/06\/antonio-236x300.jpg 236w, https:\/\/pervasa.net\/wp-content\/uploads\/2024\/06\/antonio.jpg 300w\" width=\"150\" height=\"191\"><\/div><\/figure><div class=\"vcex-spacing wpex-w-100 wpex-clear\" style=\"height:20px;\"><\/div><style>.vcex-heading.vcex_69f9e72612ebe{font-size:18px;}<\/style><div class=\"vcex-heading vcex-heading-plain vcex-module wpex-heading wpex-text-2xl wpex-text-center vcex_69f9e72612ebe\"><span class=\"vcex-heading-inner wpex-inline-block\">Antonio Alfaro<\/span><\/div>[vc_column_text text_align=\u00a0\u00bbcenter\u00a0\u00bb font_size=\u00a0\u00bb14&Prime;]<em>Directeur de production<\/em>[\/vc_column_text][\/vc_column][vc_column width=\u00a0\u00bb1\/3&Prime;]<figure class=\"vcex-image vcex-module wpex-text-center\"><div class=\"vcex-image-inner wpex-relative wpex-inline-block\"><img loading=\"lazy\" class=\"vcex-image-img wpex-align-middle\" decoding=\"async\" src=\"https:\/\/pervasa.net\/wp-content\/uploads\/2020\/10\/joan-llagues.jpg\" alt=\"Joan Llargu\u00e9s\" width=\"150\" height=\"179\"><\/div><\/figure><div class=\"vcex-spacing wpex-w-100 wpex-clear\" style=\"height:20px;\"><\/div><style>.vcex-heading.vcex_69f9e726156cc{font-size:18px;}<\/style><div class=\"vcex-heading vcex-heading-plain vcex-module wpex-heading wpex-text-2xl wpex-text-center vcex_69f9e726156cc\"><span class=\"vcex-heading-inner wpex-inline-block\">Joan Llargu\u00e9s<\/span><\/div>[vc_column_text text_align=\u00a0\u00bbcenter\u00a0\u00bb font_size=\u00a0\u00bb14&Prime;]<em>Conseiller commercial<br \/>\n<\/em><a href=\"mailto:jllargues@pervasa.net\">jllargues@pervasa.net<\/a>[\/vc_column_text][\/vc_column][vc_column width=\u00a0\u00bb1\/3&Prime;]<figure class=\"vcex-image vcex-module wpex-text-center\"><div class=\"vcex-image-inner wpex-relative wpex-inline-block\"><img loading=\"lazy\" class=\"vcex-image-img wpex-align-middle\" decoding=\"async\" src=\"https:\/\/pervasa.net\/wp-content\/uploads\/2020\/10\/gerard-defior.jpg\" alt=\"Gerard Defior\" width=\"150\" height=\"179\"><\/div><\/figure><div class=\"vcex-spacing wpex-w-100 wpex-clear\" style=\"height:20px;\"><\/div><style>.vcex-heading.vcex_69f9e72618b88{font-size:18px;}<\/style><div class=\"vcex-heading vcex-heading-plain vcex-module wpex-heading wpex-text-2xl wpex-text-center vcex_69f9e72618b88\"><span class=\"vcex-heading-inner wpex-inline-block\">Gerard Defior<\/span><\/div>[vc_column_text text_align=\u00a0\u00bbcenter\u00a0\u00bb font_size=\u00a0\u00bb14&Prime;]<em>Service financier<br \/>\n<\/em><a href=\"mailto:gdefior@pervasa.net\">gdefior@pervasa.net<\/a>[\/vc_column_text][\/vc_column][\/vc_row][vc_row][vc_column width=\u00a0\u00bb1\/3&Prime;]<figure class=\"vcex-image vcex-module wpex-text-center\"><div class=\"vcex-image-inner wpex-relative wpex-inline-block\"><img loading=\"lazy\" class=\"vcex-image-img wpex-align-middle\" decoding=\"async\" src=\"https:\/\/pervasa.net\/wp-content\/uploads\/2020\/10\/elena-leal.jpg\" alt=\"Anna Leal\" width=\"150\" height=\"179\"><\/div><\/figure><div class=\"vcex-spacing wpex-w-100 wpex-clear\" style=\"height:20px;\"><\/div><style>.vcex-heading.vcex_69f9e7261b481{font-size:18px;}<\/style><div class=\"vcex-heading vcex-heading-plain vcex-module wpex-heading wpex-text-2xl wpex-text-center vcex_69f9e7261b481\"><span class=\"vcex-heading-inner wpex-inline-block\">Anna Leal<\/span><\/div>[vc_column_text text_align=\u00a0\u00bbcenter\u00a0\u00bb font_size=\u00a0\u00bb14&Prime;]<em>R\u00e9ception des commandes et Logistique<br \/>\n<\/em><a href=\"mailto:annaleal@pervasa.net\">annaleal@pervasa.net<\/a>[\/vc_column_text][\/vc_column][\/vc_row]\n<\/div>","protected":false},"excerpt":{"rendered":"<p>[vc_row][vc_column width=\u00a0\u00bb1\/3&Prime;][vc_column_text text_align=\u00a0\u00bbcenter\u00a0\u00bb font_size=\u00a0\u00bb14&Prime;]Directeur g\u00e9n\u00e9ral[\/vc_column_text][\/vc_column][vc_column width=\u00a0\u00bb1\/3&Prime;][vc_column_text text_align=\u00a0\u00bbcenter\u00a0\u00bb font_size=\u00a0\u00bb14&Prime;]CEO abachs@pervasa.net[\/vc_column_text][\/vc_column][vc_column width=\u00a0\u00bb1\/3&Prime;][vc_column_text text_align=\u00a0\u00bbcenter\u00a0\u00bb font_size=\u00a0\u00bb14&Prime;]Directeur technique agusti.bachs@pervasa.net[\/vc_column_text][\/vc_column][\/vc_row][vc_row][vc_column width=\u00a0\u00bb1\/3&Prime;][vc_column_text text_align=\u00a0\u00bbcenter\u00a0\u00bb font_size=\u00a0\u00bb14&Prime;]Directeur de production[\/vc_column_text][\/vc_column][vc_column width=\u00a0\u00bb1\/3&Prime;][vc_column_text text_align=\u00a0\u00bbcenter\u00a0\u00bb font_size=\u00a0\u00bb14&Prime;]Conseiller commercial jllargues@pervasa.net[\/vc_column_text][\/vc_column][vc_column width=\u00a0\u00bb1\/3&Prime;][vc_column_text text_align=\u00a0\u00bbcenter\u00a0\u00bb font_size=\u00a0\u00bb14&Prime;]Service financier gdefior@pervasa.net[\/vc_column_text][\/vc_column][\/vc_row][vc_row][vc_column width=\u00a0\u00bb1\/3&Prime;][vc_column_text text_align=\u00a0\u00bbcenter\u00a0\u00bb font_size=\u00a0\u00bb14&Prime;]R\u00e9ception des commandes et Logistique annaleal@pervasa.net[\/vc_column_text][\/vc_column][\/vc_row]<\/p>\n","protected":false},"author":1,"featured_media":0,"parent":0,"menu_order":0,"comment_status":"closed","ping_status":"closed","template":"","meta":{"footnotes":""},"class_list":["post-957","page","type-page","status-publish","hentry","entry","no-media"],"yoast_head":"<!-- This site is optimized with the Yoast SEO plugin v26.5 - https:\/\/yoast.com\/wordpress\/plugins\/seo\/ -->\n<title>\u00c9quipe Pervasa - Exp\u00e9rience dans les produits d&#039;extrusion plastique<\/title>\n<meta name=\"description\" content=\"Rencontrez l&#039;\u00e9quipe de Pervasa, experts en produits d&#039;extrusion plastique pour tous types de secteurs. Fabrication de profil\u00e9s en plastique de haute qualit\u00e9.\" \/>\n<meta name=\"robots\" content=\"index, follow, max-snippet:-1, max-image-preview:large, max-video-preview:-1\" \/>\n<link rel=\"canonical\" href=\"https:\/\/pervasa.net\/fr\/equipe-professionnelle-extrusion-pvc\/\" \/>\n<meta property=\"og:locale\" content=\"fr_FR\" \/>\n<meta property=\"og:type\" content=\"article\" \/>\n<meta property=\"og:title\" content=\"\u00c9quipe Pervasa - Exp\u00e9rience dans les produits d&#039;extrusion plastique\" \/>\n<meta property=\"og:description\" content=\"Rencontrez l&#039;\u00e9quipe de Pervasa, experts en produits d&#039;extrusion plastique pour tous types de secteurs. Fabrication de profil\u00e9s en plastique de haute qualit\u00e9.\" \/>\n<meta property=\"og:url\" content=\"https:\/\/pervasa.net\/fr\/equipe-professionnelle-extrusion-pvc\/\" \/>\n<meta property=\"og:site_name\" content=\"Pervasa\" \/>\n<meta property=\"article:modified_time\" content=\"2024-07-05T09:36:37+00:00\" \/>\n<meta name=\"twitter:card\" content=\"summary_large_image\" \/>\n<meta name=\"twitter:label1\" content=\"Dur\u00e9e de lecture estim\u00e9e\" \/>\n\t<meta name=\"twitter:data1\" content=\"1 minute\" \/>\n<script type=\"application\/ld+json\" class=\"yoast-schema-graph\">{\"@context\":\"https:\/\/schema.org\",\"@graph\":[{\"@type\":\"WebPage\",\"@id\":\"https:\/\/pervasa.net\/fr\/equipe-professionnelle-extrusion-pvc\/\",\"url\":\"https:\/\/pervasa.net\/fr\/equipe-professionnelle-extrusion-pvc\/\",\"name\":\"\u00c9quipe Pervasa - Exp\u00e9rience dans les produits d'extrusion plastique\",\"isPartOf\":{\"@id\":\"https:\/\/pervasa.net\/fr\/#website\"},\"datePublished\":\"2020-12-10T13:17:46+00:00\",\"dateModified\":\"2024-07-05T09:36:37+00:00\",\"description\":\"Rencontrez l'\u00e9quipe de Pervasa, experts en produits d'extrusion plastique pour tous types de secteurs. Fabrication de profil\u00e9s en plastique de haute qualit\u00e9.\",\"breadcrumb\":{\"@id\":\"https:\/\/pervasa.net\/fr\/equipe-professionnelle-extrusion-pvc\/#breadcrumb\"},\"inLanguage\":\"fr-FR\",\"potentialAction\":[{\"@type\":\"ReadAction\",\"target\":[\"https:\/\/pervasa.net\/fr\/equipe-professionnelle-extrusion-pvc\/\"]}]},{\"@type\":\"BreadcrumbList\",\"@id\":\"https:\/\/pervasa.net\/fr\/equipe-professionnelle-extrusion-pvc\/#breadcrumb\",\"itemListElement\":[{\"@type\":\"ListItem\",\"position\":1,\"name\":\"Home\",\"item\":\"https:\/\/pervasa.net\/fr\/accueil\/\"},{\"@type\":\"ListItem\",\"position\":2,\"name\":\"\u00c9quipe\"}]},{\"@type\":\"WebSite\",\"@id\":\"https:\/\/pervasa.net\/fr\/#website\",\"url\":\"https:\/\/pervasa.net\/fr\/\",\"name\":\"Pervasa\",\"description\":\"M\u00e1s de 35 a\u00f1os dedicados a la fabricaci\u00f3n de perfiles t\u00e9cnicos\",\"publisher\":{\"@id\":\"https:\/\/pervasa.net\/fr\/#organization\"},\"potentialAction\":[{\"@type\":\"SearchAction\",\"target\":{\"@type\":\"EntryPoint\",\"urlTemplate\":\"https:\/\/pervasa.net\/fr\/?s={search_term_string}\"},\"query-input\":{\"@type\":\"PropertyValueSpecification\",\"valueRequired\":true,\"valueName\":\"search_term_string\"}}],\"inLanguage\":\"fr-FR\"},{\"@type\":\"Organization\",\"@id\":\"https:\/\/pervasa.net\/fr\/#organization\",\"name\":\"Pervasa. S.L.\",\"url\":\"https:\/\/pervasa.net\/fr\/\",\"logo\":{\"@type\":\"ImageObject\",\"inLanguage\":\"fr-FR\",\"@id\":\"https:\/\/pervasa.net\/fr\/#\/schema\/logo\/image\/\",\"url\":\"https:\/\/pervasa.net\/wp-content\/uploads\/2020\/10\/logo-pervasa.svg\",\"contentUrl\":\"https:\/\/pervasa.net\/wp-content\/uploads\/2020\/10\/logo-pervasa.svg\",\"width\":2788,\"height\":769,\"caption\":\"Pervasa. S.L.\"},\"image\":{\"@id\":\"https:\/\/pervasa.net\/fr\/#\/schema\/logo\/image\/\"}}]}<\/script>\n<!-- \/ Yoast SEO plugin. -->","yoast_head_json":{"title":"\u00c9quipe Pervasa - Exp\u00e9rience dans les produits d'extrusion plastique","description":"Rencontrez l'\u00e9quipe de Pervasa, experts en produits d'extrusion plastique pour tous types de secteurs. Fabrication de profil\u00e9s en plastique de haute qualit\u00e9.","robots":{"index":"index","follow":"follow","max-snippet":"max-snippet:-1","max-image-preview":"max-image-preview:large","max-video-preview":"max-video-preview:-1"},"canonical":"https:\/\/pervasa.net\/fr\/equipe-professionnelle-extrusion-pvc\/","og_locale":"fr_FR","og_type":"article","og_title":"\u00c9quipe Pervasa - Exp\u00e9rience dans les produits d'extrusion plastique","og_description":"Rencontrez l'\u00e9quipe de Pervasa, experts en produits d'extrusion plastique pour tous types de secteurs. Fabrication de profil\u00e9s en plastique de haute qualit\u00e9.","og_url":"https:\/\/pervasa.net\/fr\/equipe-professionnelle-extrusion-pvc\/","og_site_name":"Pervasa","article_modified_time":"2024-07-05T09:36:37+00:00","twitter_card":"summary_large_image","twitter_misc":{"Dur\u00e9e de lecture estim\u00e9e":"1 minute"},"schema":{"@context":"https:\/\/schema.org","@graph":[{"@type":"WebPage","@id":"https:\/\/pervasa.net\/fr\/equipe-professionnelle-extrusion-pvc\/","url":"https:\/\/pervasa.net\/fr\/equipe-professionnelle-extrusion-pvc\/","name":"\u00c9quipe Pervasa - Exp\u00e9rience dans les produits d'extrusion plastique","isPartOf":{"@id":"https:\/\/pervasa.net\/fr\/#website"},"datePublished":"2020-12-10T13:17:46+00:00","dateModified":"2024-07-05T09:36:37+00:00","description":"Rencontrez l'\u00e9quipe de Pervasa, experts en produits d'extrusion plastique pour tous types de secteurs. Fabrication de profil\u00e9s en plastique de haute qualit\u00e9.","breadcrumb":{"@id":"https:\/\/pervasa.net\/fr\/equipe-professionnelle-extrusion-pvc\/#breadcrumb"},"inLanguage":"fr-FR","potentialAction":[{"@type":"ReadAction","target":["https:\/\/pervasa.net\/fr\/equipe-professionnelle-extrusion-pvc\/"]}]},{"@type":"BreadcrumbList","@id":"https:\/\/pervasa.net\/fr\/equipe-professionnelle-extrusion-pvc\/#breadcrumb","itemListElement":[{"@type":"ListItem","position":1,"name":"Home","item":"https:\/\/pervasa.net\/fr\/accueil\/"},{"@type":"ListItem","position":2,"name":"\u00c9quipe"}]},{"@type":"WebSite","@id":"https:\/\/pervasa.net\/fr\/#website","url":"https:\/\/pervasa.net\/fr\/","name":"Pervasa","description":"M\u00e1s de 35 a\u00f1os dedicados a la fabricaci\u00f3n de perfiles t\u00e9cnicos","publisher":{"@id":"https:\/\/pervasa.net\/fr\/#organization"},"potentialAction":[{"@type":"SearchAction","target":{"@type":"EntryPoint","urlTemplate":"https:\/\/pervasa.net\/fr\/?s={search_term_string}"},"query-input":{"@type":"PropertyValueSpecification","valueRequired":true,"valueName":"search_term_string"}}],"inLanguage":"fr-FR"},{"@type":"Organization","@id":"https:\/\/pervasa.net\/fr\/#organization","name":"Pervasa. S.L.","url":"https:\/\/pervasa.net\/fr\/","logo":{"@type":"ImageObject","inLanguage":"fr-FR","@id":"https:\/\/pervasa.net\/fr\/#\/schema\/logo\/image\/","url":"https:\/\/pervasa.net\/wp-content\/uploads\/2020\/10\/logo-pervasa.svg","contentUrl":"https:\/\/pervasa.net\/wp-content\/uploads\/2020\/10\/logo-pervasa.svg","width":2788,"height":769,"caption":"Pervasa. S.L."},"image":{"@id":"https:\/\/pervasa.net\/fr\/#\/schema\/logo\/image\/"}}]}},"_links":{"self":[{"href":"https:\/\/pervasa.net\/fr\/wp-json\/wp\/v2\/pages\/957","targetHints":{"allow":["GET"]}}],"collection":[{"href":"https:\/\/pervasa.net\/fr\/wp-json\/wp\/v2\/pages"}],"about":[{"href":"https:\/\/pervasa.net\/fr\/wp-json\/wp\/v2\/types\/page"}],"author":[{"embeddable":true,"href":"https:\/\/pervasa.net\/fr\/wp-json\/wp\/v2\/users\/1"}],"replies":[{"embeddable":true,"href":"https:\/\/pervasa.net\/fr\/wp-json\/wp\/v2\/comments?post=957"}],"version-history":[{"count":0,"href":"https:\/\/pervasa.net\/fr\/wp-json\/wp\/v2\/pages\/957\/revisions"}],"wp:attachment":[{"href":"https:\/\/pervasa.net\/fr\/wp-json\/wp\/v2\/media?parent=957"}],"curies":[{"name":"wp","href":"https:\/\/api.w.org\/{rel}","templated":true}]}}