{"id":961,"date":"2020-12-10T13:22:55","date_gmt":"2020-12-10T13:22:55","guid":{"rendered":"https:\/\/pervasa.mmkt.dev\/?page_id=961"},"modified":"2020-12-23T22:01:43","modified_gmt":"2020-12-23T22:01:43","slug":"produits-extrusion-plastique","status":"publish","type":"page","link":"https:\/\/pervasa.net\/fr\/produits-extrusion-plastique\/","title":{"rendered":"Produits"},"content":{"rendered":"<div class=\"wpb-content-wrapper\">[vc_row][vc_column width=\u00a0\u00bb1\/3&Prime;]<style>.vcex-icon-box.vcex_69f9e74e4ad99 .vcex-icon-box-image{width:100px;}<\/style><a class=\"vcex-module vcex-icon-box vcex-icon-box-two vcex-icon-box-has-link wpex-inherit-color wpex-no-underline wpex-block wpex-text-center vcex_69f9e74e4ad99\" href=\"https:\/\/pervasa.net\/fr\/produits-extrusion-plastique\/eclairage-profil-pour-bande-led\/\"><div class=\"vcex-icon-box-symbol vcex-icon-box-symbol--image wpex-mb-20\"><img loading=\"lazy\" class=\"vcex-icon-box-image wpex-align-middle\" alt=\"pvc profiles\" decoding=\"async\" src=\"https:\/\/pervasa.net\/wp-content\/uploads\/2020\/10\/ilu-led.svg\" srcset=\"https:\/\/pervasa.net\/wp-content\/uploads\/\/2020\/10\/ilu-led.svg 150w, https:\/\/pervasa.net\/wp-content\/uploads\/\/2020\/10\/ilu-led.svg 300w, https:\/\/pervasa.net\/wp-content\/uploads\/\/2020\/10\/ilu-led.svg 1024w, https:\/\/pervasa.net\/wp-content\/uploads\/\/2020\/10\/ilu-led.svg 1536w, https:\/\/pervasa.net\/wp-content\/uploads\/\/2020\/10\/ilu-led.svg 2048w\" width=\"2134\" height=\"2134\"><\/div><div class=\"vcex-icon-box-text\"><h2 class=\"vcex-icon-box-heading wpex-heading wpex-text-md wpex-mb-10\">\u00c9CLAIRAGE<\/h2><div class=\"vcex-icon-box-content wpex-last-mb-0 wpex-clr\"><p><span lang=\"FR\">Pervasa propose une vaste gamme de diffuseurs, de tubes et d\u2019accessoires pour l\u2019\u00e9clairage.<\/span><\/p>\n<\/div><\/div><\/a>[\/vc_column][vc_column width=\u00a0\u00bb1\/3&Prime;]<style>.vcex-icon-box.vcex_69f9e74e4d4f3 .vcex-icon-box-image{width:100px;}<\/style><a class=\"vcex-module vcex-icon-box vcex-icon-box-two vcex-icon-box-has-link wpex-inherit-color wpex-no-underline wpex-block wpex-text-center vcex_69f9e74e4d4f3\" href=\"https:\/\/pervasa.net\/fr\/produits-extrusion-plastique\/porte-etiquette-prix-signaletique-commerciale-plv\/\"><div class=\"vcex-icon-box-symbol vcex-icon-box-symbol--image wpex-mb-20\"><img loading=\"lazy\" class=\"vcex-icon-box-image wpex-align-middle\" alt=\"perfileria en pvc\" decoding=\"async\" src=\"https:\/\/pervasa.net\/wp-content\/uploads\/2020\/10\/senalizacion-tronja.svg\" srcset=\"https:\/\/pervasa.net\/wp-content\/uploads\/\/2020\/10\/senalizacion-tronja.svg 150w, https:\/\/pervasa.net\/wp-content\/uploads\/\/2020\/10\/senalizacion-tronja.svg 300w, https:\/\/pervasa.net\/wp-content\/uploads\/\/2020\/10\/senalizacion-tronja.svg 1024w, https:\/\/pervasa.net\/wp-content\/uploads\/\/2020\/10\/senalizacion-tronja.svg 1536w, https:\/\/pervasa.net\/wp-content\/uploads\/\/2020\/10\/senalizacion-tronja.svg 2048w\" width=\"8892\" height=\"8892\"><\/div><div class=\"vcex-icon-box-text\"><h2 class=\"vcex-icon-box-heading wpex-heading wpex-text-md wpex-mb-10\">SIGNAL\u00c9TIQUE COMMERCIALE ET PLV<\/h2><div class=\"vcex-icon-box-content wpex-last-mb-0 wpex-clr\"><p><span lang=\"FR\">PERVASA propose une vaste gamme de profil\u00e9s porte-prix et d\u2019accessoires pour la signal\u00e9tique commerciale.<\/span><\/p>\n<\/div><\/div><\/a>[\/vc_column][vc_column width=\u00a0\u00bb1\/3&Prime;]<style>.vcex-icon-box.vcex_69f9e74e4eb7b .vcex-icon-box-image{width:100px;}<\/style><a class=\"vcex-module vcex-icon-box vcex-icon-box-two vcex-icon-box-has-link wpex-inherit-color wpex-no-underline wpex-block wpex-text-center vcex_69f9e74e4eb7b\" href=\"https:\/\/pervasa.net\/fr\/produits-extrusion-plastique\/menuiserie-en-aluminium-bois-pvc-joints-etancheite\/\"><div class=\"vcex-icon-box-symbol vcex-icon-box-symbol--image wpex-mb-20\"><img loading=\"lazy\" class=\"vcex-icon-box-image wpex-align-middle\" alt=\"pvc joinery\" decoding=\"async\" src=\"https:\/\/pervasa.net\/wp-content\/uploads\/2020\/10\/carpinteria.svg\" srcset=\"https:\/\/pervasa.net\/wp-content\/uploads\/\/2020\/10\/carpinteria.svg 150w, https:\/\/pervasa.net\/wp-content\/uploads\/\/2020\/10\/carpinteria.svg 300w, https:\/\/pervasa.net\/wp-content\/uploads\/\/2020\/10\/carpinteria.svg 1024w, https:\/\/pervasa.net\/wp-content\/uploads\/\/2020\/10\/carpinteria.svg 1536w, https:\/\/pervasa.net\/wp-content\/uploads\/\/2020\/10\/carpinteria.svg 2048w\" width=\"2134\" height=\"2134\"><\/div><div class=\"vcex-icon-box-text\"><h2 class=\"vcex-icon-box-heading wpex-heading wpex-text-md wpex-mb-10\">MENUISERIE EN ALUMINIUM, BOIS ET PVC<\/h2><div class=\"vcex-icon-box-content wpex-last-mb-0 wpex-clr\"><p><span lang=\"FR\">PERVASA propose une vaste gamme de joints d\u2019\u00e9tanch\u00e9it\u00e9 rigides, souples ou une coextrusion des deux.<\/span><\/p>\n<\/div><\/div><\/a>[\/vc_column][\/vc_row][vc_row css_animation=\u00a0\u00bbnone\u00a0\u00bb style=\u00a0\u00bbsolid\u00a0\u00bb margin_y=\u00a0\u00bb\u00a0\u00bb color=\u00a0\u00bb#ffffff\u00a0\u00bb icon_type=\u00a0\u00bb\u00a0\u00bb icon_spacing=\u00a0\u00bb\u00a0\u00bb width=\u00a0\u00bb\u00a0\u00bb align=\u00a0\u00bb\u00a0\u00bb height=\u00a0\u00bb\u00a0\u00bb dotted_height=\u00a0\u00bb\u00a0\u00bb margin=\u00a0\u00bb\u00a0\u00bb icon=\u00a0\u00bb\u00a0\u00bb icon_fontawesome=\u00a0\u00bb\u00a0\u00bb icon_openiconic=\u00a0\u00bb\u00a0\u00bb icon_typicons=\u00a0\u00bb\u00a0\u00bb icon_entypo=\u00a0\u00bb\u00a0\u00bb icon_linecons=\u00a0\u00bb\u00a0\u00bb icon_pixelicons=\u00a0\u00bb\u00a0\u00bb icon_color=\u00a0\u00bb\u00a0\u00bb icon_bg=\u00a0\u00bb\u00a0\u00bb icon_size=\u00a0\u00bb\u00a0\u00bb icon_height=\u00a0\u00bb\u00a0\u00bb icon_width=\u00a0\u00bb\u00a0\u00bb icon_border_radius=\u00a0\u00bb\u00a0\u00bb icon_padding=\u00a0\u00bb\u00a0\u00bb][vc_column]<div class=\"vcex-module vcex-divider vcex-divider-solid vcex-divider-center wpex-mx-auto wpex-block wpex-h-0 wpex-border-b wpex-border-solid wpex-border-main border-gradien large-border-gradien\" style=\"border-color:#ffffff;\"><\/div>[\/vc_column][\/vc_row][vc_row][vc_column width=\u00a0\u00bb1\/6&Prime;][\/vc_column][vc_column width=\u00a0\u00bb2\/6&Prime;]<style>.vcex-icon-box.vcex_69f9e74e50f9f .vcex-icon-box-image{width:100px;}<\/style><a class=\"vcex-module vcex-icon-box vcex-icon-box-two vcex-icon-box-has-link wpex-inherit-color wpex-no-underline wpex-block wpex-text-center vcex_69f9e74e50f9f\" href=\"https:\/\/pervasa.net\/fr\/produits-extrusion-plastique\/profile-paroi-douche\/\"><div class=\"vcex-icon-box-symbol vcex-icon-box-symbol--image wpex-mb-20\"><img loading=\"lazy\" class=\"vcex-icon-box-image wpex-align-middle\" alt=\"profil\u00e9 paroi de douche\" decoding=\"async\" src=\"https:\/\/pervasa.net\/wp-content\/uploads\/2020\/10\/mamparas.svg\" srcset=\"https:\/\/pervasa.net\/wp-content\/uploads\/\/2020\/10\/mamparas.svg 150w, https:\/\/pervasa.net\/wp-content\/uploads\/\/2020\/10\/mamparas.svg 300w, https:\/\/pervasa.net\/wp-content\/uploads\/\/2020\/10\/mamparas.svg 1024w, https:\/\/pervasa.net\/wp-content\/uploads\/\/2020\/10\/mamparas.svg 1536w, https:\/\/pervasa.net\/wp-content\/uploads\/\/2020\/10\/mamparas.svg 2048w\" width=\"2134\" height=\"2134\"><\/div><div class=\"vcex-icon-box-text\"><h2 class=\"vcex-icon-box-heading wpex-heading wpex-text-md wpex-mb-10\">PAROIS<\/h2><div class=\"vcex-icon-box-content wpex-last-mb-0 wpex-clr\"><p><span lang=\"FR\">PERVASA propose une vaste gamme de s\u00e9parateurs et de joints d\u2019\u00e9tanch\u00e9it\u00e9, que ce soit pour les parois de douche ou les cloisons de s\u00e9paration.<\/span><\/p>\n<\/div><\/div><\/a>[\/vc_column][vc_column width=\u00a0\u00bb2\/6&Prime;]<style>.vcex-icon-box.vcex_69f9e74e52791 .vcex-icon-box-image{width:100px;}<\/style><a class=\"vcex-module vcex-icon-box vcex-icon-box-two vcex-icon-box-has-link wpex-inherit-color wpex-no-underline wpex-block wpex-text-center vcex_69f9e74e52791\" href=\"https:\/\/pervasa.net\/fr\/produits-extrusion-plastique\/profil-de-finition-pvc-autres-secteurs\/\"><div class=\"vcex-icon-box-symbol vcex-icon-box-symbol--image wpex-mb-20\"><img loading=\"lazy\" class=\"vcex-icon-box-image wpex-align-middle\" alt=\"extrusion de plastico\" decoding=\"async\" src=\"https:\/\/pervasa.net\/wp-content\/uploads\/2020\/10\/otros-sectores-tronja.svg\" srcset=\"https:\/\/pervasa.net\/wp-content\/uploads\/\/2020\/10\/otros-sectores-tronja.svg 150w, https:\/\/pervasa.net\/wp-content\/uploads\/\/2020\/10\/otros-sectores-tronja.svg 300w, https:\/\/pervasa.net\/wp-content\/uploads\/\/2020\/10\/otros-sectores-tronja.svg 1024w, https:\/\/pervasa.net\/wp-content\/uploads\/\/2020\/10\/otros-sectores-tronja.svg 1536w, https:\/\/pervasa.net\/wp-content\/uploads\/\/2020\/10\/otros-sectores-tronja.svg 2048w\" width=\"8892\" height=\"8892\"><\/div><div class=\"vcex-icon-box-text\"><h2 class=\"vcex-icon-box-heading wpex-heading wpex-text-md wpex-mb-10\">AUTRES SECTEURS<\/h2><div class=\"vcex-icon-box-content wpex-last-mb-0 wpex-clr\"><p><span lang=\"FR\">Nous travaillons \u00e9galement avec d\u2019autres secteurs, que vous pouvez d\u00e9couvrir ici.<\/span><\/p>\n<\/div><\/div><\/a>[\/vc_column][vc_column width=\u00a0\u00bb1\/6&Prime;][\/vc_column][\/vc_row]\n<\/div>","protected":false},"excerpt":{"rendered":"<p>[vc_row][vc_column width=\u00a0\u00bb1\/3&Prime;][\/vc_column][vc_column width=\u00a0\u00bb1\/3&Prime;][\/vc_column][vc_column width=\u00a0\u00bb1\/3&Prime;][\/vc_column][\/vc_row][vc_row css_animation=\u00a0\u00bbnone\u00a0\u00bb style=\u00a0\u00bbsolid\u00a0\u00bb margin_y=\u00a0\u00bb\u00a0\u00bb color=\u00a0\u00bb#ffffff\u00a0\u00bb icon_type=\u00a0\u00bb\u00a0\u00bb icon_spacing=\u00a0\u00bb\u00a0\u00bb width=\u00a0\u00bb\u00a0\u00bb align=\u00a0\u00bb\u00a0\u00bb height=\u00a0\u00bb\u00a0\u00bb dotted_height=\u00a0\u00bb\u00a0\u00bb margin=\u00a0\u00bb\u00a0\u00bb icon=\u00a0\u00bb\u00a0\u00bb icon_fontawesome=\u00a0\u00bb\u00a0\u00bb icon_openiconic=\u00a0\u00bb\u00a0\u00bb icon_typicons=\u00a0\u00bb\u00a0\u00bb icon_entypo=\u00a0\u00bb\u00a0\u00bb icon_linecons=\u00a0\u00bb\u00a0\u00bb icon_pixelicons=\u00a0\u00bb\u00a0\u00bb icon_color=\u00a0\u00bb\u00a0\u00bb icon_bg=\u00a0\u00bb\u00a0\u00bb icon_size=\u00a0\u00bb\u00a0\u00bb icon_height=\u00a0\u00bb\u00a0\u00bb icon_width=\u00a0\u00bb\u00a0\u00bb icon_border_radius=\u00a0\u00bb\u00a0\u00bb icon_padding=\u00a0\u00bb\u00a0\u00bb][vc_column][\/vc_column][\/vc_row][vc_row][vc_column width=\u00a0\u00bb1\/6&Prime;][\/vc_column][vc_column width=\u00a0\u00bb2\/6&Prime;][\/vc_column][vc_column width=\u00a0\u00bb2\/6&Prime;][\/vc_column][vc_column width=\u00a0\u00bb1\/6&Prime;][\/vc_column][\/vc_row]<\/p>\n","protected":false},"author":1,"featured_media":0,"parent":0,"menu_order":0,"comment_status":"closed","ping_status":"closed","template":"","meta":{"footnotes":""},"class_list":["post-961","page","type-page","status-publish","hentry","entry","no-media"],"yoast_head":"<!-- This site is optimized with the Yoast SEO plugin v26.5 - https:\/\/yoast.com\/wordpress\/plugins\/seo\/ -->\n<title>Solution multiple de produits d&#039;extrudeuse plastique - Pervasa<\/title>\n<meta name=\"description\" content=\"Pervasa, en tant que fabricant expert de produits d&#039;extrudeuse plastique, propose des solutions pour plusieurs secteurs. D\u00e9couvrez nos produits.\" \/>\n<meta name=\"robots\" content=\"index, follow, max-snippet:-1, max-image-preview:large, max-video-preview:-1\" \/>\n<link rel=\"canonical\" href=\"https:\/\/pervasa.net\/fr\/produits-extrusion-plastique\/\" \/>\n<meta property=\"og:locale\" content=\"fr_FR\" \/>\n<meta property=\"og:type\" content=\"article\" \/>\n<meta property=\"og:title\" content=\"Solution multiple de produits d&#039;extrudeuse plastique - Pervasa\" \/>\n<meta property=\"og:description\" content=\"Pervasa, en tant que fabricant expert de produits d&#039;extrudeuse plastique, propose des solutions pour plusieurs secteurs. D\u00e9couvrez nos produits.\" \/>\n<meta property=\"og:url\" content=\"https:\/\/pervasa.net\/fr\/produits-extrusion-plastique\/\" \/>\n<meta property=\"og:site_name\" content=\"Pervasa\" \/>\n<meta property=\"article:modified_time\" content=\"2020-12-23T22:01:43+00:00\" \/>\n<meta name=\"twitter:card\" content=\"summary_large_image\" \/>\n<meta name=\"twitter:label1\" content=\"Dur\u00e9e de lecture estim\u00e9e\" \/>\n\t<meta name=\"twitter:data1\" content=\"2 minutes\" \/>\n<script type=\"application\/ld+json\" class=\"yoast-schema-graph\">{\"@context\":\"https:\/\/schema.org\",\"@graph\":[{\"@type\":\"WebPage\",\"@id\":\"https:\/\/pervasa.net\/fr\/produits-extrusion-plastique\/\",\"url\":\"https:\/\/pervasa.net\/fr\/produits-extrusion-plastique\/\",\"name\":\"Solution multiple de produits d'extrudeuse plastique - Pervasa\",\"isPartOf\":{\"@id\":\"https:\/\/pervasa.net\/fr\/#website\"},\"datePublished\":\"2020-12-10T13:22:55+00:00\",\"dateModified\":\"2020-12-23T22:01:43+00:00\",\"description\":\"Pervasa, en tant que fabricant expert de produits d'extrudeuse plastique, propose des solutions pour plusieurs secteurs. D\u00e9couvrez nos produits.\",\"breadcrumb\":{\"@id\":\"https:\/\/pervasa.net\/fr\/produits-extrusion-plastique\/#breadcrumb\"},\"inLanguage\":\"fr-FR\",\"potentialAction\":[{\"@type\":\"ReadAction\",\"target\":[\"https:\/\/pervasa.net\/fr\/produits-extrusion-plastique\/\"]}]},{\"@type\":\"BreadcrumbList\",\"@id\":\"https:\/\/pervasa.net\/fr\/produits-extrusion-plastique\/#breadcrumb\",\"itemListElement\":[{\"@type\":\"ListItem\",\"position\":1,\"name\":\"Home\",\"item\":\"https:\/\/pervasa.net\/fr\/accueil\/\"},{\"@type\":\"ListItem\",\"position\":2,\"name\":\"Produits\"}]},{\"@type\":\"WebSite\",\"@id\":\"https:\/\/pervasa.net\/fr\/#website\",\"url\":\"https:\/\/pervasa.net\/fr\/\",\"name\":\"Pervasa\",\"description\":\"M\u00e1s de 35 a\u00f1os dedicados a la fabricaci\u00f3n de perfiles t\u00e9cnicos\",\"publisher\":{\"@id\":\"https:\/\/pervasa.net\/fr\/#organization\"},\"potentialAction\":[{\"@type\":\"SearchAction\",\"target\":{\"@type\":\"EntryPoint\",\"urlTemplate\":\"https:\/\/pervasa.net\/fr\/?s={search_term_string}\"},\"query-input\":{\"@type\":\"PropertyValueSpecification\",\"valueRequired\":true,\"valueName\":\"search_term_string\"}}],\"inLanguage\":\"fr-FR\"},{\"@type\":\"Organization\",\"@id\":\"https:\/\/pervasa.net\/fr\/#organization\",\"name\":\"Pervasa. S.L.\",\"url\":\"https:\/\/pervasa.net\/fr\/\",\"logo\":{\"@type\":\"ImageObject\",\"inLanguage\":\"fr-FR\",\"@id\":\"https:\/\/pervasa.net\/fr\/#\/schema\/logo\/image\/\",\"url\":\"https:\/\/pervasa.net\/wp-content\/uploads\/2020\/10\/logo-pervasa.svg\",\"contentUrl\":\"https:\/\/pervasa.net\/wp-content\/uploads\/2020\/10\/logo-pervasa.svg\",\"width\":2788,\"height\":769,\"caption\":\"Pervasa. S.L.\"},\"image\":{\"@id\":\"https:\/\/pervasa.net\/fr\/#\/schema\/logo\/image\/\"}}]}<\/script>\n<!-- \/ Yoast SEO plugin. -->","yoast_head_json":{"title":"Solution multiple de produits d'extrudeuse plastique - Pervasa","description":"Pervasa, en tant que fabricant expert de produits d'extrudeuse plastique, propose des solutions pour plusieurs secteurs. D\u00e9couvrez nos produits.","robots":{"index":"index","follow":"follow","max-snippet":"max-snippet:-1","max-image-preview":"max-image-preview:large","max-video-preview":"max-video-preview:-1"},"canonical":"https:\/\/pervasa.net\/fr\/produits-extrusion-plastique\/","og_locale":"fr_FR","og_type":"article","og_title":"Solution multiple de produits d'extrudeuse plastique - Pervasa","og_description":"Pervasa, en tant que fabricant expert de produits d'extrudeuse plastique, propose des solutions pour plusieurs secteurs. D\u00e9couvrez nos produits.","og_url":"https:\/\/pervasa.net\/fr\/produits-extrusion-plastique\/","og_site_name":"Pervasa","article_modified_time":"2020-12-23T22:01:43+00:00","twitter_card":"summary_large_image","twitter_misc":{"Dur\u00e9e de lecture estim\u00e9e":"2 minutes"},"schema":{"@context":"https:\/\/schema.org","@graph":[{"@type":"WebPage","@id":"https:\/\/pervasa.net\/fr\/produits-extrusion-plastique\/","url":"https:\/\/pervasa.net\/fr\/produits-extrusion-plastique\/","name":"Solution multiple de produits d'extrudeuse plastique - Pervasa","isPartOf":{"@id":"https:\/\/pervasa.net\/fr\/#website"},"datePublished":"2020-12-10T13:22:55+00:00","dateModified":"2020-12-23T22:01:43+00:00","description":"Pervasa, en tant que fabricant expert de produits d'extrudeuse plastique, propose des solutions pour plusieurs secteurs. D\u00e9couvrez nos produits.","breadcrumb":{"@id":"https:\/\/pervasa.net\/fr\/produits-extrusion-plastique\/#breadcrumb"},"inLanguage":"fr-FR","potentialAction":[{"@type":"ReadAction","target":["https:\/\/pervasa.net\/fr\/produits-extrusion-plastique\/"]}]},{"@type":"BreadcrumbList","@id":"https:\/\/pervasa.net\/fr\/produits-extrusion-plastique\/#breadcrumb","itemListElement":[{"@type":"ListItem","position":1,"name":"Home","item":"https:\/\/pervasa.net\/fr\/accueil\/"},{"@type":"ListItem","position":2,"name":"Produits"}]},{"@type":"WebSite","@id":"https:\/\/pervasa.net\/fr\/#website","url":"https:\/\/pervasa.net\/fr\/","name":"Pervasa","description":"M\u00e1s de 35 a\u00f1os dedicados a la fabricaci\u00f3n de perfiles t\u00e9cnicos","publisher":{"@id":"https:\/\/pervasa.net\/fr\/#organization"},"potentialAction":[{"@type":"SearchAction","target":{"@type":"EntryPoint","urlTemplate":"https:\/\/pervasa.net\/fr\/?s={search_term_string}"},"query-input":{"@type":"PropertyValueSpecification","valueRequired":true,"valueName":"search_term_string"}}],"inLanguage":"fr-FR"},{"@type":"Organization","@id":"https:\/\/pervasa.net\/fr\/#organization","name":"Pervasa. S.L.","url":"https:\/\/pervasa.net\/fr\/","logo":{"@type":"ImageObject","inLanguage":"fr-FR","@id":"https:\/\/pervasa.net\/fr\/#\/schema\/logo\/image\/","url":"https:\/\/pervasa.net\/wp-content\/uploads\/2020\/10\/logo-pervasa.svg","contentUrl":"https:\/\/pervasa.net\/wp-content\/uploads\/2020\/10\/logo-pervasa.svg","width":2788,"height":769,"caption":"Pervasa. S.L."},"image":{"@id":"https:\/\/pervasa.net\/fr\/#\/schema\/logo\/image\/"}}]}},"_links":{"self":[{"href":"https:\/\/pervasa.net\/fr\/wp-json\/wp\/v2\/pages\/961","targetHints":{"allow":["GET"]}}],"collection":[{"href":"https:\/\/pervasa.net\/fr\/wp-json\/wp\/v2\/pages"}],"about":[{"href":"https:\/\/pervasa.net\/fr\/wp-json\/wp\/v2\/types\/page"}],"author":[{"embeddable":true,"href":"https:\/\/pervasa.net\/fr\/wp-json\/wp\/v2\/users\/1"}],"replies":[{"embeddable":true,"href":"https:\/\/pervasa.net\/fr\/wp-json\/wp\/v2\/comments?post=961"}],"version-history":[{"count":0,"href":"https:\/\/pervasa.net\/fr\/wp-json\/wp\/v2\/pages\/961\/revisions"}],"wp:attachment":[{"href":"https:\/\/pervasa.net\/fr\/wp-json\/wp\/v2\/media?parent=961"}],"curies":[{"name":"wp","href":"https:\/\/api.w.org\/{rel}","templated":true}]}}