{"id":972,"date":"2020-12-10T13:28:13","date_gmt":"2020-12-10T13:28:13","guid":{"rendered":"https:\/\/pervasa.mmkt.dev\/?page_id=972"},"modified":"2020-12-23T22:03:18","modified_gmt":"2020-12-23T22:03:18","slug":"menuiserie-en-aluminium-bois-pvc-joints-etancheite","status":"publish","type":"page","link":"https:\/\/pervasa.net\/fr\/produits-extrusion-plastique\/menuiserie-en-aluminium-bois-pvc-joints-etancheite\/","title":{"rendered":"Menuiserie en aluminium, bois et PVC"},"content":{"rendered":"<div class=\"wpb-content-wrapper\">[vc_row full_width=\u00a0\u00bbstretch_row\u00a0\u00bb remove_bottom_col_margin=\u00a0\u00bbtrue\u00a0\u00bb css=\u00a0\u00bb.vc_custom_1602693345245{margin-bottom: 60px !important;padding-top: 40px !important;padding-bottom: 40px !important;background-color: #ff803b !important;}\u00a0\u00bb][vc_column]<style>.vcex-heading.vcex_69f9e72cc7893{width:730px;color:#ffffff;font-size:20px;}<\/style><div class=\"vcex-heading vcex-heading-plain vcex-module wpex-heading wpex-text-2xl wpex-text-center wpex-max-w-100 wpex-mx-auto vcex_69f9e72cc7893\"><span class=\"vcex-heading-inner wpex-inline-block\">PERVASA propose une vaste gamme de joints d\u2019\u00e9tanch\u00e9it\u00e9 rigides, souples ou une coextrusion des deux.<\/span><\/div>[\/vc_column][\/vc_row][vc_row][vc_column width=\u00a0\u00bb1\/3&Prime;]<style>.vcex-icon-box.vcex_69f9e72cc8fad .vcex-icon-box-image{width:100px;}<\/style><div class=\"vcex-module vcex-icon-box vcex-icon-box-two wpex-block wpex-text-center vcex_69f9e72cc8fad\"><div class=\"vcex-icon-box-symbol vcex-icon-box-symbol--image wpex-mb-20\"><img loading=\"lazy\" class=\"vcex-icon-box-image wpex-align-middle\" alt=\"pvc joinery\" decoding=\"async\" src=\"https:\/\/pervasa.net\/wp-content\/uploads\/2020\/10\/carpinteria.svg\" srcset=\"https:\/\/pervasa.net\/wp-content\/uploads\/\/2020\/10\/carpinteria.svg 150w, https:\/\/pervasa.net\/wp-content\/uploads\/\/2020\/10\/carpinteria.svg 300w, https:\/\/pervasa.net\/wp-content\/uploads\/\/2020\/10\/carpinteria.svg 1024w, https:\/\/pervasa.net\/wp-content\/uploads\/\/2020\/10\/carpinteria.svg 1536w, https:\/\/pervasa.net\/wp-content\/uploads\/\/2020\/10\/carpinteria.svg 2048w\" width=\"2134\" height=\"2134\"><\/div><div class=\"vcex-icon-box-text\"><h2 class=\"vcex-icon-box-heading wpex-heading wpex-text-md wpex-mb-10\">Fournisseurs<\/h2><div class=\"vcex-icon-box-content wpex-last-mb-0 wpex-clr\"><p><span lang=\"FR\">Nous fournissons les principaux fabricants de chaque secteur.<\/span><\/p>\n<\/div><\/div><\/div>[\/vc_column][vc_column width=\u00a0\u00bb1\/3&Prime;]<style>.vcex-icon-box.vcex_69f9e72cca854 .vcex-icon-box-image{width:100px;}<\/style><div class=\"vcex-module vcex-icon-box vcex-icon-box-two wpex-block wpex-text-center vcex_69f9e72cca854\"><div class=\"vcex-icon-box-symbol vcex-icon-box-symbol--image wpex-mb-20\"><img loading=\"lazy\" class=\"vcex-icon-box-image wpex-align-middle\" alt=\"perfiles de aluminio para cerramientos\" decoding=\"async\" src=\"https:\/\/pervasa.net\/wp-content\/uploads\/2020\/10\/carpinteria-tronja.svg\" srcset=\"https:\/\/pervasa.net\/wp-content\/uploads\/\/2020\/10\/carpinteria-tronja.svg 150w, https:\/\/pervasa.net\/wp-content\/uploads\/\/2020\/10\/carpinteria-tronja.svg 300w, https:\/\/pervasa.net\/wp-content\/uploads\/\/2020\/10\/carpinteria-tronja.svg 1024w, https:\/\/pervasa.net\/wp-content\/uploads\/\/2020\/10\/carpinteria-tronja.svg 1536w, https:\/\/pervasa.net\/wp-content\/uploads\/\/2020\/10\/carpinteria-tronja.svg 2048w\" width=\"8892\" height=\"8892\"><\/div><div class=\"vcex-icon-box-text\"><h2 class=\"vcex-icon-box-heading wpex-heading wpex-text-md wpex-mb-10\">Qualit\u00e9<\/h2><div class=\"vcex-icon-box-content wpex-last-mb-0 wpex-clr\"><p><span lang=\"FR\">Mat\u00e9riaux de premi\u00e8re qualit\u00e9 adapt\u00e9s aux exigences du client\u00a0: PVC, NBR, SEBS, PP, PU, etc.<\/span><\/p>\n<\/div><\/div><\/div>[\/vc_column][vc_column width=\u00a0\u00bb1\/3&Prime;]<style>.vcex-icon-box.vcex_69f9e72ccbe78 .vcex-icon-box-image{width:100px;}<\/style><div class=\"vcex-module vcex-icon-box vcex-icon-box-two wpex-block wpex-text-center vcex_69f9e72ccbe78\"><div class=\"vcex-icon-box-symbol vcex-icon-box-symbol--image wpex-mb-20\"><img loading=\"lazy\" class=\"vcex-icon-box-image wpex-align-middle\" alt=\"pvc joinery\" decoding=\"async\" src=\"https:\/\/pervasa.net\/wp-content\/uploads\/2020\/10\/carpinteria.svg\" srcset=\"https:\/\/pervasa.net\/wp-content\/uploads\/\/2020\/10\/carpinteria.svg 150w, https:\/\/pervasa.net\/wp-content\/uploads\/\/2020\/10\/carpinteria.svg 300w, https:\/\/pervasa.net\/wp-content\/uploads\/\/2020\/10\/carpinteria.svg 1024w, https:\/\/pervasa.net\/wp-content\/uploads\/\/2020\/10\/carpinteria.svg 1536w, https:\/\/pervasa.net\/wp-content\/uploads\/\/2020\/10\/carpinteria.svg 2048w\" width=\"2134\" height=\"2134\"><\/div><div class=\"vcex-icon-box-text\"><h2 class=\"vcex-icon-box-heading wpex-heading wpex-text-md wpex-mb-10\">Profil\u00e9s<\/h2><div class=\"vcex-icon-box-content wpex-last-mb-0 wpex-clr\"><p><span lang=\"FR\">Profil\u00e9s adapt\u00e9s \u00e0 toutes les s\u00e9ries de cloisons du march\u00e9.<\/span><\/p>\n<\/div><\/div><\/div>[\/vc_column][\/vc_row][vc_row css_animation=\u00a0\u00bbnone\u00a0\u00bb style=\u00a0\u00bbsolid\u00a0\u00bb margin_y=\u00a0\u00bb\u00a0\u00bb color=\u00a0\u00bb#ffffff\u00a0\u00bb icon_type=\u00a0\u00bb\u00a0\u00bb icon_spacing=\u00a0\u00bb\u00a0\u00bb width=\u00a0\u00bb\u00a0\u00bb align=\u00a0\u00bb\u00a0\u00bb height=\u00a0\u00bb\u00a0\u00bb dotted_height=\u00a0\u00bb\u00a0\u00bb margin=\u00a0\u00bb\u00a0\u00bb icon=\u00a0\u00bb\u00a0\u00bb icon_fontawesome=\u00a0\u00bb\u00a0\u00bb icon_openiconic=\u00a0\u00bb\u00a0\u00bb icon_typicons=\u00a0\u00bb\u00a0\u00bb icon_entypo=\u00a0\u00bb\u00a0\u00bb icon_linecons=\u00a0\u00bb\u00a0\u00bb icon_pixelicons=\u00a0\u00bb\u00a0\u00bb icon_color=\u00a0\u00bb\u00a0\u00bb icon_bg=\u00a0\u00bb\u00a0\u00bb icon_size=\u00a0\u00bb\u00a0\u00bb icon_height=\u00a0\u00bb\u00a0\u00bb icon_width=\u00a0\u00bb\u00a0\u00bb icon_border_radius=\u00a0\u00bb\u00a0\u00bb icon_padding=\u00a0\u00bb\u00a0\u00bb visibility=\u00a0\u00bbhidden-phone\u00a0\u00bb][vc_column]<div class=\"vcex-module vcex-divider vcex-divider-solid vcex-divider-center wpex-mx-auto wpex-block wpex-h-0 wpex-border-b wpex-border-solid wpex-border-main border-gradien large-border-gradien\" style=\"border-color:#ffffff;\"><\/div>[\/vc_column][\/vc_row][vc_row][vc_column width=\u00a0\u00bb1\/3&Prime;][\/vc_column][vc_column width=\u00a0\u00bb1\/3&Prime;]<style>.vcex-icon-box.vcex_69f9e72ccd8f9 .vcex-icon-box-image{width:100px;}<\/style><div class=\"vcex-module vcex-icon-box vcex-icon-box-two wpex-block wpex-text-center vcex_69f9e72ccd8f9\"><div class=\"vcex-icon-box-symbol vcex-icon-box-symbol--image wpex-mb-20\"><img loading=\"lazy\" class=\"vcex-icon-box-image wpex-align-middle\" alt=\"perfiles de aluminio para cerramientos\" decoding=\"async\" src=\"https:\/\/pervasa.net\/wp-content\/uploads\/2020\/10\/carpinteria-tronja.svg\" srcset=\"https:\/\/pervasa.net\/wp-content\/uploads\/\/2020\/10\/carpinteria-tronja.svg 150w, https:\/\/pervasa.net\/wp-content\/uploads\/\/2020\/10\/carpinteria-tronja.svg 300w, https:\/\/pervasa.net\/wp-content\/uploads\/\/2020\/10\/carpinteria-tronja.svg 1024w, https:\/\/pervasa.net\/wp-content\/uploads\/\/2020\/10\/carpinteria-tronja.svg 1536w, https:\/\/pervasa.net\/wp-content\/uploads\/\/2020\/10\/carpinteria-tronja.svg 2048w\" width=\"8892\" height=\"8892\"><\/div><div class=\"vcex-icon-box-text\"><h2 class=\"vcex-icon-box-heading wpex-heading wpex-text-md wpex-mb-10\">R\u00e9sistance<\/h2><div class=\"vcex-icon-box-content wpex-last-mb-0 wpex-clr\"><p><span lang=\"FR\">Grande r\u00e9sistance aux intemp\u00e9ries et au rayonnement UV.<\/span><\/p>\n<\/div><\/div><\/div>[\/vc_column][vc_column width=\u00a0\u00bb1\/3&Prime;][\/vc_column][\/vc_row][vc_row css_animation=\u00a0\u00bbnone\u00a0\u00bb style=\u00a0\u00bbsolid\u00a0\u00bb margin_y=\u00a0\u00bb\u00a0\u00bb color=\u00a0\u00bb#ffffff\u00a0\u00bb icon_type=\u00a0\u00bb\u00a0\u00bb icon_spacing=\u00a0\u00bb\u00a0\u00bb width=\u00a0\u00bb\u00a0\u00bb align=\u00a0\u00bb\u00a0\u00bb height=\u00a0\u00bb\u00a0\u00bb dotted_height=\u00a0\u00bb\u00a0\u00bb margin=\u00a0\u00bb\u00a0\u00bb icon=\u00a0\u00bb\u00a0\u00bb icon_fontawesome=\u00a0\u00bb\u00a0\u00bb icon_openiconic=\u00a0\u00bb\u00a0\u00bb icon_typicons=\u00a0\u00bb\u00a0\u00bb icon_entypo=\u00a0\u00bb\u00a0\u00bb icon_linecons=\u00a0\u00bb\u00a0\u00bb icon_pixelicons=\u00a0\u00bb\u00a0\u00bb icon_color=\u00a0\u00bb\u00a0\u00bb icon_bg=\u00a0\u00bb\u00a0\u00bb icon_size=\u00a0\u00bb\u00a0\u00bb icon_height=\u00a0\u00bb\u00a0\u00bb icon_width=\u00a0\u00bb\u00a0\u00bb icon_border_radius=\u00a0\u00bb\u00a0\u00bb icon_padding=\u00a0\u00bb\u00a0\u00bb][vc_column]<div class=\"vcex-module vcex-divider vcex-divider-solid vcex-divider-center wpex-mx-auto wpex-block wpex-h-0 wpex-border-b wpex-border-solid wpex-border-main border-gradien large-border-gradien\" style=\"border-color:#ffffff;\"><\/div>[\/vc_column][\/vc_row][vc_row][vc_column]<figure class=\"vcex-image vcex-module wpex-text-center\"><div class=\"vcex-image-inner wpex-relative wpex-inline-block\"><img width=\"1170\" height=\"334\" src=\"https:\/\/pervasa.net\/wp-content\/uploads\/2020\/12\/carpinteria.jpg\" class=\"vcex-image-img wpex-align-middle\" alt=\"perfiles de aluminio para cerramientos\" loading=\"lazy\" decoding=\"async\" srcset=\"https:\/\/pervasa.net\/wp-content\/uploads\/2020\/12\/carpinteria.jpg 1170w, https:\/\/pervasa.net\/wp-content\/uploads\/2020\/12\/carpinteria-300x86.jpg 300w, https:\/\/pervasa.net\/wp-content\/uploads\/2020\/12\/carpinteria-1024x292.jpg 1024w, https:\/\/pervasa.net\/wp-content\/uploads\/2020\/12\/carpinteria-768x219.jpg 768w\" sizes=\"auto, (max-width: 1170px) 100vw, 1170px\" \/><\/div><\/figure>[\/vc_column][\/vc_row]\n<\/div>","protected":false},"excerpt":{"rendered":"<p>[vc_row full_width=\u00a0\u00bbstretch_row\u00a0\u00bb remove_bottom_col_margin=\u00a0\u00bbtrue\u00a0\u00bb css=\u00a0\u00bb.vc_custom_1602693345245{margin-bottom: 60px !important;padding-top: 40px !important;padding-bottom: 40px !important;background-color: #ff803b !important;}\u00a0\u00bb][vc_column][\/vc_column][\/vc_row][vc_row][vc_column width=\u00a0\u00bb1\/3&Prime;][\/vc_column][vc_column width=\u00a0\u00bb1\/3&Prime;][\/vc_column][vc_column width=\u00a0\u00bb1\/3&Prime;][\/vc_column][\/vc_row][vc_row css_animation=\u00a0\u00bbnone\u00a0\u00bb style=\u00a0\u00bbsolid\u00a0\u00bb margin_y=\u00a0\u00bb\u00a0\u00bb color=\u00a0\u00bb#ffffff\u00a0\u00bb icon_type=\u00a0\u00bb\u00a0\u00bb icon_spacing=\u00a0\u00bb\u00a0\u00bb width=\u00a0\u00bb\u00a0\u00bb align=\u00a0\u00bb\u00a0\u00bb height=\u00a0\u00bb\u00a0\u00bb dotted_height=\u00a0\u00bb\u00a0\u00bb margin=\u00a0\u00bb\u00a0\u00bb icon=\u00a0\u00bb\u00a0\u00bb icon_fontawesome=\u00a0\u00bb\u00a0\u00bb icon_openiconic=\u00a0\u00bb\u00a0\u00bb icon_typicons=\u00a0\u00bb\u00a0\u00bb icon_entypo=\u00a0\u00bb\u00a0\u00bb icon_linecons=\u00a0\u00bb\u00a0\u00bb icon_pixelicons=\u00a0\u00bb\u00a0\u00bb icon_color=\u00a0\u00bb\u00a0\u00bb icon_bg=\u00a0\u00bb\u00a0\u00bb icon_size=\u00a0\u00bb\u00a0\u00bb icon_height=\u00a0\u00bb\u00a0\u00bb icon_width=\u00a0\u00bb\u00a0\u00bb icon_border_radius=\u00a0\u00bb\u00a0\u00bb icon_padding=\u00a0\u00bb\u00a0\u00bb visibility=\u00a0\u00bbhidden-phone\u00a0\u00bb][vc_column][\/vc_column][\/vc_row][vc_row][vc_column width=\u00a0\u00bb1\/3&Prime;][\/vc_column][vc_column width=\u00a0\u00bb1\/3&Prime;][\/vc_column][vc_column width=\u00a0\u00bb1\/3&Prime;][\/vc_column][\/vc_row][vc_row css_animation=\u00a0\u00bbnone\u00a0\u00bb style=\u00a0\u00bbsolid\u00a0\u00bb margin_y=\u00a0\u00bb\u00a0\u00bb color=\u00a0\u00bb#ffffff\u00a0\u00bb icon_type=\u00a0\u00bb\u00a0\u00bb icon_spacing=\u00a0\u00bb\u00a0\u00bb width=\u00a0\u00bb\u00a0\u00bb align=\u00a0\u00bb\u00a0\u00bb height=\u00a0\u00bb\u00a0\u00bb dotted_height=\u00a0\u00bb\u00a0\u00bb margin=\u00a0\u00bb\u00a0\u00bb&hellip;<\/p>\n","protected":false},"author":1,"featured_media":0,"parent":961,"menu_order":0,"comment_status":"closed","ping_status":"closed","template":"","meta":{"footnotes":""},"class_list":["post-972","page","type-page","status-publish","hentry","entry","no-media"],"yoast_head":"<!-- This site is optimized with the Yoast SEO plugin v26.5 - https:\/\/yoast.com\/wordpress\/plugins\/seo\/ -->\n<title>Menuiserie aluminium, bois et PVC. Joints d\u2019\u00e9tanch\u00e9it\u00e9 - Pervasa<\/title>\n<meta name=\"description\" content=\"Chez Pervasa, nous proposons une large gamme de joints d&#039;\u00e9tanch\u00e9it\u00e9: rigides, flexibles et coextrud\u00e9s des deux. Solutions de menuiserie aluminium, bois et PVC.\" \/>\n<meta name=\"robots\" content=\"index, follow, max-snippet:-1, max-image-preview:large, max-video-preview:-1\" \/>\n<link rel=\"canonical\" href=\"https:\/\/pervasa.net\/fr\/produits-extrusion-plastique\/menuiserie-en-aluminium-bois-pvc-joints-etancheite\/\" \/>\n<meta property=\"og:locale\" content=\"fr_FR\" \/>\n<meta property=\"og:type\" content=\"article\" \/>\n<meta property=\"og:title\" content=\"Menuiserie aluminium, bois et PVC. Joints d\u2019\u00e9tanch\u00e9it\u00e9 - Pervasa\" \/>\n<meta property=\"og:description\" content=\"Chez Pervasa, nous proposons une large gamme de joints d&#039;\u00e9tanch\u00e9it\u00e9: rigides, flexibles et coextrud\u00e9s des deux. Solutions de menuiserie aluminium, bois et PVC.\" \/>\n<meta property=\"og:url\" content=\"https:\/\/pervasa.net\/fr\/produits-extrusion-plastique\/menuiserie-en-aluminium-bois-pvc-joints-etancheite\/\" \/>\n<meta property=\"og:site_name\" content=\"Pervasa\" \/>\n<meta property=\"article:modified_time\" content=\"2020-12-23T22:03:18+00:00\" \/>\n<meta name=\"twitter:card\" content=\"summary_large_image\" \/>\n<meta name=\"twitter:label1\" content=\"Dur\u00e9e de lecture estim\u00e9e\" \/>\n\t<meta name=\"twitter:data1\" content=\"2 minutes\" \/>\n<script type=\"application\/ld+json\" class=\"yoast-schema-graph\">{\"@context\":\"https:\/\/schema.org\",\"@graph\":[{\"@type\":\"WebPage\",\"@id\":\"https:\/\/pervasa.net\/fr\/produits-extrusion-plastique\/menuiserie-en-aluminium-bois-pvc-joints-etancheite\/\",\"url\":\"https:\/\/pervasa.net\/fr\/produits-extrusion-plastique\/menuiserie-en-aluminium-bois-pvc-joints-etancheite\/\",\"name\":\"Menuiserie aluminium, bois et PVC. Joints d\u2019\u00e9tanch\u00e9it\u00e9 - Pervasa\",\"isPartOf\":{\"@id\":\"https:\/\/pervasa.net\/fr\/#website\"},\"datePublished\":\"2020-12-10T13:28:13+00:00\",\"dateModified\":\"2020-12-23T22:03:18+00:00\",\"description\":\"Chez Pervasa, nous proposons une large gamme de joints d'\u00e9tanch\u00e9it\u00e9: rigides, flexibles et coextrud\u00e9s des deux. Solutions de menuiserie aluminium, bois et PVC.\",\"breadcrumb\":{\"@id\":\"https:\/\/pervasa.net\/fr\/produits-extrusion-plastique\/menuiserie-en-aluminium-bois-pvc-joints-etancheite\/#breadcrumb\"},\"inLanguage\":\"fr-FR\",\"potentialAction\":[{\"@type\":\"ReadAction\",\"target\":[\"https:\/\/pervasa.net\/fr\/produits-extrusion-plastique\/menuiserie-en-aluminium-bois-pvc-joints-etancheite\/\"]}]},{\"@type\":\"BreadcrumbList\",\"@id\":\"https:\/\/pervasa.net\/fr\/produits-extrusion-plastique\/menuiserie-en-aluminium-bois-pvc-joints-etancheite\/#breadcrumb\",\"itemListElement\":[{\"@type\":\"ListItem\",\"position\":1,\"name\":\"Home\",\"item\":\"https:\/\/pervasa.net\/fr\/accueil\/\"},{\"@type\":\"ListItem\",\"position\":2,\"name\":\"Produits\",\"item\":\"https:\/\/pervasa.net\/fr\/produits-extrusion-plastique\/\"},{\"@type\":\"ListItem\",\"position\":3,\"name\":\"Menuiserie en aluminium, bois et PVC\"}]},{\"@type\":\"WebSite\",\"@id\":\"https:\/\/pervasa.net\/fr\/#website\",\"url\":\"https:\/\/pervasa.net\/fr\/\",\"name\":\"Pervasa\",\"description\":\"M\u00e1s de 35 a\u00f1os dedicados a la fabricaci\u00f3n de perfiles t\u00e9cnicos\",\"publisher\":{\"@id\":\"https:\/\/pervasa.net\/fr\/#organization\"},\"potentialAction\":[{\"@type\":\"SearchAction\",\"target\":{\"@type\":\"EntryPoint\",\"urlTemplate\":\"https:\/\/pervasa.net\/fr\/?s={search_term_string}\"},\"query-input\":{\"@type\":\"PropertyValueSpecification\",\"valueRequired\":true,\"valueName\":\"search_term_string\"}}],\"inLanguage\":\"fr-FR\"},{\"@type\":\"Organization\",\"@id\":\"https:\/\/pervasa.net\/fr\/#organization\",\"name\":\"Pervasa. S.L.\",\"url\":\"https:\/\/pervasa.net\/fr\/\",\"logo\":{\"@type\":\"ImageObject\",\"inLanguage\":\"fr-FR\",\"@id\":\"https:\/\/pervasa.net\/fr\/#\/schema\/logo\/image\/\",\"url\":\"https:\/\/pervasa.net\/wp-content\/uploads\/2020\/10\/logo-pervasa.svg\",\"contentUrl\":\"https:\/\/pervasa.net\/wp-content\/uploads\/2020\/10\/logo-pervasa.svg\",\"width\":2788,\"height\":769,\"caption\":\"Pervasa. S.L.\"},\"image\":{\"@id\":\"https:\/\/pervasa.net\/fr\/#\/schema\/logo\/image\/\"}}]}<\/script>\n<!-- \/ Yoast SEO plugin. -->","yoast_head_json":{"title":"Menuiserie aluminium, bois et PVC. Joints d\u2019\u00e9tanch\u00e9it\u00e9 - Pervasa","description":"Chez Pervasa, nous proposons une large gamme de joints d'\u00e9tanch\u00e9it\u00e9: rigides, flexibles et coextrud\u00e9s des deux. Solutions de menuiserie aluminium, bois et PVC.","robots":{"index":"index","follow":"follow","max-snippet":"max-snippet:-1","max-image-preview":"max-image-preview:large","max-video-preview":"max-video-preview:-1"},"canonical":"https:\/\/pervasa.net\/fr\/produits-extrusion-plastique\/menuiserie-en-aluminium-bois-pvc-joints-etancheite\/","og_locale":"fr_FR","og_type":"article","og_title":"Menuiserie aluminium, bois et PVC. Joints d\u2019\u00e9tanch\u00e9it\u00e9 - Pervasa","og_description":"Chez Pervasa, nous proposons une large gamme de joints d'\u00e9tanch\u00e9it\u00e9: rigides, flexibles et coextrud\u00e9s des deux. Solutions de menuiserie aluminium, bois et PVC.","og_url":"https:\/\/pervasa.net\/fr\/produits-extrusion-plastique\/menuiserie-en-aluminium-bois-pvc-joints-etancheite\/","og_site_name":"Pervasa","article_modified_time":"2020-12-23T22:03:18+00:00","twitter_card":"summary_large_image","twitter_misc":{"Dur\u00e9e de lecture estim\u00e9e":"2 minutes"},"schema":{"@context":"https:\/\/schema.org","@graph":[{"@type":"WebPage","@id":"https:\/\/pervasa.net\/fr\/produits-extrusion-plastique\/menuiserie-en-aluminium-bois-pvc-joints-etancheite\/","url":"https:\/\/pervasa.net\/fr\/produits-extrusion-plastique\/menuiserie-en-aluminium-bois-pvc-joints-etancheite\/","name":"Menuiserie aluminium, bois et PVC. Joints d\u2019\u00e9tanch\u00e9it\u00e9 - Pervasa","isPartOf":{"@id":"https:\/\/pervasa.net\/fr\/#website"},"datePublished":"2020-12-10T13:28:13+00:00","dateModified":"2020-12-23T22:03:18+00:00","description":"Chez Pervasa, nous proposons une large gamme de joints d'\u00e9tanch\u00e9it\u00e9: rigides, flexibles et coextrud\u00e9s des deux. Solutions de menuiserie aluminium, bois et PVC.","breadcrumb":{"@id":"https:\/\/pervasa.net\/fr\/produits-extrusion-plastique\/menuiserie-en-aluminium-bois-pvc-joints-etancheite\/#breadcrumb"},"inLanguage":"fr-FR","potentialAction":[{"@type":"ReadAction","target":["https:\/\/pervasa.net\/fr\/produits-extrusion-plastique\/menuiserie-en-aluminium-bois-pvc-joints-etancheite\/"]}]},{"@type":"BreadcrumbList","@id":"https:\/\/pervasa.net\/fr\/produits-extrusion-plastique\/menuiserie-en-aluminium-bois-pvc-joints-etancheite\/#breadcrumb","itemListElement":[{"@type":"ListItem","position":1,"name":"Home","item":"https:\/\/pervasa.net\/fr\/accueil\/"},{"@type":"ListItem","position":2,"name":"Produits","item":"https:\/\/pervasa.net\/fr\/produits-extrusion-plastique\/"},{"@type":"ListItem","position":3,"name":"Menuiserie en aluminium, bois et PVC"}]},{"@type":"WebSite","@id":"https:\/\/pervasa.net\/fr\/#website","url":"https:\/\/pervasa.net\/fr\/","name":"Pervasa","description":"M\u00e1s de 35 a\u00f1os dedicados a la fabricaci\u00f3n de perfiles t\u00e9cnicos","publisher":{"@id":"https:\/\/pervasa.net\/fr\/#organization"},"potentialAction":[{"@type":"SearchAction","target":{"@type":"EntryPoint","urlTemplate":"https:\/\/pervasa.net\/fr\/?s={search_term_string}"},"query-input":{"@type":"PropertyValueSpecification","valueRequired":true,"valueName":"search_term_string"}}],"inLanguage":"fr-FR"},{"@type":"Organization","@id":"https:\/\/pervasa.net\/fr\/#organization","name":"Pervasa. S.L.","url":"https:\/\/pervasa.net\/fr\/","logo":{"@type":"ImageObject","inLanguage":"fr-FR","@id":"https:\/\/pervasa.net\/fr\/#\/schema\/logo\/image\/","url":"https:\/\/pervasa.net\/wp-content\/uploads\/2020\/10\/logo-pervasa.svg","contentUrl":"https:\/\/pervasa.net\/wp-content\/uploads\/2020\/10\/logo-pervasa.svg","width":2788,"height":769,"caption":"Pervasa. S.L."},"image":{"@id":"https:\/\/pervasa.net\/fr\/#\/schema\/logo\/image\/"}}]}},"_links":{"self":[{"href":"https:\/\/pervasa.net\/fr\/wp-json\/wp\/v2\/pages\/972","targetHints":{"allow":["GET"]}}],"collection":[{"href":"https:\/\/pervasa.net\/fr\/wp-json\/wp\/v2\/pages"}],"about":[{"href":"https:\/\/pervasa.net\/fr\/wp-json\/wp\/v2\/types\/page"}],"author":[{"embeddable":true,"href":"https:\/\/pervasa.net\/fr\/wp-json\/wp\/v2\/users\/1"}],"replies":[{"embeddable":true,"href":"https:\/\/pervasa.net\/fr\/wp-json\/wp\/v2\/comments?post=972"}],"version-history":[{"count":0,"href":"https:\/\/pervasa.net\/fr\/wp-json\/wp\/v2\/pages\/972\/revisions"}],"up":[{"embeddable":true,"href":"https:\/\/pervasa.net\/fr\/wp-json\/wp\/v2\/pages\/961"}],"wp:attachment":[{"href":"https:\/\/pervasa.net\/fr\/wp-json\/wp\/v2\/media?parent=972"}],"curies":[{"name":"wp","href":"https:\/\/api.w.org\/{rel}","templated":true}]}}