{"id":982,"date":"2020-12-10T13:50:11","date_gmt":"2020-12-10T13:50:11","guid":{"rendered":"https:\/\/pervasa.mmkt.dev\/?page_id=982"},"modified":"2020-12-23T22:00:00","modified_gmt":"2020-12-23T22:00:00","slug":"contact-experts-profile-plastique","status":"publish","type":"page","link":"https:\/\/pervasa.net\/fr\/contact-experts-profile-plastique\/","title":{"rendered":"Contact"},"content":{"rendered":"<div class=\"wpb-content-wrapper\">[vc_row full_width=\u00a0\u00bbstretch_row_content_no_spaces\u00a0\u00bb][vc_column][vc_gmaps link=\u00a0\u00bb#E-8_JTNDaWZyYW1lJTIwc3JjJTNEJTIyaHR0cHMlM0ElMkYlMkZ3d3cuZ29vZ2xlLmNvbSUyRm1hcHMlMkZlbWJlZCUzRnBiJTNEJTIxMW0xOCUyMTFtMTIlMjExbTMlMjExZDI5ODQuOTM3MDM2ODUwOTkxNyUyMTJkMi4xNjc3MzI0MTU0MzE0NjklMjEzZDQxLjU3MDYwNzI3OTI0NzY2JTIxMm0zJTIxMWYwJTIxMmYwJTIxM2YwJTIxM20yJTIxMWkxMDI0JTIxMmk3NjglMjE0ZjEzLjElMjEzbTMlMjExbTIlMjExczB4MTJhNGJmODExMzMxZmRhZiUyNTNBMHg1ZDRlZTc1NDc0YmNmMjhkJTIxMnNQZXJmaWxlcyUyNTIwZGVsJTI1MjBWYWxsZXMlMjE1ZTAlMjEzbTIlMjExc2NhJTIxMnNlcyUyMTR2MTYwMjY2NTIxMzkwNyUyMTVtMiUyMTFzY2ElMjEyc2VzJTIyJTIwd2lkdGglM0QlMjI2MDAlMjIlMjBoZWlnaHQlM0QlMjI0NTAlMjIlMjBmcmFtZWJvcmRlciUzRCUyMjAlMjIlMjBzdHlsZSUzRCUyMmJvcmRlciUzQTAlM0IlMjIlMjBhbGxvd2Z1bGxzY3JlZW4lM0QlMjIlMjIlMjBhcmlhLWhpZGRlbiUzRCUyMmZhbHNlJTIyJTIwdGFiaW5kZXglM0QlMjIwJTIyJTNFJTNDJTJGaWZyYW1lJTNF\u00a0\u00bb size=\u00a0\u00bb400&Prime;][\/vc_column][\/vc_row][vc_row][vc_column width=\u00a0\u00bb1\/2&Prime;]<h2 class=\"vcex-heading vcex-heading-plain vcex-module wpex-heading wpex-text-2xl wpex-text-center border-gradien\"><span class=\"vcex-heading-inner wpex-inline-block\"><strong>Formulaire<\/strong> de contact<\/span><\/h2><div class=\"vcex-spacing wpex-w-100 wpex-clear\" style=\"height:50px;\"><\/div>[vc_column_text]<div class=\"frm_forms  with_frm_style frm_style_estilos-formidable\" id=\"frm_form_2_container\" >\n<form enctype=\"multipart\/form-data\" method=\"post\" class=\"frm-show-form  frm_js_validate  frm_ajax_submit  frm_pro_form \" id=\"form_contacto\" >\n<div class=\"frm_form_fields \">\n<fieldset>\n<legend class=\"frm_screen_reader\">Contact <\/legend>\r\n\r\n<div class=\"frm_fields_container\">\n<input type=\"hidden\" name=\"frm_action\" value=\"create\" \/>\n<input type=\"hidden\" name=\"form_id\" value=\"2\" \/>\n<input type=\"hidden\" name=\"frm_hide_fields_2\" id=\"frm_hide_fields_2\" value=\"\" \/>\n<input type=\"hidden\" name=\"form_key\" value=\"contacto\" \/>\n<input type=\"hidden\" name=\"item_meta[0]\" value=\"\" \/>\n<input type=\"hidden\" id=\"frm_submit_entry_2\" name=\"frm_submit_entry_2\" value=\"b7dd311fcc\" \/><input type=\"hidden\" name=\"_wp_http_referer\" value=\"\/fr\/wp-json\/wp\/v2\/pages\/982\" \/><div id=\"frm_field_6_container\" class=\"frm_form_field form-field  frm_required_field frm_top_container frm_half frm_first\">\r\n    <label for=\"field_qj271\" id=\"field_qj271_label\" class=\"frm_primary_label\">Pr\u00e9nom et nom \r\n        <span class=\"frm_required\">*<\/span>\r\n    <\/label>\r\n    <input  type=\"text\" id=\"field_qj271\" name=\"item_meta[6]\" value=\"\"  data-reqmsg=\"Ce champ ne peut \u00eatre vide.\" aria-required=\"true\" data-invmsg=\"Texto no es v\u00e1lido\" aria-invalid=\"false\"   \/>\r\n    \r\n    \r\n<\/div>\n<div id=\"frm_field_8_container\" class=\"frm_form_field form-field  frm_required_field frm_top_container frm_half\">\r\n    <label for=\"field_7i687\" id=\"field_7i687_label\" class=\"frm_primary_label\">Adresse \u00e9lectronique \r\n        <span class=\"frm_required\">*<\/span>\r\n    <\/label>\r\n    <input type=\"email\" id=\"field_7i687\" name=\"item_meta[8]\" value=\"\"  data-reqmsg=\"Ce champ ne peut \u00eatre vide.\" aria-required=\"true\" data-invmsg=\"L&#039;adresse \u00e9lectronique n&#039;est pas valide.\" aria-invalid=\"false\"  \/>\r\n    \r\n    \r\n<\/div>\n<div id=\"frm_field_9_container\" class=\"frm_form_field form-field  frm_top_container\">\r\n    <label for=\"field_4sg3o\" id=\"field_4sg3o_label\" class=\"frm_primary_label\">Objet \r\n        <span class=\"frm_required\"><\/span>\r\n    <\/label>\r\n    <input  type=\"text\" id=\"field_4sg3o\" name=\"item_meta[9]\" value=\"\"  data-invmsg=\"Texto no es v\u00e1lido\" aria-invalid=\"false\"   \/>\r\n    \r\n    \r\n<\/div>\n<div id=\"frm_field_10_container\" class=\"frm_form_field form-field  frm_required_field frm_top_container\">\r\n    <label for=\"field_wp9wd\" id=\"field_wp9wd_label\" class=\"frm_primary_label\">Message \r\n        <span class=\"frm_required\">*<\/span>\r\n    <\/label>\r\n    <textarea name=\"item_meta[10]\" id=\"field_wp9wd\" rows=\"5\"  data-reqmsg=\"Ce champ ne peut \u00eatre vide.\" aria-required=\"true\" data-invmsg=\"Message  est non valide\" aria-invalid=\"false\"  ><\/textarea>\r\n    \r\n    \r\n<\/div>\n<div id=\"frm_field_11_container\" class=\"frm_form_field form-field  frm_required_field frm_none_container vertical_radio\">\r\n    <div  id=\"field_9ndqx_label\" class=\"frm_primary_label\">Privacidad\r\n        <span class=\"frm_required\">*<\/span>\r\n    <\/div>\r\n    <div class=\"frm_opt_container\" aria-labelledby=\"field_9ndqx_label\" role=\"group\">\t\t<div class=\"frm_checkbox\" id=\"frm_checkbox_11-0\">\t\t\t<label  for=\"field_9ndqx-0\">\n\t\t\t<input type=\"checkbox\" name=\"item_meta[11][]\" id=\"field_9ndqx-0\" value=\"J\u2019ai lu et j\u2019accepte les &lt;a href=&quot;https:\/\/pervasa.net\/fr\/https:\/\/pervasa.net\/fr\/politique-de-confidentialite\/\/&quot; target=&quot;blank&quot;&gt; politiques de confidentialit\u00e9&lt;\/a&gt;.\"  data-reqmsg=\"Vous devez accepter les conditions de confidentialit\u00e9.\" data-invmsg=\"Privacidad est non valide\"   aria-required=\"true\"  \/> J\u2019ai lu et j\u2019accepte les <a href=\"https:\/\/pervasa.net\/fr\/https:\/\/pervasa.net\/fr\/politique-de-confidentialite\/\/\" target=\"blank\"> politiques de confidentialit\u00e9<\/a>.<\/label><\/div>\n<\/div>\r\n    \r\n    \r\n<\/div>\n<div id=\"frm_field_27_container\" class=\"frm_form_field form-field  frm_none_container\">\n    <label for=\"g-recaptcha-response\" id=\"field_8artp_label\" class=\"frm_primary_label\">reCAPTCHA\n        <span class=\"frm_required\" aria-hidden=\"true\"><\/span>\n    <\/label>\n    <div  id=\"field_8artp\" class=\"frm-g-recaptcha\" data-sitekey=\"6Le_LzsgAAAAAOTSg3FYJnGPopEHbPSuXQEmKXww\" data-size=\"normal\" data-theme=\"light\"><\/div>\n    \n    \n<\/div>\n\t<input type=\"hidden\" name=\"item_key\" value=\"\" \/>\n\t\t\t<div id=\"frm_field_31_container\">\n\t\t\t<label for=\"field_lg45x\" >\n\t\t\t\tSi vous \u00eates un humain, ne remplissez pas ce champ.\t\t\t<\/label>\n\t\t\t<input  id=\"field_lg45x\" type=\"text\" class=\"frm_form_field form-field frm_verify\" name=\"item_meta[31]\" value=\"\"  \/>\n\t\t<\/div>\n\t\t<input name=\"frm_state\" type=\"hidden\" value=\"WeAe04INkZpoSZGXekBAF4ZmUP782GPLal3ZB+jL49VauJTUcFK1NH1puWbRcChl\" \/><div class=\"frm_submit\">\r\n\r\n<button class=\"frm_button_submit frm_final_submit\" type=\"submit\"   formnovalidate=\"formnovalidate\">Envoyer<\/button>\r\n\r\n<\/div><\/div>\n<\/fieldset>\n<\/div>\n\n<\/form>\n<\/div>\n[\/vc_column_text][\/vc_column][vc_column width=\u00a0\u00bb1\/2&Prime;]<h2 class=\"vcex-heading vcex-heading-plain vcex-module wpex-heading wpex-text-2xl wpex-text-center border-gradien\"><span class=\"vcex-heading-inner wpex-inline-block\"><strong>Coordonn\u00e9es<\/strong><\/span><\/h2><div class=\"vcex-spacing wpex-w-100 wpex-clear\" style=\"height:50px;\"><\/div><style>.vcex-icon-box.vcex_69f9e6fae94a1 .vcex-icon-box-image{width:50px;}<\/style><div class=\"vcex-module vcex-icon-box vcex-icon-box-two wpex-block wpex-text-center vcex_69f9e6fae94a1\"><div class=\"vcex-icon-box-symbol vcex-icon-box-symbol--image wpex-mb-20\"><a href=\"mailto:&#099;o&#109;erci&#097;l&#064;p&#101;rva&#115;a.&#110;&#101;&#116;\" class=\"wpex-no-underline\"><img loading=\"lazy\" class=\"vcex-icon-box-image wpex-align-middle\" decoding=\"async\" src=\"https:\/\/pervasa.net\/wp-content\/uploads\/2020\/10\/email.svg\" alt=\"\" srcset=\"https:\/\/pervasa.net\/wp-content\/uploads\/\/2020\/10\/email.svg 150w, https:\/\/pervasa.net\/wp-content\/uploads\/\/2020\/10\/email.svg 300w, https:\/\/pervasa.net\/wp-content\/uploads\/\/2020\/10\/email.svg 1024w, https:\/\/pervasa.net\/wp-content\/uploads\/\/2020\/10\/email.svg 1536w, https:\/\/pervasa.net\/wp-content\/uploads\/\/2020\/10\/email.svg 2048w, https:\/\/pervasa.net\/wp-content\/uploads\/\/2020\/10\/email.svg 16w\" width=\"16\" height=\"16\"><\/a><\/div><div class=\"vcex-icon-box-text\"><h2 class=\"vcex-icon-box-heading wpex-heading wpex-text-md wpex-mb-10\"><a href=\"mailto:&#099;o&#109;erci&#097;l&#064;p&#101;rva&#115;a.&#110;&#101;&#116;\" class=\"vcex-icon-box-link wpex-no-underline\">comercial@pervasa.net<\/a><\/h2><\/div><\/div><div class=\"vcex-spacing wpex-w-100 wpex-clear\" style=\"height:50px;\"><\/div><style>.vcex-icon-box.vcex_69f9e6faeca74 .vcex-icon-box-image{width:50px;}<\/style><div class=\"vcex-module vcex-icon-box vcex-icon-box-two wpex-block wpex-text-center vcex_69f9e6faeca74\"><div class=\"vcex-icon-box-symbol vcex-icon-box-symbol--image wpex-mb-20\"><a href=\"tel:0034938648951\" class=\"wpex-no-underline\"><img loading=\"lazy\" class=\"vcex-icon-box-image wpex-align-middle\" decoding=\"async\" src=\"https:\/\/pervasa.net\/wp-content\/uploads\/2020\/10\/phone-call.svg\" alt=\"\" srcset=\"https:\/\/pervasa.net\/wp-content\/uploads\/\/2020\/10\/phone-call.svg 150w, https:\/\/pervasa.net\/wp-content\/uploads\/\/2020\/10\/phone-call.svg 300w, https:\/\/pervasa.net\/wp-content\/uploads\/\/2020\/10\/phone-call.svg 1024w, https:\/\/pervasa.net\/wp-content\/uploads\/\/2020\/10\/phone-call.svg 1536w, https:\/\/pervasa.net\/wp-content\/uploads\/\/2020\/10\/phone-call.svg 2048w, https:\/\/pervasa.net\/wp-content\/uploads\/\/2020\/10\/phone-call.svg 16w\" width=\"16\" height=\"16\"><\/a><\/div><div class=\"vcex-icon-box-text\"><h2 class=\"vcex-icon-box-heading wpex-heading wpex-text-md wpex-mb-10\"><a href=\"tel:0034938648951\" class=\"vcex-icon-box-link wpex-no-underline\">938 648 951<\/a><\/h2><\/div><\/div><div class=\"vcex-spacing wpex-w-100 wpex-clear\" style=\"height:50px;\"><\/div><style>.vcex-heading.vcex_69f9e6faee1e2{font-size:16px;}<\/style><h3 class=\"vcex-heading vcex-heading-plain vcex-module wpex-heading wpex-text-2xl wpex-text-center vcex_69f9e6faee1e2\"><span class=\"vcex-heading-inner wpex-inline-block\">Nous <strong>appartenons<\/strong> \u00e0 :<\/span><\/h3><div class=\"vcex-spacing wpex-w-100 wpex-clear\" style=\"height:10px;\"><\/div><figure class=\"vcex-image vcex-module wpex-text-center\"><div class=\"vcex-image-inner wpex-relative wpex-inline-block\"><a href=\"https:\/\/xarxaindustrial.net\/clients\/pervasa\/\" target=\"_blank\" rel=\"nofollow noopener noreferrer\"><img loading=\"lazy\" class=\"vcex-image-img wpex-align-middle\" decoding=\"async\" src=\"https:\/\/pervasa.net\/wp-content\/uploads\/2020\/10\/logo-header-200x38.png\" alt=\"Xarxa-industrial\" srcset=\"https:\/\/pervasa.net\/wp-content\/uploads\/2020\/10\/logo-header-200x38.png 200w, https:\/\/pervasa.net\/wp-content\/uploads\/2020\/10\/logo-header-300x57.png 300w, https:\/\/pervasa.net\/wp-content\/uploads\/2020\/10\/logo-header.png 600w\" width=\"200\" height=\"38\"><\/a><\/div><\/figure>[\/vc_column][\/vc_row]\n<\/div>","protected":false},"excerpt":{"rendered":"<p>[vc_row full_width=\u00a0\u00bbstretch_row_content_no_spaces\u00a0\u00bb][vc_column][vc_gmaps link=\u00a0\u00bb#E-8_JTNDaWZyYW1lJTIwc3JjJTNEJTIyaHR0cHMlM0ElMkYlMkZ3d3cuZ29vZ2xlLmNvbSUyRm1hcHMlMkZlbWJlZCUzRnBiJTNEJTIxMW0xOCUyMTFtMTIlMjExbTMlMjExZDI5ODQuOTM3MDM2ODUwOTkxNyUyMTJkMi4xNjc3MzI0MTU0MzE0NjklMjEzZDQxLjU3MDYwNzI3OTI0NzY2JTIxMm0zJTIxMWYwJTIxMmYwJTIxM2YwJTIxM20yJTIxMWkxMDI0JTIxMmk3NjglMjE0ZjEzLjElMjEzbTMlMjExbTIlMjExczB4MTJhNGJmODExMzMxZmRhZiUyNTNBMHg1ZDRlZTc1NDc0YmNmMjhkJTIxMnNQZXJmaWxlcyUyNTIwZGVsJTI1MjBWYWxsZXMlMjE1ZTAlMjEzbTIlMjExc2NhJTIxMnNlcyUyMTR2MTYwMjY2NTIxMzkwNyUyMTVtMiUyMTFzY2ElMjEyc2VzJTIyJTIwd2lkdGglM0QlMjI2MDAlMjIlMjBoZWlnaHQlM0QlMjI0NTAlMjIlMjBmcmFtZWJvcmRlciUzRCUyMjAlMjIlMjBzdHlsZSUzRCUyMmJvcmRlciUzQTAlM0IlMjIlMjBhbGxvd2Z1bGxzY3JlZW4lM0QlMjIlMjIlMjBhcmlhLWhpZGRlbiUzRCUyMmZhbHNlJTIyJTIwdGFiaW5kZXglM0QlMjIwJTIyJTNFJTNDJTJGaWZyYW1lJTNF\u00a0\u00bb size=\u00a0\u00bb400&Prime;][\/vc_column][\/vc_row][vc_row][vc_column width=\u00a0\u00bb1\/2&Prime;][vc_column_text][\/vc_column_text][\/vc_column][vc_column width=\u00a0\u00bb1\/2&Prime;][\/vc_column][\/vc_row]<\/p>\n","protected":false},"author":1,"featured_media":0,"parent":0,"menu_order":0,"comment_status":"closed","ping_status":"closed","template":"","meta":{"footnotes":""},"class_list":["post-982","page","type-page","status-publish","hentry","entry","no-media"],"yoast_head":"<!-- This site is optimized with the Yoast SEO plugin v26.5 - https:\/\/yoast.com\/wordpress\/plugins\/seo\/ -->\n<title>Contactez la soci\u00e9t\u00e9 de profils plastique d&#039;extrusion - Pervasa<\/title>\n<meta name=\"description\" content=\"Solutions dans les profils d&#039;extrusion plastique, offrant des produits \u00e0 de multiples secteurs. Contactez pour la meilleure fabrication de profil\u00e9s en plastique.\" \/>\n<meta name=\"robots\" content=\"index, follow, max-snippet:-1, max-image-preview:large, max-video-preview:-1\" \/>\n<link rel=\"canonical\" href=\"https:\/\/pervasa.net\/fr\/contact-experts-profile-plastique\/\" \/>\n<meta property=\"og:locale\" content=\"fr_FR\" \/>\n<meta property=\"og:type\" content=\"article\" \/>\n<meta property=\"og:title\" content=\"Contactez la soci\u00e9t\u00e9 de profils plastique d&#039;extrusion - Pervasa\" \/>\n<meta property=\"og:description\" content=\"Solutions dans les profils d&#039;extrusion plastique, offrant des produits \u00e0 de multiples secteurs. Contactez pour la meilleure fabrication de profil\u00e9s en plastique.\" \/>\n<meta property=\"og:url\" content=\"https:\/\/pervasa.net\/fr\/contact-experts-profile-plastique\/\" \/>\n<meta property=\"og:site_name\" content=\"Pervasa\" \/>\n<meta property=\"article:modified_time\" content=\"2020-12-23T22:00:00+00:00\" \/>\n<meta name=\"twitter:card\" content=\"summary_large_image\" \/>\n<meta name=\"twitter:label1\" content=\"Dur\u00e9e de lecture estim\u00e9e\" \/>\n\t<meta name=\"twitter:data1\" content=\"1 minute\" \/>\n<script type=\"application\/ld+json\" class=\"yoast-schema-graph\">{\"@context\":\"https:\/\/schema.org\",\"@graph\":[{\"@type\":\"WebPage\",\"@id\":\"https:\/\/pervasa.net\/fr\/contact-experts-profile-plastique\/\",\"url\":\"https:\/\/pervasa.net\/fr\/contact-experts-profile-plastique\/\",\"name\":\"Contactez la soci\u00e9t\u00e9 de profils plastique d'extrusion - Pervasa\",\"isPartOf\":{\"@id\":\"https:\/\/pervasa.net\/fr\/#website\"},\"datePublished\":\"2020-12-10T13:50:11+00:00\",\"dateModified\":\"2020-12-23T22:00:00+00:00\",\"description\":\"Solutions dans les profils d'extrusion plastique, offrant des produits \u00e0 de multiples secteurs. Contactez pour la meilleure fabrication de profil\u00e9s en plastique.\",\"breadcrumb\":{\"@id\":\"https:\/\/pervasa.net\/fr\/contact-experts-profile-plastique\/#breadcrumb\"},\"inLanguage\":\"fr-FR\",\"potentialAction\":[{\"@type\":\"ReadAction\",\"target\":[\"https:\/\/pervasa.net\/fr\/contact-experts-profile-plastique\/\"]}]},{\"@type\":\"BreadcrumbList\",\"@id\":\"https:\/\/pervasa.net\/fr\/contact-experts-profile-plastique\/#breadcrumb\",\"itemListElement\":[{\"@type\":\"ListItem\",\"position\":1,\"name\":\"Home\",\"item\":\"https:\/\/pervasa.net\/fr\/accueil\/\"},{\"@type\":\"ListItem\",\"position\":2,\"name\":\"Contact\"}]},{\"@type\":\"WebSite\",\"@id\":\"https:\/\/pervasa.net\/fr\/#website\",\"url\":\"https:\/\/pervasa.net\/fr\/\",\"name\":\"Pervasa\",\"description\":\"M\u00e1s de 35 a\u00f1os dedicados a la fabricaci\u00f3n de perfiles t\u00e9cnicos\",\"publisher\":{\"@id\":\"https:\/\/pervasa.net\/fr\/#organization\"},\"potentialAction\":[{\"@type\":\"SearchAction\",\"target\":{\"@type\":\"EntryPoint\",\"urlTemplate\":\"https:\/\/pervasa.net\/fr\/?s={search_term_string}\"},\"query-input\":{\"@type\":\"PropertyValueSpecification\",\"valueRequired\":true,\"valueName\":\"search_term_string\"}}],\"inLanguage\":\"fr-FR\"},{\"@type\":\"Organization\",\"@id\":\"https:\/\/pervasa.net\/fr\/#organization\",\"name\":\"Pervasa. S.L.\",\"url\":\"https:\/\/pervasa.net\/fr\/\",\"logo\":{\"@type\":\"ImageObject\",\"inLanguage\":\"fr-FR\",\"@id\":\"https:\/\/pervasa.net\/fr\/#\/schema\/logo\/image\/\",\"url\":\"https:\/\/pervasa.net\/wp-content\/uploads\/2020\/10\/logo-pervasa.svg\",\"contentUrl\":\"https:\/\/pervasa.net\/wp-content\/uploads\/2020\/10\/logo-pervasa.svg\",\"width\":2788,\"height\":769,\"caption\":\"Pervasa. S.L.\"},\"image\":{\"@id\":\"https:\/\/pervasa.net\/fr\/#\/schema\/logo\/image\/\"}}]}<\/script>\n<!-- \/ Yoast SEO plugin. -->","yoast_head_json":{"title":"Contactez la soci\u00e9t\u00e9 de profils plastique d'extrusion - Pervasa","description":"Solutions dans les profils d'extrusion plastique, offrant des produits \u00e0 de multiples secteurs. Contactez pour la meilleure fabrication de profil\u00e9s en plastique.","robots":{"index":"index","follow":"follow","max-snippet":"max-snippet:-1","max-image-preview":"max-image-preview:large","max-video-preview":"max-video-preview:-1"},"canonical":"https:\/\/pervasa.net\/fr\/contact-experts-profile-plastique\/","og_locale":"fr_FR","og_type":"article","og_title":"Contactez la soci\u00e9t\u00e9 de profils plastique d'extrusion - Pervasa","og_description":"Solutions dans les profils d'extrusion plastique, offrant des produits \u00e0 de multiples secteurs. Contactez pour la meilleure fabrication de profil\u00e9s en plastique.","og_url":"https:\/\/pervasa.net\/fr\/contact-experts-profile-plastique\/","og_site_name":"Pervasa","article_modified_time":"2020-12-23T22:00:00+00:00","twitter_card":"summary_large_image","twitter_misc":{"Dur\u00e9e de lecture estim\u00e9e":"1 minute"},"schema":{"@context":"https:\/\/schema.org","@graph":[{"@type":"WebPage","@id":"https:\/\/pervasa.net\/fr\/contact-experts-profile-plastique\/","url":"https:\/\/pervasa.net\/fr\/contact-experts-profile-plastique\/","name":"Contactez la soci\u00e9t\u00e9 de profils plastique d'extrusion - Pervasa","isPartOf":{"@id":"https:\/\/pervasa.net\/fr\/#website"},"datePublished":"2020-12-10T13:50:11+00:00","dateModified":"2020-12-23T22:00:00+00:00","description":"Solutions dans les profils d'extrusion plastique, offrant des produits \u00e0 de multiples secteurs. Contactez pour la meilleure fabrication de profil\u00e9s en plastique.","breadcrumb":{"@id":"https:\/\/pervasa.net\/fr\/contact-experts-profile-plastique\/#breadcrumb"},"inLanguage":"fr-FR","potentialAction":[{"@type":"ReadAction","target":["https:\/\/pervasa.net\/fr\/contact-experts-profile-plastique\/"]}]},{"@type":"BreadcrumbList","@id":"https:\/\/pervasa.net\/fr\/contact-experts-profile-plastique\/#breadcrumb","itemListElement":[{"@type":"ListItem","position":1,"name":"Home","item":"https:\/\/pervasa.net\/fr\/accueil\/"},{"@type":"ListItem","position":2,"name":"Contact"}]},{"@type":"WebSite","@id":"https:\/\/pervasa.net\/fr\/#website","url":"https:\/\/pervasa.net\/fr\/","name":"Pervasa","description":"M\u00e1s de 35 a\u00f1os dedicados a la fabricaci\u00f3n de perfiles t\u00e9cnicos","publisher":{"@id":"https:\/\/pervasa.net\/fr\/#organization"},"potentialAction":[{"@type":"SearchAction","target":{"@type":"EntryPoint","urlTemplate":"https:\/\/pervasa.net\/fr\/?s={search_term_string}"},"query-input":{"@type":"PropertyValueSpecification","valueRequired":true,"valueName":"search_term_string"}}],"inLanguage":"fr-FR"},{"@type":"Organization","@id":"https:\/\/pervasa.net\/fr\/#organization","name":"Pervasa. S.L.","url":"https:\/\/pervasa.net\/fr\/","logo":{"@type":"ImageObject","inLanguage":"fr-FR","@id":"https:\/\/pervasa.net\/fr\/#\/schema\/logo\/image\/","url":"https:\/\/pervasa.net\/wp-content\/uploads\/2020\/10\/logo-pervasa.svg","contentUrl":"https:\/\/pervasa.net\/wp-content\/uploads\/2020\/10\/logo-pervasa.svg","width":2788,"height":769,"caption":"Pervasa. S.L."},"image":{"@id":"https:\/\/pervasa.net\/fr\/#\/schema\/logo\/image\/"}}]}},"_links":{"self":[{"href":"https:\/\/pervasa.net\/fr\/wp-json\/wp\/v2\/pages\/982","targetHints":{"allow":["GET"]}}],"collection":[{"href":"https:\/\/pervasa.net\/fr\/wp-json\/wp\/v2\/pages"}],"about":[{"href":"https:\/\/pervasa.net\/fr\/wp-json\/wp\/v2\/types\/page"}],"author":[{"embeddable":true,"href":"https:\/\/pervasa.net\/fr\/wp-json\/wp\/v2\/users\/1"}],"replies":[{"embeddable":true,"href":"https:\/\/pervasa.net\/fr\/wp-json\/wp\/v2\/comments?post=982"}],"version-history":[{"count":0,"href":"https:\/\/pervasa.net\/fr\/wp-json\/wp\/v2\/pages\/982\/revisions"}],"wp:attachment":[{"href":"https:\/\/pervasa.net\/fr\/wp-json\/wp\/v2\/media?parent=982"}],"curies":[{"name":"wp","href":"https:\/\/api.w.org\/{rel}","templated":true}]}}